{"id":48780,"date":"2025-07-19T10:59:30","date_gmt":"2025-07-19T09:59:30","guid":{"rendered":"https:\/\/babylove.se\/produkt\/lorena-canals-matta-och-kudde-till-barnrummet-puffy-lily\/"},"modified":"2026-05-11T13:02:22","modified_gmt":"2026-05-11T12:02:22","slug":"lorena-canals-teppe-og-pute-til-barnerommet-puffy-lily","status":"publish","type":"product","link":"https:\/\/babylove.se\/no\/produkt\/lorena-canals-teppe-og-pute-til-barnerommet-puffy-lily\/","title":{"rendered":"Lorena Canals, teppe og pute til barnerommet, Puffy Lily"},"content":{"rendered":"<p>Nydelig n\u00f8kkeroseformet teppe med avtakbar blomsterpute som er deilig myke for barnet \u00e5 leke p\u00e5 fra verdensber\u00f8mte Lorena Canals! Med et deilig og mykt kvalitetsteppe blir det sv\u00e6rt enkelt \u00e5 skape en fin atmosf\u00e6re i barnerommet!<\/p>\n<p>Den avtakbare puten g\u00e5r fra hverandre i to lag og festes p\u00e5 teppet med en bomullssnorknapp for barnesikkerhet. Teppet leveres med en praktisk bomullsveske.<\/p>\n<p>Hvert teppe er h\u00e5ndlaget og unikt, det kan forekomme mindre variasjoner i farge og form. Foruten at teppene er fine og praktiske, er de dessuten trygge for ditt barn. Samtlige materialer og farger er selvsagt helt giftfrie. En ekstra bonus at du enkelt holder etter hygienen p\u00e5 teppet, det er vaskbart i en vanlig vaskemaskin (opp til 30 grader).&nbsp;<\/p>\n<p><strong>St\u00f8rrelse<\/strong>: 140 x 160 cm<\/p>\n<p><strong>Materiale<\/strong>: 97% bomull, 3% andre fibre.<\/p>\n<p>Designer: <a href=\"https:\/\/babylove.se\/varumarken\/lorena-canals\"><u>Lorena Canals<\/u><\/a><\/p>\n","protected":false},"excerpt":{"rendered":"<p>Nydelig n\u00f8kkeroseformet teppe med avtakbar blomsterpute som er deilig myke for barnet \u00e5 leke p\u00e5 fra verdensber\u00f8mte Lorena Canals! Med et deilig og mykt kvalitetsteppe blir det sv\u00e6rt enkelt \u00e5 skape en fin atmosf\u00e6re i barnerommet! Den avtakbare puten g\u00e5r fra hverandre i to lag og festes p\u00e5 teppet med en bomullssnorknapp for barnesikkerhet. Teppet [&hellip;]<\/p>\n","protected":false},"featured_media":48782,"comment_status":"closed","ping_status":"open","template":"","meta":{"_acf_changed":false},"product_brand":[277],"product_cat":[52,278,135],"product_tag":[],"class_list":{"0":"post-48780","1":"product","2":"type-product","3":"status-publish","4":"has-post-thumbnail","6":"product_brand-lorena-canals","7":"product_cat-lekematter","8":"product_cat-lorena-canals","9":"product_cat-tepper","11":"first","12":"outofstock","13":"taxable","14":"shipping-taxable","15":"purchasable","16":"product-type-simple"},"acf":[],"yoast_head":"<!-- This site is optimized with the Yoast SEO Premium plugin v25.8 (Yoast SEO v27.2) - https:\/\/yoast.com\/product\/yoast-seo-premium-wordpress\/ -->\n<title>Lorena Canals, teppe og pute til barnerommet, Puffy Lily - Babylove Norska<\/title>\n<meta name=\"robots\" content=\"noindex, follow, max-snippet:-1, max-image-preview:large, max-video-preview:-1\" \/>\n<meta property=\"og:locale\" content=\"nb_NO\" \/>\n<meta property=\"og:type\" content=\"article\" \/>\n<meta property=\"og:title\" content=\"Lorena Canals, teppe og pute til barnerommet, Puffy Lily\" \/>\n<meta property=\"og:description\" content=\"Nydelig n\u00f8kkeroseformet teppe med avtakbar blomsterpute som er deilig myke for barnet \u00e5 leke p\u00e5 fra verdensber\u00f8mte Lorena Canals! Med et deilig og mykt kvalitetsteppe blir det sv\u00e6rt enkelt \u00e5 skape en fin atmosf\u00e6re i barnerommet! Den avtakbare puten g\u00e5r fra hverandre i to lag og festes p\u00e5 teppet med en bomullssnorknapp for barnesikkerhet. Teppet [&hellip;]\" \/>\n<meta property=\"og:url\" content=\"https:\/\/babylove.se\/no\/produkt\/lorena-canals-teppe-og-pute-til-barnerommet-puffy-lily\/\" \/>\n<meta property=\"og:site_name\" content=\"Babylove Norska\" \/>\n<meta property=\"article:modified_time\" content=\"2026-05-11T12:02:22+00:00\" \/>\n<meta property=\"og:image\" content=\"https:\/\/babylove.se\/no\/wp-content\/uploads\/sites\/3\/2025\/07\/63b694e84445f.jpeg\" \/>\n\t<meta property=\"og:image:width\" content=\"601\" \/>\n\t<meta property=\"og:image:height\" content=\"900\" \/>\n\t<meta property=\"og:image:type\" content=\"image\/jpeg\" \/>\n<meta name=\"twitter:card\" content=\"summary_large_image\" \/>\n<meta name=\"twitter:label1\" content=\"Price\" \/>\n\t<meta name=\"twitter:data1\" content=\"3 499,00&nbsp;&#107;&#114;\" \/>\n\t<meta name=\"twitter:label2\" content=\"Availability\" \/>\n\t<meta name=\"twitter:data2\" content=\"Out of stock\" \/>\n<script type=\"application\/ld+json\" class=\"yoast-schema-graph\">{\"@context\":\"https:\/\/schema.org\",\"@graph\":[{\"@type\":\"WebPage\",\"@id\":\"https:\/\/babylove.se\/no\/produkt\/lorena-canals-teppe-og-pute-til-barnerommet-puffy-lily\/\",\"url\":\"https:\/\/babylove.se\/no\/produkt\/lorena-canals-teppe-og-pute-til-barnerommet-puffy-lily\/\",\"name\":\"Lorena Canals, teppe og pute til barnerommet, Puffy Lily - Babylove Norska\",\"isPartOf\":{\"@id\":\"https:\/\/babylove.se\/no\/#website\"},\"primaryImageOfPage\":{\"@id\":\"https:\/\/babylove.se\/no\/produkt\/lorena-canals-teppe-og-pute-til-barnerommet-puffy-lily\/#primaryimage\"},\"image\":{\"@id\":\"https:\/\/babylove.se\/no\/produkt\/lorena-canals-teppe-og-pute-til-barnerommet-puffy-lily\/#primaryimage\"},\"thumbnailUrl\":\"https:\/\/babylove.se\/no\/wp-content\/uploads\/sites\/3\/2025\/07\/63b694e84445f.jpeg\",\"datePublished\":\"2025-07-19T09:59:30+00:00\",\"dateModified\":\"2026-05-11T12:02:22+00:00\",\"breadcrumb\":{\"@id\":\"https:\/\/babylove.se\/no\/produkt\/lorena-canals-teppe-og-pute-til-barnerommet-puffy-lily\/#breadcrumb\"},\"inLanguage\":\"nb-NO\",\"potentialAction\":[{\"@type\":\"ReadAction\",\"target\":[\"https:\/\/babylove.se\/no\/produkt\/lorena-canals-teppe-og-pute-til-barnerommet-puffy-lily\/\"]}]},{\"@type\":\"ImageObject\",\"inLanguage\":\"nb-NO\",\"@id\":\"https:\/\/babylove.se\/no\/produkt\/lorena-canals-teppe-og-pute-til-barnerommet-puffy-lily\/#primaryimage\",\"url\":\"https:\/\/babylove.se\/no\/wp-content\/uploads\/sites\/3\/2025\/07\/63b694e84445f.jpeg\",\"contentUrl\":\"https:\/\/babylove.se\/no\/wp-content\/uploads\/sites\/3\/2025\/07\/63b694e84445f.jpeg\",\"width\":601,\"height\":900},{\"@type\":\"BreadcrumbList\",\"@id\":\"https:\/\/babylove.se\/no\/produkt\/lorena-canals-teppe-og-pute-til-barnerommet-puffy-lily\/#breadcrumb\",\"itemListElement\":[{\"@type\":\"ListItem\",\"position\":1,\"name\":\"Hem\",\"item\":\"https:\/\/babylove.se\/no\/\"},{\"@type\":\"ListItem\",\"position\":2,\"name\":\"Butik\",\"item\":\"https:\/\/babylove.se\/no\/butik\/\"},{\"@type\":\"ListItem\",\"position\":3,\"name\":\"Lorena Canals, teppe og pute til barnerommet, Puffy Lily\"}]},{\"@type\":\"WebSite\",\"@id\":\"https:\/\/babylove.se\/no\/#website\",\"url\":\"https:\/\/babylove.se\/no\/\",\"name\":\"Babylove Norska\",\"description\":\"\",\"potentialAction\":[{\"@type\":\"SearchAction\",\"target\":{\"@type\":\"EntryPoint\",\"urlTemplate\":\"https:\/\/babylove.se\/no\/?s={search_term_string}\"},\"query-input\":{\"@type\":\"PropertyValueSpecification\",\"valueRequired\":true,\"valueName\":\"search_term_string\"}}],\"inLanguage\":\"nb-NO\"}]}<\/script>\n<meta property=\"product:brand\" content=\"Lorena Canals\" \/>\n<meta property=\"product:price:amount\" content=\"3499.00\" \/>\n<meta property=\"product:price:currency\" content=\"NOK\" \/>\n<meta property=\"og:availability\" content=\"out of stock\" \/>\n<meta property=\"product:availability\" content=\"out of stock\" \/>\n<meta property=\"product:retailer_item_id\" content=\"C-PUFFY-LILY\" \/>\n<meta property=\"product:condition\" content=\"new\" \/>\n<!-- \/ Yoast SEO Premium plugin. -->","yoast_head_json":{"title":"Lorena Canals, teppe og pute til barnerommet, Puffy Lily - Babylove Norska","robots":{"index":"noindex","follow":"follow","max-snippet":"max-snippet:-1","max-image-preview":"max-image-preview:large","max-video-preview":"max-video-preview:-1"},"og_locale":"nb_NO","og_type":"article","og_title":"Lorena Canals, teppe og pute til barnerommet, Puffy Lily","og_description":"Nydelig n\u00f8kkeroseformet teppe med avtakbar blomsterpute som er deilig myke for barnet \u00e5 leke p\u00e5 fra verdensber\u00f8mte Lorena Canals! Med et deilig og mykt kvalitetsteppe blir det sv\u00e6rt enkelt \u00e5 skape en fin atmosf\u00e6re i barnerommet! Den avtakbare puten g\u00e5r fra hverandre i to lag og festes p\u00e5 teppet med en bomullssnorknapp for barnesikkerhet. Teppet [&hellip;]","og_url":"https:\/\/babylove.se\/no\/produkt\/lorena-canals-teppe-og-pute-til-barnerommet-puffy-lily\/","og_site_name":"Babylove Norska","article_modified_time":"2026-05-11T12:02:22+00:00","og_image":[{"width":601,"height":900,"url":"https:\/\/babylove.se\/no\/wp-content\/uploads\/sites\/3\/2025\/07\/63b694e84445f.jpeg","type":"image\/jpeg"}],"twitter_card":"summary_large_image","twitter_misc":{"Price":"3 499,00&nbsp;&#107;&#114;","Availability":"Out of stock"},"schema":{"@context":"https:\/\/schema.org","@graph":[{"@type":"WebPage","@id":"https:\/\/babylove.se\/no\/produkt\/lorena-canals-teppe-og-pute-til-barnerommet-puffy-lily\/","url":"https:\/\/babylove.se\/no\/produkt\/lorena-canals-teppe-og-pute-til-barnerommet-puffy-lily\/","name":"Lorena Canals, teppe og pute til barnerommet, Puffy Lily - Babylove Norska","isPartOf":{"@id":"https:\/\/babylove.se\/no\/#website"},"primaryImageOfPage":{"@id":"https:\/\/babylove.se\/no\/produkt\/lorena-canals-teppe-og-pute-til-barnerommet-puffy-lily\/#primaryimage"},"image":{"@id":"https:\/\/babylove.se\/no\/produkt\/lorena-canals-teppe-og-pute-til-barnerommet-puffy-lily\/#primaryimage"},"thumbnailUrl":"https:\/\/babylove.se\/no\/wp-content\/uploads\/sites\/3\/2025\/07\/63b694e84445f.jpeg","datePublished":"2025-07-19T09:59:30+00:00","dateModified":"2026-05-11T12:02:22+00:00","breadcrumb":{"@id":"https:\/\/babylove.se\/no\/produkt\/lorena-canals-teppe-og-pute-til-barnerommet-puffy-lily\/#breadcrumb"},"inLanguage":"nb-NO","potentialAction":[{"@type":"ReadAction","target":["https:\/\/babylove.se\/no\/produkt\/lorena-canals-teppe-og-pute-til-barnerommet-puffy-lily\/"]}]},{"@type":"ImageObject","inLanguage":"nb-NO","@id":"https:\/\/babylove.se\/no\/produkt\/lorena-canals-teppe-og-pute-til-barnerommet-puffy-lily\/#primaryimage","url":"https:\/\/babylove.se\/no\/wp-content\/uploads\/sites\/3\/2025\/07\/63b694e84445f.jpeg","contentUrl":"https:\/\/babylove.se\/no\/wp-content\/uploads\/sites\/3\/2025\/07\/63b694e84445f.jpeg","width":601,"height":900},{"@type":"BreadcrumbList","@id":"https:\/\/babylove.se\/no\/produkt\/lorena-canals-teppe-og-pute-til-barnerommet-puffy-lily\/#breadcrumb","itemListElement":[{"@type":"ListItem","position":1,"name":"Hem","item":"https:\/\/babylove.se\/no\/"},{"@type":"ListItem","position":2,"name":"Butik","item":"https:\/\/babylove.se\/no\/butik\/"},{"@type":"ListItem","position":3,"name":"Lorena Canals, teppe og pute til barnerommet, Puffy Lily"}]},{"@type":"WebSite","@id":"https:\/\/babylove.se\/no\/#website","url":"https:\/\/babylove.se\/no\/","name":"Babylove Norska","description":"","potentialAction":[{"@type":"SearchAction","target":{"@type":"EntryPoint","urlTemplate":"https:\/\/babylove.se\/no\/?s={search_term_string}"},"query-input":{"@type":"PropertyValueSpecification","valueRequired":true,"valueName":"search_term_string"}}],"inLanguage":"nb-NO"}]},"product_brand":"Lorena Canals","product_price_amount":"3499.00","product_price_currency":"NOK","og_availability":"out of stock","product_availability":"out of stock","product_retailer_item_id":"C-PUFFY-LILY","product_condition":"new"},"_links":{"self":[{"href":"https:\/\/babylove.se\/no\/wp-json\/wp\/v2\/product\/48780","targetHints":{"allow":["GET"]}}],"collection":[{"href":"https:\/\/babylove.se\/no\/wp-json\/wp\/v2\/product"}],"about":[{"href":"https:\/\/babylove.se\/no\/wp-json\/wp\/v2\/types\/product"}],"replies":[{"embeddable":true,"href":"https:\/\/babylove.se\/no\/wp-json\/wp\/v2\/comments?post=48780"}],"wp:featuredmedia":[{"embeddable":true,"href":"https:\/\/babylove.se\/no\/wp-json\/wp\/v2\/media\/48782"}],"wp:attachment":[{"href":"https:\/\/babylove.se\/no\/wp-json\/wp\/v2\/media?parent=48780"}],"wp:term":[{"taxonomy":"product_brand","embeddable":true,"href":"https:\/\/babylove.se\/no\/wp-json\/wp\/v2\/product_brand?post=48780"},{"taxonomy":"product_cat","embeddable":true,"href":"https:\/\/babylove.se\/no\/wp-json\/wp\/v2\/product_cat?post=48780"},{"taxonomy":"product_tag","embeddable":true,"href":"https:\/\/babylove.se\/no\/wp-json\/wp\/v2\/product_tag?post=48780"}],"curies":[{"name":"wp","href":"https:\/\/api.w.org\/{rel}","templated":true}]}}