{"id":48805,"date":"2025-07-19T10:59:30","date_gmt":"2025-07-19T09:59:30","guid":{"rendered":"https:\/\/babylove.se\/produkt\/matta-till-barnrummet-stjarna-vit\/"},"modified":"2026-04-08T13:11:09","modified_gmt":"2026-04-08T12:11:09","slug":"matte-til-barnerommet-stjerne-hvit","status":"publish","type":"product","link":"https:\/\/babylove.se\/no\/produkt\/matte-til-barnerommet-stjerne-hvit\/","title":{"rendered":"Teppe til barnerommet stjerne, hvit"},"content":{"rendered":"<p>Dette er et mykt og s\u00f8tt teppe til barnerommet, med form som en stjerne og en herlig hvit farge. Perfekt \u00e5 leke p\u00e5 eller sette et babygym p\u00e5.<\/p>\n<p>Disse teppene er underbart deilige for barnet \u00e5 leke p\u00e5, men skaper samtidig en fin atmosf\u00e6re og bidrar til det vakre i rommet. Du kan enkelt matche dette teppet med andre produkter, for \u00e5 skape ditt dr\u00f8mmerom.&nbsp;<\/p>\n<p><strong>M\u00e5l<\/strong>: 100 x 100 cm<\/p>\n","protected":false},"excerpt":{"rendered":"<p>Dette er et mykt og s\u00f8tt teppe til barnerommet, med form som en stjerne og en herlig hvit farge. Perfekt \u00e5 leke p\u00e5 eller sette et babygym p\u00e5. Disse teppene er underbart deilige for barnet \u00e5 leke p\u00e5, men skaper samtidig en fin atmosf\u00e6re og bidrar til det vakre i rommet. Du kan enkelt matche [&hellip;]<\/p>\n","protected":false},"featured_media":48807,"comment_status":"closed","ping_status":"open","template":"","meta":{"_acf_changed":false},"product_brand":[972],"product_cat":[973,125,135],"product_tag":[],"class_list":{"0":"post-48805","1":"product","2":"type-product","3":"status-publish","4":"has-post-thumbnail","6":"product_brand-atmosphera","7":"product_cat-atmosphera","8":"product_cat-boho","9":"product_cat-tepper","11":"first","12":"instock","13":"taxable","14":"shipping-taxable","15":"purchasable","16":"product-type-simple"},"acf":[],"yoast_head":"<!-- This site is optimized with the Yoast SEO Premium plugin v25.8 (Yoast SEO v27.2) - https:\/\/yoast.com\/product\/yoast-seo-premium-wordpress\/ -->\n<title>Teppe til barnerommet stjerne, hvit - Babylove Norska<\/title>\n<meta name=\"robots\" content=\"noindex, follow, max-snippet:-1, max-image-preview:large, max-video-preview:-1\" \/>\n<meta property=\"og:locale\" content=\"nb_NO\" \/>\n<meta property=\"og:type\" content=\"article\" \/>\n<meta property=\"og:title\" content=\"Teppe til barnerommet stjerne, hvit\" \/>\n<meta property=\"og:description\" content=\"Dette er et mykt og s\u00f8tt teppe til barnerommet, med form som en stjerne og en herlig hvit farge. Perfekt \u00e5 leke p\u00e5 eller sette et babygym p\u00e5. Disse teppene er underbart deilige for barnet \u00e5 leke p\u00e5, men skaper samtidig en fin atmosf\u00e6re og bidrar til det vakre i rommet. Du kan enkelt matche [&hellip;]\" \/>\n<meta property=\"og:url\" content=\"https:\/\/babylove.se\/no\/produkt\/matte-til-barnerommet-stjerne-hvit\/\" \/>\n<meta property=\"og:site_name\" content=\"Babylove Norska\" \/>\n<meta property=\"article:modified_time\" content=\"2026-04-08T12:11:09+00:00\" \/>\n<meta property=\"og:image\" content=\"https:\/\/babylove.se\/no\/wp-content\/uploads\/sites\/3\/2025\/07\/63b6a5359f293.jpeg\" \/>\n\t<meta property=\"og:image:width\" content=\"1000\" \/>\n\t<meta property=\"og:image:height\" content=\"1000\" \/>\n\t<meta property=\"og:image:type\" content=\"image\/jpeg\" \/>\n<meta name=\"twitter:card\" content=\"summary_large_image\" \/>\n<meta name=\"twitter:label1\" content=\"Price\" \/>\n\t<meta name=\"twitter:data1\" content=\"449,00&nbsp;&#107;&#114;\" \/>\n\t<meta name=\"twitter:label2\" content=\"Availability\" \/>\n\t<meta name=\"twitter:data2\" content=\"In stock\" \/>\n<script type=\"application\/ld+json\" class=\"yoast-schema-graph\">{\"@context\":\"https:\/\/schema.org\",\"@graph\":[{\"@type\":\"WebPage\",\"@id\":\"https:\/\/babylove.se\/no\/produkt\/matte-til-barnerommet-stjerne-hvit\/\",\"url\":\"https:\/\/babylove.se\/no\/produkt\/matte-til-barnerommet-stjerne-hvit\/\",\"name\":\"Teppe til barnerommet stjerne, hvit - Babylove Norska\",\"isPartOf\":{\"@id\":\"https:\/\/babylove.se\/no\/#website\"},\"primaryImageOfPage\":{\"@id\":\"https:\/\/babylove.se\/no\/produkt\/matte-til-barnerommet-stjerne-hvit\/#primaryimage\"},\"image\":{\"@id\":\"https:\/\/babylove.se\/no\/produkt\/matte-til-barnerommet-stjerne-hvit\/#primaryimage\"},\"thumbnailUrl\":\"https:\/\/babylove.se\/no\/wp-content\/uploads\/sites\/3\/2025\/07\/63b6a5359f293.jpeg\",\"datePublished\":\"2025-07-19T09:59:30+00:00\",\"dateModified\":\"2026-04-08T12:11:09+00:00\",\"breadcrumb\":{\"@id\":\"https:\/\/babylove.se\/no\/produkt\/matte-til-barnerommet-stjerne-hvit\/#breadcrumb\"},\"inLanguage\":\"nb-NO\",\"potentialAction\":[{\"@type\":\"ReadAction\",\"target\":[\"https:\/\/babylove.se\/no\/produkt\/matte-til-barnerommet-stjerne-hvit\/\"]}]},{\"@type\":\"ImageObject\",\"inLanguage\":\"nb-NO\",\"@id\":\"https:\/\/babylove.se\/no\/produkt\/matte-til-barnerommet-stjerne-hvit\/#primaryimage\",\"url\":\"https:\/\/babylove.se\/no\/wp-content\/uploads\/sites\/3\/2025\/07\/63b6a5359f293.jpeg\",\"contentUrl\":\"https:\/\/babylove.se\/no\/wp-content\/uploads\/sites\/3\/2025\/07\/63b6a5359f293.jpeg\",\"width\":1000,\"height\":1000},{\"@type\":\"BreadcrumbList\",\"@id\":\"https:\/\/babylove.se\/no\/produkt\/matte-til-barnerommet-stjerne-hvit\/#breadcrumb\",\"itemListElement\":[{\"@type\":\"ListItem\",\"position\":1,\"name\":\"Hem\",\"item\":\"https:\/\/babylove.se\/no\/\"},{\"@type\":\"ListItem\",\"position\":2,\"name\":\"Butik\",\"item\":\"https:\/\/babylove.se\/no\/butik\/\"},{\"@type\":\"ListItem\",\"position\":3,\"name\":\"Teppe til barnerommet stjerne, hvit\"}]},{\"@type\":\"WebSite\",\"@id\":\"https:\/\/babylove.se\/no\/#website\",\"url\":\"https:\/\/babylove.se\/no\/\",\"name\":\"Babylove Norska\",\"description\":\"\",\"potentialAction\":[{\"@type\":\"SearchAction\",\"target\":{\"@type\":\"EntryPoint\",\"urlTemplate\":\"https:\/\/babylove.se\/no\/?s={search_term_string}\"},\"query-input\":{\"@type\":\"PropertyValueSpecification\",\"valueRequired\":true,\"valueName\":\"search_term_string\"}}],\"inLanguage\":\"nb-NO\"}]}<\/script>\n<meta property=\"product:brand\" content=\"Atmosphera\" \/>\n<meta property=\"product:price:amount\" content=\"449.00\" \/>\n<meta property=\"product:price:currency\" content=\"SEK\" \/>\n<meta property=\"og:availability\" content=\"instock\" \/>\n<meta property=\"product:availability\" content=\"instock\" \/>\n<meta property=\"product:retailer_item_id\" content=\"194010\" \/>\n<meta property=\"product:condition\" content=\"new\" \/>\n<!-- \/ Yoast SEO Premium plugin. -->","yoast_head_json":{"title":"Teppe til barnerommet stjerne, hvit - Babylove Norska","robots":{"index":"noindex","follow":"follow","max-snippet":"max-snippet:-1","max-image-preview":"max-image-preview:large","max-video-preview":"max-video-preview:-1"},"og_locale":"nb_NO","og_type":"article","og_title":"Teppe til barnerommet stjerne, hvit","og_description":"Dette er et mykt og s\u00f8tt teppe til barnerommet, med form som en stjerne og en herlig hvit farge. Perfekt \u00e5 leke p\u00e5 eller sette et babygym p\u00e5. Disse teppene er underbart deilige for barnet \u00e5 leke p\u00e5, men skaper samtidig en fin atmosf\u00e6re og bidrar til det vakre i rommet. Du kan enkelt matche [&hellip;]","og_url":"https:\/\/babylove.se\/no\/produkt\/matte-til-barnerommet-stjerne-hvit\/","og_site_name":"Babylove Norska","article_modified_time":"2026-04-08T12:11:09+00:00","og_image":[{"width":1000,"height":1000,"url":"https:\/\/babylove.se\/no\/wp-content\/uploads\/sites\/3\/2025\/07\/63b6a5359f293.jpeg","type":"image\/jpeg"}],"twitter_card":"summary_large_image","twitter_misc":{"Price":"449,00&nbsp;&#107;&#114;","Availability":"In stock"},"schema":{"@context":"https:\/\/schema.org","@graph":[{"@type":"WebPage","@id":"https:\/\/babylove.se\/no\/produkt\/matte-til-barnerommet-stjerne-hvit\/","url":"https:\/\/babylove.se\/no\/produkt\/matte-til-barnerommet-stjerne-hvit\/","name":"Teppe til barnerommet stjerne, hvit - Babylove Norska","isPartOf":{"@id":"https:\/\/babylove.se\/no\/#website"},"primaryImageOfPage":{"@id":"https:\/\/babylove.se\/no\/produkt\/matte-til-barnerommet-stjerne-hvit\/#primaryimage"},"image":{"@id":"https:\/\/babylove.se\/no\/produkt\/matte-til-barnerommet-stjerne-hvit\/#primaryimage"},"thumbnailUrl":"https:\/\/babylove.se\/no\/wp-content\/uploads\/sites\/3\/2025\/07\/63b6a5359f293.jpeg","datePublished":"2025-07-19T09:59:30+00:00","dateModified":"2026-04-08T12:11:09+00:00","breadcrumb":{"@id":"https:\/\/babylove.se\/no\/produkt\/matte-til-barnerommet-stjerne-hvit\/#breadcrumb"},"inLanguage":"nb-NO","potentialAction":[{"@type":"ReadAction","target":["https:\/\/babylove.se\/no\/produkt\/matte-til-barnerommet-stjerne-hvit\/"]}]},{"@type":"ImageObject","inLanguage":"nb-NO","@id":"https:\/\/babylove.se\/no\/produkt\/matte-til-barnerommet-stjerne-hvit\/#primaryimage","url":"https:\/\/babylove.se\/no\/wp-content\/uploads\/sites\/3\/2025\/07\/63b6a5359f293.jpeg","contentUrl":"https:\/\/babylove.se\/no\/wp-content\/uploads\/sites\/3\/2025\/07\/63b6a5359f293.jpeg","width":1000,"height":1000},{"@type":"BreadcrumbList","@id":"https:\/\/babylove.se\/no\/produkt\/matte-til-barnerommet-stjerne-hvit\/#breadcrumb","itemListElement":[{"@type":"ListItem","position":1,"name":"Hem","item":"https:\/\/babylove.se\/no\/"},{"@type":"ListItem","position":2,"name":"Butik","item":"https:\/\/babylove.se\/no\/butik\/"},{"@type":"ListItem","position":3,"name":"Teppe til barnerommet stjerne, hvit"}]},{"@type":"WebSite","@id":"https:\/\/babylove.se\/no\/#website","url":"https:\/\/babylove.se\/no\/","name":"Babylove Norska","description":"","potentialAction":[{"@type":"SearchAction","target":{"@type":"EntryPoint","urlTemplate":"https:\/\/babylove.se\/no\/?s={search_term_string}"},"query-input":{"@type":"PropertyValueSpecification","valueRequired":true,"valueName":"search_term_string"}}],"inLanguage":"nb-NO"}]},"product_brand":"Atmosphera","product_price_amount":"449.00","product_price_currency":"SEK","og_availability":"instock","product_availability":"instock","product_retailer_item_id":"194010","product_condition":"new"},"_links":{"self":[{"href":"https:\/\/babylove.se\/no\/wp-json\/wp\/v2\/product\/48805","targetHints":{"allow":["GET"]}}],"collection":[{"href":"https:\/\/babylove.se\/no\/wp-json\/wp\/v2\/product"}],"about":[{"href":"https:\/\/babylove.se\/no\/wp-json\/wp\/v2\/types\/product"}],"replies":[{"embeddable":true,"href":"https:\/\/babylove.se\/no\/wp-json\/wp\/v2\/comments?post=48805"}],"wp:featuredmedia":[{"embeddable":true,"href":"https:\/\/babylove.se\/no\/wp-json\/wp\/v2\/media\/48807"}],"wp:attachment":[{"href":"https:\/\/babylove.se\/no\/wp-json\/wp\/v2\/media?parent=48805"}],"wp:term":[{"taxonomy":"product_brand","embeddable":true,"href":"https:\/\/babylove.se\/no\/wp-json\/wp\/v2\/product_brand?post=48805"},{"taxonomy":"product_cat","embeddable":true,"href":"https:\/\/babylove.se\/no\/wp-json\/wp\/v2\/product_cat?post=48805"},{"taxonomy":"product_tag","embeddable":true,"href":"https:\/\/babylove.se\/no\/wp-json\/wp\/v2\/product_tag?post=48805"}],"curies":[{"name":"wp","href":"https:\/\/api.w.org\/{rel}","templated":true}]}}