{"id":48826,"date":"2025-07-19T10:59:59","date_gmt":"2025-07-19T09:59:59","guid":{"rendered":"https:\/\/babylove.se\/produkt\/skummadrass-bresso-120x200\/"},"modified":"2026-04-08T13:11:28","modified_gmt":"2026-04-08T12:11:28","slug":"skummadrass-bresso-120x200","status":"publish","type":"product","link":"https:\/\/babylove.se\/no\/produkt\/skummadrass-bresso-120x200\/","title":{"rendered":"Skummadrass BRESSO 120&#215;200"},"content":{"rendered":"<p>En komfortabel og deilig skummadrass som passer til familieseng eller til husseng. \\n \\nDenne barnemadrass er dobbeltsidig og har dessuten et avtakbart overtrekk som gj\u00f8r at du enkelt kan vaske den og holde den frisk. \\n \\nMadrassen er semi-myk, laget for \u00e5 passe barn og garanterer en deilig s\u00f8vn. \\n \\nM\u00e5l: \\n<\/p>\n<ul> \\n \\t<\/p>\n<li>tykkelse 10 cm<\/li>\n<p> \\n \\t<\/p>\n<li>bredde 120 cm<\/li>\n<p> \\n \\t<\/p>\n<li>lengde 200 cm<\/li>\n<p> \\n<\/ul>\n<p> \\nMadrassen passer senger med sengem\u00e5l 120&#215;200 cm \\n \\n<u>Materiale<\/u>: polyuretanskum 25 kg\/m\u00b3 \\n \\nVasker\u00e5d: Overtrekk maskinvaskes ved 30\u00b0 C \\n \\n<strong>Obs!<\/strong> \\n \\n<em>Obs! Det kan forekomme fargevariasjoner p\u00e5 skuminnsatsen som skyldes at naturbaserte ingredienser kan variere i farge.<\/em> \\n \\n<em>Dette er en barnemadrass og er laget og tilpasset for de minste. Madrassen skal ikke brukes eller testes av voksne.<\/em><\/p>\n","protected":false},"excerpt":{"rendered":"<p>En komfortabel og deilig skummadrass som passer til familieseng eller til husseng. \\n \\nDenne barnemadrass er dobbeltsidig og har dessuten et avtakbart overtrekk som gj\u00f8r at du enkelt kan vaske den og holde den frisk. \\n \\nMadrassen er semi-myk, laget for \u00e5 passe barn og garanterer en deilig s\u00f8vn. \\n \\nM\u00e5l: \\n \\n \\t tykkelse [&hellip;]<\/p>\n","protected":false},"featured_media":48828,"comment_status":"closed","ping_status":"closed","template":"","meta":{"_acf_changed":false},"product_brand":[],"product_cat":[377,590],"product_tag":[],"class_list":{"0":"post-48826","1":"product","2":"type-product","3":"status-publish","4":"has-post-thumbnail","6":"product_cat-barnmadrasser","7":"product_cat-fdm","9":"first","10":"instock","11":"taxable","12":"shipping-taxable","13":"purchasable","14":"product-type-simple"},"acf":[],"yoast_head":"<!-- This site is optimized with the Yoast SEO Premium plugin v25.8 (Yoast SEO v27.2) - https:\/\/yoast.com\/product\/yoast-seo-premium-wordpress\/ -->\n<title>Skummadrass BRESSO 120x200 - Babylove Norska<\/title>\n<meta name=\"robots\" content=\"noindex, follow, max-snippet:-1, max-image-preview:large, max-video-preview:-1\" \/>\n<meta property=\"og:locale\" content=\"nb_NO\" \/>\n<meta property=\"og:type\" content=\"article\" \/>\n<meta property=\"og:title\" content=\"Skummadrass BRESSO 120x200\" \/>\n<meta property=\"og:description\" content=\"En komfortabel og deilig skummadrass som passer til familieseng eller til husseng. n nDenne barnemadrass er dobbeltsidig og har dessuten et avtakbart overtrekk som gj\u00f8r at du enkelt kan vaske den og holde den frisk. n nMadrassen er semi-myk, laget for \u00e5 passe barn og garanterer en deilig s\u00f8vn. n nM\u00e5l: n n t tykkelse [&hellip;]\" \/>\n<meta property=\"og:url\" content=\"https:\/\/babylove.se\/no\/produkt\/skummadrass-bresso-120x200\/\" \/>\n<meta property=\"og:site_name\" content=\"Babylove Norska\" \/>\n<meta property=\"article:modified_time\" content=\"2026-04-08T12:11:28+00:00\" \/>\n<meta property=\"og:image\" content=\"https:\/\/babylove.se\/no\/wp-content\/uploads\/sites\/3\/2025\/07\/6839b903280e1.png\" \/>\n\t<meta property=\"og:image:width\" content=\"800\" \/>\n\t<meta property=\"og:image:height\" content=\"800\" \/>\n\t<meta property=\"og:image:type\" content=\"image\/png\" \/>\n<meta name=\"twitter:card\" content=\"summary_large_image\" \/>\n<meta name=\"twitter:label1\" content=\"Price\" \/>\n\t<meta name=\"twitter:data1\" content=\"1 699,00&nbsp;&#107;&#114;\" \/>\n\t<meta name=\"twitter:label2\" content=\"Availability\" \/>\n\t<meta name=\"twitter:data2\" content=\"In stock\" \/>\n<script type=\"application\/ld+json\" class=\"yoast-schema-graph\">{\"@context\":\"https:\/\/schema.org\",\"@graph\":[{\"@type\":\"WebPage\",\"@id\":\"https:\/\/babylove.se\/no\/produkt\/skummadrass-bresso-120x200\/\",\"url\":\"https:\/\/babylove.se\/no\/produkt\/skummadrass-bresso-120x200\/\",\"name\":\"Skummadrass BRESSO 120x200 - Babylove Norska\",\"isPartOf\":{\"@id\":\"https:\/\/babylove.se\/no\/#website\"},\"primaryImageOfPage\":{\"@id\":\"https:\/\/babylove.se\/no\/produkt\/skummadrass-bresso-120x200\/#primaryimage\"},\"image\":{\"@id\":\"https:\/\/babylove.se\/no\/produkt\/skummadrass-bresso-120x200\/#primaryimage\"},\"thumbnailUrl\":\"https:\/\/babylove.se\/no\/wp-content\/uploads\/sites\/3\/2025\/07\/6839b903280e1.png\",\"datePublished\":\"2025-07-19T09:59:59+00:00\",\"dateModified\":\"2026-04-08T12:11:28+00:00\",\"breadcrumb\":{\"@id\":\"https:\/\/babylove.se\/no\/produkt\/skummadrass-bresso-120x200\/#breadcrumb\"},\"inLanguage\":\"nb-NO\",\"potentialAction\":[{\"@type\":\"ReadAction\",\"target\":[\"https:\/\/babylove.se\/no\/produkt\/skummadrass-bresso-120x200\/\"]}]},{\"@type\":\"ImageObject\",\"inLanguage\":\"nb-NO\",\"@id\":\"https:\/\/babylove.se\/no\/produkt\/skummadrass-bresso-120x200\/#primaryimage\",\"url\":\"https:\/\/babylove.se\/no\/wp-content\/uploads\/sites\/3\/2025\/07\/6839b903280e1.png\",\"contentUrl\":\"https:\/\/babylove.se\/no\/wp-content\/uploads\/sites\/3\/2025\/07\/6839b903280e1.png\",\"width\":800,\"height\":800},{\"@type\":\"BreadcrumbList\",\"@id\":\"https:\/\/babylove.se\/no\/produkt\/skummadrass-bresso-120x200\/#breadcrumb\",\"itemListElement\":[{\"@type\":\"ListItem\",\"position\":1,\"name\":\"Hem\",\"item\":\"https:\/\/babylove.se\/no\/\"},{\"@type\":\"ListItem\",\"position\":2,\"name\":\"Butik\",\"item\":\"https:\/\/babylove.se\/no\/butik\/\"},{\"@type\":\"ListItem\",\"position\":3,\"name\":\"Skummadrass BRESSO 120&#215;200\"}]},{\"@type\":\"WebSite\",\"@id\":\"https:\/\/babylove.se\/no\/#website\",\"url\":\"https:\/\/babylove.se\/no\/\",\"name\":\"Babylove Norska\",\"description\":\"\",\"potentialAction\":[{\"@type\":\"SearchAction\",\"target\":{\"@type\":\"EntryPoint\",\"urlTemplate\":\"https:\/\/babylove.se\/no\/?s={search_term_string}\"},\"query-input\":{\"@type\":\"PropertyValueSpecification\",\"valueRequired\":true,\"valueName\":\"search_term_string\"}}],\"inLanguage\":\"nb-NO\"}]}<\/script>\n<meta property=\"product:price:amount\" content=\"1699.00\" \/>\n<meta property=\"product:price:currency\" content=\"SEK\" \/>\n<meta property=\"og:availability\" content=\"instock\" \/>\n<meta property=\"product:availability\" content=\"instock\" \/>\n<meta property=\"product:retailer_item_id\" content=\"7070\" \/>\n<meta property=\"product:condition\" content=\"new\" \/>\n<!-- \/ Yoast SEO Premium plugin. -->","yoast_head_json":{"title":"Skummadrass BRESSO 120x200 - Babylove Norska","robots":{"index":"noindex","follow":"follow","max-snippet":"max-snippet:-1","max-image-preview":"max-image-preview:large","max-video-preview":"max-video-preview:-1"},"og_locale":"nb_NO","og_type":"article","og_title":"Skummadrass BRESSO 120x200","og_description":"En komfortabel og deilig skummadrass som passer til familieseng eller til husseng. n nDenne barnemadrass er dobbeltsidig og har dessuten et avtakbart overtrekk som gj\u00f8r at du enkelt kan vaske den og holde den frisk. n nMadrassen er semi-myk, laget for \u00e5 passe barn og garanterer en deilig s\u00f8vn. n nM\u00e5l: n n t tykkelse [&hellip;]","og_url":"https:\/\/babylove.se\/no\/produkt\/skummadrass-bresso-120x200\/","og_site_name":"Babylove Norska","article_modified_time":"2026-04-08T12:11:28+00:00","og_image":[{"width":800,"height":800,"url":"https:\/\/babylove.se\/no\/wp-content\/uploads\/sites\/3\/2025\/07\/6839b903280e1.png","type":"image\/png"}],"twitter_card":"summary_large_image","twitter_misc":{"Price":"1 699,00&nbsp;&#107;&#114;","Availability":"In stock"},"schema":{"@context":"https:\/\/schema.org","@graph":[{"@type":"WebPage","@id":"https:\/\/babylove.se\/no\/produkt\/skummadrass-bresso-120x200\/","url":"https:\/\/babylove.se\/no\/produkt\/skummadrass-bresso-120x200\/","name":"Skummadrass BRESSO 120x200 - Babylove Norska","isPartOf":{"@id":"https:\/\/babylove.se\/no\/#website"},"primaryImageOfPage":{"@id":"https:\/\/babylove.se\/no\/produkt\/skummadrass-bresso-120x200\/#primaryimage"},"image":{"@id":"https:\/\/babylove.se\/no\/produkt\/skummadrass-bresso-120x200\/#primaryimage"},"thumbnailUrl":"https:\/\/babylove.se\/no\/wp-content\/uploads\/sites\/3\/2025\/07\/6839b903280e1.png","datePublished":"2025-07-19T09:59:59+00:00","dateModified":"2026-04-08T12:11:28+00:00","breadcrumb":{"@id":"https:\/\/babylove.se\/no\/produkt\/skummadrass-bresso-120x200\/#breadcrumb"},"inLanguage":"nb-NO","potentialAction":[{"@type":"ReadAction","target":["https:\/\/babylove.se\/no\/produkt\/skummadrass-bresso-120x200\/"]}]},{"@type":"ImageObject","inLanguage":"nb-NO","@id":"https:\/\/babylove.se\/no\/produkt\/skummadrass-bresso-120x200\/#primaryimage","url":"https:\/\/babylove.se\/no\/wp-content\/uploads\/sites\/3\/2025\/07\/6839b903280e1.png","contentUrl":"https:\/\/babylove.se\/no\/wp-content\/uploads\/sites\/3\/2025\/07\/6839b903280e1.png","width":800,"height":800},{"@type":"BreadcrumbList","@id":"https:\/\/babylove.se\/no\/produkt\/skummadrass-bresso-120x200\/#breadcrumb","itemListElement":[{"@type":"ListItem","position":1,"name":"Hem","item":"https:\/\/babylove.se\/no\/"},{"@type":"ListItem","position":2,"name":"Butik","item":"https:\/\/babylove.se\/no\/butik\/"},{"@type":"ListItem","position":3,"name":"Skummadrass BRESSO 120&#215;200"}]},{"@type":"WebSite","@id":"https:\/\/babylove.se\/no\/#website","url":"https:\/\/babylove.se\/no\/","name":"Babylove Norska","description":"","potentialAction":[{"@type":"SearchAction","target":{"@type":"EntryPoint","urlTemplate":"https:\/\/babylove.se\/no\/?s={search_term_string}"},"query-input":{"@type":"PropertyValueSpecification","valueRequired":true,"valueName":"search_term_string"}}],"inLanguage":"nb-NO"}]},"product_price_amount":"1699.00","product_price_currency":"SEK","og_availability":"instock","product_availability":"instock","product_retailer_item_id":"7070","product_condition":"new"},"_links":{"self":[{"href":"https:\/\/babylove.se\/no\/wp-json\/wp\/v2\/product\/48826","targetHints":{"allow":["GET"]}}],"collection":[{"href":"https:\/\/babylove.se\/no\/wp-json\/wp\/v2\/product"}],"about":[{"href":"https:\/\/babylove.se\/no\/wp-json\/wp\/v2\/types\/product"}],"replies":[{"embeddable":true,"href":"https:\/\/babylove.se\/no\/wp-json\/wp\/v2\/comments?post=48826"}],"wp:featuredmedia":[{"embeddable":true,"href":"https:\/\/babylove.se\/no\/wp-json\/wp\/v2\/media\/48828"}],"wp:attachment":[{"href":"https:\/\/babylove.se\/no\/wp-json\/wp\/v2\/media?parent=48826"}],"wp:term":[{"taxonomy":"product_brand","embeddable":true,"href":"https:\/\/babylove.se\/no\/wp-json\/wp\/v2\/product_brand?post=48826"},{"taxonomy":"product_cat","embeddable":true,"href":"https:\/\/babylove.se\/no\/wp-json\/wp\/v2\/product_cat?post=48826"},{"taxonomy":"product_tag","embeddable":true,"href":"https:\/\/babylove.se\/no\/wp-json\/wp\/v2\/product_tag?post=48826"}],"curies":[{"name":"wp","href":"https:\/\/api.w.org\/{rel}","templated":true}]}}