{"id":49033,"date":"2025-07-19T11:03:42","date_gmt":"2025-07-19T10:03:42","guid":{"rendered":"https:\/\/babylove.se\/produkt\/barnsang-marita-olika-storlekar\/"},"modified":"2026-04-08T13:11:43","modified_gmt":"2026-04-08T12:11:43","slug":"barnesang-marita-forskjellige-storrelser","status":"publish","type":"product","link":"https:\/\/babylove.se\/no\/produkt\/barnesang-marita-forskjellige-storrelser\/","title":{"rendered":"Barneseng Marita (ulike st\u00f8rrelser)"},"content":{"rendered":"<p>Vi \u00f8nsker velkommen en av v\u00e5re nyheter: Marita BARNESENG! <\/p>\n<p>Denne klassiske juniorseng er helt h\u00e5ndlaget med stor lidenskap<em>, <\/em>av h\u00f8ykvalitets limtre.<br \/>\nLimtre har fordelen, sammenlignet med massivt tre, at de ikke sprekker og at det ikke finnes noen kvister som p\u00e5virker utseendet. <\/p>\n<p>En stabil og vakker seng av h\u00f8y kvalitet! <\/p>\n<p>Madrass er ikke inkludert, men ta gjerne en titt i v\u00e5rt store madrassutvalg. <\/p>\n<p>Sengen kan f\u00e5s i flere m\u00e5l, se nedenfor for mer info. <\/p>\n<p><strong>Info:<\/strong> <\/p>\n<ul>\n<li>M\u00e5lene er oppgitt i madrassst\u00f8rrelse\/sengem\u00e5l. Legg til 6,6 cm p\u00e5 bredde+ 10,6 cm lengde for total dimensjon p\u00e5 sengens m\u00e5l<\/li>\n<li>Sengens totale h\u00f8yde ca 84,4 cm pluss beinh\u00f8yde<\/li>\n<li>Avstand mellom spilene 5 cm<\/li>\n<li>Beinh\u00f8yde: 19 cm<\/li>\n<li>Sengen finnes ogs\u00e5 i en variant med oppbevaringsboks<\/li>\n<li>Farge: velg mellom natur (ubehandlet), lakkert, hvit og gr\u00e5<\/li>\n<li>Maks vekt. 100 kg<\/li>\n<\/ul>\n<p><em><em><em><em><em>Sengen leveres umontert og b\u00f8r settes sammen i rommet den skal brukes i.<\/em><\/em><\/em><\/em><\/em><\/p>\n","protected":false},"excerpt":{"rendered":"<p>Vi \u00f8nsker velkommen en av v\u00e5re nyheter: Marita BARNESENG! Denne klassiske juniorseng er helt h\u00e5ndlaget med stor lidenskap, av h\u00f8ykvalitets limtre. Limtre har fordelen, sammenlignet med massivt tre, at de ikke sprekker og at det ikke finnes noen kvister som p\u00e5virker utseendet. En stabil og vakker seng av h\u00f8y kvalitet! Madrass er ikke inkludert, men [&hellip;]<\/p>\n","protected":false},"featured_media":49035,"comment_status":"open","ping_status":"closed","template":"","meta":{"_acf_changed":false},"product_brand":[600],"product_cat":[602,269,601,40],"product_tag":[1689],"class_list":{"0":"post-49033","1":"product","2":"type-product","3":"status-publish","4":"has-post-thumbnail","6":"product_brand-luletto","7":"product_cat-babylove-lul","8":"product_cat-juniorsenger","9":"product_cat-baby","10":"product_cat-soverom-barn","11":"product_tag-bestillingsvaror","12":"pa_baddmatt-100x180-cm","13":"pa_baddmatt-100x190-cm","14":"pa_baddmatt-100x200-cm","15":"pa_baddmatt-80x160-cm","16":"pa_baddmatt-80x180-cm","17":"pa_baddmatt-80x190-cm","18":"pa_baddmatt-80x200-cm","19":"pa_baddmatt-90x160-cm","20":"pa_baddmatt-90x180-cm","21":"pa_baddmatt-90x190-cm","22":"pa_baddmatt-90x200-cm","23":"pa_farg-gra","24":"pa_farg-vit","25":"pa_farg-lackad","26":"pa_farg-natur","28":"first","29":"instock","30":"taxable","31":"shipping-taxable","32":"purchasable","33":"product-type-variable"},"acf":[],"yoast_head":"<!-- This site is optimized with the Yoast SEO Premium plugin v25.8 (Yoast SEO v27.2) - https:\/\/yoast.com\/product\/yoast-seo-premium-wordpress\/ -->\n<title>Barneseng Marita (ulike st\u00f8rrelser) - Babylove Norska<\/title>\n<meta name=\"robots\" content=\"noindex, follow, max-snippet:-1, max-image-preview:large, max-video-preview:-1\" \/>\n<meta property=\"og:locale\" content=\"nb_NO\" \/>\n<meta property=\"og:type\" content=\"article\" \/>\n<meta property=\"og:title\" content=\"Barneseng Marita (ulike st\u00f8rrelser)\" \/>\n<meta property=\"og:description\" content=\"Vi \u00f8nsker velkommen en av v\u00e5re nyheter: Marita BARNESENG! Denne klassiske juniorseng er helt h\u00e5ndlaget med stor lidenskap, av h\u00f8ykvalitets limtre. Limtre har fordelen, sammenlignet med massivt tre, at de ikke sprekker og at det ikke finnes noen kvister som p\u00e5virker utseendet. En stabil og vakker seng av h\u00f8y kvalitet! Madrass er ikke inkludert, men [&hellip;]\" \/>\n<meta property=\"og:url\" content=\"https:\/\/babylove.se\/no\/produkt\/barnesang-marita-forskjellige-storrelser\/\" \/>\n<meta property=\"og:site_name\" content=\"Babylove Norska\" \/>\n<meta property=\"article:modified_time\" content=\"2026-04-08T12:11:43+00:00\" \/>\n<meta property=\"og:image\" content=\"https:\/\/babylove.se\/no\/wp-content\/uploads\/sites\/3\/2025\/07\/63c062620ab2c.png\" \/>\n\t<meta property=\"og:image:width\" content=\"836\" \/>\n\t<meta property=\"og:image:height\" content=\"852\" \/>\n\t<meta property=\"og:image:type\" content=\"image\/png\" \/>\n<meta name=\"twitter:card\" content=\"summary_large_image\" \/>\n<meta name=\"twitter:label1\" content=\"Availability\" \/>\n\t<meta name=\"twitter:data1\" content=\"In stock\" \/>\n<script type=\"application\/ld+json\" class=\"yoast-schema-graph\">{\"@context\":\"https:\/\/schema.org\",\"@graph\":[{\"@type\":\"WebPage\",\"@id\":\"https:\/\/babylove.se\/no\/produkt\/barnesang-marita-forskjellige-storrelser\/\",\"url\":\"https:\/\/babylove.se\/no\/produkt\/barnesang-marita-forskjellige-storrelser\/\",\"name\":\"Barneseng Marita (ulike st\u00f8rrelser) - Babylove Norska\",\"isPartOf\":{\"@id\":\"https:\/\/babylove.se\/no\/#website\"},\"primaryImageOfPage\":{\"@id\":\"https:\/\/babylove.se\/no\/produkt\/barnesang-marita-forskjellige-storrelser\/#primaryimage\"},\"image\":{\"@id\":\"https:\/\/babylove.se\/no\/produkt\/barnesang-marita-forskjellige-storrelser\/#primaryimage\"},\"thumbnailUrl\":\"https:\/\/babylove.se\/no\/wp-content\/uploads\/sites\/3\/2025\/07\/63c062620ab2c.png\",\"datePublished\":\"2025-07-19T10:03:42+00:00\",\"dateModified\":\"2026-04-08T12:11:43+00:00\",\"breadcrumb\":{\"@id\":\"https:\/\/babylove.se\/no\/produkt\/barnesang-marita-forskjellige-storrelser\/#breadcrumb\"},\"inLanguage\":\"nb-NO\",\"potentialAction\":[{\"@type\":\"ReadAction\",\"target\":[\"https:\/\/babylove.se\/no\/produkt\/barnesang-marita-forskjellige-storrelser\/\"]}]},{\"@type\":\"ImageObject\",\"inLanguage\":\"nb-NO\",\"@id\":\"https:\/\/babylove.se\/no\/produkt\/barnesang-marita-forskjellige-storrelser\/#primaryimage\",\"url\":\"https:\/\/babylove.se\/no\/wp-content\/uploads\/sites\/3\/2025\/07\/63c062620ab2c.png\",\"contentUrl\":\"https:\/\/babylove.se\/no\/wp-content\/uploads\/sites\/3\/2025\/07\/63c062620ab2c.png\",\"width\":836,\"height\":852},{\"@type\":\"BreadcrumbList\",\"@id\":\"https:\/\/babylove.se\/no\/produkt\/barnesang-marita-forskjellige-storrelser\/#breadcrumb\",\"itemListElement\":[{\"@type\":\"ListItem\",\"position\":1,\"name\":\"Hem\",\"item\":\"https:\/\/babylove.se\/no\/\"},{\"@type\":\"ListItem\",\"position\":2,\"name\":\"Butik\",\"item\":\"https:\/\/babylove.se\/no\/butik\/\"},{\"@type\":\"ListItem\",\"position\":3,\"name\":\"Barneseng Marita (ulike st\u00f8rrelser)\"}]},{\"@type\":\"WebSite\",\"@id\":\"https:\/\/babylove.se\/no\/#website\",\"url\":\"https:\/\/babylove.se\/no\/\",\"name\":\"Babylove Norska\",\"description\":\"\",\"potentialAction\":[{\"@type\":\"SearchAction\",\"target\":{\"@type\":\"EntryPoint\",\"urlTemplate\":\"https:\/\/babylove.se\/no\/?s={search_term_string}\"},\"query-input\":{\"@type\":\"PropertyValueSpecification\",\"valueRequired\":true,\"valueName\":\"search_term_string\"}}],\"inLanguage\":\"nb-NO\"}]}<\/script>\n<meta property=\"product:brand\" content=\"Luletto\" \/>\n<meta property=\"og:availability\" content=\"instock\" \/>\n<meta property=\"product:availability\" content=\"instock\" \/>\n<meta property=\"product:retailer_item_id\" content=\"Marita-80x160-cm-natur\" \/>\n<meta property=\"product:condition\" content=\"new\" \/>\n<!-- \/ Yoast SEO Premium plugin. -->","yoast_head_json":{"title":"Barneseng Marita (ulike st\u00f8rrelser) - Babylove Norska","robots":{"index":"noindex","follow":"follow","max-snippet":"max-snippet:-1","max-image-preview":"max-image-preview:large","max-video-preview":"max-video-preview:-1"},"og_locale":"nb_NO","og_type":"article","og_title":"Barneseng Marita (ulike st\u00f8rrelser)","og_description":"Vi \u00f8nsker velkommen en av v\u00e5re nyheter: Marita BARNESENG! Denne klassiske juniorseng er helt h\u00e5ndlaget med stor lidenskap, av h\u00f8ykvalitets limtre. Limtre har fordelen, sammenlignet med massivt tre, at de ikke sprekker og at det ikke finnes noen kvister som p\u00e5virker utseendet. En stabil og vakker seng av h\u00f8y kvalitet! Madrass er ikke inkludert, men [&hellip;]","og_url":"https:\/\/babylove.se\/no\/produkt\/barnesang-marita-forskjellige-storrelser\/","og_site_name":"Babylove Norska","article_modified_time":"2026-04-08T12:11:43+00:00","og_image":[{"width":836,"height":852,"url":"https:\/\/babylove.se\/no\/wp-content\/uploads\/sites\/3\/2025\/07\/63c062620ab2c.png","type":"image\/png"}],"twitter_card":"summary_large_image","twitter_misc":{"Availability":"In stock"},"schema":{"@context":"https:\/\/schema.org","@graph":[{"@type":"WebPage","@id":"https:\/\/babylove.se\/no\/produkt\/barnesang-marita-forskjellige-storrelser\/","url":"https:\/\/babylove.se\/no\/produkt\/barnesang-marita-forskjellige-storrelser\/","name":"Barneseng Marita (ulike st\u00f8rrelser) - Babylove Norska","isPartOf":{"@id":"https:\/\/babylove.se\/no\/#website"},"primaryImageOfPage":{"@id":"https:\/\/babylove.se\/no\/produkt\/barnesang-marita-forskjellige-storrelser\/#primaryimage"},"image":{"@id":"https:\/\/babylove.se\/no\/produkt\/barnesang-marita-forskjellige-storrelser\/#primaryimage"},"thumbnailUrl":"https:\/\/babylove.se\/no\/wp-content\/uploads\/sites\/3\/2025\/07\/63c062620ab2c.png","datePublished":"2025-07-19T10:03:42+00:00","dateModified":"2026-04-08T12:11:43+00:00","breadcrumb":{"@id":"https:\/\/babylove.se\/no\/produkt\/barnesang-marita-forskjellige-storrelser\/#breadcrumb"},"inLanguage":"nb-NO","potentialAction":[{"@type":"ReadAction","target":["https:\/\/babylove.se\/no\/produkt\/barnesang-marita-forskjellige-storrelser\/"]}]},{"@type":"ImageObject","inLanguage":"nb-NO","@id":"https:\/\/babylove.se\/no\/produkt\/barnesang-marita-forskjellige-storrelser\/#primaryimage","url":"https:\/\/babylove.se\/no\/wp-content\/uploads\/sites\/3\/2025\/07\/63c062620ab2c.png","contentUrl":"https:\/\/babylove.se\/no\/wp-content\/uploads\/sites\/3\/2025\/07\/63c062620ab2c.png","width":836,"height":852},{"@type":"BreadcrumbList","@id":"https:\/\/babylove.se\/no\/produkt\/barnesang-marita-forskjellige-storrelser\/#breadcrumb","itemListElement":[{"@type":"ListItem","position":1,"name":"Hem","item":"https:\/\/babylove.se\/no\/"},{"@type":"ListItem","position":2,"name":"Butik","item":"https:\/\/babylove.se\/no\/butik\/"},{"@type":"ListItem","position":3,"name":"Barneseng Marita (ulike st\u00f8rrelser)"}]},{"@type":"WebSite","@id":"https:\/\/babylove.se\/no\/#website","url":"https:\/\/babylove.se\/no\/","name":"Babylove Norska","description":"","potentialAction":[{"@type":"SearchAction","target":{"@type":"EntryPoint","urlTemplate":"https:\/\/babylove.se\/no\/?s={search_term_string}"},"query-input":{"@type":"PropertyValueSpecification","valueRequired":true,"valueName":"search_term_string"}}],"inLanguage":"nb-NO"}]},"product_brand":"Luletto","og_availability":"instock","product_availability":"instock","product_retailer_item_id":"Marita-80x160-cm-natur","product_condition":"new"},"_links":{"self":[{"href":"https:\/\/babylove.se\/no\/wp-json\/wp\/v2\/product\/49033","targetHints":{"allow":["GET"]}}],"collection":[{"href":"https:\/\/babylove.se\/no\/wp-json\/wp\/v2\/product"}],"about":[{"href":"https:\/\/babylove.se\/no\/wp-json\/wp\/v2\/types\/product"}],"replies":[{"embeddable":true,"href":"https:\/\/babylove.se\/no\/wp-json\/wp\/v2\/comments?post=49033"}],"wp:featuredmedia":[{"embeddable":true,"href":"https:\/\/babylove.se\/no\/wp-json\/wp\/v2\/media\/49035"}],"wp:attachment":[{"href":"https:\/\/babylove.se\/no\/wp-json\/wp\/v2\/media?parent=49033"}],"wp:term":[{"taxonomy":"product_brand","embeddable":true,"href":"https:\/\/babylove.se\/no\/wp-json\/wp\/v2\/product_brand?post=49033"},{"taxonomy":"product_cat","embeddable":true,"href":"https:\/\/babylove.se\/no\/wp-json\/wp\/v2\/product_cat?post=49033"},{"taxonomy":"product_tag","embeddable":true,"href":"https:\/\/babylove.se\/no\/wp-json\/wp\/v2\/product_tag?post=49033"}],"curies":[{"name":"wp","href":"https:\/\/api.w.org\/{rel}","templated":true}]}}