{"id":49139,"date":"2025-07-19T11:05:44","date_gmt":"2025-07-19T10:05:44","guid":{"rendered":"https:\/\/babylove.se\/produkt\/babylove-vaggklistermarke-regnbage-med-prickar-dusty-pink\/"},"modified":"2026-04-08T13:11:51","modified_gmt":"2026-04-08T12:11:51","slug":"babylove-veggklistremerke-regnbue-med-prikker-dusty-pink","status":"publish","type":"product","link":"https:\/\/babylove.se\/no\/produkt\/babylove-veggklistremerke-regnbue-med-prikker-dusty-pink\/","title":{"rendered":"Babylove, veggklistremerke regnbue med prikker, dusty pink"},"content":{"rendered":"<p>En fantastisk veggdekorasjon i form av en regnbue med prikker. Dette er en fantastisk m\u00e5te \u00e5 innrede barnerommet p\u00e5, da den passer b\u00e5de ved sengen, ved skrivebordet eller p\u00e5 en tom helvegg i stedet for tapet. \\n \\nVeggklistermerkene er utformet for \u00e5 se fantastiske ut p\u00e5 b\u00e5de lyse og m\u00f8rke vegger og har en fin struktur som knapt er merkbar. Materialet er spesielt utvalgt for \u00e5 v\u00e6re sterkt og gi en perfekt fargegjengivelse. \\n \\nM\u00e5l: Finnes i to st\u00f8rrelser: \\n<\/p>\n<ul> \\n \\t<\/p>\n<li><strong>M<\/strong>: Regnbue &#8211; h\u00f8yde 68 cm, bredde 100 cm. Prikker &#8211; diameter 3 &#8211; 5 cm.<\/li>\n<p> \\n \\t<\/p>\n<li><strong>L<\/strong>: Regnbue -h\u00f8yde 122 cm bredde 180 cm (kommer i to deler: venstre og h\u00f8yre). Prikker &#8211; diameter 5,5,- 9 cm.<\/li>\n<p> \\n<\/ul>\n<p> \\n<em>OBS! S\u00f8rg for at overflaten er t\u00f8rr og avfettet f\u00f8r du setter opp veggklistremerket. Fungerer ikke p\u00e5 ujevne vegger\/overflater. Klistremerkene er heller ikke egnet for vegger med en grov overflate eller hvis de er malt med lateksfarger eller tapetsert. Veggklistremerkene m\u00e5 v\u00e6re flate og ofte ligge og rettes ut i minst 24 timer etter man har tatt dem ut av emballasjen f\u00f8r man kan sette dem opp p\u00e5 veggen.<\/em> \\n \\nDesigner: <a href=\"https:\/\/babylove.se\/varumarken\/babylove\">Babylove<\/a><\/p>\n","protected":false},"excerpt":{"rendered":"<p>En fantastisk veggdekorasjon i form av en regnbue med prikker. Dette er en fantastisk m\u00e5te \u00e5 innrede barnerommet p\u00e5, da den passer b\u00e5de ved sengen, ved skrivebordet eller p\u00e5 en tom helvegg i stedet for tapet. \\n \\nVeggklistermerkene er utformet for \u00e5 se fantastiske ut p\u00e5 b\u00e5de lyse og m\u00f8rke vegger og har en fin [&hellip;]<\/p>\n","protected":false},"featured_media":49141,"comment_status":"open","ping_status":"closed","template":"","meta":{"_acf_changed":false},"product_brand":[22],"product_cat":[84,248,86,24],"product_tag":[1709],"class_list":{"0":"post-49139","1":"product","2":"type-product","3":"status-publish","4":"has-post-thumbnail","6":"product_brand-babylove","7":"product_cat-babylove","8":"product_cat-regnbue","9":"product_cat-produktliste","10":"product_cat-veggklistremerker","11":"product_tag-utforsalg","12":"pa_storlek-l","13":"pa_storlek-m","15":"first","16":"instock","17":"taxable","18":"shipping-taxable","19":"purchasable","20":"product-type-variable"},"acf":[],"yoast_head":"<!-- This site is optimized with the Yoast SEO Premium plugin v25.8 (Yoast SEO v27.2) - https:\/\/yoast.com\/product\/yoast-seo-premium-wordpress\/ -->\n<title>Babylove, veggklistremerke regnbue med prikker, dusty pink - Babylove Norska<\/title>\n<meta name=\"robots\" content=\"noindex, follow, max-snippet:-1, max-image-preview:large, max-video-preview:-1\" \/>\n<meta property=\"og:locale\" content=\"nb_NO\" \/>\n<meta property=\"og:type\" content=\"article\" \/>\n<meta property=\"og:title\" content=\"Babylove, veggklistremerke regnbue med prikker, dusty pink\" \/>\n<meta property=\"og:description\" content=\"En fantastisk veggdekorasjon i form av en regnbue med prikker. Dette er en fantastisk m\u00e5te \u00e5 innrede barnerommet p\u00e5, da den passer b\u00e5de ved sengen, ved skrivebordet eller p\u00e5 en tom helvegg i stedet for tapet. n nVeggklistermerkene er utformet for \u00e5 se fantastiske ut p\u00e5 b\u00e5de lyse og m\u00f8rke vegger og har en fin [&hellip;]\" \/>\n<meta property=\"og:url\" content=\"https:\/\/babylove.se\/no\/produkt\/babylove-veggklistremerke-regnbue-med-prikker-dusty-pink\/\" \/>\n<meta property=\"og:site_name\" content=\"Babylove Norska\" \/>\n<meta property=\"article:modified_time\" content=\"2026-04-08T12:11:51+00:00\" \/>\n<meta property=\"og:image\" content=\"https:\/\/babylove.se\/no\/wp-content\/uploads\/sites\/3\/2025\/07\/63c647954e607.jpeg\" \/>\n\t<meta property=\"og:image:width\" content=\"1400\" \/>\n\t<meta property=\"og:image:height\" content=\"937\" \/>\n\t<meta property=\"og:image:type\" content=\"image\/jpeg\" \/>\n<meta name=\"twitter:card\" content=\"summary_large_image\" \/>\n<meta name=\"twitter:label1\" content=\"Availability\" \/>\n\t<meta name=\"twitter:data1\" content=\"In stock\" \/>\n<script type=\"application\/ld+json\" class=\"yoast-schema-graph\">{\"@context\":\"https:\/\/schema.org\",\"@graph\":[{\"@type\":\"WebPage\",\"@id\":\"https:\/\/babylove.se\/no\/produkt\/babylove-veggklistremerke-regnbue-med-prikker-dusty-pink\/\",\"url\":\"https:\/\/babylove.se\/no\/produkt\/babylove-veggklistremerke-regnbue-med-prikker-dusty-pink\/\",\"name\":\"Babylove, veggklistremerke regnbue med prikker, dusty pink - Babylove Norska\",\"isPartOf\":{\"@id\":\"https:\/\/babylove.se\/no\/#website\"},\"primaryImageOfPage\":{\"@id\":\"https:\/\/babylove.se\/no\/produkt\/babylove-veggklistremerke-regnbue-med-prikker-dusty-pink\/#primaryimage\"},\"image\":{\"@id\":\"https:\/\/babylove.se\/no\/produkt\/babylove-veggklistremerke-regnbue-med-prikker-dusty-pink\/#primaryimage\"},\"thumbnailUrl\":\"https:\/\/babylove.se\/no\/wp-content\/uploads\/sites\/3\/2025\/07\/63c647954e607.jpeg\",\"datePublished\":\"2025-07-19T10:05:44+00:00\",\"dateModified\":\"2026-04-08T12:11:51+00:00\",\"breadcrumb\":{\"@id\":\"https:\/\/babylove.se\/no\/produkt\/babylove-veggklistremerke-regnbue-med-prikker-dusty-pink\/#breadcrumb\"},\"inLanguage\":\"nb-NO\",\"potentialAction\":[{\"@type\":\"ReadAction\",\"target\":[\"https:\/\/babylove.se\/no\/produkt\/babylove-veggklistremerke-regnbue-med-prikker-dusty-pink\/\"]}]},{\"@type\":\"ImageObject\",\"inLanguage\":\"nb-NO\",\"@id\":\"https:\/\/babylove.se\/no\/produkt\/babylove-veggklistremerke-regnbue-med-prikker-dusty-pink\/#primaryimage\",\"url\":\"https:\/\/babylove.se\/no\/wp-content\/uploads\/sites\/3\/2025\/07\/63c647954e607.jpeg\",\"contentUrl\":\"https:\/\/babylove.se\/no\/wp-content\/uploads\/sites\/3\/2025\/07\/63c647954e607.jpeg\",\"width\":1400,\"height\":937},{\"@type\":\"BreadcrumbList\",\"@id\":\"https:\/\/babylove.se\/no\/produkt\/babylove-veggklistremerke-regnbue-med-prikker-dusty-pink\/#breadcrumb\",\"itemListElement\":[{\"@type\":\"ListItem\",\"position\":1,\"name\":\"Hem\",\"item\":\"https:\/\/babylove.se\/no\/\"},{\"@type\":\"ListItem\",\"position\":2,\"name\":\"Butik\",\"item\":\"https:\/\/babylove.se\/no\/butik\/\"},{\"@type\":\"ListItem\",\"position\":3,\"name\":\"Babylove, veggklistremerke regnbue med prikker, dusty pink\"}]},{\"@type\":\"WebSite\",\"@id\":\"https:\/\/babylove.se\/no\/#website\",\"url\":\"https:\/\/babylove.se\/no\/\",\"name\":\"Babylove Norska\",\"description\":\"\",\"potentialAction\":[{\"@type\":\"SearchAction\",\"target\":{\"@type\":\"EntryPoint\",\"urlTemplate\":\"https:\/\/babylove.se\/no\/?s={search_term_string}\"},\"query-input\":{\"@type\":\"PropertyValueSpecification\",\"valueRequired\":true,\"valueName\":\"search_term_string\"}}],\"inLanguage\":\"nb-NO\"}]}<\/script>\n<meta property=\"product:brand\" content=\"Babylove\" \/>\n<meta property=\"og:availability\" content=\"instock\" \/>\n<meta property=\"product:availability\" content=\"instock\" \/>\n<meta property=\"product:retailer_item_id\" content=\"Babylove_v\u00e4ggklisterm\u00e4rke_regnb\u00e5ge_med_prickar\" \/>\n<meta property=\"product:condition\" content=\"new\" \/>\n<!-- \/ Yoast SEO Premium plugin. -->","yoast_head_json":{"title":"Babylove, veggklistremerke regnbue med prikker, dusty pink - Babylove Norska","robots":{"index":"noindex","follow":"follow","max-snippet":"max-snippet:-1","max-image-preview":"max-image-preview:large","max-video-preview":"max-video-preview:-1"},"og_locale":"nb_NO","og_type":"article","og_title":"Babylove, veggklistremerke regnbue med prikker, dusty pink","og_description":"En fantastisk veggdekorasjon i form av en regnbue med prikker. Dette er en fantastisk m\u00e5te \u00e5 innrede barnerommet p\u00e5, da den passer b\u00e5de ved sengen, ved skrivebordet eller p\u00e5 en tom helvegg i stedet for tapet. n nVeggklistermerkene er utformet for \u00e5 se fantastiske ut p\u00e5 b\u00e5de lyse og m\u00f8rke vegger og har en fin [&hellip;]","og_url":"https:\/\/babylove.se\/no\/produkt\/babylove-veggklistremerke-regnbue-med-prikker-dusty-pink\/","og_site_name":"Babylove Norska","article_modified_time":"2026-04-08T12:11:51+00:00","og_image":[{"width":1400,"height":937,"url":"https:\/\/babylove.se\/no\/wp-content\/uploads\/sites\/3\/2025\/07\/63c647954e607.jpeg","type":"image\/jpeg"}],"twitter_card":"summary_large_image","twitter_misc":{"Availability":"In stock"},"schema":{"@context":"https:\/\/schema.org","@graph":[{"@type":"WebPage","@id":"https:\/\/babylove.se\/no\/produkt\/babylove-veggklistremerke-regnbue-med-prikker-dusty-pink\/","url":"https:\/\/babylove.se\/no\/produkt\/babylove-veggklistremerke-regnbue-med-prikker-dusty-pink\/","name":"Babylove, veggklistremerke regnbue med prikker, dusty pink - Babylove Norska","isPartOf":{"@id":"https:\/\/babylove.se\/no\/#website"},"primaryImageOfPage":{"@id":"https:\/\/babylove.se\/no\/produkt\/babylove-veggklistremerke-regnbue-med-prikker-dusty-pink\/#primaryimage"},"image":{"@id":"https:\/\/babylove.se\/no\/produkt\/babylove-veggklistremerke-regnbue-med-prikker-dusty-pink\/#primaryimage"},"thumbnailUrl":"https:\/\/babylove.se\/no\/wp-content\/uploads\/sites\/3\/2025\/07\/63c647954e607.jpeg","datePublished":"2025-07-19T10:05:44+00:00","dateModified":"2026-04-08T12:11:51+00:00","breadcrumb":{"@id":"https:\/\/babylove.se\/no\/produkt\/babylove-veggklistremerke-regnbue-med-prikker-dusty-pink\/#breadcrumb"},"inLanguage":"nb-NO","potentialAction":[{"@type":"ReadAction","target":["https:\/\/babylove.se\/no\/produkt\/babylove-veggklistremerke-regnbue-med-prikker-dusty-pink\/"]}]},{"@type":"ImageObject","inLanguage":"nb-NO","@id":"https:\/\/babylove.se\/no\/produkt\/babylove-veggklistremerke-regnbue-med-prikker-dusty-pink\/#primaryimage","url":"https:\/\/babylove.se\/no\/wp-content\/uploads\/sites\/3\/2025\/07\/63c647954e607.jpeg","contentUrl":"https:\/\/babylove.se\/no\/wp-content\/uploads\/sites\/3\/2025\/07\/63c647954e607.jpeg","width":1400,"height":937},{"@type":"BreadcrumbList","@id":"https:\/\/babylove.se\/no\/produkt\/babylove-veggklistremerke-regnbue-med-prikker-dusty-pink\/#breadcrumb","itemListElement":[{"@type":"ListItem","position":1,"name":"Hem","item":"https:\/\/babylove.se\/no\/"},{"@type":"ListItem","position":2,"name":"Butik","item":"https:\/\/babylove.se\/no\/butik\/"},{"@type":"ListItem","position":3,"name":"Babylove, veggklistremerke regnbue med prikker, dusty pink"}]},{"@type":"WebSite","@id":"https:\/\/babylove.se\/no\/#website","url":"https:\/\/babylove.se\/no\/","name":"Babylove Norska","description":"","potentialAction":[{"@type":"SearchAction","target":{"@type":"EntryPoint","urlTemplate":"https:\/\/babylove.se\/no\/?s={search_term_string}"},"query-input":{"@type":"PropertyValueSpecification","valueRequired":true,"valueName":"search_term_string"}}],"inLanguage":"nb-NO"}]},"product_brand":"Babylove","og_availability":"instock","product_availability":"instock","product_retailer_item_id":"Babylove_v\u00e4ggklisterm\u00e4rke_regnb\u00e5ge_med_prickar","product_condition":"new"},"_links":{"self":[{"href":"https:\/\/babylove.se\/no\/wp-json\/wp\/v2\/product\/49139","targetHints":{"allow":["GET"]}}],"collection":[{"href":"https:\/\/babylove.se\/no\/wp-json\/wp\/v2\/product"}],"about":[{"href":"https:\/\/babylove.se\/no\/wp-json\/wp\/v2\/types\/product"}],"replies":[{"embeddable":true,"href":"https:\/\/babylove.se\/no\/wp-json\/wp\/v2\/comments?post=49139"}],"wp:featuredmedia":[{"embeddable":true,"href":"https:\/\/babylove.se\/no\/wp-json\/wp\/v2\/media\/49141"}],"wp:attachment":[{"href":"https:\/\/babylove.se\/no\/wp-json\/wp\/v2\/media?parent=49139"}],"wp:term":[{"taxonomy":"product_brand","embeddable":true,"href":"https:\/\/babylove.se\/no\/wp-json\/wp\/v2\/product_brand?post=49139"},{"taxonomy":"product_cat","embeddable":true,"href":"https:\/\/babylove.se\/no\/wp-json\/wp\/v2\/product_cat?post=49139"},{"taxonomy":"product_tag","embeddable":true,"href":"https:\/\/babylove.se\/no\/wp-json\/wp\/v2\/product_tag?post=49139"}],"curies":[{"name":"wp","href":"https:\/\/api.w.org\/{rel}","templated":true}]}}