{"id":49260,"date":"2025-07-19T11:06:56","date_gmt":"2025-07-19T10:06:56","guid":{"rendered":"https:\/\/babylove.se\/produkt\/sittdyna-lekmatta-till-barnrummet-harlequin\/"},"modified":"2026-04-08T13:12:58","modified_gmt":"2026-04-08T12:12:58","slug":"sittepute-lekematte-til-barnerommet-harlequin","status":"publish","type":"product","link":"https:\/\/babylove.se\/no\/produkt\/sittepute-lekematte-til-barnerommet-harlequin\/","title":{"rendered":"Sitteputeleketeppe til barnerommet, Harlequin"},"content":{"rendered":"<p>En vakker og multifunksjonell madras i vakkert bomullsstoff med fargerike trekanter. Et fantastisk produkt som vil bidra til barnerominnredningen din p\u00e5 beste m\u00e5te.&nbsp;<\/p>\n<p>Denne vakre sitteputen er ikke bare elegant, men ogs\u00e5 supermysig for barnet ditt \u00e5 sitte p\u00e5 eller hvile p\u00e5. Stoffet er i myk bomull s\u00e5 mykere tekstil er knapt \u00e5 finne og sittepuffen har mange bruksomr\u00e5der og vil l\u00f8fte hele barnerominnredningen din. Brukes med fordel som dagseng, lekematte, ekstra sovemadras for koselige overnattinger med venner, eller som &#8220;landingsplass&#8221; ved innend\u00f8rs sklier.&nbsp;<\/p>\n<p>Den er dessuten enkel \u00e5 ta med seg hvor man enn skal.&nbsp;<\/p>\n<p><strong>M\u00e5l<\/strong>: 60 x 120 cm. Tykkelse 6 cm.&nbsp;<\/p>\n<p><strong>Materiale<\/strong>: 100% bomull. Fyll: polyester.<\/p>\n","protected":false},"excerpt":{"rendered":"<p>En vakker og multifunksjonell madras i vakkert bomullsstoff med fargerike trekanter. Et fantastisk produkt som vil bidra til barnerominnredningen din p\u00e5 beste m\u00e5te.&nbsp; Denne vakre sitteputen er ikke bare elegant, men ogs\u00e5 supermysig for barnet ditt \u00e5 sitte p\u00e5 eller hvile p\u00e5. Stoffet er i myk bomull s\u00e5 mykere tekstil er knapt \u00e5 finne og [&hellip;]<\/p>\n","protected":false},"featured_media":49262,"comment_status":"closed","ping_status":"open","template":"","meta":{"_acf_changed":false},"product_brand":[972],"product_cat":[973,135],"product_tag":[],"class_list":{"0":"post-49260","1":"product","2":"type-product","3":"status-publish","4":"has-post-thumbnail","6":"product_brand-atmosphera","7":"product_cat-atmosphera","8":"product_cat-tepper","10":"first","11":"outofstock","12":"taxable","13":"shipping-taxable","14":"purchasable","15":"product-type-simple"},"acf":[],"yoast_head":"<!-- This site is optimized with the Yoast SEO Premium plugin v25.8 (Yoast SEO v27.2) - https:\/\/yoast.com\/product\/yoast-seo-premium-wordpress\/ -->\n<title>Sitteputeleketeppe til barnerommet, Harlequin - Babylove Norska<\/title>\n<meta name=\"robots\" content=\"noindex, follow, max-snippet:-1, max-image-preview:large, max-video-preview:-1\" \/>\n<meta property=\"og:locale\" content=\"nb_NO\" \/>\n<meta property=\"og:type\" content=\"article\" \/>\n<meta property=\"og:title\" content=\"Sitteputeleketeppe til barnerommet, Harlequin\" \/>\n<meta property=\"og:description\" content=\"En vakker og multifunksjonell madras i vakkert bomullsstoff med fargerike trekanter. Et fantastisk produkt som vil bidra til barnerominnredningen din p\u00e5 beste m\u00e5te.&nbsp; Denne vakre sitteputen er ikke bare elegant, men ogs\u00e5 supermysig for barnet ditt \u00e5 sitte p\u00e5 eller hvile p\u00e5. Stoffet er i myk bomull s\u00e5 mykere tekstil er knapt \u00e5 finne og [&hellip;]\" \/>\n<meta property=\"og:url\" content=\"https:\/\/babylove.se\/no\/produkt\/sittepute-lekematte-til-barnerommet-harlequin\/\" \/>\n<meta property=\"og:site_name\" content=\"Babylove Norska\" \/>\n<meta property=\"article:modified_time\" content=\"2026-04-08T12:12:58+00:00\" \/>\n<meta property=\"og:image\" content=\"https:\/\/babylove.se\/no\/wp-content\/uploads\/sites\/3\/2025\/07\/63d37929d1ed8.jpeg\" \/>\n\t<meta property=\"og:image:width\" content=\"729\" \/>\n\t<meta property=\"og:image:height\" content=\"729\" \/>\n\t<meta property=\"og:image:type\" content=\"image\/jpeg\" \/>\n<meta name=\"twitter:card\" content=\"summary_large_image\" \/>\n<meta name=\"twitter:label1\" content=\"Price\" \/>\n\t<meta name=\"twitter:data1\" content=\"599,00&nbsp;&#107;&#114;\" \/>\n\t<meta name=\"twitter:label2\" content=\"Availability\" \/>\n\t<meta name=\"twitter:data2\" content=\"Out of stock\" \/>\n<script type=\"application\/ld+json\" class=\"yoast-schema-graph\">{\"@context\":\"https:\/\/schema.org\",\"@graph\":[{\"@type\":\"WebPage\",\"@id\":\"https:\/\/babylove.se\/no\/produkt\/sittepute-lekematte-til-barnerommet-harlequin\/\",\"url\":\"https:\/\/babylove.se\/no\/produkt\/sittepute-lekematte-til-barnerommet-harlequin\/\",\"name\":\"Sitteputeleketeppe til barnerommet, Harlequin - Babylove Norska\",\"isPartOf\":{\"@id\":\"https:\/\/babylove.se\/no\/#website\"},\"primaryImageOfPage\":{\"@id\":\"https:\/\/babylove.se\/no\/produkt\/sittepute-lekematte-til-barnerommet-harlequin\/#primaryimage\"},\"image\":{\"@id\":\"https:\/\/babylove.se\/no\/produkt\/sittepute-lekematte-til-barnerommet-harlequin\/#primaryimage\"},\"thumbnailUrl\":\"https:\/\/babylove.se\/no\/wp-content\/uploads\/sites\/3\/2025\/07\/63d37929d1ed8.jpeg\",\"datePublished\":\"2025-07-19T10:06:56+00:00\",\"dateModified\":\"2026-04-08T12:12:58+00:00\",\"breadcrumb\":{\"@id\":\"https:\/\/babylove.se\/no\/produkt\/sittepute-lekematte-til-barnerommet-harlequin\/#breadcrumb\"},\"inLanguage\":\"nb-NO\",\"potentialAction\":[{\"@type\":\"ReadAction\",\"target\":[\"https:\/\/babylove.se\/no\/produkt\/sittepute-lekematte-til-barnerommet-harlequin\/\"]}]},{\"@type\":\"ImageObject\",\"inLanguage\":\"nb-NO\",\"@id\":\"https:\/\/babylove.se\/no\/produkt\/sittepute-lekematte-til-barnerommet-harlequin\/#primaryimage\",\"url\":\"https:\/\/babylove.se\/no\/wp-content\/uploads\/sites\/3\/2025\/07\/63d37929d1ed8.jpeg\",\"contentUrl\":\"https:\/\/babylove.se\/no\/wp-content\/uploads\/sites\/3\/2025\/07\/63d37929d1ed8.jpeg\",\"width\":729,\"height\":729},{\"@type\":\"BreadcrumbList\",\"@id\":\"https:\/\/babylove.se\/no\/produkt\/sittepute-lekematte-til-barnerommet-harlequin\/#breadcrumb\",\"itemListElement\":[{\"@type\":\"ListItem\",\"position\":1,\"name\":\"Hem\",\"item\":\"https:\/\/babylove.se\/no\/\"},{\"@type\":\"ListItem\",\"position\":2,\"name\":\"Butik\",\"item\":\"https:\/\/babylove.se\/no\/butik\/\"},{\"@type\":\"ListItem\",\"position\":3,\"name\":\"Sitteputeleketeppe til barnerommet, Harlequin\"}]},{\"@type\":\"WebSite\",\"@id\":\"https:\/\/babylove.se\/no\/#website\",\"url\":\"https:\/\/babylove.se\/no\/\",\"name\":\"Babylove Norska\",\"description\":\"\",\"potentialAction\":[{\"@type\":\"SearchAction\",\"target\":{\"@type\":\"EntryPoint\",\"urlTemplate\":\"https:\/\/babylove.se\/no\/?s={search_term_string}\"},\"query-input\":{\"@type\":\"PropertyValueSpecification\",\"valueRequired\":true,\"valueName\":\"search_term_string\"}}],\"inLanguage\":\"nb-NO\"}]}<\/script>\n<meta property=\"product:brand\" content=\"Atmosphera\" \/>\n<meta property=\"product:price:amount\" content=\"599.00\" \/>\n<meta property=\"product:price:currency\" content=\"SEK\" \/>\n<meta property=\"og:availability\" content=\"out of stock\" \/>\n<meta property=\"product:availability\" content=\"out of stock\" \/>\n<meta property=\"product:retailer_item_id\" content=\"188269\" \/>\n<meta property=\"product:condition\" content=\"new\" \/>\n<!-- \/ Yoast SEO Premium plugin. -->","yoast_head_json":{"title":"Sitteputeleketeppe til barnerommet, Harlequin - Babylove Norska","robots":{"index":"noindex","follow":"follow","max-snippet":"max-snippet:-1","max-image-preview":"max-image-preview:large","max-video-preview":"max-video-preview:-1"},"og_locale":"nb_NO","og_type":"article","og_title":"Sitteputeleketeppe til barnerommet, Harlequin","og_description":"En vakker og multifunksjonell madras i vakkert bomullsstoff med fargerike trekanter. Et fantastisk produkt som vil bidra til barnerominnredningen din p\u00e5 beste m\u00e5te.&nbsp; Denne vakre sitteputen er ikke bare elegant, men ogs\u00e5 supermysig for barnet ditt \u00e5 sitte p\u00e5 eller hvile p\u00e5. Stoffet er i myk bomull s\u00e5 mykere tekstil er knapt \u00e5 finne og [&hellip;]","og_url":"https:\/\/babylove.se\/no\/produkt\/sittepute-lekematte-til-barnerommet-harlequin\/","og_site_name":"Babylove Norska","article_modified_time":"2026-04-08T12:12:58+00:00","og_image":[{"width":729,"height":729,"url":"https:\/\/babylove.se\/no\/wp-content\/uploads\/sites\/3\/2025\/07\/63d37929d1ed8.jpeg","type":"image\/jpeg"}],"twitter_card":"summary_large_image","twitter_misc":{"Price":"599,00&nbsp;&#107;&#114;","Availability":"Out of stock"},"schema":{"@context":"https:\/\/schema.org","@graph":[{"@type":"WebPage","@id":"https:\/\/babylove.se\/no\/produkt\/sittepute-lekematte-til-barnerommet-harlequin\/","url":"https:\/\/babylove.se\/no\/produkt\/sittepute-lekematte-til-barnerommet-harlequin\/","name":"Sitteputeleketeppe til barnerommet, Harlequin - Babylove Norska","isPartOf":{"@id":"https:\/\/babylove.se\/no\/#website"},"primaryImageOfPage":{"@id":"https:\/\/babylove.se\/no\/produkt\/sittepute-lekematte-til-barnerommet-harlequin\/#primaryimage"},"image":{"@id":"https:\/\/babylove.se\/no\/produkt\/sittepute-lekematte-til-barnerommet-harlequin\/#primaryimage"},"thumbnailUrl":"https:\/\/babylove.se\/no\/wp-content\/uploads\/sites\/3\/2025\/07\/63d37929d1ed8.jpeg","datePublished":"2025-07-19T10:06:56+00:00","dateModified":"2026-04-08T12:12:58+00:00","breadcrumb":{"@id":"https:\/\/babylove.se\/no\/produkt\/sittepute-lekematte-til-barnerommet-harlequin\/#breadcrumb"},"inLanguage":"nb-NO","potentialAction":[{"@type":"ReadAction","target":["https:\/\/babylove.se\/no\/produkt\/sittepute-lekematte-til-barnerommet-harlequin\/"]}]},{"@type":"ImageObject","inLanguage":"nb-NO","@id":"https:\/\/babylove.se\/no\/produkt\/sittepute-lekematte-til-barnerommet-harlequin\/#primaryimage","url":"https:\/\/babylove.se\/no\/wp-content\/uploads\/sites\/3\/2025\/07\/63d37929d1ed8.jpeg","contentUrl":"https:\/\/babylove.se\/no\/wp-content\/uploads\/sites\/3\/2025\/07\/63d37929d1ed8.jpeg","width":729,"height":729},{"@type":"BreadcrumbList","@id":"https:\/\/babylove.se\/no\/produkt\/sittepute-lekematte-til-barnerommet-harlequin\/#breadcrumb","itemListElement":[{"@type":"ListItem","position":1,"name":"Hem","item":"https:\/\/babylove.se\/no\/"},{"@type":"ListItem","position":2,"name":"Butik","item":"https:\/\/babylove.se\/no\/butik\/"},{"@type":"ListItem","position":3,"name":"Sitteputeleketeppe til barnerommet, Harlequin"}]},{"@type":"WebSite","@id":"https:\/\/babylove.se\/no\/#website","url":"https:\/\/babylove.se\/no\/","name":"Babylove Norska","description":"","potentialAction":[{"@type":"SearchAction","target":{"@type":"EntryPoint","urlTemplate":"https:\/\/babylove.se\/no\/?s={search_term_string}"},"query-input":{"@type":"PropertyValueSpecification","valueRequired":true,"valueName":"search_term_string"}}],"inLanguage":"nb-NO"}]},"product_brand":"Atmosphera","product_price_amount":"599.00","product_price_currency":"SEK","og_availability":"out of stock","product_availability":"out of stock","product_retailer_item_id":"188269","product_condition":"new"},"_links":{"self":[{"href":"https:\/\/babylove.se\/no\/wp-json\/wp\/v2\/product\/49260","targetHints":{"allow":["GET"]}}],"collection":[{"href":"https:\/\/babylove.se\/no\/wp-json\/wp\/v2\/product"}],"about":[{"href":"https:\/\/babylove.se\/no\/wp-json\/wp\/v2\/types\/product"}],"replies":[{"embeddable":true,"href":"https:\/\/babylove.se\/no\/wp-json\/wp\/v2\/comments?post=49260"}],"wp:featuredmedia":[{"embeddable":true,"href":"https:\/\/babylove.se\/no\/wp-json\/wp\/v2\/media\/49262"}],"wp:attachment":[{"href":"https:\/\/babylove.se\/no\/wp-json\/wp\/v2\/media?parent=49260"}],"wp:term":[{"taxonomy":"product_brand","embeddable":true,"href":"https:\/\/babylove.se\/no\/wp-json\/wp\/v2\/product_brand?post=49260"},{"taxonomy":"product_cat","embeddable":true,"href":"https:\/\/babylove.se\/no\/wp-json\/wp\/v2\/product_cat?post=49260"},{"taxonomy":"product_tag","embeddable":true,"href":"https:\/\/babylove.se\/no\/wp-json\/wp\/v2\/product_tag?post=49260"}],"curies":[{"name":"wp","href":"https:\/\/api.w.org\/{rel}","templated":true}]}}