{"id":49326,"date":"2025-07-19T11:07:34","date_gmt":"2025-07-19T10:07:34","guid":{"rendered":"https:\/\/babylove.se\/produkt\/vit-kudde-svan\/"},"modified":"2026-04-08T13:13:38","modified_gmt":"2026-04-08T12:13:38","slug":"hvit-pute-svane","status":"publish","type":"product","link":"https:\/\/babylove.se\/no\/produkt\/hvit-pute-svane\/","title":{"rendered":"Hvit pute, svane"},"content":{"rendered":"<p>En underbart vakker og fin pute i form av en svane med glitrete krone og nebb.&nbsp;<\/p>\n<p>Det vakre utf\u00f8relsen er \u00e9n ting, men de underbare materialvalgene gj\u00f8r det ogs\u00e5 til en kramfavoritt hos barna. Om du bare skal kj\u00f8pe ett interi\u00f8rprodukt til barnerommet, er dette det du skal kj\u00f8pe!&nbsp;<\/p>\n<p><strong>M\u00e5l<\/strong>: 26 x 21 x 34,5 cm<\/p>\n","protected":false},"excerpt":{"rendered":"<p>En underbart vakker og fin pute i form av en svane med glitrete krone og nebb.&nbsp; Det vakre utf\u00f8relsen er \u00e9n ting, men de underbare materialvalgene gj\u00f8r det ogs\u00e5 til en kramfavoritt hos barna. Om du bare skal kj\u00f8pe ett interi\u00f8rprodukt til barnerommet, er dette det du skal kj\u00f8pe!&nbsp; M\u00e5l: 26 x 21 x 34,5 [&hellip;]<\/p>\n","protected":false},"featured_media":49328,"comment_status":"closed","ping_status":"open","template":"","meta":{"_acf_changed":false},"product_brand":[972],"product_cat":[973,90,105,40],"product_tag":[],"class_list":{"0":"post-49326","1":"product","2":"type-product","3":"status-publish","4":"has-post-thumbnail","6":"product_brand-atmosphera","7":"product_cat-atmosphera","8":"product_cat-dyr","9":"product_cat-puter","10":"product_cat-soverom-barn","12":"first","13":"outofstock","14":"taxable","15":"shipping-taxable","16":"purchasable","17":"product-type-simple"},"acf":[],"yoast_head":"<!-- This site is optimized with the Yoast SEO Premium plugin v25.8 (Yoast SEO v27.2) - https:\/\/yoast.com\/product\/yoast-seo-premium-wordpress\/ -->\n<title>Hvit pute, svane - Babylove Norska<\/title>\n<meta name=\"robots\" content=\"noindex, follow, max-snippet:-1, max-image-preview:large, max-video-preview:-1\" \/>\n<meta property=\"og:locale\" content=\"nb_NO\" \/>\n<meta property=\"og:type\" content=\"article\" \/>\n<meta property=\"og:title\" content=\"Hvit pute, svane\" \/>\n<meta property=\"og:description\" content=\"En underbart vakker og fin pute i form av en svane med glitrete krone og nebb.&nbsp; Det vakre utf\u00f8relsen er \u00e9n ting, men de underbare materialvalgene gj\u00f8r det ogs\u00e5 til en kramfavoritt hos barna. Om du bare skal kj\u00f8pe ett interi\u00f8rprodukt til barnerommet, er dette det du skal kj\u00f8pe!&nbsp; M\u00e5l: 26 x 21 x 34,5 [&hellip;]\" \/>\n<meta property=\"og:url\" content=\"https:\/\/babylove.se\/no\/produkt\/hvit-pute-svane\/\" \/>\n<meta property=\"og:site_name\" content=\"Babylove Norska\" \/>\n<meta property=\"article:modified_time\" content=\"2026-04-08T12:13:38+00:00\" \/>\n<meta property=\"og:image\" content=\"https:\/\/babylove.se\/no\/wp-content\/uploads\/sites\/3\/2025\/07\/63d395415ec08.jpeg\" \/>\n\t<meta property=\"og:image:width\" content=\"1200\" \/>\n\t<meta property=\"og:image:height\" content=\"1200\" \/>\n\t<meta property=\"og:image:type\" content=\"image\/jpeg\" \/>\n<meta name=\"twitter:card\" content=\"summary_large_image\" \/>\n<meta name=\"twitter:label1\" content=\"Price\" \/>\n\t<meta name=\"twitter:data1\" content=\"199,00&nbsp;&#107;&#114;\" \/>\n\t<meta name=\"twitter:label2\" content=\"Availability\" \/>\n\t<meta name=\"twitter:data2\" content=\"Out of stock\" \/>\n<script type=\"application\/ld+json\" class=\"yoast-schema-graph\">{\"@context\":\"https:\/\/schema.org\",\"@graph\":[{\"@type\":\"WebPage\",\"@id\":\"https:\/\/babylove.se\/no\/produkt\/hvit-pute-svane\/\",\"url\":\"https:\/\/babylove.se\/no\/produkt\/hvit-pute-svane\/\",\"name\":\"Hvit pute, svane - Babylove Norska\",\"isPartOf\":{\"@id\":\"https:\/\/babylove.se\/no\/#website\"},\"primaryImageOfPage\":{\"@id\":\"https:\/\/babylove.se\/no\/produkt\/hvit-pute-svane\/#primaryimage\"},\"image\":{\"@id\":\"https:\/\/babylove.se\/no\/produkt\/hvit-pute-svane\/#primaryimage\"},\"thumbnailUrl\":\"https:\/\/babylove.se\/no\/wp-content\/uploads\/sites\/3\/2025\/07\/63d395415ec08.jpeg\",\"datePublished\":\"2025-07-19T10:07:34+00:00\",\"dateModified\":\"2026-04-08T12:13:38+00:00\",\"breadcrumb\":{\"@id\":\"https:\/\/babylove.se\/no\/produkt\/hvit-pute-svane\/#breadcrumb\"},\"inLanguage\":\"nb-NO\",\"potentialAction\":[{\"@type\":\"ReadAction\",\"target\":[\"https:\/\/babylove.se\/no\/produkt\/hvit-pute-svane\/\"]}]},{\"@type\":\"ImageObject\",\"inLanguage\":\"nb-NO\",\"@id\":\"https:\/\/babylove.se\/no\/produkt\/hvit-pute-svane\/#primaryimage\",\"url\":\"https:\/\/babylove.se\/no\/wp-content\/uploads\/sites\/3\/2025\/07\/63d395415ec08.jpeg\",\"contentUrl\":\"https:\/\/babylove.se\/no\/wp-content\/uploads\/sites\/3\/2025\/07\/63d395415ec08.jpeg\",\"width\":1200,\"height\":1200},{\"@type\":\"BreadcrumbList\",\"@id\":\"https:\/\/babylove.se\/no\/produkt\/hvit-pute-svane\/#breadcrumb\",\"itemListElement\":[{\"@type\":\"ListItem\",\"position\":1,\"name\":\"Hem\",\"item\":\"https:\/\/babylove.se\/no\/\"},{\"@type\":\"ListItem\",\"position\":2,\"name\":\"Butik\",\"item\":\"https:\/\/babylove.se\/no\/butik\/\"},{\"@type\":\"ListItem\",\"position\":3,\"name\":\"Hvit pute, svane\"}]},{\"@type\":\"WebSite\",\"@id\":\"https:\/\/babylove.se\/no\/#website\",\"url\":\"https:\/\/babylove.se\/no\/\",\"name\":\"Babylove Norska\",\"description\":\"\",\"potentialAction\":[{\"@type\":\"SearchAction\",\"target\":{\"@type\":\"EntryPoint\",\"urlTemplate\":\"https:\/\/babylove.se\/no\/?s={search_term_string}\"},\"query-input\":{\"@type\":\"PropertyValueSpecification\",\"valueRequired\":true,\"valueName\":\"search_term_string\"}}],\"inLanguage\":\"nb-NO\"}]}<\/script>\n<meta property=\"product:brand\" content=\"Atmosphera\" \/>\n<meta property=\"product:price:amount\" content=\"199.00\" \/>\n<meta property=\"product:price:currency\" content=\"SEK\" \/>\n<meta property=\"og:availability\" content=\"out of stock\" \/>\n<meta property=\"product:availability\" content=\"out of stock\" \/>\n<meta property=\"product:retailer_item_id\" content=\"174147\" \/>\n<meta property=\"product:condition\" content=\"new\" \/>\n<!-- \/ Yoast SEO Premium plugin. -->","yoast_head_json":{"title":"Hvit pute, svane - Babylove Norska","robots":{"index":"noindex","follow":"follow","max-snippet":"max-snippet:-1","max-image-preview":"max-image-preview:large","max-video-preview":"max-video-preview:-1"},"og_locale":"nb_NO","og_type":"article","og_title":"Hvit pute, svane","og_description":"En underbart vakker og fin pute i form av en svane med glitrete krone og nebb.&nbsp; Det vakre utf\u00f8relsen er \u00e9n ting, men de underbare materialvalgene gj\u00f8r det ogs\u00e5 til en kramfavoritt hos barna. Om du bare skal kj\u00f8pe ett interi\u00f8rprodukt til barnerommet, er dette det du skal kj\u00f8pe!&nbsp; M\u00e5l: 26 x 21 x 34,5 [&hellip;]","og_url":"https:\/\/babylove.se\/no\/produkt\/hvit-pute-svane\/","og_site_name":"Babylove Norska","article_modified_time":"2026-04-08T12:13:38+00:00","og_image":[{"width":1200,"height":1200,"url":"https:\/\/babylove.se\/no\/wp-content\/uploads\/sites\/3\/2025\/07\/63d395415ec08.jpeg","type":"image\/jpeg"}],"twitter_card":"summary_large_image","twitter_misc":{"Price":"199,00&nbsp;&#107;&#114;","Availability":"Out of stock"},"schema":{"@context":"https:\/\/schema.org","@graph":[{"@type":"WebPage","@id":"https:\/\/babylove.se\/no\/produkt\/hvit-pute-svane\/","url":"https:\/\/babylove.se\/no\/produkt\/hvit-pute-svane\/","name":"Hvit pute, svane - Babylove Norska","isPartOf":{"@id":"https:\/\/babylove.se\/no\/#website"},"primaryImageOfPage":{"@id":"https:\/\/babylove.se\/no\/produkt\/hvit-pute-svane\/#primaryimage"},"image":{"@id":"https:\/\/babylove.se\/no\/produkt\/hvit-pute-svane\/#primaryimage"},"thumbnailUrl":"https:\/\/babylove.se\/no\/wp-content\/uploads\/sites\/3\/2025\/07\/63d395415ec08.jpeg","datePublished":"2025-07-19T10:07:34+00:00","dateModified":"2026-04-08T12:13:38+00:00","breadcrumb":{"@id":"https:\/\/babylove.se\/no\/produkt\/hvit-pute-svane\/#breadcrumb"},"inLanguage":"nb-NO","potentialAction":[{"@type":"ReadAction","target":["https:\/\/babylove.se\/no\/produkt\/hvit-pute-svane\/"]}]},{"@type":"ImageObject","inLanguage":"nb-NO","@id":"https:\/\/babylove.se\/no\/produkt\/hvit-pute-svane\/#primaryimage","url":"https:\/\/babylove.se\/no\/wp-content\/uploads\/sites\/3\/2025\/07\/63d395415ec08.jpeg","contentUrl":"https:\/\/babylove.se\/no\/wp-content\/uploads\/sites\/3\/2025\/07\/63d395415ec08.jpeg","width":1200,"height":1200},{"@type":"BreadcrumbList","@id":"https:\/\/babylove.se\/no\/produkt\/hvit-pute-svane\/#breadcrumb","itemListElement":[{"@type":"ListItem","position":1,"name":"Hem","item":"https:\/\/babylove.se\/no\/"},{"@type":"ListItem","position":2,"name":"Butik","item":"https:\/\/babylove.se\/no\/butik\/"},{"@type":"ListItem","position":3,"name":"Hvit pute, svane"}]},{"@type":"WebSite","@id":"https:\/\/babylove.se\/no\/#website","url":"https:\/\/babylove.se\/no\/","name":"Babylove Norska","description":"","potentialAction":[{"@type":"SearchAction","target":{"@type":"EntryPoint","urlTemplate":"https:\/\/babylove.se\/no\/?s={search_term_string}"},"query-input":{"@type":"PropertyValueSpecification","valueRequired":true,"valueName":"search_term_string"}}],"inLanguage":"nb-NO"}]},"product_brand":"Atmosphera","product_price_amount":"199.00","product_price_currency":"SEK","og_availability":"out of stock","product_availability":"out of stock","product_retailer_item_id":"174147","product_condition":"new"},"_links":{"self":[{"href":"https:\/\/babylove.se\/no\/wp-json\/wp\/v2\/product\/49326","targetHints":{"allow":["GET"]}}],"collection":[{"href":"https:\/\/babylove.se\/no\/wp-json\/wp\/v2\/product"}],"about":[{"href":"https:\/\/babylove.se\/no\/wp-json\/wp\/v2\/types\/product"}],"replies":[{"embeddable":true,"href":"https:\/\/babylove.se\/no\/wp-json\/wp\/v2\/comments?post=49326"}],"wp:featuredmedia":[{"embeddable":true,"href":"https:\/\/babylove.se\/no\/wp-json\/wp\/v2\/media\/49328"}],"wp:attachment":[{"href":"https:\/\/babylove.se\/no\/wp-json\/wp\/v2\/media?parent=49326"}],"wp:term":[{"taxonomy":"product_brand","embeddable":true,"href":"https:\/\/babylove.se\/no\/wp-json\/wp\/v2\/product_brand?post=49326"},{"taxonomy":"product_cat","embeddable":true,"href":"https:\/\/babylove.se\/no\/wp-json\/wp\/v2\/product_cat?post=49326"},{"taxonomy":"product_tag","embeddable":true,"href":"https:\/\/babylove.se\/no\/wp-json\/wp\/v2\/product_tag?post=49326"}],"curies":[{"name":"wp","href":"https:\/\/api.w.org\/{rel}","templated":true}]}}