{"id":49482,"date":"2025-07-19T11:09:17","date_gmt":"2025-07-19T10:09:17","guid":{"rendered":"https:\/\/babylove.se\/produkt\/konges-slojd-skallra-leksak-mini-unicorn-fawn-rose\/"},"modified":"2026-04-08T13:15:10","modified_gmt":"2026-04-08T12:15:10","slug":"konges-slojd-skallre-leketoey-mini-unicorn-fawn-rose","status":"publish","type":"product","link":"https:\/\/babylove.se\/no\/produkt\/konges-slojd-skallre-leketoey-mini-unicorn-fawn-rose\/","title":{"rendered":"Konges Sl\u00f8jd, rangle leke, Mini unicorn fawn rose"},"content":{"rendered":"<p>Nydelig babyskramle i form av en s\u00f8t rosa enhj\u00f8rning fra danske Konges Sl\u00f8jd!<\/p>\n<p>Skramlen er laget for \u00e5 passe de sm\u00e5 hendene og den myke raslende lyden stimulerer babyens h\u00f8rsel. Kommer garantert til \u00e5 bli et elsket leket\u00f8y!<\/p>\n<p><strong>M\u00e5l<\/strong>: Lengde 16 cm.<\/p>\n<p><strong>M<\/strong><strong>ateriale<\/strong>: 100 % \u00f8kologisk bomull.<\/p>\n<p>Designer: <a href=\"https:\/\/babylove.se\/varumarken\/konges-slojd\">Konges Sl\u00f8jd<\/a><\/p>\n","protected":false},"excerpt":{"rendered":"<p>Nydelig babyskramle i form av en s\u00f8t rosa enhj\u00f8rning fra danske Konges Sl\u00f8jd! Skramlen er laget for \u00e5 passe de sm\u00e5 hendene og den myke raslende lyden stimulerer babyens h\u00f8rsel. Kommer garantert til \u00e5 bli et elsket leket\u00f8y! M\u00e5l: Lengde 16 cm. Materiale: 100 % \u00f8kologisk bomull. Designer: Konges Sl\u00f8jd<\/p>\n","protected":false},"featured_media":49484,"comment_status":"closed","ping_status":"open","template":"","meta":{"_acf_changed":false},"product_brand":[1544],"product_cat":[1545,813,68],"product_tag":[],"class_list":{"0":"post-49482","1":"product","2":"type-product","3":"status-publish","4":"has-post-thumbnail","6":"product_brand-konges-slojd","7":"product_cat-konges-slojd","8":"product_cat-kosedyr","9":"product_cat-leker","11":"first","12":"outofstock","13":"taxable","14":"shipping-taxable","15":"purchasable","16":"product-type-simple"},"acf":[],"yoast_head":"<!-- This site is optimized with the Yoast SEO Premium plugin v25.8 (Yoast SEO v27.2) - https:\/\/yoast.com\/product\/yoast-seo-premium-wordpress\/ -->\n<title>Konges Sl\u00f8jd, rangle leke, Mini unicorn fawn rose - Babylove Norska<\/title>\n<meta name=\"robots\" content=\"noindex, follow, max-snippet:-1, max-image-preview:large, max-video-preview:-1\" \/>\n<meta property=\"og:locale\" content=\"nb_NO\" \/>\n<meta property=\"og:type\" content=\"article\" \/>\n<meta property=\"og:title\" content=\"Konges Sl\u00f8jd, rangle leke, Mini unicorn fawn rose\" \/>\n<meta property=\"og:description\" content=\"Nydelig babyskramle i form av en s\u00f8t rosa enhj\u00f8rning fra danske Konges Sl\u00f8jd! Skramlen er laget for \u00e5 passe de sm\u00e5 hendene og den myke raslende lyden stimulerer babyens h\u00f8rsel. Kommer garantert til \u00e5 bli et elsket leket\u00f8y! M\u00e5l: Lengde 16 cm. Materiale: 100 % \u00f8kologisk bomull. Designer: Konges Sl\u00f8jd\" \/>\n<meta property=\"og:url\" content=\"https:\/\/babylove.se\/no\/produkt\/konges-slojd-skallre-leketoey-mini-unicorn-fawn-rose\/\" \/>\n<meta property=\"og:site_name\" content=\"Babylove Norska\" \/>\n<meta property=\"article:modified_time\" content=\"2026-04-08T12:15:10+00:00\" \/>\n<meta property=\"og:image\" content=\"https:\/\/babylove.se\/no\/wp-content\/uploads\/sites\/3\/2025\/07\/63d773a843a11.jpeg\" \/>\n\t<meta property=\"og:image:width\" content=\"615\" \/>\n\t<meta property=\"og:image:height\" content=\"615\" \/>\n\t<meta property=\"og:image:type\" content=\"image\/jpeg\" \/>\n<meta name=\"twitter:card\" content=\"summary_large_image\" \/>\n<meta name=\"twitter:label1\" content=\"Price\" \/>\n\t<meta name=\"twitter:data1\" content=\"189,00&nbsp;&#107;&#114;\" \/>\n\t<meta name=\"twitter:label2\" content=\"Availability\" \/>\n\t<meta name=\"twitter:data2\" content=\"Out of stock\" \/>\n<script type=\"application\/ld+json\" class=\"yoast-schema-graph\">{\"@context\":\"https:\/\/schema.org\",\"@graph\":[{\"@type\":\"WebPage\",\"@id\":\"https:\/\/babylove.se\/no\/produkt\/konges-slojd-skallre-leketoey-mini-unicorn-fawn-rose\/\",\"url\":\"https:\/\/babylove.se\/no\/produkt\/konges-slojd-skallre-leketoey-mini-unicorn-fawn-rose\/\",\"name\":\"Konges Sl\u00f8jd, rangle leke, Mini unicorn fawn rose - Babylove Norska\",\"isPartOf\":{\"@id\":\"https:\/\/babylove.se\/no\/#website\"},\"primaryImageOfPage\":{\"@id\":\"https:\/\/babylove.se\/no\/produkt\/konges-slojd-skallre-leketoey-mini-unicorn-fawn-rose\/#primaryimage\"},\"image\":{\"@id\":\"https:\/\/babylove.se\/no\/produkt\/konges-slojd-skallre-leketoey-mini-unicorn-fawn-rose\/#primaryimage\"},\"thumbnailUrl\":\"https:\/\/babylove.se\/no\/wp-content\/uploads\/sites\/3\/2025\/07\/63d773a843a11.jpeg\",\"datePublished\":\"2025-07-19T10:09:17+00:00\",\"dateModified\":\"2026-04-08T12:15:10+00:00\",\"breadcrumb\":{\"@id\":\"https:\/\/babylove.se\/no\/produkt\/konges-slojd-skallre-leketoey-mini-unicorn-fawn-rose\/#breadcrumb\"},\"inLanguage\":\"nb-NO\",\"potentialAction\":[{\"@type\":\"ReadAction\",\"target\":[\"https:\/\/babylove.se\/no\/produkt\/konges-slojd-skallre-leketoey-mini-unicorn-fawn-rose\/\"]}]},{\"@type\":\"ImageObject\",\"inLanguage\":\"nb-NO\",\"@id\":\"https:\/\/babylove.se\/no\/produkt\/konges-slojd-skallre-leketoey-mini-unicorn-fawn-rose\/#primaryimage\",\"url\":\"https:\/\/babylove.se\/no\/wp-content\/uploads\/sites\/3\/2025\/07\/63d773a843a11.jpeg\",\"contentUrl\":\"https:\/\/babylove.se\/no\/wp-content\/uploads\/sites\/3\/2025\/07\/63d773a843a11.jpeg\",\"width\":615,\"height\":615},{\"@type\":\"BreadcrumbList\",\"@id\":\"https:\/\/babylove.se\/no\/produkt\/konges-slojd-skallre-leketoey-mini-unicorn-fawn-rose\/#breadcrumb\",\"itemListElement\":[{\"@type\":\"ListItem\",\"position\":1,\"name\":\"Hem\",\"item\":\"https:\/\/babylove.se\/no\/\"},{\"@type\":\"ListItem\",\"position\":2,\"name\":\"Butik\",\"item\":\"https:\/\/babylove.se\/no\/butik\/\"},{\"@type\":\"ListItem\",\"position\":3,\"name\":\"Konges Sl\u00f8jd, rangle leke, Mini unicorn fawn rose\"}]},{\"@type\":\"WebSite\",\"@id\":\"https:\/\/babylove.se\/no\/#website\",\"url\":\"https:\/\/babylove.se\/no\/\",\"name\":\"Babylove Norska\",\"description\":\"\",\"potentialAction\":[{\"@type\":\"SearchAction\",\"target\":{\"@type\":\"EntryPoint\",\"urlTemplate\":\"https:\/\/babylove.se\/no\/?s={search_term_string}\"},\"query-input\":{\"@type\":\"PropertyValueSpecification\",\"valueRequired\":true,\"valueName\":\"search_term_string\"}}],\"inLanguage\":\"nb-NO\"}]}<\/script>\n<meta property=\"product:brand\" content=\"Konges Sl\u00f8jd\" \/>\n<meta property=\"product:price:amount\" content=\"189.00\" \/>\n<meta property=\"product:price:currency\" content=\"SEK\" \/>\n<meta property=\"og:availability\" content=\"out of stock\" \/>\n<meta property=\"product:availability\" content=\"out of stock\" \/>\n<meta property=\"product:retailer_item_id\" content=\"17610\" \/>\n<meta property=\"product:condition\" content=\"new\" \/>\n<!-- \/ Yoast SEO Premium plugin. -->","yoast_head_json":{"title":"Konges Sl\u00f8jd, rangle leke, Mini unicorn fawn rose - Babylove Norska","robots":{"index":"noindex","follow":"follow","max-snippet":"max-snippet:-1","max-image-preview":"max-image-preview:large","max-video-preview":"max-video-preview:-1"},"og_locale":"nb_NO","og_type":"article","og_title":"Konges Sl\u00f8jd, rangle leke, Mini unicorn fawn rose","og_description":"Nydelig babyskramle i form av en s\u00f8t rosa enhj\u00f8rning fra danske Konges Sl\u00f8jd! Skramlen er laget for \u00e5 passe de sm\u00e5 hendene og den myke raslende lyden stimulerer babyens h\u00f8rsel. Kommer garantert til \u00e5 bli et elsket leket\u00f8y! M\u00e5l: Lengde 16 cm. Materiale: 100 % \u00f8kologisk bomull. Designer: Konges Sl\u00f8jd","og_url":"https:\/\/babylove.se\/no\/produkt\/konges-slojd-skallre-leketoey-mini-unicorn-fawn-rose\/","og_site_name":"Babylove Norska","article_modified_time":"2026-04-08T12:15:10+00:00","og_image":[{"width":615,"height":615,"url":"https:\/\/babylove.se\/no\/wp-content\/uploads\/sites\/3\/2025\/07\/63d773a843a11.jpeg","type":"image\/jpeg"}],"twitter_card":"summary_large_image","twitter_misc":{"Price":"189,00&nbsp;&#107;&#114;","Availability":"Out of stock"},"schema":{"@context":"https:\/\/schema.org","@graph":[{"@type":"WebPage","@id":"https:\/\/babylove.se\/no\/produkt\/konges-slojd-skallre-leketoey-mini-unicorn-fawn-rose\/","url":"https:\/\/babylove.se\/no\/produkt\/konges-slojd-skallre-leketoey-mini-unicorn-fawn-rose\/","name":"Konges Sl\u00f8jd, rangle leke, Mini unicorn fawn rose - Babylove Norska","isPartOf":{"@id":"https:\/\/babylove.se\/no\/#website"},"primaryImageOfPage":{"@id":"https:\/\/babylove.se\/no\/produkt\/konges-slojd-skallre-leketoey-mini-unicorn-fawn-rose\/#primaryimage"},"image":{"@id":"https:\/\/babylove.se\/no\/produkt\/konges-slojd-skallre-leketoey-mini-unicorn-fawn-rose\/#primaryimage"},"thumbnailUrl":"https:\/\/babylove.se\/no\/wp-content\/uploads\/sites\/3\/2025\/07\/63d773a843a11.jpeg","datePublished":"2025-07-19T10:09:17+00:00","dateModified":"2026-04-08T12:15:10+00:00","breadcrumb":{"@id":"https:\/\/babylove.se\/no\/produkt\/konges-slojd-skallre-leketoey-mini-unicorn-fawn-rose\/#breadcrumb"},"inLanguage":"nb-NO","potentialAction":[{"@type":"ReadAction","target":["https:\/\/babylove.se\/no\/produkt\/konges-slojd-skallre-leketoey-mini-unicorn-fawn-rose\/"]}]},{"@type":"ImageObject","inLanguage":"nb-NO","@id":"https:\/\/babylove.se\/no\/produkt\/konges-slojd-skallre-leketoey-mini-unicorn-fawn-rose\/#primaryimage","url":"https:\/\/babylove.se\/no\/wp-content\/uploads\/sites\/3\/2025\/07\/63d773a843a11.jpeg","contentUrl":"https:\/\/babylove.se\/no\/wp-content\/uploads\/sites\/3\/2025\/07\/63d773a843a11.jpeg","width":615,"height":615},{"@type":"BreadcrumbList","@id":"https:\/\/babylove.se\/no\/produkt\/konges-slojd-skallre-leketoey-mini-unicorn-fawn-rose\/#breadcrumb","itemListElement":[{"@type":"ListItem","position":1,"name":"Hem","item":"https:\/\/babylove.se\/no\/"},{"@type":"ListItem","position":2,"name":"Butik","item":"https:\/\/babylove.se\/no\/butik\/"},{"@type":"ListItem","position":3,"name":"Konges Sl\u00f8jd, rangle leke, Mini unicorn fawn rose"}]},{"@type":"WebSite","@id":"https:\/\/babylove.se\/no\/#website","url":"https:\/\/babylove.se\/no\/","name":"Babylove Norska","description":"","potentialAction":[{"@type":"SearchAction","target":{"@type":"EntryPoint","urlTemplate":"https:\/\/babylove.se\/no\/?s={search_term_string}"},"query-input":{"@type":"PropertyValueSpecification","valueRequired":true,"valueName":"search_term_string"}}],"inLanguage":"nb-NO"}]},"product_brand":"Konges Sl\u00f8jd","product_price_amount":"189.00","product_price_currency":"SEK","og_availability":"out of stock","product_availability":"out of stock","product_retailer_item_id":"17610","product_condition":"new"},"_links":{"self":[{"href":"https:\/\/babylove.se\/no\/wp-json\/wp\/v2\/product\/49482","targetHints":{"allow":["GET"]}}],"collection":[{"href":"https:\/\/babylove.se\/no\/wp-json\/wp\/v2\/product"}],"about":[{"href":"https:\/\/babylove.se\/no\/wp-json\/wp\/v2\/types\/product"}],"replies":[{"embeddable":true,"href":"https:\/\/babylove.se\/no\/wp-json\/wp\/v2\/comments?post=49482"}],"wp:featuredmedia":[{"embeddable":true,"href":"https:\/\/babylove.se\/no\/wp-json\/wp\/v2\/media\/49484"}],"wp:attachment":[{"href":"https:\/\/babylove.se\/no\/wp-json\/wp\/v2\/media?parent=49482"}],"wp:term":[{"taxonomy":"product_brand","embeddable":true,"href":"https:\/\/babylove.se\/no\/wp-json\/wp\/v2\/product_brand?post=49482"},{"taxonomy":"product_cat","embeddable":true,"href":"https:\/\/babylove.se\/no\/wp-json\/wp\/v2\/product_cat?post=49482"},{"taxonomy":"product_tag","embeddable":true,"href":"https:\/\/babylove.se\/no\/wp-json\/wp\/v2\/product_tag?post=49482"}],"curies":[{"name":"wp","href":"https:\/\/api.w.org\/{rel}","templated":true}]}}