{"id":49492,"date":"2025-07-19T11:09:17","date_gmt":"2025-07-19T10:09:17","guid":{"rendered":"https:\/\/babylove.se\/produkt\/konges-slojd-bitleksak-lilac-unicorn\/"},"modified":"2026-04-08T13:15:16","modified_gmt":"2026-04-08T12:15:16","slug":"konges-slojd-biteleke-lilla-enhjorning","status":"publish","type":"product","link":"https:\/\/babylove.se\/no\/produkt\/konges-slojd-biteleke-lilla-enhjorning\/","title":{"rendered":"Konges Sl\u00f8jd, biteleke Lilac unicorn"},"content":{"rendered":"<p>Fantastisk biteleke i form av et lilla enhj\u00f8rning fra danske Konges Sl\u00f8jd!<\/p>\n<p>Biteleken gir lindring n\u00e5r tennene begynner \u00e5 vokse samt stimulerer barnets syn, h\u00f8rsel, lukt, f\u00f8lelse og smak. Kommer garantert til \u00e5 bli en elsket leke!<\/p>\n<p>Gummileken er h\u00e5ndmalt med matklassifisert farge. T\u00f8rkes forsiktig med en fuktig klut.<\/p>\n<p><strong>M\u00e5l<\/strong>: 13 x 10 cm<\/p>\n<p><strong>M<\/strong><strong>ateriale<\/strong>: 100 % naturgummi<\/p>\n<p>Obs! La aldri barnet v\u00e6re alene med biteleken og uten tilsyn!<\/p>\n<p>Designer: <a href=\"https:\/\/babylove.se\/varumarken\/konges-slojd\">Konges Sl\u00f8jd<\/a><\/p>\n","protected":false},"excerpt":{"rendered":"<p>Fantastisk biteleke i form av et lilla enhj\u00f8rning fra danske Konges Sl\u00f8jd! Biteleken gir lindring n\u00e5r tennene begynner \u00e5 vokse samt stimulerer barnets syn, h\u00f8rsel, lukt, f\u00f8lelse og smak. Kommer garantert til \u00e5 bli en elsket leke! Gummileken er h\u00e5ndmalt med matklassifisert farge. T\u00f8rkes forsiktig med en fuktig klut. M\u00e5l: 13 x 10 cm Materiale: [&hellip;]<\/p>\n","protected":false},"featured_media":49494,"comment_status":"closed","ping_status":"open","template":"","meta":{"_acf_changed":false},"product_brand":[1544],"product_cat":[1085,1545],"product_tag":[],"class_list":{"0":"post-49492","1":"product","2":"type-product","3":"status-publish","4":"has-post-thumbnail","6":"product_brand-konges-slojd","7":"product_cat-bitleksaker","8":"product_cat-konges-slojd","10":"first","11":"outofstock","12":"taxable","13":"shipping-taxable","14":"purchasable","15":"product-type-simple"},"acf":[],"yoast_head":"<!-- This site is optimized with the Yoast SEO Premium plugin v25.8 (Yoast SEO v27.2) - https:\/\/yoast.com\/product\/yoast-seo-premium-wordpress\/ -->\n<title>Konges Sl\u00f8jd, biteleke Lilac unicorn - Babylove Norska<\/title>\n<meta name=\"robots\" content=\"noindex, follow, max-snippet:-1, max-image-preview:large, max-video-preview:-1\" \/>\n<meta property=\"og:locale\" content=\"nb_NO\" \/>\n<meta property=\"og:type\" content=\"article\" \/>\n<meta property=\"og:title\" content=\"Konges Sl\u00f8jd, biteleke Lilac unicorn\" \/>\n<meta property=\"og:description\" content=\"Fantastisk biteleke i form av et lilla enhj\u00f8rning fra danske Konges Sl\u00f8jd! Biteleken gir lindring n\u00e5r tennene begynner \u00e5 vokse samt stimulerer barnets syn, h\u00f8rsel, lukt, f\u00f8lelse og smak. Kommer garantert til \u00e5 bli en elsket leke! Gummileken er h\u00e5ndmalt med matklassifisert farge. T\u00f8rkes forsiktig med en fuktig klut. M\u00e5l: 13 x 10 cm Materiale: [&hellip;]\" \/>\n<meta property=\"og:url\" content=\"https:\/\/babylove.se\/no\/produkt\/konges-slojd-biteleke-lilla-enhjorning\/\" \/>\n<meta property=\"og:site_name\" content=\"Babylove Norska\" \/>\n<meta property=\"article:modified_time\" content=\"2026-04-08T12:15:16+00:00\" \/>\n<meta property=\"og:image\" content=\"https:\/\/babylove.se\/no\/wp-content\/uploads\/sites\/3\/2025\/07\/63d777652b27d.jpeg\" \/>\n\t<meta property=\"og:image:width\" content=\"997\" \/>\n\t<meta property=\"og:image:height\" content=\"997\" \/>\n\t<meta property=\"og:image:type\" content=\"image\/jpeg\" \/>\n<meta name=\"twitter:card\" content=\"summary_large_image\" \/>\n<meta name=\"twitter:label1\" content=\"Price\" \/>\n\t<meta name=\"twitter:data1\" content=\"189,00&nbsp;&#107;&#114;\" \/>\n\t<meta name=\"twitter:label2\" content=\"Availability\" \/>\n\t<meta name=\"twitter:data2\" content=\"Out of stock\" \/>\n<script type=\"application\/ld+json\" class=\"yoast-schema-graph\">{\"@context\":\"https:\/\/schema.org\",\"@graph\":[{\"@type\":\"WebPage\",\"@id\":\"https:\/\/babylove.se\/no\/produkt\/konges-slojd-biteleke-lilla-enhjorning\/\",\"url\":\"https:\/\/babylove.se\/no\/produkt\/konges-slojd-biteleke-lilla-enhjorning\/\",\"name\":\"Konges Sl\u00f8jd, biteleke Lilac unicorn - Babylove Norska\",\"isPartOf\":{\"@id\":\"https:\/\/babylove.se\/no\/#website\"},\"primaryImageOfPage\":{\"@id\":\"https:\/\/babylove.se\/no\/produkt\/konges-slojd-biteleke-lilla-enhjorning\/#primaryimage\"},\"image\":{\"@id\":\"https:\/\/babylove.se\/no\/produkt\/konges-slojd-biteleke-lilla-enhjorning\/#primaryimage\"},\"thumbnailUrl\":\"https:\/\/babylove.se\/no\/wp-content\/uploads\/sites\/3\/2025\/07\/63d777652b27d.jpeg\",\"datePublished\":\"2025-07-19T10:09:17+00:00\",\"dateModified\":\"2026-04-08T12:15:16+00:00\",\"breadcrumb\":{\"@id\":\"https:\/\/babylove.se\/no\/produkt\/konges-slojd-biteleke-lilla-enhjorning\/#breadcrumb\"},\"inLanguage\":\"nb-NO\",\"potentialAction\":[{\"@type\":\"ReadAction\",\"target\":[\"https:\/\/babylove.se\/no\/produkt\/konges-slojd-biteleke-lilla-enhjorning\/\"]}]},{\"@type\":\"ImageObject\",\"inLanguage\":\"nb-NO\",\"@id\":\"https:\/\/babylove.se\/no\/produkt\/konges-slojd-biteleke-lilla-enhjorning\/#primaryimage\",\"url\":\"https:\/\/babylove.se\/no\/wp-content\/uploads\/sites\/3\/2025\/07\/63d777652b27d.jpeg\",\"contentUrl\":\"https:\/\/babylove.se\/no\/wp-content\/uploads\/sites\/3\/2025\/07\/63d777652b27d.jpeg\",\"width\":997,\"height\":997},{\"@type\":\"BreadcrumbList\",\"@id\":\"https:\/\/babylove.se\/no\/produkt\/konges-slojd-biteleke-lilla-enhjorning\/#breadcrumb\",\"itemListElement\":[{\"@type\":\"ListItem\",\"position\":1,\"name\":\"Hem\",\"item\":\"https:\/\/babylove.se\/no\/\"},{\"@type\":\"ListItem\",\"position\":2,\"name\":\"Butik\",\"item\":\"https:\/\/babylove.se\/no\/butik\/\"},{\"@type\":\"ListItem\",\"position\":3,\"name\":\"Konges Sl\u00f8jd, biteleke Lilac unicorn\"}]},{\"@type\":\"WebSite\",\"@id\":\"https:\/\/babylove.se\/no\/#website\",\"url\":\"https:\/\/babylove.se\/no\/\",\"name\":\"Babylove Norska\",\"description\":\"\",\"potentialAction\":[{\"@type\":\"SearchAction\",\"target\":{\"@type\":\"EntryPoint\",\"urlTemplate\":\"https:\/\/babylove.se\/no\/?s={search_term_string}\"},\"query-input\":{\"@type\":\"PropertyValueSpecification\",\"valueRequired\":true,\"valueName\":\"search_term_string\"}}],\"inLanguage\":\"nb-NO\"}]}<\/script>\n<meta property=\"product:brand\" content=\"Konges Sl\u00f8jd\" \/>\n<meta property=\"product:price:amount\" content=\"189.00\" \/>\n<meta property=\"product:price:currency\" content=\"SEK\" \/>\n<meta property=\"og:availability\" content=\"out of stock\" \/>\n<meta property=\"product:availability\" content=\"out of stock\" \/>\n<meta property=\"product:retailer_item_id\" content=\"KS1222Lilac\" \/>\n<meta property=\"product:condition\" content=\"new\" \/>\n<!-- \/ Yoast SEO Premium plugin. -->","yoast_head_json":{"title":"Konges Sl\u00f8jd, biteleke Lilac unicorn - Babylove Norska","robots":{"index":"noindex","follow":"follow","max-snippet":"max-snippet:-1","max-image-preview":"max-image-preview:large","max-video-preview":"max-video-preview:-1"},"og_locale":"nb_NO","og_type":"article","og_title":"Konges Sl\u00f8jd, biteleke Lilac unicorn","og_description":"Fantastisk biteleke i form av et lilla enhj\u00f8rning fra danske Konges Sl\u00f8jd! Biteleken gir lindring n\u00e5r tennene begynner \u00e5 vokse samt stimulerer barnets syn, h\u00f8rsel, lukt, f\u00f8lelse og smak. Kommer garantert til \u00e5 bli en elsket leke! Gummileken er h\u00e5ndmalt med matklassifisert farge. T\u00f8rkes forsiktig med en fuktig klut. M\u00e5l: 13 x 10 cm Materiale: [&hellip;]","og_url":"https:\/\/babylove.se\/no\/produkt\/konges-slojd-biteleke-lilla-enhjorning\/","og_site_name":"Babylove Norska","article_modified_time":"2026-04-08T12:15:16+00:00","og_image":[{"width":997,"height":997,"url":"https:\/\/babylove.se\/no\/wp-content\/uploads\/sites\/3\/2025\/07\/63d777652b27d.jpeg","type":"image\/jpeg"}],"twitter_card":"summary_large_image","twitter_misc":{"Price":"189,00&nbsp;&#107;&#114;","Availability":"Out of stock"},"schema":{"@context":"https:\/\/schema.org","@graph":[{"@type":"WebPage","@id":"https:\/\/babylove.se\/no\/produkt\/konges-slojd-biteleke-lilla-enhjorning\/","url":"https:\/\/babylove.se\/no\/produkt\/konges-slojd-biteleke-lilla-enhjorning\/","name":"Konges Sl\u00f8jd, biteleke Lilac unicorn - Babylove Norska","isPartOf":{"@id":"https:\/\/babylove.se\/no\/#website"},"primaryImageOfPage":{"@id":"https:\/\/babylove.se\/no\/produkt\/konges-slojd-biteleke-lilla-enhjorning\/#primaryimage"},"image":{"@id":"https:\/\/babylove.se\/no\/produkt\/konges-slojd-biteleke-lilla-enhjorning\/#primaryimage"},"thumbnailUrl":"https:\/\/babylove.se\/no\/wp-content\/uploads\/sites\/3\/2025\/07\/63d777652b27d.jpeg","datePublished":"2025-07-19T10:09:17+00:00","dateModified":"2026-04-08T12:15:16+00:00","breadcrumb":{"@id":"https:\/\/babylove.se\/no\/produkt\/konges-slojd-biteleke-lilla-enhjorning\/#breadcrumb"},"inLanguage":"nb-NO","potentialAction":[{"@type":"ReadAction","target":["https:\/\/babylove.se\/no\/produkt\/konges-slojd-biteleke-lilla-enhjorning\/"]}]},{"@type":"ImageObject","inLanguage":"nb-NO","@id":"https:\/\/babylove.se\/no\/produkt\/konges-slojd-biteleke-lilla-enhjorning\/#primaryimage","url":"https:\/\/babylove.se\/no\/wp-content\/uploads\/sites\/3\/2025\/07\/63d777652b27d.jpeg","contentUrl":"https:\/\/babylove.se\/no\/wp-content\/uploads\/sites\/3\/2025\/07\/63d777652b27d.jpeg","width":997,"height":997},{"@type":"BreadcrumbList","@id":"https:\/\/babylove.se\/no\/produkt\/konges-slojd-biteleke-lilla-enhjorning\/#breadcrumb","itemListElement":[{"@type":"ListItem","position":1,"name":"Hem","item":"https:\/\/babylove.se\/no\/"},{"@type":"ListItem","position":2,"name":"Butik","item":"https:\/\/babylove.se\/no\/butik\/"},{"@type":"ListItem","position":3,"name":"Konges Sl\u00f8jd, biteleke Lilac unicorn"}]},{"@type":"WebSite","@id":"https:\/\/babylove.se\/no\/#website","url":"https:\/\/babylove.se\/no\/","name":"Babylove Norska","description":"","potentialAction":[{"@type":"SearchAction","target":{"@type":"EntryPoint","urlTemplate":"https:\/\/babylove.se\/no\/?s={search_term_string}"},"query-input":{"@type":"PropertyValueSpecification","valueRequired":true,"valueName":"search_term_string"}}],"inLanguage":"nb-NO"}]},"product_brand":"Konges Sl\u00f8jd","product_price_amount":"189.00","product_price_currency":"SEK","og_availability":"out of stock","product_availability":"out of stock","product_retailer_item_id":"KS1222Lilac","product_condition":"new"},"_links":{"self":[{"href":"https:\/\/babylove.se\/no\/wp-json\/wp\/v2\/product\/49492","targetHints":{"allow":["GET"]}}],"collection":[{"href":"https:\/\/babylove.se\/no\/wp-json\/wp\/v2\/product"}],"about":[{"href":"https:\/\/babylove.se\/no\/wp-json\/wp\/v2\/types\/product"}],"replies":[{"embeddable":true,"href":"https:\/\/babylove.se\/no\/wp-json\/wp\/v2\/comments?post=49492"}],"wp:featuredmedia":[{"embeddable":true,"href":"https:\/\/babylove.se\/no\/wp-json\/wp\/v2\/media\/49494"}],"wp:attachment":[{"href":"https:\/\/babylove.se\/no\/wp-json\/wp\/v2\/media?parent=49492"}],"wp:term":[{"taxonomy":"product_brand","embeddable":true,"href":"https:\/\/babylove.se\/no\/wp-json\/wp\/v2\/product_brand?post=49492"},{"taxonomy":"product_cat","embeddable":true,"href":"https:\/\/babylove.se\/no\/wp-json\/wp\/v2\/product_cat?post=49492"},{"taxonomy":"product_tag","embeddable":true,"href":"https:\/\/babylove.se\/no\/wp-json\/wp\/v2\/product_tag?post=49492"}],"curies":[{"name":"wp","href":"https:\/\/api.w.org\/{rel}","templated":true}]}}