{"id":49581,"date":"2025-07-19T11:10:18","date_gmt":"2025-07-19T10:10:18","guid":{"rendered":"https:\/\/babylove.se\/produkt\/konges-slojd-vagglampa-i-bomull-bloom-redblue-butterfly\/"},"modified":"2026-04-08T13:16:09","modified_gmt":"2026-04-08T12:16:09","slug":"kongens-slojd-vegglampe-i-bomull-bloom-redblue-butterfly","status":"publish","type":"product","link":"https:\/\/babylove.se\/no\/produkt\/kongens-slojd-vegglampe-i-bomull-bloom-redblue-butterfly\/","title":{"rendered":"Konges Sl\u00f8jd, vegglampe i bomull, Bloom red\/blue butterfly"},"content":{"rendered":"<p>En meget vakker og stilren vegglampe i form av en sommerfugl fra danske Konges Sl\u00f8jd!<\/p>\n<p>Lampen gir et varmt og behagelig lys, og passer perfekt som nattlampe p\u00e5 barnerommet. Barnet ditt vil alltid ha sin venn hos seg i soverommet, noe som gir det trygghet og ro. Det fine med denne lampen er at den er vakker b\u00e5de tent og slukket, og du kan selv justere lyset til et niv\u00e5 som passer deg perfekt for \u00f8yeblikket.&nbsp;<\/p>\n<p><strong>M\u00e5l<\/strong>: 25 x 35 cm<\/p>\n<p><strong>M<\/strong><strong>ateriale<\/strong>: 100 % bomull<\/p>\n<p><em>Obs! Bruk kun en E14 LED-dimbar lysp\u00e6re, maks 5W.<\/em><\/p>\n<p>Designer: <a href=\"https:\/\/babylove.se\/varumarken\/konges-slojd\">Konges Sl\u00f8jd<\/a><\/p>\n","protected":false},"excerpt":{"rendered":"<p>En meget vakker og stilren vegglampe i form av en sommerfugl fra danske Konges Sl\u00f8jd! Lampen gir et varmt og behagelig lys, og passer perfekt som nattlampe p\u00e5 barnerommet. Barnet ditt vil alltid ha sin venn hos seg i soverommet, noe som gir det trygghet og ro. Det fine med denne lampen er at den [&hellip;]<\/p>\n","protected":false},"featured_media":49583,"comment_status":"closed","ping_status":"open","template":"","meta":{"_acf_changed":false},"product_brand":[1544],"product_cat":[136,1545,37],"product_tag":[],"class_list":{"0":"post-49581","1":"product","2":"type-product","3":"status-publish","4":"has-post-thumbnail","6":"product_brand-konges-slojd","7":"product_cat-havet","8":"product_cat-konges-slojd","9":"product_cat-vegglamper","11":"first","12":"outofstock","13":"taxable","14":"shipping-taxable","15":"purchasable","16":"product-type-simple"},"acf":[],"yoast_head":"<!-- This site is optimized with the Yoast SEO Premium plugin v25.8 (Yoast SEO v27.2) - https:\/\/yoast.com\/product\/yoast-seo-premium-wordpress\/ -->\n<title>Konges Sl\u00f8jd, vegglampe i bomull, Bloom red\/blue butterfly - Babylove Norska<\/title>\n<meta name=\"robots\" content=\"noindex, follow, max-snippet:-1, max-image-preview:large, max-video-preview:-1\" \/>\n<meta property=\"og:locale\" content=\"nb_NO\" \/>\n<meta property=\"og:type\" content=\"article\" \/>\n<meta property=\"og:title\" content=\"Konges Sl\u00f8jd, vegglampe i bomull, Bloom red\/blue butterfly\" \/>\n<meta property=\"og:description\" content=\"En meget vakker og stilren vegglampe i form av en sommerfugl fra danske Konges Sl\u00f8jd! Lampen gir et varmt og behagelig lys, og passer perfekt som nattlampe p\u00e5 barnerommet. Barnet ditt vil alltid ha sin venn hos seg i soverommet, noe som gir det trygghet og ro. Det fine med denne lampen er at den [&hellip;]\" \/>\n<meta property=\"og:url\" content=\"https:\/\/babylove.se\/no\/produkt\/kongens-slojd-vegglampe-i-bomull-bloom-redblue-butterfly\/\" \/>\n<meta property=\"og:site_name\" content=\"Babylove Norska\" \/>\n<meta property=\"article:modified_time\" content=\"2026-04-08T12:16:09+00:00\" \/>\n<meta property=\"og:image\" content=\"https:\/\/babylove.se\/no\/wp-content\/uploads\/sites\/3\/2025\/07\/63d79a159c849.jpeg\" \/>\n\t<meta property=\"og:image:width\" content=\"756\" \/>\n\t<meta property=\"og:image:height\" content=\"756\" \/>\n\t<meta property=\"og:image:type\" content=\"image\/jpeg\" \/>\n<meta name=\"twitter:card\" content=\"summary_large_image\" \/>\n<meta name=\"twitter:label1\" content=\"Price\" \/>\n\t<meta name=\"twitter:data1\" content=\"1 199,00&nbsp;&#107;&#114;\" \/>\n\t<meta name=\"twitter:label2\" content=\"Availability\" \/>\n\t<meta name=\"twitter:data2\" content=\"Out of stock\" \/>\n<script type=\"application\/ld+json\" class=\"yoast-schema-graph\">{\"@context\":\"https:\/\/schema.org\",\"@graph\":[{\"@type\":\"WebPage\",\"@id\":\"https:\/\/babylove.se\/no\/produkt\/kongens-slojd-vegglampe-i-bomull-bloom-redblue-butterfly\/\",\"url\":\"https:\/\/babylove.se\/no\/produkt\/kongens-slojd-vegglampe-i-bomull-bloom-redblue-butterfly\/\",\"name\":\"Konges Sl\u00f8jd, vegglampe i bomull, Bloom red\/blue butterfly - Babylove Norska\",\"isPartOf\":{\"@id\":\"https:\/\/babylove.se\/no\/#website\"},\"primaryImageOfPage\":{\"@id\":\"https:\/\/babylove.se\/no\/produkt\/kongens-slojd-vegglampe-i-bomull-bloom-redblue-butterfly\/#primaryimage\"},\"image\":{\"@id\":\"https:\/\/babylove.se\/no\/produkt\/kongens-slojd-vegglampe-i-bomull-bloom-redblue-butterfly\/#primaryimage\"},\"thumbnailUrl\":\"https:\/\/babylove.se\/no\/wp-content\/uploads\/sites\/3\/2025\/07\/63d79a159c849.jpeg\",\"datePublished\":\"2025-07-19T10:10:18+00:00\",\"dateModified\":\"2026-04-08T12:16:09+00:00\",\"breadcrumb\":{\"@id\":\"https:\/\/babylove.se\/no\/produkt\/kongens-slojd-vegglampe-i-bomull-bloom-redblue-butterfly\/#breadcrumb\"},\"inLanguage\":\"nb-NO\",\"potentialAction\":[{\"@type\":\"ReadAction\",\"target\":[\"https:\/\/babylove.se\/no\/produkt\/kongens-slojd-vegglampe-i-bomull-bloom-redblue-butterfly\/\"]}]},{\"@type\":\"ImageObject\",\"inLanguage\":\"nb-NO\",\"@id\":\"https:\/\/babylove.se\/no\/produkt\/kongens-slojd-vegglampe-i-bomull-bloom-redblue-butterfly\/#primaryimage\",\"url\":\"https:\/\/babylove.se\/no\/wp-content\/uploads\/sites\/3\/2025\/07\/63d79a159c849.jpeg\",\"contentUrl\":\"https:\/\/babylove.se\/no\/wp-content\/uploads\/sites\/3\/2025\/07\/63d79a159c849.jpeg\",\"width\":756,\"height\":756},{\"@type\":\"BreadcrumbList\",\"@id\":\"https:\/\/babylove.se\/no\/produkt\/kongens-slojd-vegglampe-i-bomull-bloom-redblue-butterfly\/#breadcrumb\",\"itemListElement\":[{\"@type\":\"ListItem\",\"position\":1,\"name\":\"Hem\",\"item\":\"https:\/\/babylove.se\/no\/\"},{\"@type\":\"ListItem\",\"position\":2,\"name\":\"Butik\",\"item\":\"https:\/\/babylove.se\/no\/butik\/\"},{\"@type\":\"ListItem\",\"position\":3,\"name\":\"Konges Sl\u00f8jd, vegglampe i bomull, Bloom red\/blue butterfly\"}]},{\"@type\":\"WebSite\",\"@id\":\"https:\/\/babylove.se\/no\/#website\",\"url\":\"https:\/\/babylove.se\/no\/\",\"name\":\"Babylove Norska\",\"description\":\"\",\"potentialAction\":[{\"@type\":\"SearchAction\",\"target\":{\"@type\":\"EntryPoint\",\"urlTemplate\":\"https:\/\/babylove.se\/no\/?s={search_term_string}\"},\"query-input\":{\"@type\":\"PropertyValueSpecification\",\"valueRequired\":true,\"valueName\":\"search_term_string\"}}],\"inLanguage\":\"nb-NO\"}]}<\/script>\n<meta property=\"product:brand\" content=\"Konges Sl\u00f8jd\" \/>\n<meta property=\"product:price:amount\" content=\"1199.00\" \/>\n<meta property=\"product:price:currency\" content=\"SEK\" \/>\n<meta property=\"og:availability\" content=\"out of stock\" \/>\n<meta property=\"product:availability\" content=\"out of stock\" \/>\n<meta property=\"product:retailer_item_id\" content=\"KS2330\" \/>\n<meta property=\"product:condition\" content=\"new\" \/>\n<!-- \/ Yoast SEO Premium plugin. -->","yoast_head_json":{"title":"Konges Sl\u00f8jd, vegglampe i bomull, Bloom red\/blue butterfly - Babylove Norska","robots":{"index":"noindex","follow":"follow","max-snippet":"max-snippet:-1","max-image-preview":"max-image-preview:large","max-video-preview":"max-video-preview:-1"},"og_locale":"nb_NO","og_type":"article","og_title":"Konges Sl\u00f8jd, vegglampe i bomull, Bloom red\/blue butterfly","og_description":"En meget vakker og stilren vegglampe i form av en sommerfugl fra danske Konges Sl\u00f8jd! Lampen gir et varmt og behagelig lys, og passer perfekt som nattlampe p\u00e5 barnerommet. Barnet ditt vil alltid ha sin venn hos seg i soverommet, noe som gir det trygghet og ro. Det fine med denne lampen er at den [&hellip;]","og_url":"https:\/\/babylove.se\/no\/produkt\/kongens-slojd-vegglampe-i-bomull-bloom-redblue-butterfly\/","og_site_name":"Babylove Norska","article_modified_time":"2026-04-08T12:16:09+00:00","og_image":[{"width":756,"height":756,"url":"https:\/\/babylove.se\/no\/wp-content\/uploads\/sites\/3\/2025\/07\/63d79a159c849.jpeg","type":"image\/jpeg"}],"twitter_card":"summary_large_image","twitter_misc":{"Price":"1 199,00&nbsp;&#107;&#114;","Availability":"Out of stock"},"schema":{"@context":"https:\/\/schema.org","@graph":[{"@type":"WebPage","@id":"https:\/\/babylove.se\/no\/produkt\/kongens-slojd-vegglampe-i-bomull-bloom-redblue-butterfly\/","url":"https:\/\/babylove.se\/no\/produkt\/kongens-slojd-vegglampe-i-bomull-bloom-redblue-butterfly\/","name":"Konges Sl\u00f8jd, vegglampe i bomull, Bloom red\/blue butterfly - Babylove Norska","isPartOf":{"@id":"https:\/\/babylove.se\/no\/#website"},"primaryImageOfPage":{"@id":"https:\/\/babylove.se\/no\/produkt\/kongens-slojd-vegglampe-i-bomull-bloom-redblue-butterfly\/#primaryimage"},"image":{"@id":"https:\/\/babylove.se\/no\/produkt\/kongens-slojd-vegglampe-i-bomull-bloom-redblue-butterfly\/#primaryimage"},"thumbnailUrl":"https:\/\/babylove.se\/no\/wp-content\/uploads\/sites\/3\/2025\/07\/63d79a159c849.jpeg","datePublished":"2025-07-19T10:10:18+00:00","dateModified":"2026-04-08T12:16:09+00:00","breadcrumb":{"@id":"https:\/\/babylove.se\/no\/produkt\/kongens-slojd-vegglampe-i-bomull-bloom-redblue-butterfly\/#breadcrumb"},"inLanguage":"nb-NO","potentialAction":[{"@type":"ReadAction","target":["https:\/\/babylove.se\/no\/produkt\/kongens-slojd-vegglampe-i-bomull-bloom-redblue-butterfly\/"]}]},{"@type":"ImageObject","inLanguage":"nb-NO","@id":"https:\/\/babylove.se\/no\/produkt\/kongens-slojd-vegglampe-i-bomull-bloom-redblue-butterfly\/#primaryimage","url":"https:\/\/babylove.se\/no\/wp-content\/uploads\/sites\/3\/2025\/07\/63d79a159c849.jpeg","contentUrl":"https:\/\/babylove.se\/no\/wp-content\/uploads\/sites\/3\/2025\/07\/63d79a159c849.jpeg","width":756,"height":756},{"@type":"BreadcrumbList","@id":"https:\/\/babylove.se\/no\/produkt\/kongens-slojd-vegglampe-i-bomull-bloom-redblue-butterfly\/#breadcrumb","itemListElement":[{"@type":"ListItem","position":1,"name":"Hem","item":"https:\/\/babylove.se\/no\/"},{"@type":"ListItem","position":2,"name":"Butik","item":"https:\/\/babylove.se\/no\/butik\/"},{"@type":"ListItem","position":3,"name":"Konges Sl\u00f8jd, vegglampe i bomull, Bloom red\/blue butterfly"}]},{"@type":"WebSite","@id":"https:\/\/babylove.se\/no\/#website","url":"https:\/\/babylove.se\/no\/","name":"Babylove Norska","description":"","potentialAction":[{"@type":"SearchAction","target":{"@type":"EntryPoint","urlTemplate":"https:\/\/babylove.se\/no\/?s={search_term_string}"},"query-input":{"@type":"PropertyValueSpecification","valueRequired":true,"valueName":"search_term_string"}}],"inLanguage":"nb-NO"}]},"product_brand":"Konges Sl\u00f8jd","product_price_amount":"1199.00","product_price_currency":"SEK","og_availability":"out of stock","product_availability":"out of stock","product_retailer_item_id":"KS2330","product_condition":"new"},"_links":{"self":[{"href":"https:\/\/babylove.se\/no\/wp-json\/wp\/v2\/product\/49581","targetHints":{"allow":["GET"]}}],"collection":[{"href":"https:\/\/babylove.se\/no\/wp-json\/wp\/v2\/product"}],"about":[{"href":"https:\/\/babylove.se\/no\/wp-json\/wp\/v2\/types\/product"}],"replies":[{"embeddable":true,"href":"https:\/\/babylove.se\/no\/wp-json\/wp\/v2\/comments?post=49581"}],"wp:featuredmedia":[{"embeddable":true,"href":"https:\/\/babylove.se\/no\/wp-json\/wp\/v2\/media\/49583"}],"wp:attachment":[{"href":"https:\/\/babylove.se\/no\/wp-json\/wp\/v2\/media?parent=49581"}],"wp:term":[{"taxonomy":"product_brand","embeddable":true,"href":"https:\/\/babylove.se\/no\/wp-json\/wp\/v2\/product_brand?post=49581"},{"taxonomy":"product_cat","embeddable":true,"href":"https:\/\/babylove.se\/no\/wp-json\/wp\/v2\/product_cat?post=49581"},{"taxonomy":"product_tag","embeddable":true,"href":"https:\/\/babylove.se\/no\/wp-json\/wp\/v2\/product_tag?post=49581"}],"curies":[{"name":"wp","href":"https:\/\/api.w.org\/{rel}","templated":true}]}}