{"id":49628,"date":"2025-07-19T11:10:34","date_gmt":"2025-07-19T10:10:34","guid":{"rendered":"https:\/\/babylove.se\/produkt\/konges-slojd-birthday-train-magical-forest\/"},"modified":"2026-04-08T13:16:35","modified_gmt":"2026-04-08T12:16:35","slug":"konges-slojd-bursdagstog-magisk-skog","status":"publish","type":"product","link":"https:\/\/babylove.se\/no\/produkt\/konges-slojd-bursdagstog-magisk-skog\/","title":{"rendered":"Konges Sl\u00f8jd, bursdagstog, Magisk skog"},"content":{"rendered":"<p>Elegant og h\u00e5ndlaget bursdagstog med skogstema fra danske Konges Sl\u00f8jd!<\/p>\n<p>Pyn bursdag<\/p>\n<p>Pyn bursdagsbordet med en alv som g\u00e5r med en frosk, kirseb\u00e6r, en magisk kanin og en tiger. Alven har plass til barnets alder i h\u00e5nden og dyrene har plass til lys. Lysholder og siffer 1-9 f\u00f8lger med.<\/p>\n<p><strong>M\u00e5l<\/strong>: Lengde 69 cm<\/p>\n<p><strong>M<\/strong><strong>ateriale<\/strong>: 100% polyresin<\/p>\n<p>Designer: <a href=\"https:\/\/babylove.se\/varumarken\/konges-slojd\">Konges Sl\u00f8jd<\/a><\/p>\n","protected":false},"excerpt":{"rendered":"<p>Elegant og h\u00e5ndlaget bursdagstog med skogstema fra danske Konges Sl\u00f8jd! Pyn bursdag Pyn bursdagsbordet med en alv som g\u00e5r med en frosk, kirseb\u00e6r, en magisk kanin og en tiger. Alven har plass til barnets alder i h\u00e5nden og dyrene har plass til lys. Lysholder og siffer 1-9 f\u00f8lger med. M\u00e5l: Lengde 69 cm Materiale: 100% [&hellip;]<\/p>\n","protected":false},"featured_media":49630,"comment_status":"closed","ping_status":"open","template":"","meta":{"_acf_changed":false},"product_brand":[1544],"product_cat":[1545,68],"product_tag":[],"class_list":{"0":"post-49628","1":"product","2":"type-product","3":"status-publish","4":"has-post-thumbnail","6":"product_brand-konges-slojd","7":"product_cat-konges-slojd","8":"product_cat-leker","10":"first","11":"instock","12":"taxable","13":"shipping-taxable","14":"purchasable","15":"product-type-simple"},"acf":[],"yoast_head":"<!-- This site is optimized with the Yoast SEO Premium plugin v25.8 (Yoast SEO v27.2) - https:\/\/yoast.com\/product\/yoast-seo-premium-wordpress\/ -->\n<title>Konges Sl\u00f8jd, bursdagstog, Magisk skog - Babylove Norska<\/title>\n<meta name=\"robots\" content=\"noindex, follow, max-snippet:-1, max-image-preview:large, max-video-preview:-1\" \/>\n<meta property=\"og:locale\" content=\"nb_NO\" \/>\n<meta property=\"og:type\" content=\"article\" \/>\n<meta property=\"og:title\" content=\"Konges Sl\u00f8jd, bursdagstog, Magisk skog\" \/>\n<meta property=\"og:description\" content=\"Elegant og h\u00e5ndlaget bursdagstog med skogstema fra danske Konges Sl\u00f8jd! Pyn bursdag Pyn bursdagsbordet med en alv som g\u00e5r med en frosk, kirseb\u00e6r, en magisk kanin og en tiger. Alven har plass til barnets alder i h\u00e5nden og dyrene har plass til lys. Lysholder og siffer 1-9 f\u00f8lger med. M\u00e5l: Lengde 69 cm Materiale: 100% [&hellip;]\" \/>\n<meta property=\"og:url\" content=\"https:\/\/babylove.se\/no\/produkt\/konges-slojd-bursdagstog-magisk-skog\/\" \/>\n<meta property=\"og:site_name\" content=\"Babylove Norska\" \/>\n<meta property=\"article:modified_time\" content=\"2026-04-08T12:16:35+00:00\" \/>\n<meta property=\"og:image\" content=\"https:\/\/babylove.se\/no\/wp-content\/uploads\/sites\/3\/2025\/07\/63d8d2a866d28.jpeg\" \/>\n\t<meta property=\"og:image:width\" content=\"1134\" \/>\n\t<meta property=\"og:image:height\" content=\"1134\" \/>\n\t<meta property=\"og:image:type\" content=\"image\/jpeg\" \/>\n<meta name=\"twitter:card\" content=\"summary_large_image\" \/>\n<meta name=\"twitter:label1\" content=\"Price\" \/>\n\t<meta name=\"twitter:data1\" content=\"899,00&nbsp;&#107;&#114;\" \/>\n\t<meta name=\"twitter:label2\" content=\"Availability\" \/>\n\t<meta name=\"twitter:data2\" content=\"In stock\" \/>\n<script type=\"application\/ld+json\" class=\"yoast-schema-graph\">{\"@context\":\"https:\/\/schema.org\",\"@graph\":[{\"@type\":\"WebPage\",\"@id\":\"https:\/\/babylove.se\/no\/produkt\/konges-slojd-bursdagstog-magisk-skog\/\",\"url\":\"https:\/\/babylove.se\/no\/produkt\/konges-slojd-bursdagstog-magisk-skog\/\",\"name\":\"Konges Sl\u00f8jd, bursdagstog, Magisk skog - Babylove Norska\",\"isPartOf\":{\"@id\":\"https:\/\/babylove.se\/no\/#website\"},\"primaryImageOfPage\":{\"@id\":\"https:\/\/babylove.se\/no\/produkt\/konges-slojd-bursdagstog-magisk-skog\/#primaryimage\"},\"image\":{\"@id\":\"https:\/\/babylove.se\/no\/produkt\/konges-slojd-bursdagstog-magisk-skog\/#primaryimage\"},\"thumbnailUrl\":\"https:\/\/babylove.se\/no\/wp-content\/uploads\/sites\/3\/2025\/07\/63d8d2a866d28.jpeg\",\"datePublished\":\"2025-07-19T10:10:34+00:00\",\"dateModified\":\"2026-04-08T12:16:35+00:00\",\"breadcrumb\":{\"@id\":\"https:\/\/babylove.se\/no\/produkt\/konges-slojd-bursdagstog-magisk-skog\/#breadcrumb\"},\"inLanguage\":\"nb-NO\",\"potentialAction\":[{\"@type\":\"ReadAction\",\"target\":[\"https:\/\/babylove.se\/no\/produkt\/konges-slojd-bursdagstog-magisk-skog\/\"]}]},{\"@type\":\"ImageObject\",\"inLanguage\":\"nb-NO\",\"@id\":\"https:\/\/babylove.se\/no\/produkt\/konges-slojd-bursdagstog-magisk-skog\/#primaryimage\",\"url\":\"https:\/\/babylove.se\/no\/wp-content\/uploads\/sites\/3\/2025\/07\/63d8d2a866d28.jpeg\",\"contentUrl\":\"https:\/\/babylove.se\/no\/wp-content\/uploads\/sites\/3\/2025\/07\/63d8d2a866d28.jpeg\",\"width\":1134,\"height\":1134},{\"@type\":\"BreadcrumbList\",\"@id\":\"https:\/\/babylove.se\/no\/produkt\/konges-slojd-bursdagstog-magisk-skog\/#breadcrumb\",\"itemListElement\":[{\"@type\":\"ListItem\",\"position\":1,\"name\":\"Hem\",\"item\":\"https:\/\/babylove.se\/no\/\"},{\"@type\":\"ListItem\",\"position\":2,\"name\":\"Butik\",\"item\":\"https:\/\/babylove.se\/no\/butik\/\"},{\"@type\":\"ListItem\",\"position\":3,\"name\":\"Konges Sl\u00f8jd, bursdagstog, Magisk skog\"}]},{\"@type\":\"WebSite\",\"@id\":\"https:\/\/babylove.se\/no\/#website\",\"url\":\"https:\/\/babylove.se\/no\/\",\"name\":\"Babylove Norska\",\"description\":\"\",\"potentialAction\":[{\"@type\":\"SearchAction\",\"target\":{\"@type\":\"EntryPoint\",\"urlTemplate\":\"https:\/\/babylove.se\/no\/?s={search_term_string}\"},\"query-input\":{\"@type\":\"PropertyValueSpecification\",\"valueRequired\":true,\"valueName\":\"search_term_string\"}}],\"inLanguage\":\"nb-NO\"}]}<\/script>\n<meta property=\"product:brand\" content=\"Konges Sl\u00f8jd\" \/>\n<meta property=\"product:price:amount\" content=\"899.00\" \/>\n<meta property=\"product:price:currency\" content=\"SEK\" \/>\n<meta property=\"og:availability\" content=\"instock\" \/>\n<meta property=\"product:availability\" content=\"instock\" \/>\n<meta property=\"product:retailer_item_id\" content=\"KS3912MagicalForest\" \/>\n<meta property=\"product:condition\" content=\"new\" \/>\n<!-- \/ Yoast SEO Premium plugin. -->","yoast_head_json":{"title":"Konges Sl\u00f8jd, bursdagstog, Magisk skog - Babylove Norska","robots":{"index":"noindex","follow":"follow","max-snippet":"max-snippet:-1","max-image-preview":"max-image-preview:large","max-video-preview":"max-video-preview:-1"},"og_locale":"nb_NO","og_type":"article","og_title":"Konges Sl\u00f8jd, bursdagstog, Magisk skog","og_description":"Elegant og h\u00e5ndlaget bursdagstog med skogstema fra danske Konges Sl\u00f8jd! Pyn bursdag Pyn bursdagsbordet med en alv som g\u00e5r med en frosk, kirseb\u00e6r, en magisk kanin og en tiger. Alven har plass til barnets alder i h\u00e5nden og dyrene har plass til lys. Lysholder og siffer 1-9 f\u00f8lger med. M\u00e5l: Lengde 69 cm Materiale: 100% [&hellip;]","og_url":"https:\/\/babylove.se\/no\/produkt\/konges-slojd-bursdagstog-magisk-skog\/","og_site_name":"Babylove Norska","article_modified_time":"2026-04-08T12:16:35+00:00","og_image":[{"width":1134,"height":1134,"url":"https:\/\/babylove.se\/no\/wp-content\/uploads\/sites\/3\/2025\/07\/63d8d2a866d28.jpeg","type":"image\/jpeg"}],"twitter_card":"summary_large_image","twitter_misc":{"Price":"899,00&nbsp;&#107;&#114;","Availability":"In stock"},"schema":{"@context":"https:\/\/schema.org","@graph":[{"@type":"WebPage","@id":"https:\/\/babylove.se\/no\/produkt\/konges-slojd-bursdagstog-magisk-skog\/","url":"https:\/\/babylove.se\/no\/produkt\/konges-slojd-bursdagstog-magisk-skog\/","name":"Konges Sl\u00f8jd, bursdagstog, Magisk skog - Babylove Norska","isPartOf":{"@id":"https:\/\/babylove.se\/no\/#website"},"primaryImageOfPage":{"@id":"https:\/\/babylove.se\/no\/produkt\/konges-slojd-bursdagstog-magisk-skog\/#primaryimage"},"image":{"@id":"https:\/\/babylove.se\/no\/produkt\/konges-slojd-bursdagstog-magisk-skog\/#primaryimage"},"thumbnailUrl":"https:\/\/babylove.se\/no\/wp-content\/uploads\/sites\/3\/2025\/07\/63d8d2a866d28.jpeg","datePublished":"2025-07-19T10:10:34+00:00","dateModified":"2026-04-08T12:16:35+00:00","breadcrumb":{"@id":"https:\/\/babylove.se\/no\/produkt\/konges-slojd-bursdagstog-magisk-skog\/#breadcrumb"},"inLanguage":"nb-NO","potentialAction":[{"@type":"ReadAction","target":["https:\/\/babylove.se\/no\/produkt\/konges-slojd-bursdagstog-magisk-skog\/"]}]},{"@type":"ImageObject","inLanguage":"nb-NO","@id":"https:\/\/babylove.se\/no\/produkt\/konges-slojd-bursdagstog-magisk-skog\/#primaryimage","url":"https:\/\/babylove.se\/no\/wp-content\/uploads\/sites\/3\/2025\/07\/63d8d2a866d28.jpeg","contentUrl":"https:\/\/babylove.se\/no\/wp-content\/uploads\/sites\/3\/2025\/07\/63d8d2a866d28.jpeg","width":1134,"height":1134},{"@type":"BreadcrumbList","@id":"https:\/\/babylove.se\/no\/produkt\/konges-slojd-bursdagstog-magisk-skog\/#breadcrumb","itemListElement":[{"@type":"ListItem","position":1,"name":"Hem","item":"https:\/\/babylove.se\/no\/"},{"@type":"ListItem","position":2,"name":"Butik","item":"https:\/\/babylove.se\/no\/butik\/"},{"@type":"ListItem","position":3,"name":"Konges Sl\u00f8jd, bursdagstog, Magisk skog"}]},{"@type":"WebSite","@id":"https:\/\/babylove.se\/no\/#website","url":"https:\/\/babylove.se\/no\/","name":"Babylove Norska","description":"","potentialAction":[{"@type":"SearchAction","target":{"@type":"EntryPoint","urlTemplate":"https:\/\/babylove.se\/no\/?s={search_term_string}"},"query-input":{"@type":"PropertyValueSpecification","valueRequired":true,"valueName":"search_term_string"}}],"inLanguage":"nb-NO"}]},"product_brand":"Konges Sl\u00f8jd","product_price_amount":"899.00","product_price_currency":"SEK","og_availability":"instock","product_availability":"instock","product_retailer_item_id":"KS3912MagicalForest","product_condition":"new"},"_links":{"self":[{"href":"https:\/\/babylove.se\/no\/wp-json\/wp\/v2\/product\/49628","targetHints":{"allow":["GET"]}}],"collection":[{"href":"https:\/\/babylove.se\/no\/wp-json\/wp\/v2\/product"}],"about":[{"href":"https:\/\/babylove.se\/no\/wp-json\/wp\/v2\/types\/product"}],"replies":[{"embeddable":true,"href":"https:\/\/babylove.se\/no\/wp-json\/wp\/v2\/comments?post=49628"}],"wp:featuredmedia":[{"embeddable":true,"href":"https:\/\/babylove.se\/no\/wp-json\/wp\/v2\/media\/49630"}],"wp:attachment":[{"href":"https:\/\/babylove.se\/no\/wp-json\/wp\/v2\/media?parent=49628"}],"wp:term":[{"taxonomy":"product_brand","embeddable":true,"href":"https:\/\/babylove.se\/no\/wp-json\/wp\/v2\/product_brand?post=49628"},{"taxonomy":"product_cat","embeddable":true,"href":"https:\/\/babylove.se\/no\/wp-json\/wp\/v2\/product_cat?post=49628"},{"taxonomy":"product_tag","embeddable":true,"href":"https:\/\/babylove.se\/no\/wp-json\/wp\/v2\/product_tag?post=49628"}],"curies":[{"name":"wp","href":"https:\/\/api.w.org\/{rel}","templated":true}]}}