{"id":49649,"date":"2025-07-19T11:10:54","date_gmt":"2025-07-19T10:10:54","guid":{"rendered":"https:\/\/babylove.se\/produkt\/luftballong-morkgrabeige\/"},"modified":"2026-04-08T13:16:41","modified_gmt":"2026-04-08T12:16:41","slug":"luftballong-morkgrabeige","status":"publish","type":"product","link":"https:\/\/babylove.se\/no\/produkt\/luftballong-morkgrabeige\/","title":{"rendered":"Luftballong M\u00f8rkgr\u00e5\/beige"},"content":{"rendered":"<p>Utrolig detaljrik og h\u00e5ndlaget luftballong til barnerommet!&nbsp;<\/p>\n<p>Luftballongen ser meget virkelighetsn\u00e6r ut takket v\u00e6re det dyktige h\u00e5ndverket, de h\u00f8ykvalitative stoffene og kurven i tre. Ballongen i st\u00f8rrelse L har dessuten ballast ved kurven.<\/p>\n<p>L\u00f8ft barnerommets innredning med dette fantastiske produktet og velg din egen favoritt ut fra mange fine farger. Heng en eller flere sammen for \u00e5 dekorere favoritthj\u00f8rnet i barnerommet.&nbsp;<\/p>\n<p>Med luftballongen f\u00e5r du en tr\u00e5d som du kan henge den p\u00e5. <span>Leveres oppustet og pumpes opp for h\u00e5nd med en sykkel- eller ballongpumpe. Pumpen f\u00f8lger ikke med, men kan bestilles hos oss.<\/span><\/p>\n<p><strong>M\u00e5l<\/strong>: Finnes i tre st\u00f8rrelser:<\/p>\n<ul>\n<li><strong>S<\/strong>: H\u00f8yde 28 cm. Diameter 16 cm.&nbsp;<\/li>\n<li><strong>M<\/strong>: H\u00f8yde 33 cm. Diameter 20 cm.&nbsp;<\/li>\n<li><strong>L<\/strong>: H\u00f8yde 50 cm. Diameter 30 cm.&nbsp;<\/li>\n<\/ul>\n<p><span><strong>Materiale:&nbsp;<\/strong>Bomull, polyester og tre.<\/span><\/p>\n<p><em>Obs! Produktet er ikke et leket\u00f8y, men kun en dekorasjon. Henges utenfor rekkevidde for barn og ikke over sengen.<\/em><\/p>\n","protected":false},"excerpt":{"rendered":"<p>Utrolig detaljrik og h\u00e5ndlaget luftballong til barnerommet!&nbsp; Luftballongen ser meget virkelighetsn\u00e6r ut takket v\u00e6re det dyktige h\u00e5ndverket, de h\u00f8ykvalitative stoffene og kurven i tre. Ballongen i st\u00f8rrelse L har dessuten ballast ved kurven. L\u00f8ft barnerommets innredning med dette fantastiske produktet og velg din egen favoritt ut fra mange fine farger. Heng en eller flere sammen [&hellip;]<\/p>\n","protected":false},"featured_media":49651,"comment_status":"closed","ping_status":"open","template":"","meta":{"_acf_changed":false},"product_brand":[1546],"product_cat":[138,1547,29],"product_tag":[],"class_list":{"0":"post-49649","1":"product","2":"type-product","3":"status-publish","4":"has-post-thumbnail","6":"product_brand-super-balloons","7":"product_cat-ballonger","8":"product_cat-super-balloons","9":"product_cat-veggdekorasjoner","10":"pa_storlek-l","11":"pa_storlek-m","12":"pa_storlek-s","14":"first","15":"outofstock","16":"taxable","17":"shipping-taxable","18":"purchasable","19":"product-type-variable"},"acf":[],"yoast_head":"<!-- This site is optimized with the Yoast SEO Premium plugin v25.8 (Yoast SEO v27.2) - https:\/\/yoast.com\/product\/yoast-seo-premium-wordpress\/ -->\n<title>Luftballong M\u00f8rkgr\u00e5\/beige - Babylove Norska<\/title>\n<meta name=\"description\" content=\"Luftballong Gr\u00e5, 10 cm, Filibabba - skickas inom 24 timmar !\u00a0Inspirerande och vackra luftballonger f\u00f6r att dekorera barnrummet - k\u00f6p h\u00e4r-\" \/>\n<meta name=\"robots\" content=\"noindex, follow, max-snippet:-1, max-image-preview:large, max-video-preview:-1\" \/>\n<meta property=\"og:locale\" content=\"nb_NO\" \/>\n<meta property=\"og:type\" content=\"article\" \/>\n<meta property=\"og:title\" content=\"Luftballong M\u00f8rkgr\u00e5\/beige\" \/>\n<meta property=\"og:description\" content=\"Luftballong Gr\u00e5, 10 cm, Filibabba - skickas inom 24 timmar !\u00a0Inspirerande och vackra luftballonger f\u00f6r att dekorera barnrummet - k\u00f6p h\u00e4r-\" \/>\n<meta property=\"og:url\" content=\"https:\/\/babylove.se\/no\/produkt\/luftballong-morkgrabeige\/\" \/>\n<meta property=\"og:site_name\" content=\"Babylove Norska\" \/>\n<meta property=\"article:modified_time\" content=\"2026-04-08T12:16:41+00:00\" \/>\n<meta property=\"og:image\" content=\"https:\/\/babylove.se\/no\/wp-content\/uploads\/sites\/3\/2025\/07\/63d8e964d9874.png\" \/>\n\t<meta property=\"og:image:width\" content=\"384\" \/>\n\t<meta property=\"og:image:height\" content=\"572\" \/>\n\t<meta property=\"og:image:type\" content=\"image\/png\" \/>\n<meta name=\"twitter:card\" content=\"summary_large_image\" \/>\n<meta name=\"twitter:label1\" content=\"Availability\" \/>\n\t<meta name=\"twitter:data1\" content=\"Out of stock\" \/>\n<script type=\"application\/ld+json\" class=\"yoast-schema-graph\">{\"@context\":\"https:\/\/schema.org\",\"@graph\":[{\"@type\":\"WebPage\",\"@id\":\"https:\/\/babylove.se\/no\/produkt\/luftballong-morkgrabeige\/\",\"url\":\"https:\/\/babylove.se\/no\/produkt\/luftballong-morkgrabeige\/\",\"name\":\"Luftballong M\u00f8rkgr\u00e5\/beige - Babylove Norska\",\"isPartOf\":{\"@id\":\"https:\/\/babylove.se\/no\/#website\"},\"primaryImageOfPage\":{\"@id\":\"https:\/\/babylove.se\/no\/produkt\/luftballong-morkgrabeige\/#primaryimage\"},\"image\":{\"@id\":\"https:\/\/babylove.se\/no\/produkt\/luftballong-morkgrabeige\/#primaryimage\"},\"thumbnailUrl\":\"https:\/\/babylove.se\/no\/wp-content\/uploads\/sites\/3\/2025\/07\/63d8e964d9874.png\",\"datePublished\":\"2025-07-19T10:10:54+00:00\",\"dateModified\":\"2026-04-08T12:16:41+00:00\",\"description\":\"Luftballong Gr\u00e5, 10 cm, Filibabba - skickas inom 24 timmar !\u00a0Inspirerande och vackra luftballonger f\u00f6r att dekorera barnrummet - k\u00f6p h\u00e4r-\",\"breadcrumb\":{\"@id\":\"https:\/\/babylove.se\/no\/produkt\/luftballong-morkgrabeige\/#breadcrumb\"},\"inLanguage\":\"nb-NO\",\"potentialAction\":[{\"@type\":\"ReadAction\",\"target\":[\"https:\/\/babylove.se\/no\/produkt\/luftballong-morkgrabeige\/\"]}]},{\"@type\":\"ImageObject\",\"inLanguage\":\"nb-NO\",\"@id\":\"https:\/\/babylove.se\/no\/produkt\/luftballong-morkgrabeige\/#primaryimage\",\"url\":\"https:\/\/babylove.se\/no\/wp-content\/uploads\/sites\/3\/2025\/07\/63d8e964d9874.png\",\"contentUrl\":\"https:\/\/babylove.se\/no\/wp-content\/uploads\/sites\/3\/2025\/07\/63d8e964d9874.png\",\"width\":384,\"height\":572},{\"@type\":\"BreadcrumbList\",\"@id\":\"https:\/\/babylove.se\/no\/produkt\/luftballong-morkgrabeige\/#breadcrumb\",\"itemListElement\":[{\"@type\":\"ListItem\",\"position\":1,\"name\":\"Hem\",\"item\":\"https:\/\/babylove.se\/no\/\"},{\"@type\":\"ListItem\",\"position\":2,\"name\":\"Butik\",\"item\":\"https:\/\/babylove.se\/no\/butik\/\"},{\"@type\":\"ListItem\",\"position\":3,\"name\":\"Luftballong M\u00f8rkgr\u00e5\/beige\"}]},{\"@type\":\"WebSite\",\"@id\":\"https:\/\/babylove.se\/no\/#website\",\"url\":\"https:\/\/babylove.se\/no\/\",\"name\":\"Babylove Norska\",\"description\":\"\",\"potentialAction\":[{\"@type\":\"SearchAction\",\"target\":{\"@type\":\"EntryPoint\",\"urlTemplate\":\"https:\/\/babylove.se\/no\/?s={search_term_string}\"},\"query-input\":{\"@type\":\"PropertyValueSpecification\",\"valueRequired\":true,\"valueName\":\"search_term_string\"}}],\"inLanguage\":\"nb-NO\"}]}<\/script>\n<meta property=\"product:brand\" content=\"Super Balloons\" \/>\n<meta property=\"og:availability\" content=\"out of stock\" \/>\n<meta property=\"product:availability\" content=\"out of stock\" \/>\n<meta property=\"product:retailer_item_id\" content=\"SB723\/16\" \/>\n<meta property=\"product:condition\" content=\"new\" \/>\n<!-- \/ Yoast SEO Premium plugin. -->","yoast_head_json":{"title":"Luftballong M\u00f8rkgr\u00e5\/beige - Babylove Norska","description":"Luftballong Gr\u00e5, 10 cm, Filibabba - skickas inom 24 timmar !\u00a0Inspirerande och vackra luftballonger f\u00f6r att dekorera barnrummet - k\u00f6p h\u00e4r-","robots":{"index":"noindex","follow":"follow","max-snippet":"max-snippet:-1","max-image-preview":"max-image-preview:large","max-video-preview":"max-video-preview:-1"},"og_locale":"nb_NO","og_type":"article","og_title":"Luftballong M\u00f8rkgr\u00e5\/beige","og_description":"Luftballong Gr\u00e5, 10 cm, Filibabba - skickas inom 24 timmar !\u00a0Inspirerande och vackra luftballonger f\u00f6r att dekorera barnrummet - k\u00f6p h\u00e4r-","og_url":"https:\/\/babylove.se\/no\/produkt\/luftballong-morkgrabeige\/","og_site_name":"Babylove Norska","article_modified_time":"2026-04-08T12:16:41+00:00","og_image":[{"width":384,"height":572,"url":"https:\/\/babylove.se\/no\/wp-content\/uploads\/sites\/3\/2025\/07\/63d8e964d9874.png","type":"image\/png"}],"twitter_card":"summary_large_image","twitter_misc":{"Availability":"Out of stock"},"schema":{"@context":"https:\/\/schema.org","@graph":[{"@type":"WebPage","@id":"https:\/\/babylove.se\/no\/produkt\/luftballong-morkgrabeige\/","url":"https:\/\/babylove.se\/no\/produkt\/luftballong-morkgrabeige\/","name":"Luftballong M\u00f8rkgr\u00e5\/beige - Babylove Norska","isPartOf":{"@id":"https:\/\/babylove.se\/no\/#website"},"primaryImageOfPage":{"@id":"https:\/\/babylove.se\/no\/produkt\/luftballong-morkgrabeige\/#primaryimage"},"image":{"@id":"https:\/\/babylove.se\/no\/produkt\/luftballong-morkgrabeige\/#primaryimage"},"thumbnailUrl":"https:\/\/babylove.se\/no\/wp-content\/uploads\/sites\/3\/2025\/07\/63d8e964d9874.png","datePublished":"2025-07-19T10:10:54+00:00","dateModified":"2026-04-08T12:16:41+00:00","description":"Luftballong Gr\u00e5, 10 cm, Filibabba - skickas inom 24 timmar !\u00a0Inspirerande och vackra luftballonger f\u00f6r att dekorera barnrummet - k\u00f6p h\u00e4r-","breadcrumb":{"@id":"https:\/\/babylove.se\/no\/produkt\/luftballong-morkgrabeige\/#breadcrumb"},"inLanguage":"nb-NO","potentialAction":[{"@type":"ReadAction","target":["https:\/\/babylove.se\/no\/produkt\/luftballong-morkgrabeige\/"]}]},{"@type":"ImageObject","inLanguage":"nb-NO","@id":"https:\/\/babylove.se\/no\/produkt\/luftballong-morkgrabeige\/#primaryimage","url":"https:\/\/babylove.se\/no\/wp-content\/uploads\/sites\/3\/2025\/07\/63d8e964d9874.png","contentUrl":"https:\/\/babylove.se\/no\/wp-content\/uploads\/sites\/3\/2025\/07\/63d8e964d9874.png","width":384,"height":572},{"@type":"BreadcrumbList","@id":"https:\/\/babylove.se\/no\/produkt\/luftballong-morkgrabeige\/#breadcrumb","itemListElement":[{"@type":"ListItem","position":1,"name":"Hem","item":"https:\/\/babylove.se\/no\/"},{"@type":"ListItem","position":2,"name":"Butik","item":"https:\/\/babylove.se\/no\/butik\/"},{"@type":"ListItem","position":3,"name":"Luftballong M\u00f8rkgr\u00e5\/beige"}]},{"@type":"WebSite","@id":"https:\/\/babylove.se\/no\/#website","url":"https:\/\/babylove.se\/no\/","name":"Babylove Norska","description":"","potentialAction":[{"@type":"SearchAction","target":{"@type":"EntryPoint","urlTemplate":"https:\/\/babylove.se\/no\/?s={search_term_string}"},"query-input":{"@type":"PropertyValueSpecification","valueRequired":true,"valueName":"search_term_string"}}],"inLanguage":"nb-NO"}]},"product_brand":"Super Balloons","og_availability":"out of stock","product_availability":"out of stock","product_retailer_item_id":"SB723\/16","product_condition":"new"},"_links":{"self":[{"href":"https:\/\/babylove.se\/no\/wp-json\/wp\/v2\/product\/49649","targetHints":{"allow":["GET"]}}],"collection":[{"href":"https:\/\/babylove.se\/no\/wp-json\/wp\/v2\/product"}],"about":[{"href":"https:\/\/babylove.se\/no\/wp-json\/wp\/v2\/types\/product"}],"replies":[{"embeddable":true,"href":"https:\/\/babylove.se\/no\/wp-json\/wp\/v2\/comments?post=49649"}],"wp:featuredmedia":[{"embeddable":true,"href":"https:\/\/babylove.se\/no\/wp-json\/wp\/v2\/media\/49651"}],"wp:attachment":[{"href":"https:\/\/babylove.se\/no\/wp-json\/wp\/v2\/media?parent=49649"}],"wp:term":[{"taxonomy":"product_brand","embeddable":true,"href":"https:\/\/babylove.se\/no\/wp-json\/wp\/v2\/product_brand?post=49649"},{"taxonomy":"product_cat","embeddable":true,"href":"https:\/\/babylove.se\/no\/wp-json\/wp\/v2\/product_cat?post=49649"},{"taxonomy":"product_tag","embeddable":true,"href":"https:\/\/babylove.se\/no\/wp-json\/wp\/v2\/product_tag?post=49649"}],"curies":[{"name":"wp","href":"https:\/\/api.w.org\/{rel}","templated":true}]}}