{"id":49769,"date":"2025-07-19T11:12:39","date_gmt":"2025-07-19T10:12:39","guid":{"rendered":"https:\/\/babylove.se\/produkt\/woodluck-vit-lag-byra-babushka\/"},"modified":"2026-05-11T13:02:26","modified_gmt":"2026-05-11T12:02:26","slug":"woodluck-hvit-lag-byra-babushka","status":"publish","type":"product","link":"https:\/\/babylove.se\/no\/produkt\/woodluck-hvit-lag-byra-babushka\/","title":{"rendered":"Woodluck, hvit lav kommode Babushka"},"content":{"rendered":"<p>En fantastisk fin kommode eller fint skap til barnerommet, med denne vidunderlige m\u00f8belet i romantisk stil kommer du \u00e5 l\u00f8fte barneroms-innredningen din til himmelsk h\u00f8yder.&nbsp;<\/p>\n<p>Skapet er h\u00e5ndlaget i gammeldags stil av et lite familiebedrift. De vakre dekorative trebeinene skaper en ekstra sjarm og magi, og sammen med det fine m\u00f8nsteret p\u00e5 skuffen og runde knottene skaper den et helhetsbilde som er vanskelig \u00e5 ikke elske.<\/p>\n<p>Hyllene er praktiske og fine, perfekt n\u00e5r du vil oppbevare kl\u00e6r eller spill og b\u00f8ker. To mindre skuffer samt en stor vil lette organiseringen og oppbevaringen av mindre gjenstander og ting.<\/p>\n<p><strong>M\u00e5l<\/strong>:<\/p>\n<ul>\n<li>H\u00f8yde 91 cm<\/li>\n<li>Bredde 84 cm<\/li>\n<li>Dybde 50 cm<\/li>\n<\/ul>\n<p><strong>Materiale<\/strong>: MDF<\/p>\n<p><strong>Farge<\/strong>: Hvit<\/p>\n<p>M\u00f8belet kommer umontert men settes enkelt sammen i hjemmet.<\/p>\n<p>Designer: <a href=\"https:\/\/babylove.se\/varumarken\/woodluck\">Woodluck<\/a><\/p>\n","protected":false},"excerpt":{"rendered":"<p>En fantastisk fin kommode eller fint skap til barnerommet, med denne vidunderlige m\u00f8belet i romantisk stil kommer du \u00e5 l\u00f8fte barneroms-innredningen din til himmelsk h\u00f8yder.&nbsp; Skapet er h\u00e5ndlaget i gammeldags stil av et lite familiebedrift. De vakre dekorative trebeinene skaper en ekstra sjarm og magi, og sammen med det fine m\u00f8nsteret p\u00e5 skuffen og runde [&hellip;]<\/p>\n","protected":false},"featured_media":49771,"comment_status":"closed","ping_status":"open","template":"","meta":{"_acf_changed":false},"product_brand":[596],"product_cat":[595,367,597],"product_tag":[1689],"class_list":{"0":"post-49769","1":"product","2":"type-product","3":"status-publish","4":"has-post-thumbnail","6":"product_brand-woodluck","7":"product_cat-garderobe","8":"product_cat-byra","9":"product_cat-woodluck","10":"product_tag-bestillingsvaror","12":"first","13":"instock","14":"taxable","15":"shipping-taxable","16":"purchasable","17":"product-type-simple"},"acf":[],"yoast_head":"<!-- This site is optimized with the Yoast SEO Premium plugin v25.8 (Yoast SEO v27.2) - https:\/\/yoast.com\/product\/yoast-seo-premium-wordpress\/ -->\n<title>Woodluck, hvit lav kommode Babushka - Babylove Norska<\/title>\n<meta name=\"robots\" content=\"noindex, follow, max-snippet:-1, max-image-preview:large, max-video-preview:-1\" \/>\n<meta property=\"og:locale\" content=\"nb_NO\" \/>\n<meta property=\"og:type\" content=\"article\" \/>\n<meta property=\"og:title\" content=\"Woodluck, hvit lav kommode Babushka\" \/>\n<meta property=\"og:description\" content=\"En fantastisk fin kommode eller fint skap til barnerommet, med denne vidunderlige m\u00f8belet i romantisk stil kommer du \u00e5 l\u00f8fte barneroms-innredningen din til himmelsk h\u00f8yder.&nbsp; Skapet er h\u00e5ndlaget i gammeldags stil av et lite familiebedrift. De vakre dekorative trebeinene skaper en ekstra sjarm og magi, og sammen med det fine m\u00f8nsteret p\u00e5 skuffen og runde [&hellip;]\" \/>\n<meta property=\"og:url\" content=\"https:\/\/babylove.se\/no\/produkt\/woodluck-hvit-lag-byra-babushka\/\" \/>\n<meta property=\"og:site_name\" content=\"Babylove Norska\" \/>\n<meta property=\"article:modified_time\" content=\"2026-05-11T12:02:26+00:00\" \/>\n<meta property=\"og:image\" content=\"https:\/\/babylove.se\/no\/wp-content\/uploads\/sites\/3\/2025\/07\/63e0a28ceb76e.png\" \/>\n\t<meta property=\"og:image:width\" content=\"756\" \/>\n\t<meta property=\"og:image:height\" content=\"756\" \/>\n\t<meta property=\"og:image:type\" content=\"image\/png\" \/>\n<meta name=\"twitter:card\" content=\"summary_large_image\" \/>\n<meta name=\"twitter:label1\" content=\"Price\" \/>\n\t<meta name=\"twitter:data1\" content=\"11 199,00&nbsp;&#107;&#114;\" \/>\n\t<meta name=\"twitter:label2\" content=\"Availability\" \/>\n\t<meta name=\"twitter:data2\" content=\"In stock\" \/>\n<script type=\"application\/ld+json\" class=\"yoast-schema-graph\">{\"@context\":\"https:\/\/schema.org\",\"@graph\":[{\"@type\":\"WebPage\",\"@id\":\"https:\/\/babylove.se\/no\/produkt\/woodluck-hvit-lag-byra-babushka\/\",\"url\":\"https:\/\/babylove.se\/no\/produkt\/woodluck-hvit-lag-byra-babushka\/\",\"name\":\"Woodluck, hvit lav kommode Babushka - Babylove Norska\",\"isPartOf\":{\"@id\":\"https:\/\/babylove.se\/no\/#website\"},\"primaryImageOfPage\":{\"@id\":\"https:\/\/babylove.se\/no\/produkt\/woodluck-hvit-lag-byra-babushka\/#primaryimage\"},\"image\":{\"@id\":\"https:\/\/babylove.se\/no\/produkt\/woodluck-hvit-lag-byra-babushka\/#primaryimage\"},\"thumbnailUrl\":\"https:\/\/babylove.se\/no\/wp-content\/uploads\/sites\/3\/2025\/07\/63e0a28ceb76e.png\",\"datePublished\":\"2025-07-19T10:12:39+00:00\",\"dateModified\":\"2026-05-11T12:02:26+00:00\",\"breadcrumb\":{\"@id\":\"https:\/\/babylove.se\/no\/produkt\/woodluck-hvit-lag-byra-babushka\/#breadcrumb\"},\"inLanguage\":\"nb-NO\",\"potentialAction\":[{\"@type\":\"ReadAction\",\"target\":[\"https:\/\/babylove.se\/no\/produkt\/woodluck-hvit-lag-byra-babushka\/\"]}]},{\"@type\":\"ImageObject\",\"inLanguage\":\"nb-NO\",\"@id\":\"https:\/\/babylove.se\/no\/produkt\/woodluck-hvit-lag-byra-babushka\/#primaryimage\",\"url\":\"https:\/\/babylove.se\/no\/wp-content\/uploads\/sites\/3\/2025\/07\/63e0a28ceb76e.png\",\"contentUrl\":\"https:\/\/babylove.se\/no\/wp-content\/uploads\/sites\/3\/2025\/07\/63e0a28ceb76e.png\",\"width\":756,\"height\":756},{\"@type\":\"BreadcrumbList\",\"@id\":\"https:\/\/babylove.se\/no\/produkt\/woodluck-hvit-lag-byra-babushka\/#breadcrumb\",\"itemListElement\":[{\"@type\":\"ListItem\",\"position\":1,\"name\":\"Hem\",\"item\":\"https:\/\/babylove.se\/no\/\"},{\"@type\":\"ListItem\",\"position\":2,\"name\":\"Butik\",\"item\":\"https:\/\/babylove.se\/no\/butik\/\"},{\"@type\":\"ListItem\",\"position\":3,\"name\":\"Woodluck, hvit lav kommode Babushka\"}]},{\"@type\":\"WebSite\",\"@id\":\"https:\/\/babylove.se\/no\/#website\",\"url\":\"https:\/\/babylove.se\/no\/\",\"name\":\"Babylove Norska\",\"description\":\"\",\"potentialAction\":[{\"@type\":\"SearchAction\",\"target\":{\"@type\":\"EntryPoint\",\"urlTemplate\":\"https:\/\/babylove.se\/no\/?s={search_term_string}\"},\"query-input\":{\"@type\":\"PropertyValueSpecification\",\"valueRequired\":true,\"valueName\":\"search_term_string\"}}],\"inLanguage\":\"nb-NO\"}]}<\/script>\n<meta property=\"product:brand\" content=\"Woodluck\" \/>\n<meta property=\"product:price:amount\" content=\"11199.00\" \/>\n<meta property=\"product:price:currency\" content=\"NOK\" \/>\n<meta property=\"og:availability\" content=\"instock\" \/>\n<meta property=\"product:availability\" content=\"instock\" \/>\n<meta property=\"product:retailer_item_id\" content=\"100.78\" \/>\n<meta property=\"product:condition\" content=\"new\" \/>\n<!-- \/ Yoast SEO Premium plugin. -->","yoast_head_json":{"title":"Woodluck, hvit lav kommode Babushka - Babylove Norska","robots":{"index":"noindex","follow":"follow","max-snippet":"max-snippet:-1","max-image-preview":"max-image-preview:large","max-video-preview":"max-video-preview:-1"},"og_locale":"nb_NO","og_type":"article","og_title":"Woodluck, hvit lav kommode Babushka","og_description":"En fantastisk fin kommode eller fint skap til barnerommet, med denne vidunderlige m\u00f8belet i romantisk stil kommer du \u00e5 l\u00f8fte barneroms-innredningen din til himmelsk h\u00f8yder.&nbsp; Skapet er h\u00e5ndlaget i gammeldags stil av et lite familiebedrift. De vakre dekorative trebeinene skaper en ekstra sjarm og magi, og sammen med det fine m\u00f8nsteret p\u00e5 skuffen og runde [&hellip;]","og_url":"https:\/\/babylove.se\/no\/produkt\/woodluck-hvit-lag-byra-babushka\/","og_site_name":"Babylove Norska","article_modified_time":"2026-05-11T12:02:26+00:00","og_image":[{"width":756,"height":756,"url":"https:\/\/babylove.se\/no\/wp-content\/uploads\/sites\/3\/2025\/07\/63e0a28ceb76e.png","type":"image\/png"}],"twitter_card":"summary_large_image","twitter_misc":{"Price":"11 199,00&nbsp;&#107;&#114;","Availability":"In stock"},"schema":{"@context":"https:\/\/schema.org","@graph":[{"@type":"WebPage","@id":"https:\/\/babylove.se\/no\/produkt\/woodluck-hvit-lag-byra-babushka\/","url":"https:\/\/babylove.se\/no\/produkt\/woodluck-hvit-lag-byra-babushka\/","name":"Woodluck, hvit lav kommode Babushka - Babylove Norska","isPartOf":{"@id":"https:\/\/babylove.se\/no\/#website"},"primaryImageOfPage":{"@id":"https:\/\/babylove.se\/no\/produkt\/woodluck-hvit-lag-byra-babushka\/#primaryimage"},"image":{"@id":"https:\/\/babylove.se\/no\/produkt\/woodluck-hvit-lag-byra-babushka\/#primaryimage"},"thumbnailUrl":"https:\/\/babylove.se\/no\/wp-content\/uploads\/sites\/3\/2025\/07\/63e0a28ceb76e.png","datePublished":"2025-07-19T10:12:39+00:00","dateModified":"2026-05-11T12:02:26+00:00","breadcrumb":{"@id":"https:\/\/babylove.se\/no\/produkt\/woodluck-hvit-lag-byra-babushka\/#breadcrumb"},"inLanguage":"nb-NO","potentialAction":[{"@type":"ReadAction","target":["https:\/\/babylove.se\/no\/produkt\/woodluck-hvit-lag-byra-babushka\/"]}]},{"@type":"ImageObject","inLanguage":"nb-NO","@id":"https:\/\/babylove.se\/no\/produkt\/woodluck-hvit-lag-byra-babushka\/#primaryimage","url":"https:\/\/babylove.se\/no\/wp-content\/uploads\/sites\/3\/2025\/07\/63e0a28ceb76e.png","contentUrl":"https:\/\/babylove.se\/no\/wp-content\/uploads\/sites\/3\/2025\/07\/63e0a28ceb76e.png","width":756,"height":756},{"@type":"BreadcrumbList","@id":"https:\/\/babylove.se\/no\/produkt\/woodluck-hvit-lag-byra-babushka\/#breadcrumb","itemListElement":[{"@type":"ListItem","position":1,"name":"Hem","item":"https:\/\/babylove.se\/no\/"},{"@type":"ListItem","position":2,"name":"Butik","item":"https:\/\/babylove.se\/no\/butik\/"},{"@type":"ListItem","position":3,"name":"Woodluck, hvit lav kommode Babushka"}]},{"@type":"WebSite","@id":"https:\/\/babylove.se\/no\/#website","url":"https:\/\/babylove.se\/no\/","name":"Babylove Norska","description":"","potentialAction":[{"@type":"SearchAction","target":{"@type":"EntryPoint","urlTemplate":"https:\/\/babylove.se\/no\/?s={search_term_string}"},"query-input":{"@type":"PropertyValueSpecification","valueRequired":true,"valueName":"search_term_string"}}],"inLanguage":"nb-NO"}]},"product_brand":"Woodluck","product_price_amount":"11199.00","product_price_currency":"NOK","og_availability":"instock","product_availability":"instock","product_retailer_item_id":"100.78","product_condition":"new"},"_links":{"self":[{"href":"https:\/\/babylove.se\/no\/wp-json\/wp\/v2\/product\/49769","targetHints":{"allow":["GET"]}}],"collection":[{"href":"https:\/\/babylove.se\/no\/wp-json\/wp\/v2\/product"}],"about":[{"href":"https:\/\/babylove.se\/no\/wp-json\/wp\/v2\/types\/product"}],"replies":[{"embeddable":true,"href":"https:\/\/babylove.se\/no\/wp-json\/wp\/v2\/comments?post=49769"}],"wp:featuredmedia":[{"embeddable":true,"href":"https:\/\/babylove.se\/no\/wp-json\/wp\/v2\/media\/49771"}],"wp:attachment":[{"href":"https:\/\/babylove.se\/no\/wp-json\/wp\/v2\/media?parent=49769"}],"wp:term":[{"taxonomy":"product_brand","embeddable":true,"href":"https:\/\/babylove.se\/no\/wp-json\/wp\/v2\/product_brand?post=49769"},{"taxonomy":"product_cat","embeddable":true,"href":"https:\/\/babylove.se\/no\/wp-json\/wp\/v2\/product_cat?post=49769"},{"taxonomy":"product_tag","embeddable":true,"href":"https:\/\/babylove.se\/no\/wp-json\/wp\/v2\/product_tag?post=49769"}],"curies":[{"name":"wp","href":"https:\/\/api.w.org\/{rel}","templated":true}]}}