{"id":49878,"date":"2025-07-19T11:13:50","date_gmt":"2025-07-19T10:13:50","guid":{"rendered":"https:\/\/babylove.se\/produkt\/cotton-sweets-vanilj-boho-twist-junior-nest\/"},"modified":"2026-04-08T13:17:58","modified_gmt":"2026-04-08T12:17:58","slug":"bomull-sotsaker-vanilje-boho-twist-junior-rede","status":"publish","type":"product","link":"https:\/\/babylove.se\/no\/produkt\/bomull-sotsaker-vanilje-boho-twist-junior-rede\/","title":{"rendered":"Cotton &#038; Sweets, vanilje boho twist junior nest"},"content":{"rendered":"<p>Babynest modell st\u00f8rre = Juniornest! N\u00e5r barnet har blitt litt st\u00f8rre er dette juniornestet et utmerket produkt for \u00e5 bevare den fantastiske f\u00f8lelsen fra et babynest.<\/p>\n<p>Fra popul\u00e6re Cotton &amp; Sweets kommer denne til \u00e5 fungere perfekt som en lekematte eller under sengehimmelen. Frynselenkene gir det lille ekstra til barneromsinnredningen din og skaper en herlig bohof\u00f8lelse! Madrassen er laget av 100 % OEKO-TEX skumgummi, som ogs\u00e5 brukes til \u00e5 lage sengemadrasser til spedbarn.<\/p>\n<p>Vask er enkelt, \u00e5pne ganske enkelt glidel\u00e5sen og ta ut madrassen samt puten som g\u00e5r rundt madrassen og vask deretter overtrekket i vaskemaskinen p\u00e5 maks 30 grader.&nbsp;<\/p>\n<p><strong>M\u00e5l:&nbsp;<\/strong>Diameter: 110 cm (+\/-) &nbsp;H\u00f8yde 18 cm (+\/-). Madrassh\u00f8yde: 4 cm.<\/p>\n<p><strong>Materiale<\/strong>: Stoff: 100% OEKO-TEX bomull. Frynser: 100% bomull.&nbsp;<\/p>\n<p>Designer: <a href=\"https:\/\/babylove.se\/varumarken\/cottonsweets\"><u>Cotton &amp; Sweets<\/u><\/a><\/p>\n","protected":false},"excerpt":{"rendered":"<p>Babynest modell st\u00f8rre = Juniornest! N\u00e5r barnet har blitt litt st\u00f8rre er dette juniornestet et utmerket produkt for \u00e5 bevare den fantastiske f\u00f8lelsen fra et babynest. Fra popul\u00e6re Cotton &amp; Sweets kommer denne til \u00e5 fungere perfekt som en lekematte eller under sengehimmelen. Frynselenkene gir det lille ekstra til barneromsinnredningen din og skaper en herlig [&hellip;]<\/p>\n","protected":false},"featured_media":49880,"comment_status":"closed","ping_status":"open","template":"","meta":{"_acf_changed":false},"product_brand":[143],"product_cat":[41,144,125,122],"product_tag":[1689],"class_list":{"0":"post-49878","1":"product","2":"type-product","3":"status-publish","4":"has-post-thumbnail","6":"product_brand-cotton-sweets","7":"product_cat-babytilbehor","8":"product_cat-cottonsweets","9":"product_cat-boho","10":"product_cat-myspolar","11":"product_tag-bestillingsvaror","13":"first","14":"instock","15":"taxable","16":"shipping-taxable","17":"purchasable","18":"product-type-simple"},"acf":[],"yoast_head":"<!-- This site is optimized with the Yoast SEO Premium plugin v25.8 (Yoast SEO v27.2) - https:\/\/yoast.com\/product\/yoast-seo-premium-wordpress\/ -->\n<title>Cotton &amp; Sweets, vanilje boho twist junior nest - Babylove Norska<\/title>\n<meta name=\"robots\" content=\"noindex, follow, max-snippet:-1, max-image-preview:large, max-video-preview:-1\" \/>\n<meta property=\"og:locale\" content=\"nb_NO\" \/>\n<meta property=\"og:type\" content=\"article\" \/>\n<meta property=\"og:title\" content=\"Cotton &amp; Sweets, vanilje boho twist junior nest\" \/>\n<meta property=\"og:description\" content=\"Babynest modell st\u00f8rre = Juniornest! N\u00e5r barnet har blitt litt st\u00f8rre er dette juniornestet et utmerket produkt for \u00e5 bevare den fantastiske f\u00f8lelsen fra et babynest. Fra popul\u00e6re Cotton &amp; Sweets kommer denne til \u00e5 fungere perfekt som en lekematte eller under sengehimmelen. Frynselenkene gir det lille ekstra til barneromsinnredningen din og skaper en herlig [&hellip;]\" \/>\n<meta property=\"og:url\" content=\"https:\/\/babylove.se\/no\/produkt\/bomull-sotsaker-vanilje-boho-twist-junior-rede\/\" \/>\n<meta property=\"og:site_name\" content=\"Babylove Norska\" \/>\n<meta property=\"article:modified_time\" content=\"2026-04-08T12:17:58+00:00\" \/>\n<meta property=\"og:image\" content=\"https:\/\/babylove.se\/no\/wp-content\/uploads\/sites\/3\/2025\/07\/63e37192b1d11.jpeg\" \/>\n\t<meta property=\"og:image:width\" content=\"551\" \/>\n\t<meta property=\"og:image:height\" content=\"551\" \/>\n\t<meta property=\"og:image:type\" content=\"image\/jpeg\" \/>\n<meta name=\"twitter:card\" content=\"summary_large_image\" \/>\n<meta name=\"twitter:label1\" content=\"Price\" \/>\n\t<meta name=\"twitter:data1\" content=\"3 299,00&nbsp;&#107;&#114;\" \/>\n\t<meta name=\"twitter:label2\" content=\"Availability\" \/>\n\t<meta name=\"twitter:data2\" content=\"In stock\" \/>\n<script type=\"application\/ld+json\" class=\"yoast-schema-graph\">{\"@context\":\"https:\/\/schema.org\",\"@graph\":[{\"@type\":\"WebPage\",\"@id\":\"https:\/\/babylove.se\/no\/produkt\/bomull-sotsaker-vanilje-boho-twist-junior-rede\/\",\"url\":\"https:\/\/babylove.se\/no\/produkt\/bomull-sotsaker-vanilje-boho-twist-junior-rede\/\",\"name\":\"Cotton & Sweets, vanilje boho twist junior nest - Babylove Norska\",\"isPartOf\":{\"@id\":\"https:\/\/babylove.se\/no\/#website\"},\"primaryImageOfPage\":{\"@id\":\"https:\/\/babylove.se\/no\/produkt\/bomull-sotsaker-vanilje-boho-twist-junior-rede\/#primaryimage\"},\"image\":{\"@id\":\"https:\/\/babylove.se\/no\/produkt\/bomull-sotsaker-vanilje-boho-twist-junior-rede\/#primaryimage\"},\"thumbnailUrl\":\"https:\/\/babylove.se\/no\/wp-content\/uploads\/sites\/3\/2025\/07\/63e37192b1d11.jpeg\",\"datePublished\":\"2025-07-19T10:13:50+00:00\",\"dateModified\":\"2026-04-08T12:17:58+00:00\",\"breadcrumb\":{\"@id\":\"https:\/\/babylove.se\/no\/produkt\/bomull-sotsaker-vanilje-boho-twist-junior-rede\/#breadcrumb\"},\"inLanguage\":\"nb-NO\",\"potentialAction\":[{\"@type\":\"ReadAction\",\"target\":[\"https:\/\/babylove.se\/no\/produkt\/bomull-sotsaker-vanilje-boho-twist-junior-rede\/\"]}]},{\"@type\":\"ImageObject\",\"inLanguage\":\"nb-NO\",\"@id\":\"https:\/\/babylove.se\/no\/produkt\/bomull-sotsaker-vanilje-boho-twist-junior-rede\/#primaryimage\",\"url\":\"https:\/\/babylove.se\/no\/wp-content\/uploads\/sites\/3\/2025\/07\/63e37192b1d11.jpeg\",\"contentUrl\":\"https:\/\/babylove.se\/no\/wp-content\/uploads\/sites\/3\/2025\/07\/63e37192b1d11.jpeg\",\"width\":551,\"height\":551},{\"@type\":\"BreadcrumbList\",\"@id\":\"https:\/\/babylove.se\/no\/produkt\/bomull-sotsaker-vanilje-boho-twist-junior-rede\/#breadcrumb\",\"itemListElement\":[{\"@type\":\"ListItem\",\"position\":1,\"name\":\"Hem\",\"item\":\"https:\/\/babylove.se\/no\/\"},{\"@type\":\"ListItem\",\"position\":2,\"name\":\"Butik\",\"item\":\"https:\/\/babylove.se\/no\/butik\/\"},{\"@type\":\"ListItem\",\"position\":3,\"name\":\"Cotton &#038; Sweets, vanilje boho twist junior nest\"}]},{\"@type\":\"WebSite\",\"@id\":\"https:\/\/babylove.se\/no\/#website\",\"url\":\"https:\/\/babylove.se\/no\/\",\"name\":\"Babylove Norska\",\"description\":\"\",\"potentialAction\":[{\"@type\":\"SearchAction\",\"target\":{\"@type\":\"EntryPoint\",\"urlTemplate\":\"https:\/\/babylove.se\/no\/?s={search_term_string}\"},\"query-input\":{\"@type\":\"PropertyValueSpecification\",\"valueRequired\":true,\"valueName\":\"search_term_string\"}}],\"inLanguage\":\"nb-NO\"}]}<\/script>\n<meta property=\"product:brand\" content=\"Cotton &amp; Sweets\" \/>\n<meta property=\"product:price:amount\" content=\"3299.00\" \/>\n<meta property=\"product:price:currency\" content=\"SEK\" \/>\n<meta property=\"og:availability\" content=\"instock\" \/>\n<meta property=\"product:availability\" content=\"instock\" \/>\n<meta property=\"product:retailer_item_id\" content=\"BH29651\" \/>\n<meta property=\"product:condition\" content=\"new\" \/>\n<!-- \/ Yoast SEO Premium plugin. -->","yoast_head_json":{"title":"Cotton & Sweets, vanilje boho twist junior nest - Babylove Norska","robots":{"index":"noindex","follow":"follow","max-snippet":"max-snippet:-1","max-image-preview":"max-image-preview:large","max-video-preview":"max-video-preview:-1"},"og_locale":"nb_NO","og_type":"article","og_title":"Cotton & Sweets, vanilje boho twist junior nest","og_description":"Babynest modell st\u00f8rre = Juniornest! N\u00e5r barnet har blitt litt st\u00f8rre er dette juniornestet et utmerket produkt for \u00e5 bevare den fantastiske f\u00f8lelsen fra et babynest. Fra popul\u00e6re Cotton &amp; Sweets kommer denne til \u00e5 fungere perfekt som en lekematte eller under sengehimmelen. Frynselenkene gir det lille ekstra til barneromsinnredningen din og skaper en herlig [&hellip;]","og_url":"https:\/\/babylove.se\/no\/produkt\/bomull-sotsaker-vanilje-boho-twist-junior-rede\/","og_site_name":"Babylove Norska","article_modified_time":"2026-04-08T12:17:58+00:00","og_image":[{"width":551,"height":551,"url":"https:\/\/babylove.se\/no\/wp-content\/uploads\/sites\/3\/2025\/07\/63e37192b1d11.jpeg","type":"image\/jpeg"}],"twitter_card":"summary_large_image","twitter_misc":{"Price":"3 299,00&nbsp;&#107;&#114;","Availability":"In stock"},"schema":{"@context":"https:\/\/schema.org","@graph":[{"@type":"WebPage","@id":"https:\/\/babylove.se\/no\/produkt\/bomull-sotsaker-vanilje-boho-twist-junior-rede\/","url":"https:\/\/babylove.se\/no\/produkt\/bomull-sotsaker-vanilje-boho-twist-junior-rede\/","name":"Cotton & Sweets, vanilje boho twist junior nest - Babylove Norska","isPartOf":{"@id":"https:\/\/babylove.se\/no\/#website"},"primaryImageOfPage":{"@id":"https:\/\/babylove.se\/no\/produkt\/bomull-sotsaker-vanilje-boho-twist-junior-rede\/#primaryimage"},"image":{"@id":"https:\/\/babylove.se\/no\/produkt\/bomull-sotsaker-vanilje-boho-twist-junior-rede\/#primaryimage"},"thumbnailUrl":"https:\/\/babylove.se\/no\/wp-content\/uploads\/sites\/3\/2025\/07\/63e37192b1d11.jpeg","datePublished":"2025-07-19T10:13:50+00:00","dateModified":"2026-04-08T12:17:58+00:00","breadcrumb":{"@id":"https:\/\/babylove.se\/no\/produkt\/bomull-sotsaker-vanilje-boho-twist-junior-rede\/#breadcrumb"},"inLanguage":"nb-NO","potentialAction":[{"@type":"ReadAction","target":["https:\/\/babylove.se\/no\/produkt\/bomull-sotsaker-vanilje-boho-twist-junior-rede\/"]}]},{"@type":"ImageObject","inLanguage":"nb-NO","@id":"https:\/\/babylove.se\/no\/produkt\/bomull-sotsaker-vanilje-boho-twist-junior-rede\/#primaryimage","url":"https:\/\/babylove.se\/no\/wp-content\/uploads\/sites\/3\/2025\/07\/63e37192b1d11.jpeg","contentUrl":"https:\/\/babylove.se\/no\/wp-content\/uploads\/sites\/3\/2025\/07\/63e37192b1d11.jpeg","width":551,"height":551},{"@type":"BreadcrumbList","@id":"https:\/\/babylove.se\/no\/produkt\/bomull-sotsaker-vanilje-boho-twist-junior-rede\/#breadcrumb","itemListElement":[{"@type":"ListItem","position":1,"name":"Hem","item":"https:\/\/babylove.se\/no\/"},{"@type":"ListItem","position":2,"name":"Butik","item":"https:\/\/babylove.se\/no\/butik\/"},{"@type":"ListItem","position":3,"name":"Cotton &#038; Sweets, vanilje boho twist junior nest"}]},{"@type":"WebSite","@id":"https:\/\/babylove.se\/no\/#website","url":"https:\/\/babylove.se\/no\/","name":"Babylove Norska","description":"","potentialAction":[{"@type":"SearchAction","target":{"@type":"EntryPoint","urlTemplate":"https:\/\/babylove.se\/no\/?s={search_term_string}"},"query-input":{"@type":"PropertyValueSpecification","valueRequired":true,"valueName":"search_term_string"}}],"inLanguage":"nb-NO"}]},"product_brand":"Cotton &amp; Sweets","product_price_amount":"3299.00","product_price_currency":"SEK","og_availability":"instock","product_availability":"instock","product_retailer_item_id":"BH29651","product_condition":"new"},"_links":{"self":[{"href":"https:\/\/babylove.se\/no\/wp-json\/wp\/v2\/product\/49878","targetHints":{"allow":["GET"]}}],"collection":[{"href":"https:\/\/babylove.se\/no\/wp-json\/wp\/v2\/product"}],"about":[{"href":"https:\/\/babylove.se\/no\/wp-json\/wp\/v2\/types\/product"}],"replies":[{"embeddable":true,"href":"https:\/\/babylove.se\/no\/wp-json\/wp\/v2\/comments?post=49878"}],"wp:featuredmedia":[{"embeddable":true,"href":"https:\/\/babylove.se\/no\/wp-json\/wp\/v2\/media\/49880"}],"wp:attachment":[{"href":"https:\/\/babylove.se\/no\/wp-json\/wp\/v2\/media?parent=49878"}],"wp:term":[{"taxonomy":"product_brand","embeddable":true,"href":"https:\/\/babylove.se\/no\/wp-json\/wp\/v2\/product_brand?post=49878"},{"taxonomy":"product_cat","embeddable":true,"href":"https:\/\/babylove.se\/no\/wp-json\/wp\/v2\/product_cat?post=49878"},{"taxonomy":"product_tag","embeddable":true,"href":"https:\/\/babylove.se\/no\/wp-json\/wp\/v2\/product_tag?post=49878"}],"curies":[{"name":"wp","href":"https:\/\/api.w.org\/{rel}","templated":true}]}}