{"id":49891,"date":"2025-07-19T11:13:50","date_gmt":"2025-07-19T10:13:50","guid":{"rendered":"https:\/\/babylove.se\/produkt\/babylove-vaggklistermarke-cirkustalt-dusty-blue\/"},"modified":"2026-04-08T13:18:03","modified_gmt":"2026-04-08T12:18:03","slug":"babylove-vugge-klistremerke-sirkustelt-dusty-blue","status":"publish","type":"product","link":"https:\/\/babylove.se\/no\/produkt\/babylove-vugge-klistremerke-sirkustelt-dusty-blue\/","title":{"rendered":"Babylove, veggklistremerke Sirkustelt dusty blue"},"content":{"rendered":"<p>Et eventyrlig sett med veggklistremerker med sirkustema! \\n \\nMed disse kan du dekorere barnets rom med sirkustelt og skape masse lek! \\n \\nVeggklistremerker i et barnerom er en enkel m\u00e5te \u00e5 dekorere for eksempel din favoritt-kosekrok eller et kjedelig omr\u00e5de ved siden av en seng eller et skrivebord. \\n<\/p>\n<ul> \\n \\t<\/p>\n<li>Trykket med blekk trygt for barn p\u00e5 matt h\u00f8ykvalitetsfolie<\/li>\n<p> \\n \\t<\/p>\n<li>Skj\u00e6res ut med kontur<\/li>\n<p> \\n \\t<\/p>\n<li>Selvklebende &#8211; har et lag med lim<\/li>\n<p> \\n \\t<\/p>\n<li>Du setter dem selv i din egen komposisjon p\u00e5 veggen<\/li>\n<p> \\n \\t<\/p>\n<li>De kan enkelt rengj\u00f8res med en lett fuktet svamp eller en klut<\/li>\n<p> \\n<\/ul>\n<p> \\nM\u00e5l: Finnes i to st\u00f8rrelser: \\n<\/p>\n<ul> \\n \\t<\/p>\n<li><strong>M &#8211;<\/strong> Telt: 74 x 80 cm. Flagg: 8 x 13 cm.<\/li>\n<p> \\n \\t<\/p>\n<li><strong>L <\/strong>&#8211; Telt: 110 x 120 cm. Flagg: 12 x 20 cm.<\/li>\n<p> \\n<\/ul>\n<p> \\n<em>OBS! S\u00f8rg for at overflaten er t\u00f8rr og avfettet f\u00f8r du setter opp veggklistremerket. Fungerer ikke p\u00e5 ujevne vegger\/overflater. Klistremerkene er heller ikke egnet for vegger med ru overflate eller hvis de er malt med lateksfarger eller tapetsert. Veggklistremerkene m\u00e5 v\u00e6re flate og ofte ligge og rettes ut minst 24 timer etter man har tatt dem ut fra pakningen f\u00f8r man kan sette dem opp p\u00e5 veggen.<\/em> \\n \\nDesigner: <a href=\"https:\/\/babylove.se\/varumarken\/babylove\">Babylove<\/a><\/p>\n","protected":false},"excerpt":{"rendered":"<p>Et eventyrlig sett med veggklistremerker med sirkustema! \\n \\nMed disse kan du dekorere barnets rom med sirkustelt og skape masse lek! \\n \\nVeggklistremerker i et barnerom er en enkel m\u00e5te \u00e5 dekorere for eksempel din favoritt-kosekrok eller et kjedelig omr\u00e5de ved siden av en seng eller et skrivebord. \\n \\n \\t Trykket med blekk trygt [&hellip;]<\/p>\n","protected":false},"featured_media":49893,"comment_status":"open","ping_status":"closed","template":"","meta":{"_acf_changed":false},"product_brand":[22],"product_cat":[84,270,24],"product_tag":[1709],"class_list":{"0":"post-49891","1":"product","2":"type-product","3":"status-publish","4":"has-post-thumbnail","6":"product_brand-babylove","7":"product_cat-babylove","8":"product_cat-sirkus","9":"product_cat-veggklistremerker","10":"product_tag-utforsalg","11":"pa_storlek-l","12":"pa_storlek-m","14":"first","15":"instock","16":"taxable","17":"shipping-taxable","18":"purchasable","19":"product-type-variable"},"acf":[],"yoast_head":"<!-- This site is optimized with the Yoast SEO Premium plugin v25.8 (Yoast SEO v27.2) - https:\/\/yoast.com\/product\/yoast-seo-premium-wordpress\/ -->\n<title>Babylove, veggklistremerke Sirkustelt dusty blue - Babylove Norska<\/title>\n<meta name=\"robots\" content=\"noindex, follow, max-snippet:-1, max-image-preview:large, max-video-preview:-1\" \/>\n<meta property=\"og:locale\" content=\"nb_NO\" \/>\n<meta property=\"og:type\" content=\"article\" \/>\n<meta property=\"og:title\" content=\"Babylove, veggklistremerke Sirkustelt dusty blue\" \/>\n<meta property=\"og:description\" content=\"Et eventyrlig sett med veggklistremerker med sirkustema! n nMed disse kan du dekorere barnets rom med sirkustelt og skape masse lek! n nVeggklistremerker i et barnerom er en enkel m\u00e5te \u00e5 dekorere for eksempel din favoritt-kosekrok eller et kjedelig omr\u00e5de ved siden av en seng eller et skrivebord. n n t Trykket med blekk trygt [&hellip;]\" \/>\n<meta property=\"og:url\" content=\"https:\/\/babylove.se\/no\/produkt\/babylove-vugge-klistremerke-sirkustelt-dusty-blue\/\" \/>\n<meta property=\"og:site_name\" content=\"Babylove Norska\" \/>\n<meta property=\"article:modified_time\" content=\"2026-04-08T12:18:03+00:00\" \/>\n<meta property=\"og:image\" content=\"https:\/\/babylove.se\/no\/wp-content\/uploads\/sites\/3\/2025\/07\/63e5f24487aeb.jpeg\" \/>\n\t<meta property=\"og:image:width\" content=\"796\" \/>\n\t<meta property=\"og:image:height\" content=\"804\" \/>\n\t<meta property=\"og:image:type\" content=\"image\/jpeg\" \/>\n<meta name=\"twitter:card\" content=\"summary_large_image\" \/>\n<meta name=\"twitter:label1\" content=\"Availability\" \/>\n\t<meta name=\"twitter:data1\" content=\"In stock\" \/>\n<script type=\"application\/ld+json\" class=\"yoast-schema-graph\">{\"@context\":\"https:\/\/schema.org\",\"@graph\":[{\"@type\":\"WebPage\",\"@id\":\"https:\/\/babylove.se\/no\/produkt\/babylove-vugge-klistremerke-sirkustelt-dusty-blue\/\",\"url\":\"https:\/\/babylove.se\/no\/produkt\/babylove-vugge-klistremerke-sirkustelt-dusty-blue\/\",\"name\":\"Babylove, veggklistremerke Sirkustelt dusty blue - Babylove Norska\",\"isPartOf\":{\"@id\":\"https:\/\/babylove.se\/no\/#website\"},\"primaryImageOfPage\":{\"@id\":\"https:\/\/babylove.se\/no\/produkt\/babylove-vugge-klistremerke-sirkustelt-dusty-blue\/#primaryimage\"},\"image\":{\"@id\":\"https:\/\/babylove.se\/no\/produkt\/babylove-vugge-klistremerke-sirkustelt-dusty-blue\/#primaryimage\"},\"thumbnailUrl\":\"https:\/\/babylove.se\/no\/wp-content\/uploads\/sites\/3\/2025\/07\/63e5f24487aeb.jpeg\",\"datePublished\":\"2025-07-19T10:13:50+00:00\",\"dateModified\":\"2026-04-08T12:18:03+00:00\",\"breadcrumb\":{\"@id\":\"https:\/\/babylove.se\/no\/produkt\/babylove-vugge-klistremerke-sirkustelt-dusty-blue\/#breadcrumb\"},\"inLanguage\":\"nb-NO\",\"potentialAction\":[{\"@type\":\"ReadAction\",\"target\":[\"https:\/\/babylove.se\/no\/produkt\/babylove-vugge-klistremerke-sirkustelt-dusty-blue\/\"]}]},{\"@type\":\"ImageObject\",\"inLanguage\":\"nb-NO\",\"@id\":\"https:\/\/babylove.se\/no\/produkt\/babylove-vugge-klistremerke-sirkustelt-dusty-blue\/#primaryimage\",\"url\":\"https:\/\/babylove.se\/no\/wp-content\/uploads\/sites\/3\/2025\/07\/63e5f24487aeb.jpeg\",\"contentUrl\":\"https:\/\/babylove.se\/no\/wp-content\/uploads\/sites\/3\/2025\/07\/63e5f24487aeb.jpeg\",\"width\":796,\"height\":804},{\"@type\":\"BreadcrumbList\",\"@id\":\"https:\/\/babylove.se\/no\/produkt\/babylove-vugge-klistremerke-sirkustelt-dusty-blue\/#breadcrumb\",\"itemListElement\":[{\"@type\":\"ListItem\",\"position\":1,\"name\":\"Hem\",\"item\":\"https:\/\/babylove.se\/no\/\"},{\"@type\":\"ListItem\",\"position\":2,\"name\":\"Butik\",\"item\":\"https:\/\/babylove.se\/no\/butik\/\"},{\"@type\":\"ListItem\",\"position\":3,\"name\":\"Babylove, veggklistremerke Sirkustelt dusty blue\"}]},{\"@type\":\"WebSite\",\"@id\":\"https:\/\/babylove.se\/no\/#website\",\"url\":\"https:\/\/babylove.se\/no\/\",\"name\":\"Babylove Norska\",\"description\":\"\",\"potentialAction\":[{\"@type\":\"SearchAction\",\"target\":{\"@type\":\"EntryPoint\",\"urlTemplate\":\"https:\/\/babylove.se\/no\/?s={search_term_string}\"},\"query-input\":{\"@type\":\"PropertyValueSpecification\",\"valueRequired\":true,\"valueName\":\"search_term_string\"}}],\"inLanguage\":\"nb-NO\"}]}<\/script>\n<meta property=\"product:brand\" content=\"Babylove\" \/>\n<meta property=\"og:availability\" content=\"instock\" \/>\n<meta property=\"product:availability\" content=\"instock\" \/>\n<meta property=\"product:retailer_item_id\" content=\"DD0000Cirkust\u00e4lt_dusty_blue\" \/>\n<meta property=\"product:condition\" content=\"new\" \/>\n<!-- \/ Yoast SEO Premium plugin. -->","yoast_head_json":{"title":"Babylove, veggklistremerke Sirkustelt dusty blue - Babylove Norska","robots":{"index":"noindex","follow":"follow","max-snippet":"max-snippet:-1","max-image-preview":"max-image-preview:large","max-video-preview":"max-video-preview:-1"},"og_locale":"nb_NO","og_type":"article","og_title":"Babylove, veggklistremerke Sirkustelt dusty blue","og_description":"Et eventyrlig sett med veggklistremerker med sirkustema! n nMed disse kan du dekorere barnets rom med sirkustelt og skape masse lek! n nVeggklistremerker i et barnerom er en enkel m\u00e5te \u00e5 dekorere for eksempel din favoritt-kosekrok eller et kjedelig omr\u00e5de ved siden av en seng eller et skrivebord. n n t Trykket med blekk trygt [&hellip;]","og_url":"https:\/\/babylove.se\/no\/produkt\/babylove-vugge-klistremerke-sirkustelt-dusty-blue\/","og_site_name":"Babylove Norska","article_modified_time":"2026-04-08T12:18:03+00:00","og_image":[{"width":796,"height":804,"url":"https:\/\/babylove.se\/no\/wp-content\/uploads\/sites\/3\/2025\/07\/63e5f24487aeb.jpeg","type":"image\/jpeg"}],"twitter_card":"summary_large_image","twitter_misc":{"Availability":"In stock"},"schema":{"@context":"https:\/\/schema.org","@graph":[{"@type":"WebPage","@id":"https:\/\/babylove.se\/no\/produkt\/babylove-vugge-klistremerke-sirkustelt-dusty-blue\/","url":"https:\/\/babylove.se\/no\/produkt\/babylove-vugge-klistremerke-sirkustelt-dusty-blue\/","name":"Babylove, veggklistremerke Sirkustelt dusty blue - Babylove Norska","isPartOf":{"@id":"https:\/\/babylove.se\/no\/#website"},"primaryImageOfPage":{"@id":"https:\/\/babylove.se\/no\/produkt\/babylove-vugge-klistremerke-sirkustelt-dusty-blue\/#primaryimage"},"image":{"@id":"https:\/\/babylove.se\/no\/produkt\/babylove-vugge-klistremerke-sirkustelt-dusty-blue\/#primaryimage"},"thumbnailUrl":"https:\/\/babylove.se\/no\/wp-content\/uploads\/sites\/3\/2025\/07\/63e5f24487aeb.jpeg","datePublished":"2025-07-19T10:13:50+00:00","dateModified":"2026-04-08T12:18:03+00:00","breadcrumb":{"@id":"https:\/\/babylove.se\/no\/produkt\/babylove-vugge-klistremerke-sirkustelt-dusty-blue\/#breadcrumb"},"inLanguage":"nb-NO","potentialAction":[{"@type":"ReadAction","target":["https:\/\/babylove.se\/no\/produkt\/babylove-vugge-klistremerke-sirkustelt-dusty-blue\/"]}]},{"@type":"ImageObject","inLanguage":"nb-NO","@id":"https:\/\/babylove.se\/no\/produkt\/babylove-vugge-klistremerke-sirkustelt-dusty-blue\/#primaryimage","url":"https:\/\/babylove.se\/no\/wp-content\/uploads\/sites\/3\/2025\/07\/63e5f24487aeb.jpeg","contentUrl":"https:\/\/babylove.se\/no\/wp-content\/uploads\/sites\/3\/2025\/07\/63e5f24487aeb.jpeg","width":796,"height":804},{"@type":"BreadcrumbList","@id":"https:\/\/babylove.se\/no\/produkt\/babylove-vugge-klistremerke-sirkustelt-dusty-blue\/#breadcrumb","itemListElement":[{"@type":"ListItem","position":1,"name":"Hem","item":"https:\/\/babylove.se\/no\/"},{"@type":"ListItem","position":2,"name":"Butik","item":"https:\/\/babylove.se\/no\/butik\/"},{"@type":"ListItem","position":3,"name":"Babylove, veggklistremerke Sirkustelt dusty blue"}]},{"@type":"WebSite","@id":"https:\/\/babylove.se\/no\/#website","url":"https:\/\/babylove.se\/no\/","name":"Babylove Norska","description":"","potentialAction":[{"@type":"SearchAction","target":{"@type":"EntryPoint","urlTemplate":"https:\/\/babylove.se\/no\/?s={search_term_string}"},"query-input":{"@type":"PropertyValueSpecification","valueRequired":true,"valueName":"search_term_string"}}],"inLanguage":"nb-NO"}]},"product_brand":"Babylove","og_availability":"instock","product_availability":"instock","product_retailer_item_id":"DD0000Cirkust\u00e4lt_dusty_blue","product_condition":"new"},"_links":{"self":[{"href":"https:\/\/babylove.se\/no\/wp-json\/wp\/v2\/product\/49891","targetHints":{"allow":["GET"]}}],"collection":[{"href":"https:\/\/babylove.se\/no\/wp-json\/wp\/v2\/product"}],"about":[{"href":"https:\/\/babylove.se\/no\/wp-json\/wp\/v2\/types\/product"}],"replies":[{"embeddable":true,"href":"https:\/\/babylove.se\/no\/wp-json\/wp\/v2\/comments?post=49891"}],"wp:featuredmedia":[{"embeddable":true,"href":"https:\/\/babylove.se\/no\/wp-json\/wp\/v2\/media\/49893"}],"wp:attachment":[{"href":"https:\/\/babylove.se\/no\/wp-json\/wp\/v2\/media?parent=49891"}],"wp:term":[{"taxonomy":"product_brand","embeddable":true,"href":"https:\/\/babylove.se\/no\/wp-json\/wp\/v2\/product_brand?post=49891"},{"taxonomy":"product_cat","embeddable":true,"href":"https:\/\/babylove.se\/no\/wp-json\/wp\/v2\/product_cat?post=49891"},{"taxonomy":"product_tag","embeddable":true,"href":"https:\/\/babylove.se\/no\/wp-json\/wp\/v2\/product_tag?post=49891"}],"curies":[{"name":"wp","href":"https:\/\/api.w.org\/{rel}","templated":true}]}}