{"id":49909,"date":"2025-07-19T11:14:09","date_gmt":"2025-07-19T10:14:09","guid":{"rendered":"https:\/\/babylove.se\/produkt\/babylove-vaggklistermarke-cirkustalt-dusty-pink\/"},"modified":"2026-04-08T13:18:09","modified_gmt":"2026-04-08T12:18:09","slug":"babylove-vugge-klistremerke-sirkustelt-dusty-pink","status":"publish","type":"product","link":"https:\/\/babylove.se\/no\/produkt\/babylove-vugge-klistremerke-sirkustelt-dusty-pink\/","title":{"rendered":"Babylove, veggklistremerke Sirkustelt dusty pink"},"content":{"rendered":"<p>En eventyrlig samling veggklistremerker med sirkustema! \\n \\nMed disse kan du dekorere barnets rom med sirkustelt og skape masse lek! \\n \\nVeggklistremerker i et barnerom er en enkel m\u00e5te \u00e5 dekorere for eksempel din favoritt-kosekrok eller et kjedelig omr\u00e5de ved siden av en seng eller et skrivebord. \\n<\/p>\n<ul> \\n \\t<\/p>\n<li>Trykt med blekk som er trygt for barn p\u00e5 matt h\u00f8ykvalitetsfolie<\/li>\n<p> \\n \\t<\/p>\n<li>Skj\u00e6res ut med kontur<\/li>\n<p> \\n \\t<\/p>\n<li>Selvklebende &#8211; har et lag med lim<\/li>\n<p> \\n \\t<\/p>\n<li>Du setter dem selv i din egen komposisjon p\u00e5 veggen<\/li>\n<p> \\n \\t<\/p>\n<li>De kan enkelt rengj\u00f8res med en lett fuktet svamp eller en klut<\/li>\n<p> \\n<\/ul>\n<p> \\nM\u00e5l: Finnes i to st\u00f8rrelser: \\n<\/p>\n<ul> \\n \\t<\/p>\n<li><strong>M &#8211;<\/strong> Telt: 74 x 80 cm. Flagg: 8 x 13 cm.<\/li>\n<p> \\n \\t<\/p>\n<li><strong>L <\/strong>&#8211; Telt: 110 x 120 cm. Flagg: 12 x 20 cm.<\/li>\n<p> \\n<\/ul>\n<p> \\n<em>OBS! S\u00f8rg for at overflaten er t\u00f8rr og avfettet f\u00f8r du setter opp veggklistremerket. Fungerer ikke p\u00e5 ujevne vegger\/overflater. Klistremerkene er heller ikke egnet for vegger med en grov overflate eller hvis de er malt med lateksmaling eller tapetsert. Veggklistremerkene m\u00e5 v\u00e6re flate og ofte ligge og rette seg ut minst 24 timer etter man har tatt dem ut av emballasjen f\u00f8r man kan sette dem opp p\u00e5 veggen.<\/em> \\n \\nDesigner: <a href=\"https:\/\/babylove.se\/varumarken\/babylove\">Babylove<\/a><\/p>\n","protected":false},"excerpt":{"rendered":"<p>En eventyrlig samling veggklistremerker med sirkustema! \\n \\nMed disse kan du dekorere barnets rom med sirkustelt og skape masse lek! \\n \\nVeggklistremerker i et barnerom er en enkel m\u00e5te \u00e5 dekorere for eksempel din favoritt-kosekrok eller et kjedelig omr\u00e5de ved siden av en seng eller et skrivebord. \\n \\n \\t Trykt med blekk som er [&hellip;]<\/p>\n","protected":false},"featured_media":49911,"comment_status":"open","ping_status":"closed","template":"","meta":{"_acf_changed":false},"product_brand":[22],"product_cat":[84,270,24],"product_tag":[],"class_list":{"0":"post-49909","1":"product","2":"type-product","3":"status-publish","4":"has-post-thumbnail","6":"product_brand-babylove","7":"product_cat-babylove","8":"product_cat-sirkus","9":"product_cat-veggklistremerker","10":"pa_storlek-l","11":"pa_storlek-m","13":"first","14":"outofstock","15":"taxable","16":"shipping-taxable","17":"purchasable","18":"product-type-variable"},"acf":[],"yoast_head":"<!-- This site is optimized with the Yoast SEO Premium plugin v25.8 (Yoast SEO v27.2) - https:\/\/yoast.com\/product\/yoast-seo-premium-wordpress\/ -->\n<title>Babylove, veggklistremerke Sirkustelt dusty pink - Babylove Norska<\/title>\n<meta name=\"robots\" content=\"noindex, follow, max-snippet:-1, max-image-preview:large, max-video-preview:-1\" \/>\n<meta property=\"og:locale\" content=\"nb_NO\" \/>\n<meta property=\"og:type\" content=\"article\" \/>\n<meta property=\"og:title\" content=\"Babylove, veggklistremerke Sirkustelt dusty pink\" \/>\n<meta property=\"og:description\" content=\"En eventyrlig samling veggklistremerker med sirkustema! n nMed disse kan du dekorere barnets rom med sirkustelt og skape masse lek! n nVeggklistremerker i et barnerom er en enkel m\u00e5te \u00e5 dekorere for eksempel din favoritt-kosekrok eller et kjedelig omr\u00e5de ved siden av en seng eller et skrivebord. n n t Trykt med blekk som er [&hellip;]\" \/>\n<meta property=\"og:url\" content=\"https:\/\/babylove.se\/no\/produkt\/babylove-vugge-klistremerke-sirkustelt-dusty-pink\/\" \/>\n<meta property=\"og:site_name\" content=\"Babylove Norska\" \/>\n<meta property=\"article:modified_time\" content=\"2026-04-08T12:18:09+00:00\" \/>\n<meta property=\"og:image\" content=\"https:\/\/babylove.se\/no\/wp-content\/uploads\/sites\/3\/2025\/07\/63e5faccb79f2.jpeg\" \/>\n\t<meta property=\"og:image:width\" content=\"783\" \/>\n\t<meta property=\"og:image:height\" content=\"786\" \/>\n\t<meta property=\"og:image:type\" content=\"image\/jpeg\" \/>\n<meta name=\"twitter:card\" content=\"summary_large_image\" \/>\n<meta name=\"twitter:label1\" content=\"Availability\" \/>\n\t<meta name=\"twitter:data1\" content=\"Out of stock\" \/>\n<script type=\"application\/ld+json\" class=\"yoast-schema-graph\">{\"@context\":\"https:\/\/schema.org\",\"@graph\":[{\"@type\":\"WebPage\",\"@id\":\"https:\/\/babylove.se\/no\/produkt\/babylove-vugge-klistremerke-sirkustelt-dusty-pink\/\",\"url\":\"https:\/\/babylove.se\/no\/produkt\/babylove-vugge-klistremerke-sirkustelt-dusty-pink\/\",\"name\":\"Babylove, veggklistremerke Sirkustelt dusty pink - Babylove Norska\",\"isPartOf\":{\"@id\":\"https:\/\/babylove.se\/no\/#website\"},\"primaryImageOfPage\":{\"@id\":\"https:\/\/babylove.se\/no\/produkt\/babylove-vugge-klistremerke-sirkustelt-dusty-pink\/#primaryimage\"},\"image\":{\"@id\":\"https:\/\/babylove.se\/no\/produkt\/babylove-vugge-klistremerke-sirkustelt-dusty-pink\/#primaryimage\"},\"thumbnailUrl\":\"https:\/\/babylove.se\/no\/wp-content\/uploads\/sites\/3\/2025\/07\/63e5faccb79f2.jpeg\",\"datePublished\":\"2025-07-19T10:14:09+00:00\",\"dateModified\":\"2026-04-08T12:18:09+00:00\",\"breadcrumb\":{\"@id\":\"https:\/\/babylove.se\/no\/produkt\/babylove-vugge-klistremerke-sirkustelt-dusty-pink\/#breadcrumb\"},\"inLanguage\":\"nb-NO\",\"potentialAction\":[{\"@type\":\"ReadAction\",\"target\":[\"https:\/\/babylove.se\/no\/produkt\/babylove-vugge-klistremerke-sirkustelt-dusty-pink\/\"]}]},{\"@type\":\"ImageObject\",\"inLanguage\":\"nb-NO\",\"@id\":\"https:\/\/babylove.se\/no\/produkt\/babylove-vugge-klistremerke-sirkustelt-dusty-pink\/#primaryimage\",\"url\":\"https:\/\/babylove.se\/no\/wp-content\/uploads\/sites\/3\/2025\/07\/63e5faccb79f2.jpeg\",\"contentUrl\":\"https:\/\/babylove.se\/no\/wp-content\/uploads\/sites\/3\/2025\/07\/63e5faccb79f2.jpeg\",\"width\":783,\"height\":786},{\"@type\":\"BreadcrumbList\",\"@id\":\"https:\/\/babylove.se\/no\/produkt\/babylove-vugge-klistremerke-sirkustelt-dusty-pink\/#breadcrumb\",\"itemListElement\":[{\"@type\":\"ListItem\",\"position\":1,\"name\":\"Hem\",\"item\":\"https:\/\/babylove.se\/no\/\"},{\"@type\":\"ListItem\",\"position\":2,\"name\":\"Butik\",\"item\":\"https:\/\/babylove.se\/no\/butik\/\"},{\"@type\":\"ListItem\",\"position\":3,\"name\":\"Babylove, veggklistremerke Sirkustelt dusty pink\"}]},{\"@type\":\"WebSite\",\"@id\":\"https:\/\/babylove.se\/no\/#website\",\"url\":\"https:\/\/babylove.se\/no\/\",\"name\":\"Babylove Norska\",\"description\":\"\",\"potentialAction\":[{\"@type\":\"SearchAction\",\"target\":{\"@type\":\"EntryPoint\",\"urlTemplate\":\"https:\/\/babylove.se\/no\/?s={search_term_string}\"},\"query-input\":{\"@type\":\"PropertyValueSpecification\",\"valueRequired\":true,\"valueName\":\"search_term_string\"}}],\"inLanguage\":\"nb-NO\"}]}<\/script>\n<meta property=\"product:brand\" content=\"Babylove\" \/>\n<meta property=\"og:availability\" content=\"out of stock\" \/>\n<meta property=\"product:availability\" content=\"out of stock\" \/>\n<meta property=\"product:retailer_item_id\" content=\"DDCirkust\u00e4lt dusty pink\" \/>\n<meta property=\"product:condition\" content=\"new\" \/>\n<!-- \/ Yoast SEO Premium plugin. -->","yoast_head_json":{"title":"Babylove, veggklistremerke Sirkustelt dusty pink - Babylove Norska","robots":{"index":"noindex","follow":"follow","max-snippet":"max-snippet:-1","max-image-preview":"max-image-preview:large","max-video-preview":"max-video-preview:-1"},"og_locale":"nb_NO","og_type":"article","og_title":"Babylove, veggklistremerke Sirkustelt dusty pink","og_description":"En eventyrlig samling veggklistremerker med sirkustema! n nMed disse kan du dekorere barnets rom med sirkustelt og skape masse lek! n nVeggklistremerker i et barnerom er en enkel m\u00e5te \u00e5 dekorere for eksempel din favoritt-kosekrok eller et kjedelig omr\u00e5de ved siden av en seng eller et skrivebord. n n t Trykt med blekk som er [&hellip;]","og_url":"https:\/\/babylove.se\/no\/produkt\/babylove-vugge-klistremerke-sirkustelt-dusty-pink\/","og_site_name":"Babylove Norska","article_modified_time":"2026-04-08T12:18:09+00:00","og_image":[{"width":783,"height":786,"url":"https:\/\/babylove.se\/no\/wp-content\/uploads\/sites\/3\/2025\/07\/63e5faccb79f2.jpeg","type":"image\/jpeg"}],"twitter_card":"summary_large_image","twitter_misc":{"Availability":"Out of stock"},"schema":{"@context":"https:\/\/schema.org","@graph":[{"@type":"WebPage","@id":"https:\/\/babylove.se\/no\/produkt\/babylove-vugge-klistremerke-sirkustelt-dusty-pink\/","url":"https:\/\/babylove.se\/no\/produkt\/babylove-vugge-klistremerke-sirkustelt-dusty-pink\/","name":"Babylove, veggklistremerke Sirkustelt dusty pink - Babylove Norska","isPartOf":{"@id":"https:\/\/babylove.se\/no\/#website"},"primaryImageOfPage":{"@id":"https:\/\/babylove.se\/no\/produkt\/babylove-vugge-klistremerke-sirkustelt-dusty-pink\/#primaryimage"},"image":{"@id":"https:\/\/babylove.se\/no\/produkt\/babylove-vugge-klistremerke-sirkustelt-dusty-pink\/#primaryimage"},"thumbnailUrl":"https:\/\/babylove.se\/no\/wp-content\/uploads\/sites\/3\/2025\/07\/63e5faccb79f2.jpeg","datePublished":"2025-07-19T10:14:09+00:00","dateModified":"2026-04-08T12:18:09+00:00","breadcrumb":{"@id":"https:\/\/babylove.se\/no\/produkt\/babylove-vugge-klistremerke-sirkustelt-dusty-pink\/#breadcrumb"},"inLanguage":"nb-NO","potentialAction":[{"@type":"ReadAction","target":["https:\/\/babylove.se\/no\/produkt\/babylove-vugge-klistremerke-sirkustelt-dusty-pink\/"]}]},{"@type":"ImageObject","inLanguage":"nb-NO","@id":"https:\/\/babylove.se\/no\/produkt\/babylove-vugge-klistremerke-sirkustelt-dusty-pink\/#primaryimage","url":"https:\/\/babylove.se\/no\/wp-content\/uploads\/sites\/3\/2025\/07\/63e5faccb79f2.jpeg","contentUrl":"https:\/\/babylove.se\/no\/wp-content\/uploads\/sites\/3\/2025\/07\/63e5faccb79f2.jpeg","width":783,"height":786},{"@type":"BreadcrumbList","@id":"https:\/\/babylove.se\/no\/produkt\/babylove-vugge-klistremerke-sirkustelt-dusty-pink\/#breadcrumb","itemListElement":[{"@type":"ListItem","position":1,"name":"Hem","item":"https:\/\/babylove.se\/no\/"},{"@type":"ListItem","position":2,"name":"Butik","item":"https:\/\/babylove.se\/no\/butik\/"},{"@type":"ListItem","position":3,"name":"Babylove, veggklistremerke Sirkustelt dusty pink"}]},{"@type":"WebSite","@id":"https:\/\/babylove.se\/no\/#website","url":"https:\/\/babylove.se\/no\/","name":"Babylove Norska","description":"","potentialAction":[{"@type":"SearchAction","target":{"@type":"EntryPoint","urlTemplate":"https:\/\/babylove.se\/no\/?s={search_term_string}"},"query-input":{"@type":"PropertyValueSpecification","valueRequired":true,"valueName":"search_term_string"}}],"inLanguage":"nb-NO"}]},"product_brand":"Babylove","og_availability":"out of stock","product_availability":"out of stock","product_retailer_item_id":"DDCirkust\u00e4lt dusty pink","product_condition":"new"},"_links":{"self":[{"href":"https:\/\/babylove.se\/no\/wp-json\/wp\/v2\/product\/49909","targetHints":{"allow":["GET"]}}],"collection":[{"href":"https:\/\/babylove.se\/no\/wp-json\/wp\/v2\/product"}],"about":[{"href":"https:\/\/babylove.se\/no\/wp-json\/wp\/v2\/types\/product"}],"replies":[{"embeddable":true,"href":"https:\/\/babylove.se\/no\/wp-json\/wp\/v2\/comments?post=49909"}],"wp:featuredmedia":[{"embeddable":true,"href":"https:\/\/babylove.se\/no\/wp-json\/wp\/v2\/media\/49911"}],"wp:attachment":[{"href":"https:\/\/babylove.se\/no\/wp-json\/wp\/v2\/media?parent=49909"}],"wp:term":[{"taxonomy":"product_brand","embeddable":true,"href":"https:\/\/babylove.se\/no\/wp-json\/wp\/v2\/product_brand?post=49909"},{"taxonomy":"product_cat","embeddable":true,"href":"https:\/\/babylove.se\/no\/wp-json\/wp\/v2\/product_cat?post=49909"},{"taxonomy":"product_tag","embeddable":true,"href":"https:\/\/babylove.se\/no\/wp-json\/wp\/v2\/product_tag?post=49909"}],"curies":[{"name":"wp","href":"https:\/\/api.w.org\/{rel}","templated":true}]}}