{"id":4991,"date":"2025-07-18T20:26:34","date_gmt":"2025-07-18T19:26:34","guid":{"rendered":"https:\/\/babylove.se\/produkt\/done-by-deer-yummi-mini-glas-rosa\/"},"modified":"2026-04-08T08:13:16","modified_gmt":"2026-04-08T07:13:16","slug":"done-by-deer-yummi-mini-glass-rosa","status":"publish","type":"product","link":"https:\/\/babylove.se\/no\/produkt\/done-by-deer-yummi-mini-glass-rosa\/","title":{"rendered":"Done by Deer yummi mini glass rosa"},"content":{"rendered":"<p>Et smart og fint produkt som er helt tilpasset barna. Glem alle billige plastkopper fra store varehus, med disse miniglassene vil barnet ditt drikke enkelt samtidig som du som forelder kan dekke pent. Produktet er laget av et akryl som er b\u00e5de slitesterkt og barnevennlig. P\u00e5 glasset sitter et fint trykk med motivet av Deers venner som vil gj\u00f8re m\u00e5ltidet morsommere. Produktet er helt fri for farlige stoffer, som BPA og ftalater.<\/p>\n<p>Kan maskinvaskes men skal ikke brukes i mikrob\u00f8lgeovnen.<\/p>\n<p>M\u00e5l: 6,5 x 75 cm og rommer 120 ml<\/p>\n<p>Designer: <a href=\"https:\/\/babylove.se\/varumarken\/done-by-deer\"><u>Done by Deer<\/u><\/a><\/p>\n","protected":false},"excerpt":{"rendered":"<p>Et smart og fint produkt som er helt tilpasset barna. Glem alle billige plastkopper fra store varehus, med disse miniglassene vil barnet ditt drikke enkelt samtidig som du som forelder kan dekke pent. Produktet er laget av et akryl som er b\u00e5de slitesterkt og barnevennlig. P\u00e5 glasset sitter et fint trykk med motivet av Deers [&hellip;]<\/p>\n","protected":false},"featured_media":4993,"comment_status":"closed","ping_status":"open","template":"","meta":{"_acf_changed":false},"product_brand":[54],"product_cat":[92,55],"product_tag":[1689],"class_list":{"0":"post-4991","1":"product","2":"type-product","3":"status-publish","4":"has-post-thumbnail","6":"product_brand-done-by-deer","7":"product_cat-barnbestikk-matsett","8":"product_cat-done-by-deer","9":"product_tag-bestillingsvaror","11":"first","12":"outofstock","13":"taxable","14":"shipping-taxable","15":"purchasable","16":"product-type-simple"},"acf":[],"yoast_head":"<!-- This site is optimized with the Yoast SEO Premium plugin v25.8 (Yoast SEO v27.2) - https:\/\/yoast.com\/product\/yoast-seo-premium-wordpress\/ -->\n<title>Done by Deer yummi mini glass rosa - Babylove Norska<\/title>\n<meta name=\"robots\" content=\"noindex, follow, max-snippet:-1, max-image-preview:large, max-video-preview:-1\" \/>\n<meta property=\"og:locale\" content=\"nb_NO\" \/>\n<meta property=\"og:type\" content=\"article\" \/>\n<meta property=\"og:title\" content=\"Done by Deer yummi mini glass rosa\" \/>\n<meta property=\"og:description\" content=\"Et smart og fint produkt som er helt tilpasset barna. Glem alle billige plastkopper fra store varehus, med disse miniglassene vil barnet ditt drikke enkelt samtidig som du som forelder kan dekke pent. Produktet er laget av et akryl som er b\u00e5de slitesterkt og barnevennlig. P\u00e5 glasset sitter et fint trykk med motivet av Deers [&hellip;]\" \/>\n<meta property=\"og:url\" content=\"https:\/\/babylove.se\/no\/produkt\/done-by-deer-yummi-mini-glass-rosa\/\" \/>\n<meta property=\"og:site_name\" content=\"Babylove Norska\" \/>\n<meta property=\"article:modified_time\" content=\"2026-04-08T07:13:16+00:00\" \/>\n<meta property=\"og:image\" content=\"https:\/\/babylove.se\/no\/wp-content\/uploads\/sites\/3\/2025\/07\/59fb9af63ea5e.jpeg\" \/>\n\t<meta property=\"og:image:width\" content=\"540\" \/>\n\t<meta property=\"og:image:height\" content=\"540\" \/>\n\t<meta property=\"og:image:type\" content=\"image\/jpeg\" \/>\n<meta name=\"twitter:card\" content=\"summary_large_image\" \/>\n<meta name=\"twitter:label1\" content=\"Price\" \/>\n\t<meta name=\"twitter:data1\" content=\"39,00&nbsp;&#107;&#114;\" \/>\n\t<meta name=\"twitter:label2\" content=\"Availability\" \/>\n\t<meta name=\"twitter:data2\" content=\"Out of stock\" \/>\n<script type=\"application\/ld+json\" class=\"yoast-schema-graph\">{\"@context\":\"https:\/\/schema.org\",\"@graph\":[{\"@type\":\"WebPage\",\"@id\":\"https:\/\/babylove.se\/no\/produkt\/done-by-deer-yummi-mini-glass-rosa\/\",\"url\":\"https:\/\/babylove.se\/no\/produkt\/done-by-deer-yummi-mini-glass-rosa\/\",\"name\":\"Done by Deer yummi mini glass rosa - Babylove Norska\",\"isPartOf\":{\"@id\":\"https:\/\/babylove.se\/no\/#website\"},\"primaryImageOfPage\":{\"@id\":\"https:\/\/babylove.se\/no\/produkt\/done-by-deer-yummi-mini-glass-rosa\/#primaryimage\"},\"image\":{\"@id\":\"https:\/\/babylove.se\/no\/produkt\/done-by-deer-yummi-mini-glass-rosa\/#primaryimage\"},\"thumbnailUrl\":\"https:\/\/babylove.se\/no\/wp-content\/uploads\/sites\/3\/2025\/07\/59fb9af63ea5e.jpeg\",\"datePublished\":\"2025-07-18T19:26:34+00:00\",\"dateModified\":\"2026-04-08T07:13:16+00:00\",\"breadcrumb\":{\"@id\":\"https:\/\/babylove.se\/no\/produkt\/done-by-deer-yummi-mini-glass-rosa\/#breadcrumb\"},\"inLanguage\":\"nb-NO\",\"potentialAction\":[{\"@type\":\"ReadAction\",\"target\":[\"https:\/\/babylove.se\/no\/produkt\/done-by-deer-yummi-mini-glass-rosa\/\"]}]},{\"@type\":\"ImageObject\",\"inLanguage\":\"nb-NO\",\"@id\":\"https:\/\/babylove.se\/no\/produkt\/done-by-deer-yummi-mini-glass-rosa\/#primaryimage\",\"url\":\"https:\/\/babylove.se\/no\/wp-content\/uploads\/sites\/3\/2025\/07\/59fb9af63ea5e.jpeg\",\"contentUrl\":\"https:\/\/babylove.se\/no\/wp-content\/uploads\/sites\/3\/2025\/07\/59fb9af63ea5e.jpeg\",\"width\":540,\"height\":540},{\"@type\":\"BreadcrumbList\",\"@id\":\"https:\/\/babylove.se\/no\/produkt\/done-by-deer-yummi-mini-glass-rosa\/#breadcrumb\",\"itemListElement\":[{\"@type\":\"ListItem\",\"position\":1,\"name\":\"Hem\",\"item\":\"https:\/\/babylove.se\/no\/\"},{\"@type\":\"ListItem\",\"position\":2,\"name\":\"Butik\",\"item\":\"https:\/\/babylove.se\/no\/butik\/\"},{\"@type\":\"ListItem\",\"position\":3,\"name\":\"Done by Deer yummi mini glass rosa\"}]},{\"@type\":\"WebSite\",\"@id\":\"https:\/\/babylove.se\/no\/#website\",\"url\":\"https:\/\/babylove.se\/no\/\",\"name\":\"Babylove Norska\",\"description\":\"\",\"potentialAction\":[{\"@type\":\"SearchAction\",\"target\":{\"@type\":\"EntryPoint\",\"urlTemplate\":\"https:\/\/babylove.se\/no\/?s={search_term_string}\"},\"query-input\":{\"@type\":\"PropertyValueSpecification\",\"valueRequired\":true,\"valueName\":\"search_term_string\"}}],\"inLanguage\":\"nb-NO\"}]}<\/script>\n<meta property=\"product:brand\" content=\"Done by Deer\" \/>\n<meta property=\"product:price:amount\" content=\"39.00\" \/>\n<meta property=\"product:price:currency\" content=\"SEK\" \/>\n<meta property=\"og:availability\" content=\"out of stock\" \/>\n<meta property=\"product:availability\" content=\"out of stock\" \/>\n<meta property=\"product:retailer_item_id\" content=\"1526\" \/>\n<meta property=\"product:condition\" content=\"new\" \/>\n<!-- \/ Yoast SEO Premium plugin. -->","yoast_head_json":{"title":"Done by Deer yummi mini glass rosa - Babylove Norska","robots":{"index":"noindex","follow":"follow","max-snippet":"max-snippet:-1","max-image-preview":"max-image-preview:large","max-video-preview":"max-video-preview:-1"},"og_locale":"nb_NO","og_type":"article","og_title":"Done by Deer yummi mini glass rosa","og_description":"Et smart og fint produkt som er helt tilpasset barna. Glem alle billige plastkopper fra store varehus, med disse miniglassene vil barnet ditt drikke enkelt samtidig som du som forelder kan dekke pent. Produktet er laget av et akryl som er b\u00e5de slitesterkt og barnevennlig. P\u00e5 glasset sitter et fint trykk med motivet av Deers [&hellip;]","og_url":"https:\/\/babylove.se\/no\/produkt\/done-by-deer-yummi-mini-glass-rosa\/","og_site_name":"Babylove Norska","article_modified_time":"2026-04-08T07:13:16+00:00","og_image":[{"width":540,"height":540,"url":"https:\/\/babylove.se\/no\/wp-content\/uploads\/sites\/3\/2025\/07\/59fb9af63ea5e.jpeg","type":"image\/jpeg"}],"twitter_card":"summary_large_image","twitter_misc":{"Price":"39,00&nbsp;&#107;&#114;","Availability":"Out of stock"},"schema":{"@context":"https:\/\/schema.org","@graph":[{"@type":"WebPage","@id":"https:\/\/babylove.se\/no\/produkt\/done-by-deer-yummi-mini-glass-rosa\/","url":"https:\/\/babylove.se\/no\/produkt\/done-by-deer-yummi-mini-glass-rosa\/","name":"Done by Deer yummi mini glass rosa - Babylove Norska","isPartOf":{"@id":"https:\/\/babylove.se\/no\/#website"},"primaryImageOfPage":{"@id":"https:\/\/babylove.se\/no\/produkt\/done-by-deer-yummi-mini-glass-rosa\/#primaryimage"},"image":{"@id":"https:\/\/babylove.se\/no\/produkt\/done-by-deer-yummi-mini-glass-rosa\/#primaryimage"},"thumbnailUrl":"https:\/\/babylove.se\/no\/wp-content\/uploads\/sites\/3\/2025\/07\/59fb9af63ea5e.jpeg","datePublished":"2025-07-18T19:26:34+00:00","dateModified":"2026-04-08T07:13:16+00:00","breadcrumb":{"@id":"https:\/\/babylove.se\/no\/produkt\/done-by-deer-yummi-mini-glass-rosa\/#breadcrumb"},"inLanguage":"nb-NO","potentialAction":[{"@type":"ReadAction","target":["https:\/\/babylove.se\/no\/produkt\/done-by-deer-yummi-mini-glass-rosa\/"]}]},{"@type":"ImageObject","inLanguage":"nb-NO","@id":"https:\/\/babylove.se\/no\/produkt\/done-by-deer-yummi-mini-glass-rosa\/#primaryimage","url":"https:\/\/babylove.se\/no\/wp-content\/uploads\/sites\/3\/2025\/07\/59fb9af63ea5e.jpeg","contentUrl":"https:\/\/babylove.se\/no\/wp-content\/uploads\/sites\/3\/2025\/07\/59fb9af63ea5e.jpeg","width":540,"height":540},{"@type":"BreadcrumbList","@id":"https:\/\/babylove.se\/no\/produkt\/done-by-deer-yummi-mini-glass-rosa\/#breadcrumb","itemListElement":[{"@type":"ListItem","position":1,"name":"Hem","item":"https:\/\/babylove.se\/no\/"},{"@type":"ListItem","position":2,"name":"Butik","item":"https:\/\/babylove.se\/no\/butik\/"},{"@type":"ListItem","position":3,"name":"Done by Deer yummi mini glass rosa"}]},{"@type":"WebSite","@id":"https:\/\/babylove.se\/no\/#website","url":"https:\/\/babylove.se\/no\/","name":"Babylove Norska","description":"","potentialAction":[{"@type":"SearchAction","target":{"@type":"EntryPoint","urlTemplate":"https:\/\/babylove.se\/no\/?s={search_term_string}"},"query-input":{"@type":"PropertyValueSpecification","valueRequired":true,"valueName":"search_term_string"}}],"inLanguage":"nb-NO"}]},"product_brand":"Done by Deer","product_price_amount":"39.00","product_price_currency":"SEK","og_availability":"out of stock","product_availability":"out of stock","product_retailer_item_id":"1526","product_condition":"new"},"_links":{"self":[{"href":"https:\/\/babylove.se\/no\/wp-json\/wp\/v2\/product\/4991","targetHints":{"allow":["GET"]}}],"collection":[{"href":"https:\/\/babylove.se\/no\/wp-json\/wp\/v2\/product"}],"about":[{"href":"https:\/\/babylove.se\/no\/wp-json\/wp\/v2\/types\/product"}],"replies":[{"embeddable":true,"href":"https:\/\/babylove.se\/no\/wp-json\/wp\/v2\/comments?post=4991"}],"wp:featuredmedia":[{"embeddable":true,"href":"https:\/\/babylove.se\/no\/wp-json\/wp\/v2\/media\/4993"}],"wp:attachment":[{"href":"https:\/\/babylove.se\/no\/wp-json\/wp\/v2\/media?parent=4991"}],"wp:term":[{"taxonomy":"product_brand","embeddable":true,"href":"https:\/\/babylove.se\/no\/wp-json\/wp\/v2\/product_brand?post=4991"},{"taxonomy":"product_cat","embeddable":true,"href":"https:\/\/babylove.se\/no\/wp-json\/wp\/v2\/product_cat?post=4991"},{"taxonomy":"product_tag","embeddable":true,"href":"https:\/\/babylove.se\/no\/wp-json\/wp\/v2\/product_tag?post=4991"}],"curies":[{"name":"wp","href":"https:\/\/api.w.org\/{rel}","templated":true}]}}