{"id":49918,"date":"2025-07-19T11:14:09","date_gmt":"2025-07-19T10:14:09","guid":{"rendered":"https:\/\/babylove.se\/produkt\/babylove-vaggklistermarke-cirkustak-dusty-pink\/"},"modified":"2026-04-08T13:18:12","modified_gmt":"2026-04-08T12:18:12","slug":"babylove-vugge-klistremerke-sirkustak-dusty-pink","status":"publish","type":"product","link":"https:\/\/babylove.se\/no\/produkt\/babylove-vugge-klistremerke-sirkustak-dusty-pink\/","title":{"rendered":"Babylove, veggklistremerke Sirkustak dusty pink"},"content":{"rendered":"<p>En eventyrlig samling veggklistremerker med sirkustema! \\n \\nMed disse kan du dekorere ditt barns rom med sirkustelt og skape masse lek! \\n \\nVeggklistremerker i et barnerom er en enkel m\u00e5te \u00e5 dekorere f.eks. ditt favorittmyskrok eller et kjedelig omr\u00e5de ved siden av en seng eller et skrivebord. \\n<\/p>\n<ul> \\n \\t<\/p>\n<li>Trykt med blekk trygt for barn p\u00e5 matt h\u00f8ykvalitetsfolie<\/li>\n<p> \\n \\t<\/p>\n<li>Skj\u00e6res ut med kontur<\/li>\n<p> \\n \\t<\/p>\n<li>Selvklebende &#8211; har et lag med lim<\/li>\n<p> \\n \\t<\/p>\n<li>Du setter dem selv i din egen komposisjon p\u00e5 veggen<\/li>\n<p> \\n \\t<\/p>\n<li>De kan enkelt rengj\u00f8res med en lett fuktig svamp eller en klut<\/li>\n<p> \\n<\/ul>\n<p> \\nM\u00e5l: Finnes i to st\u00f8rrelser: \\n<\/p>\n<ul> \\n \\t<\/p>\n<li><strong>M &#8211;<\/strong> Telt: 50 x 70 cm. Flagg: 11 x 18 cm.<\/li>\n<p> \\n \\t<\/p>\n<li><strong>L <\/strong>&#8211; Telt: 86 x 120 cm. Flagg: 19 x 30 cm.<\/li>\n<p> \\n<\/ul>\n<p> \\n<em>OBS! S\u00f8rg for at overflaten er t\u00f8rr og avfettet f\u00f8r du setter opp veggklistremerket. Fungerer ikke p\u00e5 ujevne vegger\/overflater. Klistremerkene er heller ikke egnet for vegger med en grov overflate eller hvis de er malt med lateksmaling eller tapetsert. Veggklistremerkene m\u00e5 v\u00e6re flate og ofte ligge og rettes ut minst 24 timer etter man har tatt dem ut fra emballasjen f\u00f8r man kan sette dem opp p\u00e5 veggen.<\/em> \\n \\nDesigner: <a href=\"https:\/\/babylove.se\/varumarken\/babylove\">Babylove<\/a><\/p>\n","protected":false},"excerpt":{"rendered":"<p>En eventyrlig samling veggklistremerker med sirkustema! \\n \\nMed disse kan du dekorere ditt barns rom med sirkustelt og skape masse lek! \\n \\nVeggklistremerker i et barnerom er en enkel m\u00e5te \u00e5 dekorere f.eks. ditt favorittmyskrok eller et kjedelig omr\u00e5de ved siden av en seng eller et skrivebord. \\n \\n \\t Trykt med blekk trygt for [&hellip;]<\/p>\n","protected":false},"featured_media":49920,"comment_status":"open","ping_status":"closed","template":"","meta":{"_acf_changed":false},"product_brand":[22],"product_cat":[84,270,24],"product_tag":[1709],"class_list":{"0":"post-49918","1":"product","2":"type-product","3":"status-publish","4":"has-post-thumbnail","6":"product_brand-babylove","7":"product_cat-babylove","8":"product_cat-sirkus","9":"product_cat-veggklistremerker","10":"product_tag-utforsalg","11":"pa_storlek-l","12":"pa_storlek-m","14":"first","15":"instock","16":"taxable","17":"shipping-taxable","18":"purchasable","19":"product-type-variable"},"acf":[],"yoast_head":"<!-- This site is optimized with the Yoast SEO Premium plugin v25.8 (Yoast SEO v27.2) - https:\/\/yoast.com\/product\/yoast-seo-premium-wordpress\/ -->\n<title>Babylove, veggklistremerke Sirkustak dusty pink - Babylove Norska<\/title>\n<meta name=\"robots\" content=\"noindex, follow, max-snippet:-1, max-image-preview:large, max-video-preview:-1\" \/>\n<meta property=\"og:locale\" content=\"nb_NO\" \/>\n<meta property=\"og:type\" content=\"article\" \/>\n<meta property=\"og:title\" content=\"Babylove, veggklistremerke Sirkustak dusty pink\" \/>\n<meta property=\"og:description\" content=\"En eventyrlig samling veggklistremerker med sirkustema! n nMed disse kan du dekorere ditt barns rom med sirkustelt og skape masse lek! n nVeggklistremerker i et barnerom er en enkel m\u00e5te \u00e5 dekorere f.eks. ditt favorittmyskrok eller et kjedelig omr\u00e5de ved siden av en seng eller et skrivebord. n n t Trykt med blekk trygt for [&hellip;]\" \/>\n<meta property=\"og:url\" content=\"https:\/\/babylove.se\/no\/produkt\/babylove-vugge-klistremerke-sirkustak-dusty-pink\/\" \/>\n<meta property=\"og:site_name\" content=\"Babylove Norska\" \/>\n<meta property=\"article:modified_time\" content=\"2026-04-08T12:18:12+00:00\" \/>\n<meta property=\"og:image\" content=\"https:\/\/babylove.se\/no\/wp-content\/uploads\/sites\/3\/2025\/07\/63e5fbe5e5fc3.jpeg\" \/>\n\t<meta property=\"og:image:width\" content=\"819\" \/>\n\t<meta property=\"og:image:height\" content=\"712\" \/>\n\t<meta property=\"og:image:type\" content=\"image\/jpeg\" \/>\n<meta name=\"twitter:card\" content=\"summary_large_image\" \/>\n<meta name=\"twitter:label1\" content=\"Availability\" \/>\n\t<meta name=\"twitter:data1\" content=\"In stock\" \/>\n<script type=\"application\/ld+json\" class=\"yoast-schema-graph\">{\"@context\":\"https:\/\/schema.org\",\"@graph\":[{\"@type\":\"WebPage\",\"@id\":\"https:\/\/babylove.se\/no\/produkt\/babylove-vugge-klistremerke-sirkustak-dusty-pink\/\",\"url\":\"https:\/\/babylove.se\/no\/produkt\/babylove-vugge-klistremerke-sirkustak-dusty-pink\/\",\"name\":\"Babylove, veggklistremerke Sirkustak dusty pink - Babylove Norska\",\"isPartOf\":{\"@id\":\"https:\/\/babylove.se\/no\/#website\"},\"primaryImageOfPage\":{\"@id\":\"https:\/\/babylove.se\/no\/produkt\/babylove-vugge-klistremerke-sirkustak-dusty-pink\/#primaryimage\"},\"image\":{\"@id\":\"https:\/\/babylove.se\/no\/produkt\/babylove-vugge-klistremerke-sirkustak-dusty-pink\/#primaryimage\"},\"thumbnailUrl\":\"https:\/\/babylove.se\/no\/wp-content\/uploads\/sites\/3\/2025\/07\/63e5fbe5e5fc3.jpeg\",\"datePublished\":\"2025-07-19T10:14:09+00:00\",\"dateModified\":\"2026-04-08T12:18:12+00:00\",\"breadcrumb\":{\"@id\":\"https:\/\/babylove.se\/no\/produkt\/babylove-vugge-klistremerke-sirkustak-dusty-pink\/#breadcrumb\"},\"inLanguage\":\"nb-NO\",\"potentialAction\":[{\"@type\":\"ReadAction\",\"target\":[\"https:\/\/babylove.se\/no\/produkt\/babylove-vugge-klistremerke-sirkustak-dusty-pink\/\"]}]},{\"@type\":\"ImageObject\",\"inLanguage\":\"nb-NO\",\"@id\":\"https:\/\/babylove.se\/no\/produkt\/babylove-vugge-klistremerke-sirkustak-dusty-pink\/#primaryimage\",\"url\":\"https:\/\/babylove.se\/no\/wp-content\/uploads\/sites\/3\/2025\/07\/63e5fbe5e5fc3.jpeg\",\"contentUrl\":\"https:\/\/babylove.se\/no\/wp-content\/uploads\/sites\/3\/2025\/07\/63e5fbe5e5fc3.jpeg\",\"width\":819,\"height\":712},{\"@type\":\"BreadcrumbList\",\"@id\":\"https:\/\/babylove.se\/no\/produkt\/babylove-vugge-klistremerke-sirkustak-dusty-pink\/#breadcrumb\",\"itemListElement\":[{\"@type\":\"ListItem\",\"position\":1,\"name\":\"Hem\",\"item\":\"https:\/\/babylove.se\/no\/\"},{\"@type\":\"ListItem\",\"position\":2,\"name\":\"Butik\",\"item\":\"https:\/\/babylove.se\/no\/butik\/\"},{\"@type\":\"ListItem\",\"position\":3,\"name\":\"Babylove, veggklistremerke Sirkustak dusty pink\"}]},{\"@type\":\"WebSite\",\"@id\":\"https:\/\/babylove.se\/no\/#website\",\"url\":\"https:\/\/babylove.se\/no\/\",\"name\":\"Babylove Norska\",\"description\":\"\",\"potentialAction\":[{\"@type\":\"SearchAction\",\"target\":{\"@type\":\"EntryPoint\",\"urlTemplate\":\"https:\/\/babylove.se\/no\/?s={search_term_string}\"},\"query-input\":{\"@type\":\"PropertyValueSpecification\",\"valueRequired\":true,\"valueName\":\"search_term_string\"}}],\"inLanguage\":\"nb-NO\"}]}<\/script>\n<meta property=\"product:brand\" content=\"Babylove\" \/>\n<meta property=\"og:availability\" content=\"instock\" \/>\n<meta property=\"product:availability\" content=\"instock\" \/>\n<meta property=\"product:retailer_item_id\" content=\"DD0000Cirkustak_dusty_pink\" \/>\n<meta property=\"product:condition\" content=\"new\" \/>\n<!-- \/ Yoast SEO Premium plugin. -->","yoast_head_json":{"title":"Babylove, veggklistremerke Sirkustak dusty pink - Babylove Norska","robots":{"index":"noindex","follow":"follow","max-snippet":"max-snippet:-1","max-image-preview":"max-image-preview:large","max-video-preview":"max-video-preview:-1"},"og_locale":"nb_NO","og_type":"article","og_title":"Babylove, veggklistremerke Sirkustak dusty pink","og_description":"En eventyrlig samling veggklistremerker med sirkustema! n nMed disse kan du dekorere ditt barns rom med sirkustelt og skape masse lek! n nVeggklistremerker i et barnerom er en enkel m\u00e5te \u00e5 dekorere f.eks. ditt favorittmyskrok eller et kjedelig omr\u00e5de ved siden av en seng eller et skrivebord. n n t Trykt med blekk trygt for [&hellip;]","og_url":"https:\/\/babylove.se\/no\/produkt\/babylove-vugge-klistremerke-sirkustak-dusty-pink\/","og_site_name":"Babylove Norska","article_modified_time":"2026-04-08T12:18:12+00:00","og_image":[{"width":819,"height":712,"url":"https:\/\/babylove.se\/no\/wp-content\/uploads\/sites\/3\/2025\/07\/63e5fbe5e5fc3.jpeg","type":"image\/jpeg"}],"twitter_card":"summary_large_image","twitter_misc":{"Availability":"In stock"},"schema":{"@context":"https:\/\/schema.org","@graph":[{"@type":"WebPage","@id":"https:\/\/babylove.se\/no\/produkt\/babylove-vugge-klistremerke-sirkustak-dusty-pink\/","url":"https:\/\/babylove.se\/no\/produkt\/babylove-vugge-klistremerke-sirkustak-dusty-pink\/","name":"Babylove, veggklistremerke Sirkustak dusty pink - Babylove Norska","isPartOf":{"@id":"https:\/\/babylove.se\/no\/#website"},"primaryImageOfPage":{"@id":"https:\/\/babylove.se\/no\/produkt\/babylove-vugge-klistremerke-sirkustak-dusty-pink\/#primaryimage"},"image":{"@id":"https:\/\/babylove.se\/no\/produkt\/babylove-vugge-klistremerke-sirkustak-dusty-pink\/#primaryimage"},"thumbnailUrl":"https:\/\/babylove.se\/no\/wp-content\/uploads\/sites\/3\/2025\/07\/63e5fbe5e5fc3.jpeg","datePublished":"2025-07-19T10:14:09+00:00","dateModified":"2026-04-08T12:18:12+00:00","breadcrumb":{"@id":"https:\/\/babylove.se\/no\/produkt\/babylove-vugge-klistremerke-sirkustak-dusty-pink\/#breadcrumb"},"inLanguage":"nb-NO","potentialAction":[{"@type":"ReadAction","target":["https:\/\/babylove.se\/no\/produkt\/babylove-vugge-klistremerke-sirkustak-dusty-pink\/"]}]},{"@type":"ImageObject","inLanguage":"nb-NO","@id":"https:\/\/babylove.se\/no\/produkt\/babylove-vugge-klistremerke-sirkustak-dusty-pink\/#primaryimage","url":"https:\/\/babylove.se\/no\/wp-content\/uploads\/sites\/3\/2025\/07\/63e5fbe5e5fc3.jpeg","contentUrl":"https:\/\/babylove.se\/no\/wp-content\/uploads\/sites\/3\/2025\/07\/63e5fbe5e5fc3.jpeg","width":819,"height":712},{"@type":"BreadcrumbList","@id":"https:\/\/babylove.se\/no\/produkt\/babylove-vugge-klistremerke-sirkustak-dusty-pink\/#breadcrumb","itemListElement":[{"@type":"ListItem","position":1,"name":"Hem","item":"https:\/\/babylove.se\/no\/"},{"@type":"ListItem","position":2,"name":"Butik","item":"https:\/\/babylove.se\/no\/butik\/"},{"@type":"ListItem","position":3,"name":"Babylove, veggklistremerke Sirkustak dusty pink"}]},{"@type":"WebSite","@id":"https:\/\/babylove.se\/no\/#website","url":"https:\/\/babylove.se\/no\/","name":"Babylove Norska","description":"","potentialAction":[{"@type":"SearchAction","target":{"@type":"EntryPoint","urlTemplate":"https:\/\/babylove.se\/no\/?s={search_term_string}"},"query-input":{"@type":"PropertyValueSpecification","valueRequired":true,"valueName":"search_term_string"}}],"inLanguage":"nb-NO"}]},"product_brand":"Babylove","og_availability":"instock","product_availability":"instock","product_retailer_item_id":"DD0000Cirkustak_dusty_pink","product_condition":"new"},"_links":{"self":[{"href":"https:\/\/babylove.se\/no\/wp-json\/wp\/v2\/product\/49918","targetHints":{"allow":["GET"]}}],"collection":[{"href":"https:\/\/babylove.se\/no\/wp-json\/wp\/v2\/product"}],"about":[{"href":"https:\/\/babylove.se\/no\/wp-json\/wp\/v2\/types\/product"}],"replies":[{"embeddable":true,"href":"https:\/\/babylove.se\/no\/wp-json\/wp\/v2\/comments?post=49918"}],"wp:featuredmedia":[{"embeddable":true,"href":"https:\/\/babylove.se\/no\/wp-json\/wp\/v2\/media\/49920"}],"wp:attachment":[{"href":"https:\/\/babylove.se\/no\/wp-json\/wp\/v2\/media?parent=49918"}],"wp:term":[{"taxonomy":"product_brand","embeddable":true,"href":"https:\/\/babylove.se\/no\/wp-json\/wp\/v2\/product_brand?post=49918"},{"taxonomy":"product_cat","embeddable":true,"href":"https:\/\/babylove.se\/no\/wp-json\/wp\/v2\/product_cat?post=49918"},{"taxonomy":"product_tag","embeddable":true,"href":"https:\/\/babylove.se\/no\/wp-json\/wp\/v2\/product_tag?post=49918"}],"curies":[{"name":"wp","href":"https:\/\/api.w.org\/{rel}","templated":true}]}}