{"id":50059,"date":"2025-07-19T11:15:35","date_gmt":"2025-07-19T10:15:35","guid":{"rendered":"https:\/\/babylove.se\/produkt\/nattlampa-till-barnrummet-kanin-guld\/"},"modified":"2026-04-08T13:19:07","modified_gmt":"2026-04-08T12:19:07","slug":"nattlampe-til-barnerommet-kanin-gull","status":"publish","type":"product","link":"https:\/\/babylove.se\/no\/produkt\/nattlampe-til-barnerommet-kanin-gull\/","title":{"rendered":"Nattlampe til barnerommet, Kanin gull"},"content":{"rendered":"<p>Sjarmerende lampe i form av en kanin som l\u00f8fter innredningen i barnerommet samtidig som den fungerer som en perfekt nattlampe for ditt barn<\/p>\n<p>De sm\u00e5 lyskildene gir et meget behagelig lys i barnerommet som bidrar til at ditt barn f\u00f8ler seg trygt. Lampen passer perfekt n\u00e5r barnet skal lese en godnatbok eller legges.&nbsp;<\/p>\n<p><strong>Info<\/strong>:<\/p>\n<ul>\n<li>St\u00f8rrelse: 36 x 45<span>&nbsp;cm. Kabellengde 300 cm.<\/span><\/li>\n<li>100 LED-lamper<\/li>\n<li>Lyskildens farge: varmhvit<\/li>\n<li>Dimmer<\/li>\n<li>4 lysniv\u00e5er \u00e5 velge mellom &#8211; 100%, 75%, 50% og 25%<\/li>\n<li>Brenntid: ca 7000 timer<\/li>\n<li>Totaleffekt: 1,5 W<\/li>\n<li>CE-sertifisert<\/li>\n<\/ul>\n<p><strong>Material<\/strong>: st\u00e5ltr\u00e5d<\/p>\n<p><em>Obs! Kun for innend\u00f8rs bruk.&nbsp;<\/em><\/p>\n","protected":false},"excerpt":{"rendered":"<p>Sjarmerende lampe i form av en kanin som l\u00f8fter innredningen i barnerommet samtidig som den fungerer som en perfekt nattlampe for ditt barn De sm\u00e5 lyskildene gir et meget behagelig lys i barnerommet som bidrar til at ditt barn f\u00f8ler seg trygt. Lampen passer perfekt n\u00e5r barnet skal lese en godnatbok eller legges.&nbsp; Info: St\u00f8rrelse: [&hellip;]<\/p>\n","protected":false},"featured_media":50061,"comment_status":"closed","ping_status":"open","template":"","meta":{"_acf_changed":false},"product_brand":[810],"product_cat":[90,1548,179,37],"product_tag":[],"class_list":{"0":"post-50059","1":"product","2":"type-product","3":"status-publish","4":"has-post-thumbnail","6":"product_brand-jollein","7":"product_cat-dyr","8":"product_cat-lights-dreams","9":"product_cat-nattlamper","10":"product_cat-vegglamper","12":"first","13":"outofstock","14":"taxable","15":"shipping-taxable","16":"purchasable","17":"product-type-simple"},"acf":[],"yoast_head":"<!-- This site is optimized with the Yoast SEO Premium plugin v25.8 (Yoast SEO v27.2) - https:\/\/yoast.com\/product\/yoast-seo-premium-wordpress\/ -->\n<title>Nattlampe til barnerommet, Kanin gull - Babylove Norska<\/title>\n<meta name=\"robots\" content=\"noindex, follow, max-snippet:-1, max-image-preview:large, max-video-preview:-1\" \/>\n<meta property=\"og:locale\" content=\"nb_NO\" \/>\n<meta property=\"og:type\" content=\"article\" \/>\n<meta property=\"og:title\" content=\"Nattlampe til barnerommet, Kanin gull\" \/>\n<meta property=\"og:description\" content=\"Sjarmerende lampe i form av en kanin som l\u00f8fter innredningen i barnerommet samtidig som den fungerer som en perfekt nattlampe for ditt barn De sm\u00e5 lyskildene gir et meget behagelig lys i barnerommet som bidrar til at ditt barn f\u00f8ler seg trygt. Lampen passer perfekt n\u00e5r barnet skal lese en godnatbok eller legges.&nbsp; Info: St\u00f8rrelse: [&hellip;]\" \/>\n<meta property=\"og:url\" content=\"https:\/\/babylove.se\/no\/produkt\/nattlampe-til-barnerommet-kanin-gull\/\" \/>\n<meta property=\"og:site_name\" content=\"Babylove Norska\" \/>\n<meta property=\"article:modified_time\" content=\"2026-04-08T12:19:07+00:00\" \/>\n<meta property=\"og:image\" content=\"https:\/\/babylove.se\/no\/wp-content\/uploads\/sites\/3\/2025\/07\/63ef4a7725251.jpeg\" \/>\n\t<meta property=\"og:image:width\" content=\"646\" \/>\n\t<meta property=\"og:image:height\" content=\"646\" \/>\n\t<meta property=\"og:image:type\" content=\"image\/jpeg\" \/>\n<meta name=\"twitter:card\" content=\"summary_large_image\" \/>\n<meta name=\"twitter:label1\" content=\"Price\" \/>\n\t<meta name=\"twitter:data1\" content=\"799,00&nbsp;&#107;&#114;\" \/>\n\t<meta name=\"twitter:label2\" content=\"Availability\" \/>\n\t<meta name=\"twitter:data2\" content=\"Out of stock\" \/>\n<script type=\"application\/ld+json\" class=\"yoast-schema-graph\">{\"@context\":\"https:\/\/schema.org\",\"@graph\":[{\"@type\":\"WebPage\",\"@id\":\"https:\/\/babylove.se\/no\/produkt\/nattlampe-til-barnerommet-kanin-gull\/\",\"url\":\"https:\/\/babylove.se\/no\/produkt\/nattlampe-til-barnerommet-kanin-gull\/\",\"name\":\"Nattlampe til barnerommet, Kanin gull - Babylove Norska\",\"isPartOf\":{\"@id\":\"https:\/\/babylove.se\/no\/#website\"},\"primaryImageOfPage\":{\"@id\":\"https:\/\/babylove.se\/no\/produkt\/nattlampe-til-barnerommet-kanin-gull\/#primaryimage\"},\"image\":{\"@id\":\"https:\/\/babylove.se\/no\/produkt\/nattlampe-til-barnerommet-kanin-gull\/#primaryimage\"},\"thumbnailUrl\":\"https:\/\/babylove.se\/no\/wp-content\/uploads\/sites\/3\/2025\/07\/63ef4a7725251.jpeg\",\"datePublished\":\"2025-07-19T10:15:35+00:00\",\"dateModified\":\"2026-04-08T12:19:07+00:00\",\"breadcrumb\":{\"@id\":\"https:\/\/babylove.se\/no\/produkt\/nattlampe-til-barnerommet-kanin-gull\/#breadcrumb\"},\"inLanguage\":\"nb-NO\",\"potentialAction\":[{\"@type\":\"ReadAction\",\"target\":[\"https:\/\/babylove.se\/no\/produkt\/nattlampe-til-barnerommet-kanin-gull\/\"]}]},{\"@type\":\"ImageObject\",\"inLanguage\":\"nb-NO\",\"@id\":\"https:\/\/babylove.se\/no\/produkt\/nattlampe-til-barnerommet-kanin-gull\/#primaryimage\",\"url\":\"https:\/\/babylove.se\/no\/wp-content\/uploads\/sites\/3\/2025\/07\/63ef4a7725251.jpeg\",\"contentUrl\":\"https:\/\/babylove.se\/no\/wp-content\/uploads\/sites\/3\/2025\/07\/63ef4a7725251.jpeg\",\"width\":646,\"height\":646},{\"@type\":\"BreadcrumbList\",\"@id\":\"https:\/\/babylove.se\/no\/produkt\/nattlampe-til-barnerommet-kanin-gull\/#breadcrumb\",\"itemListElement\":[{\"@type\":\"ListItem\",\"position\":1,\"name\":\"Hem\",\"item\":\"https:\/\/babylove.se\/no\/\"},{\"@type\":\"ListItem\",\"position\":2,\"name\":\"Butik\",\"item\":\"https:\/\/babylove.se\/no\/butik\/\"},{\"@type\":\"ListItem\",\"position\":3,\"name\":\"Nattlampe til barnerommet, Kanin gull\"}]},{\"@type\":\"WebSite\",\"@id\":\"https:\/\/babylove.se\/no\/#website\",\"url\":\"https:\/\/babylove.se\/no\/\",\"name\":\"Babylove Norska\",\"description\":\"\",\"potentialAction\":[{\"@type\":\"SearchAction\",\"target\":{\"@type\":\"EntryPoint\",\"urlTemplate\":\"https:\/\/babylove.se\/no\/?s={search_term_string}\"},\"query-input\":{\"@type\":\"PropertyValueSpecification\",\"valueRequired\":true,\"valueName\":\"search_term_string\"}}],\"inLanguage\":\"nb-NO\"}]}<\/script>\n<meta property=\"product:brand\" content=\"Jollein\" \/>\n<meta property=\"product:price:amount\" content=\"799.00\" \/>\n<meta property=\"product:price:currency\" content=\"SEK\" \/>\n<meta property=\"og:availability\" content=\"out of stock\" \/>\n<meta property=\"product:availability\" content=\"out of stock\" \/>\n<meta property=\"product:retailer_item_id\" content=\"L\/DRG006\" \/>\n<meta property=\"product:condition\" content=\"new\" \/>\n<!-- \/ Yoast SEO Premium plugin. -->","yoast_head_json":{"title":"Nattlampe til barnerommet, Kanin gull - Babylove Norska","robots":{"index":"noindex","follow":"follow","max-snippet":"max-snippet:-1","max-image-preview":"max-image-preview:large","max-video-preview":"max-video-preview:-1"},"og_locale":"nb_NO","og_type":"article","og_title":"Nattlampe til barnerommet, Kanin gull","og_description":"Sjarmerende lampe i form av en kanin som l\u00f8fter innredningen i barnerommet samtidig som den fungerer som en perfekt nattlampe for ditt barn De sm\u00e5 lyskildene gir et meget behagelig lys i barnerommet som bidrar til at ditt barn f\u00f8ler seg trygt. Lampen passer perfekt n\u00e5r barnet skal lese en godnatbok eller legges.&nbsp; Info: St\u00f8rrelse: [&hellip;]","og_url":"https:\/\/babylove.se\/no\/produkt\/nattlampe-til-barnerommet-kanin-gull\/","og_site_name":"Babylove Norska","article_modified_time":"2026-04-08T12:19:07+00:00","og_image":[{"width":646,"height":646,"url":"https:\/\/babylove.se\/no\/wp-content\/uploads\/sites\/3\/2025\/07\/63ef4a7725251.jpeg","type":"image\/jpeg"}],"twitter_card":"summary_large_image","twitter_misc":{"Price":"799,00&nbsp;&#107;&#114;","Availability":"Out of stock"},"schema":{"@context":"https:\/\/schema.org","@graph":[{"@type":"WebPage","@id":"https:\/\/babylove.se\/no\/produkt\/nattlampe-til-barnerommet-kanin-gull\/","url":"https:\/\/babylove.se\/no\/produkt\/nattlampe-til-barnerommet-kanin-gull\/","name":"Nattlampe til barnerommet, Kanin gull - Babylove Norska","isPartOf":{"@id":"https:\/\/babylove.se\/no\/#website"},"primaryImageOfPage":{"@id":"https:\/\/babylove.se\/no\/produkt\/nattlampe-til-barnerommet-kanin-gull\/#primaryimage"},"image":{"@id":"https:\/\/babylove.se\/no\/produkt\/nattlampe-til-barnerommet-kanin-gull\/#primaryimage"},"thumbnailUrl":"https:\/\/babylove.se\/no\/wp-content\/uploads\/sites\/3\/2025\/07\/63ef4a7725251.jpeg","datePublished":"2025-07-19T10:15:35+00:00","dateModified":"2026-04-08T12:19:07+00:00","breadcrumb":{"@id":"https:\/\/babylove.se\/no\/produkt\/nattlampe-til-barnerommet-kanin-gull\/#breadcrumb"},"inLanguage":"nb-NO","potentialAction":[{"@type":"ReadAction","target":["https:\/\/babylove.se\/no\/produkt\/nattlampe-til-barnerommet-kanin-gull\/"]}]},{"@type":"ImageObject","inLanguage":"nb-NO","@id":"https:\/\/babylove.se\/no\/produkt\/nattlampe-til-barnerommet-kanin-gull\/#primaryimage","url":"https:\/\/babylove.se\/no\/wp-content\/uploads\/sites\/3\/2025\/07\/63ef4a7725251.jpeg","contentUrl":"https:\/\/babylove.se\/no\/wp-content\/uploads\/sites\/3\/2025\/07\/63ef4a7725251.jpeg","width":646,"height":646},{"@type":"BreadcrumbList","@id":"https:\/\/babylove.se\/no\/produkt\/nattlampe-til-barnerommet-kanin-gull\/#breadcrumb","itemListElement":[{"@type":"ListItem","position":1,"name":"Hem","item":"https:\/\/babylove.se\/no\/"},{"@type":"ListItem","position":2,"name":"Butik","item":"https:\/\/babylove.se\/no\/butik\/"},{"@type":"ListItem","position":3,"name":"Nattlampe til barnerommet, Kanin gull"}]},{"@type":"WebSite","@id":"https:\/\/babylove.se\/no\/#website","url":"https:\/\/babylove.se\/no\/","name":"Babylove Norska","description":"","potentialAction":[{"@type":"SearchAction","target":{"@type":"EntryPoint","urlTemplate":"https:\/\/babylove.se\/no\/?s={search_term_string}"},"query-input":{"@type":"PropertyValueSpecification","valueRequired":true,"valueName":"search_term_string"}}],"inLanguage":"nb-NO"}]},"product_brand":"Jollein","product_price_amount":"799.00","product_price_currency":"SEK","og_availability":"out of stock","product_availability":"out of stock","product_retailer_item_id":"L\/DRG006","product_condition":"new"},"_links":{"self":[{"href":"https:\/\/babylove.se\/no\/wp-json\/wp\/v2\/product\/50059","targetHints":{"allow":["GET"]}}],"collection":[{"href":"https:\/\/babylove.se\/no\/wp-json\/wp\/v2\/product"}],"about":[{"href":"https:\/\/babylove.se\/no\/wp-json\/wp\/v2\/types\/product"}],"replies":[{"embeddable":true,"href":"https:\/\/babylove.se\/no\/wp-json\/wp\/v2\/comments?post=50059"}],"wp:featuredmedia":[{"embeddable":true,"href":"https:\/\/babylove.se\/no\/wp-json\/wp\/v2\/media\/50061"}],"wp:attachment":[{"href":"https:\/\/babylove.se\/no\/wp-json\/wp\/v2\/media?parent=50059"}],"wp:term":[{"taxonomy":"product_brand","embeddable":true,"href":"https:\/\/babylove.se\/no\/wp-json\/wp\/v2\/product_brand?post=50059"},{"taxonomy":"product_cat","embeddable":true,"href":"https:\/\/babylove.se\/no\/wp-json\/wp\/v2\/product_cat?post=50059"},{"taxonomy":"product_tag","embeddable":true,"href":"https:\/\/babylove.se\/no\/wp-json\/wp\/v2\/product_tag?post=50059"}],"curies":[{"name":"wp","href":"https:\/\/api.w.org\/{rel}","templated":true}]}}