{"id":50110,"date":"2025-07-19T11:16:15","date_gmt":"2025-07-19T10:16:15","guid":{"rendered":"https:\/\/babylove.se\/produkt\/cam-cam-lekmatta-i-bomull-butterfly-off-white\/"},"modified":"2026-04-08T13:19:30","modified_gmt":"2026-04-08T12:19:30","slug":"cam-cam-lekematte-i-bomull-butterfly-off-white","status":"publish","type":"product","link":"https:\/\/babylove.se\/no\/produkt\/cam-cam-lekematte-i-bomull-butterfly-off-white\/","title":{"rendered":"Cam Cam, lekematte i bomull Butterfly, Off white"},"content":{"rendered":"<p>Underbar sommerfuglformet lekematte fra danske Cam Cam Copenhagen for de aller minste er en fantastisk interi\u00f8rdetalj for barnerommet <\/p>\n<p>Foruten at den er superpikk, er den ogs\u00e5 deilig myk for de sm\u00e5 f\u00f8ttene \u00e5 g\u00e5 p\u00e5. Passer ogs\u00e5 perfekt under et babygym! <\/p>\n<p>Matta er utviklet med barnenes beste i tankene. Du holder den enkelt ren da den kan vaskes i 30 grader. <\/p>\n<p><strong>St\u00f8rrelse<\/strong>: 80 x 105 cm. Tykkelse 1 cm. <\/p>\n<p><strong>Materiale<\/strong>: Ytterst: 100 % GOTS-sertifisert \u00f8kologisk bomull. Fyll: 100 % OEKO-TEX polyester. <\/p>\n<p>Designer: <a href=\"https:\/\/babylove.se\/varumarken\/cam-cam-copenhagen\">Cam Cam Copenhagen<\/a><\/p>\n","protected":false},"excerpt":{"rendered":"<p>Underbar sommerfuglformet lekematte fra danske Cam Cam Copenhagen for de aller minste er en fantastisk interi\u00f8rdetalj for barnerommet Foruten at den er superpikk, er den ogs\u00e5 deilig myk for de sm\u00e5 f\u00f8ttene \u00e5 g\u00e5 p\u00e5. Passer ogs\u00e5 perfekt under et babygym! Matta er utviklet med barnenes beste i tankene. Du holder den enkelt ren da [&hellip;]<\/p>\n","protected":false},"featured_media":50112,"comment_status":"closed","ping_status":"closed","template":"","meta":{"_acf_changed":false},"product_brand":[1024],"product_cat":[1025,52,135],"product_tag":[],"class_list":{"0":"post-50110","1":"product","2":"type-product","3":"status-publish","4":"has-post-thumbnail","6":"product_brand-cam-cam-copenhagen","7":"product_cat-cam-cam-copenhagen","8":"product_cat-lekematter","9":"product_cat-tepper","11":"first","12":"instock","13":"taxable","14":"shipping-taxable","15":"purchasable","16":"product-type-simple"},"acf":[],"yoast_head":"<!-- This site is optimized with the Yoast SEO Premium plugin v25.8 (Yoast SEO v27.2) - https:\/\/yoast.com\/product\/yoast-seo-premium-wordpress\/ -->\n<title>Cam Cam, lekematte i bomull Butterfly, Off white - Babylove Norska<\/title>\n<meta name=\"robots\" content=\"noindex, follow, max-snippet:-1, max-image-preview:large, max-video-preview:-1\" \/>\n<meta property=\"og:locale\" content=\"nb_NO\" \/>\n<meta property=\"og:type\" content=\"article\" \/>\n<meta property=\"og:title\" content=\"Cam Cam, lekematte i bomull Butterfly, Off white\" \/>\n<meta property=\"og:description\" content=\"Underbar sommerfuglformet lekematte fra danske Cam Cam Copenhagen for de aller minste er en fantastisk interi\u00f8rdetalj for barnerommet Foruten at den er superpikk, er den ogs\u00e5 deilig myk for de sm\u00e5 f\u00f8ttene \u00e5 g\u00e5 p\u00e5. Passer ogs\u00e5 perfekt under et babygym! Matta er utviklet med barnenes beste i tankene. Du holder den enkelt ren da [&hellip;]\" \/>\n<meta property=\"og:url\" content=\"https:\/\/babylove.se\/no\/produkt\/cam-cam-lekematte-i-bomull-butterfly-off-white\/\" \/>\n<meta property=\"og:site_name\" content=\"Babylove Norska\" \/>\n<meta property=\"article:modified_time\" content=\"2026-04-08T12:19:30+00:00\" \/>\n<meta property=\"og:image\" content=\"https:\/\/babylove.se\/no\/wp-content\/uploads\/sites\/3\/2025\/07\/63ef58704a460.jpeg\" \/>\n\t<meta property=\"og:image:width\" content=\"1024\" \/>\n\t<meta property=\"og:image:height\" content=\"1024\" \/>\n\t<meta property=\"og:image:type\" content=\"image\/jpeg\" \/>\n<meta name=\"twitter:card\" content=\"summary_large_image\" \/>\n<meta name=\"twitter:label1\" content=\"Price\" \/>\n\t<meta name=\"twitter:data1\" content=\"489,30&nbsp;&#107;&#114;\" \/>\n\t<meta name=\"twitter:label2\" content=\"Availability\" \/>\n\t<meta name=\"twitter:data2\" content=\"In stock\" \/>\n<script type=\"application\/ld+json\" class=\"yoast-schema-graph\">{\"@context\":\"https:\/\/schema.org\",\"@graph\":[{\"@type\":\"WebPage\",\"@id\":\"https:\/\/babylove.se\/no\/produkt\/cam-cam-lekematte-i-bomull-butterfly-off-white\/\",\"url\":\"https:\/\/babylove.se\/no\/produkt\/cam-cam-lekematte-i-bomull-butterfly-off-white\/\",\"name\":\"Cam Cam, lekematte i bomull Butterfly, Off white - Babylove Norska\",\"isPartOf\":{\"@id\":\"https:\/\/babylove.se\/no\/#website\"},\"primaryImageOfPage\":{\"@id\":\"https:\/\/babylove.se\/no\/produkt\/cam-cam-lekematte-i-bomull-butterfly-off-white\/#primaryimage\"},\"image\":{\"@id\":\"https:\/\/babylove.se\/no\/produkt\/cam-cam-lekematte-i-bomull-butterfly-off-white\/#primaryimage\"},\"thumbnailUrl\":\"https:\/\/babylove.se\/no\/wp-content\/uploads\/sites\/3\/2025\/07\/63ef58704a460.jpeg\",\"datePublished\":\"2025-07-19T10:16:15+00:00\",\"dateModified\":\"2026-04-08T12:19:30+00:00\",\"breadcrumb\":{\"@id\":\"https:\/\/babylove.se\/no\/produkt\/cam-cam-lekematte-i-bomull-butterfly-off-white\/#breadcrumb\"},\"inLanguage\":\"nb-NO\",\"potentialAction\":[{\"@type\":\"ReadAction\",\"target\":[\"https:\/\/babylove.se\/no\/produkt\/cam-cam-lekematte-i-bomull-butterfly-off-white\/\"]}]},{\"@type\":\"ImageObject\",\"inLanguage\":\"nb-NO\",\"@id\":\"https:\/\/babylove.se\/no\/produkt\/cam-cam-lekematte-i-bomull-butterfly-off-white\/#primaryimage\",\"url\":\"https:\/\/babylove.se\/no\/wp-content\/uploads\/sites\/3\/2025\/07\/63ef58704a460.jpeg\",\"contentUrl\":\"https:\/\/babylove.se\/no\/wp-content\/uploads\/sites\/3\/2025\/07\/63ef58704a460.jpeg\",\"width\":1024,\"height\":1024},{\"@type\":\"BreadcrumbList\",\"@id\":\"https:\/\/babylove.se\/no\/produkt\/cam-cam-lekematte-i-bomull-butterfly-off-white\/#breadcrumb\",\"itemListElement\":[{\"@type\":\"ListItem\",\"position\":1,\"name\":\"Hem\",\"item\":\"https:\/\/babylove.se\/no\/\"},{\"@type\":\"ListItem\",\"position\":2,\"name\":\"Butik\",\"item\":\"https:\/\/babylove.se\/no\/butik\/\"},{\"@type\":\"ListItem\",\"position\":3,\"name\":\"Cam Cam, lekematte i bomull Butterfly, Off white\"}]},{\"@type\":\"WebSite\",\"@id\":\"https:\/\/babylove.se\/no\/#website\",\"url\":\"https:\/\/babylove.se\/no\/\",\"name\":\"Babylove Norska\",\"description\":\"\",\"potentialAction\":[{\"@type\":\"SearchAction\",\"target\":{\"@type\":\"EntryPoint\",\"urlTemplate\":\"https:\/\/babylove.se\/no\/?s={search_term_string}\"},\"query-input\":{\"@type\":\"PropertyValueSpecification\",\"valueRequired\":true,\"valueName\":\"search_term_string\"}}],\"inLanguage\":\"nb-NO\"}]}<\/script>\n<meta property=\"product:brand\" content=\"Cam Cam Copenhagen\" \/>\n<meta property=\"product:price:amount\" content=\"489.30\" \/>\n<meta property=\"product:price:currency\" content=\"SEK\" \/>\n<meta property=\"og:availability\" content=\"instock\" \/>\n<meta property=\"product:availability\" content=\"instock\" \/>\n<meta property=\"product:retailer_item_id\" content=\"677-21-000-WW\" \/>\n<meta property=\"product:condition\" content=\"new\" \/>\n<!-- \/ Yoast SEO Premium plugin. -->","yoast_head_json":{"title":"Cam Cam, lekematte i bomull Butterfly, Off white - Babylove Norska","robots":{"index":"noindex","follow":"follow","max-snippet":"max-snippet:-1","max-image-preview":"max-image-preview:large","max-video-preview":"max-video-preview:-1"},"og_locale":"nb_NO","og_type":"article","og_title":"Cam Cam, lekematte i bomull Butterfly, Off white","og_description":"Underbar sommerfuglformet lekematte fra danske Cam Cam Copenhagen for de aller minste er en fantastisk interi\u00f8rdetalj for barnerommet Foruten at den er superpikk, er den ogs\u00e5 deilig myk for de sm\u00e5 f\u00f8ttene \u00e5 g\u00e5 p\u00e5. Passer ogs\u00e5 perfekt under et babygym! Matta er utviklet med barnenes beste i tankene. Du holder den enkelt ren da [&hellip;]","og_url":"https:\/\/babylove.se\/no\/produkt\/cam-cam-lekematte-i-bomull-butterfly-off-white\/","og_site_name":"Babylove Norska","article_modified_time":"2026-04-08T12:19:30+00:00","og_image":[{"width":1024,"height":1024,"url":"https:\/\/babylove.se\/no\/wp-content\/uploads\/sites\/3\/2025\/07\/63ef58704a460.jpeg","type":"image\/jpeg"}],"twitter_card":"summary_large_image","twitter_misc":{"Price":"489,30&nbsp;&#107;&#114;","Availability":"In stock"},"schema":{"@context":"https:\/\/schema.org","@graph":[{"@type":"WebPage","@id":"https:\/\/babylove.se\/no\/produkt\/cam-cam-lekematte-i-bomull-butterfly-off-white\/","url":"https:\/\/babylove.se\/no\/produkt\/cam-cam-lekematte-i-bomull-butterfly-off-white\/","name":"Cam Cam, lekematte i bomull Butterfly, Off white - Babylove Norska","isPartOf":{"@id":"https:\/\/babylove.se\/no\/#website"},"primaryImageOfPage":{"@id":"https:\/\/babylove.se\/no\/produkt\/cam-cam-lekematte-i-bomull-butterfly-off-white\/#primaryimage"},"image":{"@id":"https:\/\/babylove.se\/no\/produkt\/cam-cam-lekematte-i-bomull-butterfly-off-white\/#primaryimage"},"thumbnailUrl":"https:\/\/babylove.se\/no\/wp-content\/uploads\/sites\/3\/2025\/07\/63ef58704a460.jpeg","datePublished":"2025-07-19T10:16:15+00:00","dateModified":"2026-04-08T12:19:30+00:00","breadcrumb":{"@id":"https:\/\/babylove.se\/no\/produkt\/cam-cam-lekematte-i-bomull-butterfly-off-white\/#breadcrumb"},"inLanguage":"nb-NO","potentialAction":[{"@type":"ReadAction","target":["https:\/\/babylove.se\/no\/produkt\/cam-cam-lekematte-i-bomull-butterfly-off-white\/"]}]},{"@type":"ImageObject","inLanguage":"nb-NO","@id":"https:\/\/babylove.se\/no\/produkt\/cam-cam-lekematte-i-bomull-butterfly-off-white\/#primaryimage","url":"https:\/\/babylove.se\/no\/wp-content\/uploads\/sites\/3\/2025\/07\/63ef58704a460.jpeg","contentUrl":"https:\/\/babylove.se\/no\/wp-content\/uploads\/sites\/3\/2025\/07\/63ef58704a460.jpeg","width":1024,"height":1024},{"@type":"BreadcrumbList","@id":"https:\/\/babylove.se\/no\/produkt\/cam-cam-lekematte-i-bomull-butterfly-off-white\/#breadcrumb","itemListElement":[{"@type":"ListItem","position":1,"name":"Hem","item":"https:\/\/babylove.se\/no\/"},{"@type":"ListItem","position":2,"name":"Butik","item":"https:\/\/babylove.se\/no\/butik\/"},{"@type":"ListItem","position":3,"name":"Cam Cam, lekematte i bomull Butterfly, Off white"}]},{"@type":"WebSite","@id":"https:\/\/babylove.se\/no\/#website","url":"https:\/\/babylove.se\/no\/","name":"Babylove Norska","description":"","potentialAction":[{"@type":"SearchAction","target":{"@type":"EntryPoint","urlTemplate":"https:\/\/babylove.se\/no\/?s={search_term_string}"},"query-input":{"@type":"PropertyValueSpecification","valueRequired":true,"valueName":"search_term_string"}}],"inLanguage":"nb-NO"}]},"product_brand":"Cam Cam Copenhagen","product_price_amount":"489.30","product_price_currency":"SEK","og_availability":"instock","product_availability":"instock","product_retailer_item_id":"677-21-000-WW","product_condition":"new"},"_links":{"self":[{"href":"https:\/\/babylove.se\/no\/wp-json\/wp\/v2\/product\/50110","targetHints":{"allow":["GET"]}}],"collection":[{"href":"https:\/\/babylove.se\/no\/wp-json\/wp\/v2\/product"}],"about":[{"href":"https:\/\/babylove.se\/no\/wp-json\/wp\/v2\/types\/product"}],"replies":[{"embeddable":true,"href":"https:\/\/babylove.se\/no\/wp-json\/wp\/v2\/comments?post=50110"}],"wp:featuredmedia":[{"embeddable":true,"href":"https:\/\/babylove.se\/no\/wp-json\/wp\/v2\/media\/50112"}],"wp:attachment":[{"href":"https:\/\/babylove.se\/no\/wp-json\/wp\/v2\/media?parent=50110"}],"wp:term":[{"taxonomy":"product_brand","embeddable":true,"href":"https:\/\/babylove.se\/no\/wp-json\/wp\/v2\/product_brand?post=50110"},{"taxonomy":"product_cat","embeddable":true,"href":"https:\/\/babylove.se\/no\/wp-json\/wp\/v2\/product_cat?post=50110"},{"taxonomy":"product_tag","embeddable":true,"href":"https:\/\/babylove.se\/no\/wp-json\/wp\/v2\/product_tag?post=50110"}],"curies":[{"name":"wp","href":"https:\/\/api.w.org\/{rel}","templated":true}]}}