{"id":50285,"date":"2025-07-19T11:17:55","date_gmt":"2025-07-19T10:17:55","guid":{"rendered":"https:\/\/babylove.se\/produkt\/telkiddo-poster-abc-print-a4\/"},"modified":"2026-04-08T13:20:51","modified_gmt":"2026-04-08T12:20:51","slug":"telkiddo-plakater-abc-trykk-a4","status":"publish","type":"product","link":"https:\/\/babylove.se\/no\/produkt\/telkiddo-plakater-abc-trykk-a4\/","title":{"rendered":"Telkiddo plakat ABC trykk, A4"},"content":{"rendered":"<p>En vidunderlig vakker plakat for barnerommet med alfabetet A &#8211; Z<span>&nbsp;<\/span>. Med disse plakatene kan du enkelt skape en unik f\u00f8lelse i barneroomsinnredningen din og barnet ditt kommer til \u00e5 elske de eventyrlige motivene.<\/p>\n<p>Trykket er laget p\u00e5 et meget h\u00f8ykvalitets papir<\/p>\n<p><strong>M\u00e5l<\/strong>: A4 format (21 x 30 cm)&nbsp;<\/p>\n<p>Designer: <a href=\"https:\/\/babylove.se\/varumarken\/tellkiddo\">Tellkiddo<\/a><\/p>\n","protected":false},"excerpt":{"rendered":"<p>En vidunderlig vakker plakat for barnerommet med alfabetet A &#8211; Z&nbsp;. Med disse plakatene kan du enkelt skape en unik f\u00f8lelse i barneroomsinnredningen din og barnet ditt kommer til \u00e5 elske de eventyrlige motivene. Trykket er laget p\u00e5 et meget h\u00f8ykvalitets papir M\u00e5l: A4 format (21 x 30 cm)&nbsp; Designer: Tellkiddo<\/p>\n","protected":false},"featured_media":50287,"comment_status":"closed","ping_status":"open","template":"","meta":{"_acf_changed":false},"product_brand":[],"product_cat":[255,127],"product_tag":[],"class_list":{"0":"post-50285","1":"product","2":"type-product","3":"status-publish","4":"has-post-thumbnail","6":"product_cat-plakater","7":"product_cat-tellkiddo","9":"first","10":"instock","11":"taxable","12":"shipping-taxable","13":"purchasable","14":"product-type-simple"},"acf":[],"yoast_head":"<!-- This site is optimized with the Yoast SEO Premium plugin v25.8 (Yoast SEO v27.2) - https:\/\/yoast.com\/product\/yoast-seo-premium-wordpress\/ -->\n<title>Telkiddo plakat ABC trykk, A4 - Babylove Norska<\/title>\n<meta name=\"robots\" content=\"noindex, follow, max-snippet:-1, max-image-preview:large, max-video-preview:-1\" \/>\n<meta property=\"og:locale\" content=\"nb_NO\" \/>\n<meta property=\"og:type\" content=\"article\" \/>\n<meta property=\"og:title\" content=\"Telkiddo plakat ABC trykk, A4\" \/>\n<meta property=\"og:description\" content=\"En vidunderlig vakker plakat for barnerommet med alfabetet A &#8211; Z&nbsp;. Med disse plakatene kan du enkelt skape en unik f\u00f8lelse i barneroomsinnredningen din og barnet ditt kommer til \u00e5 elske de eventyrlige motivene. Trykket er laget p\u00e5 et meget h\u00f8ykvalitets papir M\u00e5l: A4 format (21 x 30 cm)&nbsp; Designer: Tellkiddo\" \/>\n<meta property=\"og:url\" content=\"https:\/\/babylove.se\/no\/produkt\/telkiddo-plakater-abc-trykk-a4\/\" \/>\n<meta property=\"og:site_name\" content=\"Babylove Norska\" \/>\n<meta property=\"article:modified_time\" content=\"2026-04-08T12:20:51+00:00\" \/>\n<meta property=\"og:image\" content=\"https:\/\/babylove.se\/no\/wp-content\/uploads\/sites\/3\/2025\/07\/63f49ba9c596f.png\" \/>\n\t<meta property=\"og:image:width\" content=\"812\" \/>\n\t<meta property=\"og:image:height\" content=\"1092\" \/>\n\t<meta property=\"og:image:type\" content=\"image\/png\" \/>\n<meta name=\"twitter:card\" content=\"summary_large_image\" \/>\n<meta name=\"twitter:label1\" content=\"Price\" \/>\n\t<meta name=\"twitter:data1\" content=\"199,00&nbsp;&#107;&#114;\" \/>\n\t<meta name=\"twitter:label2\" content=\"Availability\" \/>\n\t<meta name=\"twitter:data2\" content=\"In stock\" \/>\n<script type=\"application\/ld+json\" class=\"yoast-schema-graph\">{\"@context\":\"https:\/\/schema.org\",\"@graph\":[{\"@type\":\"WebPage\",\"@id\":\"https:\/\/babylove.se\/no\/produkt\/telkiddo-plakater-abc-trykk-a4\/\",\"url\":\"https:\/\/babylove.se\/no\/produkt\/telkiddo-plakater-abc-trykk-a4\/\",\"name\":\"Telkiddo plakat ABC trykk, A4 - Babylove Norska\",\"isPartOf\":{\"@id\":\"https:\/\/babylove.se\/no\/#website\"},\"primaryImageOfPage\":{\"@id\":\"https:\/\/babylove.se\/no\/produkt\/telkiddo-plakater-abc-trykk-a4\/#primaryimage\"},\"image\":{\"@id\":\"https:\/\/babylove.se\/no\/produkt\/telkiddo-plakater-abc-trykk-a4\/#primaryimage\"},\"thumbnailUrl\":\"https:\/\/babylove.se\/no\/wp-content\/uploads\/sites\/3\/2025\/07\/63f49ba9c596f.png\",\"datePublished\":\"2025-07-19T10:17:55+00:00\",\"dateModified\":\"2026-04-08T12:20:51+00:00\",\"breadcrumb\":{\"@id\":\"https:\/\/babylove.se\/no\/produkt\/telkiddo-plakater-abc-trykk-a4\/#breadcrumb\"},\"inLanguage\":\"nb-NO\",\"potentialAction\":[{\"@type\":\"ReadAction\",\"target\":[\"https:\/\/babylove.se\/no\/produkt\/telkiddo-plakater-abc-trykk-a4\/\"]}]},{\"@type\":\"ImageObject\",\"inLanguage\":\"nb-NO\",\"@id\":\"https:\/\/babylove.se\/no\/produkt\/telkiddo-plakater-abc-trykk-a4\/#primaryimage\",\"url\":\"https:\/\/babylove.se\/no\/wp-content\/uploads\/sites\/3\/2025\/07\/63f49ba9c596f.png\",\"contentUrl\":\"https:\/\/babylove.se\/no\/wp-content\/uploads\/sites\/3\/2025\/07\/63f49ba9c596f.png\",\"width\":812,\"height\":1092},{\"@type\":\"BreadcrumbList\",\"@id\":\"https:\/\/babylove.se\/no\/produkt\/telkiddo-plakater-abc-trykk-a4\/#breadcrumb\",\"itemListElement\":[{\"@type\":\"ListItem\",\"position\":1,\"name\":\"Hem\",\"item\":\"https:\/\/babylove.se\/no\/\"},{\"@type\":\"ListItem\",\"position\":2,\"name\":\"Butik\",\"item\":\"https:\/\/babylove.se\/no\/butik\/\"},{\"@type\":\"ListItem\",\"position\":3,\"name\":\"Telkiddo plakat ABC trykk, A4\"}]},{\"@type\":\"WebSite\",\"@id\":\"https:\/\/babylove.se\/no\/#website\",\"url\":\"https:\/\/babylove.se\/no\/\",\"name\":\"Babylove Norska\",\"description\":\"\",\"potentialAction\":[{\"@type\":\"SearchAction\",\"target\":{\"@type\":\"EntryPoint\",\"urlTemplate\":\"https:\/\/babylove.se\/no\/?s={search_term_string}\"},\"query-input\":{\"@type\":\"PropertyValueSpecification\",\"valueRequired\":true,\"valueName\":\"search_term_string\"}}],\"inLanguage\":\"nb-NO\"}]}<\/script>\n<meta property=\"product:price:amount\" content=\"199.00\" \/>\n<meta property=\"product:price:currency\" content=\"SEK\" \/>\n<meta property=\"og:availability\" content=\"instock\" \/>\n<meta property=\"product:availability\" content=\"instock\" \/>\n<meta property=\"product:retailer_item_id\" content=\"A4 ABC print\" \/>\n<meta property=\"product:condition\" content=\"new\" \/>\n<!-- \/ Yoast SEO Premium plugin. -->","yoast_head_json":{"title":"Telkiddo plakat ABC trykk, A4 - Babylove Norska","robots":{"index":"noindex","follow":"follow","max-snippet":"max-snippet:-1","max-image-preview":"max-image-preview:large","max-video-preview":"max-video-preview:-1"},"og_locale":"nb_NO","og_type":"article","og_title":"Telkiddo plakat ABC trykk, A4","og_description":"En vidunderlig vakker plakat for barnerommet med alfabetet A &#8211; Z&nbsp;. Med disse plakatene kan du enkelt skape en unik f\u00f8lelse i barneroomsinnredningen din og barnet ditt kommer til \u00e5 elske de eventyrlige motivene. Trykket er laget p\u00e5 et meget h\u00f8ykvalitets papir M\u00e5l: A4 format (21 x 30 cm)&nbsp; Designer: Tellkiddo","og_url":"https:\/\/babylove.se\/no\/produkt\/telkiddo-plakater-abc-trykk-a4\/","og_site_name":"Babylove Norska","article_modified_time":"2026-04-08T12:20:51+00:00","og_image":[{"width":812,"height":1092,"url":"https:\/\/babylove.se\/no\/wp-content\/uploads\/sites\/3\/2025\/07\/63f49ba9c596f.png","type":"image\/png"}],"twitter_card":"summary_large_image","twitter_misc":{"Price":"199,00&nbsp;&#107;&#114;","Availability":"In stock"},"schema":{"@context":"https:\/\/schema.org","@graph":[{"@type":"WebPage","@id":"https:\/\/babylove.se\/no\/produkt\/telkiddo-plakater-abc-trykk-a4\/","url":"https:\/\/babylove.se\/no\/produkt\/telkiddo-plakater-abc-trykk-a4\/","name":"Telkiddo plakat ABC trykk, A4 - Babylove Norska","isPartOf":{"@id":"https:\/\/babylove.se\/no\/#website"},"primaryImageOfPage":{"@id":"https:\/\/babylove.se\/no\/produkt\/telkiddo-plakater-abc-trykk-a4\/#primaryimage"},"image":{"@id":"https:\/\/babylove.se\/no\/produkt\/telkiddo-plakater-abc-trykk-a4\/#primaryimage"},"thumbnailUrl":"https:\/\/babylove.se\/no\/wp-content\/uploads\/sites\/3\/2025\/07\/63f49ba9c596f.png","datePublished":"2025-07-19T10:17:55+00:00","dateModified":"2026-04-08T12:20:51+00:00","breadcrumb":{"@id":"https:\/\/babylove.se\/no\/produkt\/telkiddo-plakater-abc-trykk-a4\/#breadcrumb"},"inLanguage":"nb-NO","potentialAction":[{"@type":"ReadAction","target":["https:\/\/babylove.se\/no\/produkt\/telkiddo-plakater-abc-trykk-a4\/"]}]},{"@type":"ImageObject","inLanguage":"nb-NO","@id":"https:\/\/babylove.se\/no\/produkt\/telkiddo-plakater-abc-trykk-a4\/#primaryimage","url":"https:\/\/babylove.se\/no\/wp-content\/uploads\/sites\/3\/2025\/07\/63f49ba9c596f.png","contentUrl":"https:\/\/babylove.se\/no\/wp-content\/uploads\/sites\/3\/2025\/07\/63f49ba9c596f.png","width":812,"height":1092},{"@type":"BreadcrumbList","@id":"https:\/\/babylove.se\/no\/produkt\/telkiddo-plakater-abc-trykk-a4\/#breadcrumb","itemListElement":[{"@type":"ListItem","position":1,"name":"Hem","item":"https:\/\/babylove.se\/no\/"},{"@type":"ListItem","position":2,"name":"Butik","item":"https:\/\/babylove.se\/no\/butik\/"},{"@type":"ListItem","position":3,"name":"Telkiddo plakat ABC trykk, A4"}]},{"@type":"WebSite","@id":"https:\/\/babylove.se\/no\/#website","url":"https:\/\/babylove.se\/no\/","name":"Babylove Norska","description":"","potentialAction":[{"@type":"SearchAction","target":{"@type":"EntryPoint","urlTemplate":"https:\/\/babylove.se\/no\/?s={search_term_string}"},"query-input":{"@type":"PropertyValueSpecification","valueRequired":true,"valueName":"search_term_string"}}],"inLanguage":"nb-NO"}]},"product_price_amount":"199.00","product_price_currency":"SEK","og_availability":"instock","product_availability":"instock","product_retailer_item_id":"A4 ABC print","product_condition":"new"},"_links":{"self":[{"href":"https:\/\/babylove.se\/no\/wp-json\/wp\/v2\/product\/50285","targetHints":{"allow":["GET"]}}],"collection":[{"href":"https:\/\/babylove.se\/no\/wp-json\/wp\/v2\/product"}],"about":[{"href":"https:\/\/babylove.se\/no\/wp-json\/wp\/v2\/types\/product"}],"replies":[{"embeddable":true,"href":"https:\/\/babylove.se\/no\/wp-json\/wp\/v2\/comments?post=50285"}],"wp:featuredmedia":[{"embeddable":true,"href":"https:\/\/babylove.se\/no\/wp-json\/wp\/v2\/media\/50287"}],"wp:attachment":[{"href":"https:\/\/babylove.se\/no\/wp-json\/wp\/v2\/media?parent=50285"}],"wp:term":[{"taxonomy":"product_brand","embeddable":true,"href":"https:\/\/babylove.se\/no\/wp-json\/wp\/v2\/product_brand?post=50285"},{"taxonomy":"product_cat","embeddable":true,"href":"https:\/\/babylove.se\/no\/wp-json\/wp\/v2\/product_cat?post=50285"},{"taxonomy":"product_tag","embeddable":true,"href":"https:\/\/babylove.se\/no\/wp-json\/wp\/v2\/product_tag?post=50285"}],"curies":[{"name":"wp","href":"https:\/\/api.w.org\/{rel}","templated":true}]}}