{"id":50312,"date":"2025-07-19T11:18:11","date_gmt":"2025-07-19T10:18:11","guid":{"rendered":"https:\/\/babylove.se\/produkt\/22-liewood-babylift-graphic-stroke-khaki\/"},"modified":"2026-04-08T13:21:02","modified_gmt":"2026-04-08T12:21:02","slug":"22-liewood-babylift-graphic-stroke-khaki","status":"publish","type":"product","link":"https:\/\/babylove.se\/no\/produkt\/22-liewood-babylift-graphic-stroke-khaki\/","title":{"rendered":"Liewood, babylift graphic stroke khaki"},"content":{"rendered":"<p>En fin kombinasjon av babylift og babynest, kombinerer det beste fra to verdener. Med to ordentlige h\u00e5ndtak s\u00e5 kan du enkelt flytte barnet ditt p\u00e5 en god m\u00e5te, og babynestet er som kjent deilig trygt for barn \u00e5 sove i. Dette babynestet er litt mer solid enn vanlige babynest, p\u00e5 grunn av kombinasjonen at man kan bruke den som en babylift. Designen er fin for \u00e5 passe godt inn i din \u00f8vrige barneroms-innredning.<\/p>\n<p>Et utrolig smart og nyttig produkt, som dere kommer til \u00e5 f\u00e5 mye glede av.<\/p>\n<p>Trekket kan tas av og vaskes. For hvert solgte produkt plantes et tre i Zambia.<\/p>\n<p><strong>M\u00e5l<\/strong>: Innerm\u00e5l 63&#215;26 cm. Ytterm\u00e5l 84&#215;45 cm.&nbsp;<\/p>\n<p><strong>Materiale<\/strong>: Trekk i organisk bomull og fyll av polyester.&nbsp;<\/p>\n<p>Vaskes i h\u00f8yst 30 grader men kan ikke t\u00f8rketromles.<\/p>\n","protected":false},"excerpt":{"rendered":"<p>En fin kombinasjon av babylift og babynest, kombinerer det beste fra to verdener. Med to ordentlige h\u00e5ndtak s\u00e5 kan du enkelt flytte barnet ditt p\u00e5 en god m\u00e5te, og babynestet er som kjent deilig trygt for barn \u00e5 sove i. Dette babynestet er litt mer solid enn vanlige babynest, p\u00e5 grunn av kombinasjonen at man [&hellip;]<\/p>\n","protected":false},"featured_media":50314,"comment_status":"closed","ping_status":"open","template":"","meta":{"_acf_changed":false},"product_brand":[282],"product_cat":[56,283],"product_tag":[1689],"class_list":{"0":"post-50312","1":"product","2":"type-product","3":"status-publish","4":"has-post-thumbnail","6":"product_brand-liewood","7":"product_cat-babynest","8":"product_cat-liewood","9":"product_tag-bestillingsvaror","11":"first","12":"outofstock","13":"taxable","14":"shipping-taxable","15":"purchasable","16":"product-type-simple"},"acf":[],"yoast_head":"<!-- This site is optimized with the Yoast SEO Premium plugin v25.8 (Yoast SEO v27.2) - https:\/\/yoast.com\/product\/yoast-seo-premium-wordpress\/ -->\n<title>Babynest \/ Babylift \/ Fri Frakt \/ Babylove.se<\/title>\n<meta name=\"description\" content=\"Babylift och babynest fr\u00e5n Liewood - tv\u00e5 rej\u00e4la handtag s\u00e5 kan du enkelt flytta ditt barn- FRI FRAKT -KLARNA FAKTURA\" \/>\n<meta name=\"robots\" content=\"noindex, follow, max-snippet:-1, max-image-preview:large, max-video-preview:-1\" \/>\n<meta property=\"og:locale\" content=\"nb_NO\" \/>\n<meta property=\"og:type\" content=\"article\" \/>\n<meta property=\"og:title\" content=\"Liewood, babylift graphic stroke khaki\" \/>\n<meta property=\"og:description\" content=\"Babylift och babynest fr\u00e5n Liewood - tv\u00e5 rej\u00e4la handtag s\u00e5 kan du enkelt flytta ditt barn- FRI FRAKT -KLARNA FAKTURA\" \/>\n<meta property=\"og:url\" content=\"https:\/\/babylove.se\/no\/produkt\/22-liewood-babylift-graphic-stroke-khaki\/\" \/>\n<meta property=\"og:site_name\" content=\"Babylove Norska\" \/>\n<meta property=\"article:modified_time\" content=\"2026-04-08T12:21:02+00:00\" \/>\n<meta property=\"og:image\" content=\"https:\/\/babylove.se\/no\/wp-content\/uploads\/sites\/3\/2025\/07\/63f73c8e659f0.jpeg\" \/>\n\t<meta property=\"og:image:width\" content=\"700\" \/>\n\t<meta property=\"og:image:height\" content=\"700\" \/>\n\t<meta property=\"og:image:type\" content=\"image\/jpeg\" \/>\n<meta name=\"twitter:card\" content=\"summary_large_image\" \/>\n<meta name=\"twitter:label1\" content=\"Price\" \/>\n\t<meta name=\"twitter:data1\" content=\"1 099,00&nbsp;&#107;&#114;\" \/>\n\t<meta name=\"twitter:label2\" content=\"Availability\" \/>\n\t<meta name=\"twitter:data2\" content=\"Out of stock\" \/>\n<script type=\"application\/ld+json\" class=\"yoast-schema-graph\">{\"@context\":\"https:\/\/schema.org\",\"@graph\":[{\"@type\":\"WebPage\",\"@id\":\"https:\/\/babylove.se\/no\/produkt\/22-liewood-babylift-graphic-stroke-khaki\/\",\"url\":\"https:\/\/babylove.se\/no\/produkt\/22-liewood-babylift-graphic-stroke-khaki\/\",\"name\":\"Babynest \/ Babylift \/ Fri Frakt \/ Babylove.se\",\"isPartOf\":{\"@id\":\"https:\/\/babylove.se\/no\/#website\"},\"primaryImageOfPage\":{\"@id\":\"https:\/\/babylove.se\/no\/produkt\/22-liewood-babylift-graphic-stroke-khaki\/#primaryimage\"},\"image\":{\"@id\":\"https:\/\/babylove.se\/no\/produkt\/22-liewood-babylift-graphic-stroke-khaki\/#primaryimage\"},\"thumbnailUrl\":\"https:\/\/babylove.se\/no\/wp-content\/uploads\/sites\/3\/2025\/07\/63f73c8e659f0.jpeg\",\"datePublished\":\"2025-07-19T10:18:11+00:00\",\"dateModified\":\"2026-04-08T12:21:02+00:00\",\"description\":\"Babylift och babynest fr\u00e5n Liewood - tv\u00e5 rej\u00e4la handtag s\u00e5 kan du enkelt flytta ditt barn- FRI FRAKT -KLARNA FAKTURA\",\"breadcrumb\":{\"@id\":\"https:\/\/babylove.se\/no\/produkt\/22-liewood-babylift-graphic-stroke-khaki\/#breadcrumb\"},\"inLanguage\":\"nb-NO\",\"potentialAction\":[{\"@type\":\"ReadAction\",\"target\":[\"https:\/\/babylove.se\/no\/produkt\/22-liewood-babylift-graphic-stroke-khaki\/\"]}]},{\"@type\":\"ImageObject\",\"inLanguage\":\"nb-NO\",\"@id\":\"https:\/\/babylove.se\/no\/produkt\/22-liewood-babylift-graphic-stroke-khaki\/#primaryimage\",\"url\":\"https:\/\/babylove.se\/no\/wp-content\/uploads\/sites\/3\/2025\/07\/63f73c8e659f0.jpeg\",\"contentUrl\":\"https:\/\/babylove.se\/no\/wp-content\/uploads\/sites\/3\/2025\/07\/63f73c8e659f0.jpeg\",\"width\":700,\"height\":700},{\"@type\":\"BreadcrumbList\",\"@id\":\"https:\/\/babylove.se\/no\/produkt\/22-liewood-babylift-graphic-stroke-khaki\/#breadcrumb\",\"itemListElement\":[{\"@type\":\"ListItem\",\"position\":1,\"name\":\"Hem\",\"item\":\"https:\/\/babylove.se\/no\/\"},{\"@type\":\"ListItem\",\"position\":2,\"name\":\"Butik\",\"item\":\"https:\/\/babylove.se\/no\/butik\/\"},{\"@type\":\"ListItem\",\"position\":3,\"name\":\"Liewood, babylift graphic stroke khaki\"}]},{\"@type\":\"WebSite\",\"@id\":\"https:\/\/babylove.se\/no\/#website\",\"url\":\"https:\/\/babylove.se\/no\/\",\"name\":\"Babylove Norska\",\"description\":\"\",\"potentialAction\":[{\"@type\":\"SearchAction\",\"target\":{\"@type\":\"EntryPoint\",\"urlTemplate\":\"https:\/\/babylove.se\/no\/?s={search_term_string}\"},\"query-input\":{\"@type\":\"PropertyValueSpecification\",\"valueRequired\":true,\"valueName\":\"search_term_string\"}}],\"inLanguage\":\"nb-NO\"}]}<\/script>\n<meta property=\"product:brand\" content=\"Liewood\" \/>\n<meta property=\"product:price:amount\" content=\"1099.00\" \/>\n<meta property=\"product:price:currency\" content=\"SEK\" \/>\n<meta property=\"og:availability\" content=\"out of stock\" \/>\n<meta property=\"product:availability\" content=\"out of stock\" \/>\n<meta property=\"product:retailer_item_id\" content=\"LW123789790\" \/>\n<meta property=\"product:condition\" content=\"new\" \/>\n<!-- \/ Yoast SEO Premium plugin. -->","yoast_head_json":{"title":"Babynest \/ Babylift \/ Fri Frakt \/ Babylove.se","description":"Babylift och babynest fr\u00e5n Liewood - tv\u00e5 rej\u00e4la handtag s\u00e5 kan du enkelt flytta ditt barn- FRI FRAKT -KLARNA FAKTURA","robots":{"index":"noindex","follow":"follow","max-snippet":"max-snippet:-1","max-image-preview":"max-image-preview:large","max-video-preview":"max-video-preview:-1"},"og_locale":"nb_NO","og_type":"article","og_title":"Liewood, babylift graphic stroke khaki","og_description":"Babylift och babynest fr\u00e5n Liewood - tv\u00e5 rej\u00e4la handtag s\u00e5 kan du enkelt flytta ditt barn- FRI FRAKT -KLARNA FAKTURA","og_url":"https:\/\/babylove.se\/no\/produkt\/22-liewood-babylift-graphic-stroke-khaki\/","og_site_name":"Babylove Norska","article_modified_time":"2026-04-08T12:21:02+00:00","og_image":[{"width":700,"height":700,"url":"https:\/\/babylove.se\/no\/wp-content\/uploads\/sites\/3\/2025\/07\/63f73c8e659f0.jpeg","type":"image\/jpeg"}],"twitter_card":"summary_large_image","twitter_misc":{"Price":"1 099,00&nbsp;&#107;&#114;","Availability":"Out of stock"},"schema":{"@context":"https:\/\/schema.org","@graph":[{"@type":"WebPage","@id":"https:\/\/babylove.se\/no\/produkt\/22-liewood-babylift-graphic-stroke-khaki\/","url":"https:\/\/babylove.se\/no\/produkt\/22-liewood-babylift-graphic-stroke-khaki\/","name":"Babynest \/ Babylift \/ Fri Frakt \/ Babylove.se","isPartOf":{"@id":"https:\/\/babylove.se\/no\/#website"},"primaryImageOfPage":{"@id":"https:\/\/babylove.se\/no\/produkt\/22-liewood-babylift-graphic-stroke-khaki\/#primaryimage"},"image":{"@id":"https:\/\/babylove.se\/no\/produkt\/22-liewood-babylift-graphic-stroke-khaki\/#primaryimage"},"thumbnailUrl":"https:\/\/babylove.se\/no\/wp-content\/uploads\/sites\/3\/2025\/07\/63f73c8e659f0.jpeg","datePublished":"2025-07-19T10:18:11+00:00","dateModified":"2026-04-08T12:21:02+00:00","description":"Babylift och babynest fr\u00e5n Liewood - tv\u00e5 rej\u00e4la handtag s\u00e5 kan du enkelt flytta ditt barn- FRI FRAKT -KLARNA FAKTURA","breadcrumb":{"@id":"https:\/\/babylove.se\/no\/produkt\/22-liewood-babylift-graphic-stroke-khaki\/#breadcrumb"},"inLanguage":"nb-NO","potentialAction":[{"@type":"ReadAction","target":["https:\/\/babylove.se\/no\/produkt\/22-liewood-babylift-graphic-stroke-khaki\/"]}]},{"@type":"ImageObject","inLanguage":"nb-NO","@id":"https:\/\/babylove.se\/no\/produkt\/22-liewood-babylift-graphic-stroke-khaki\/#primaryimage","url":"https:\/\/babylove.se\/no\/wp-content\/uploads\/sites\/3\/2025\/07\/63f73c8e659f0.jpeg","contentUrl":"https:\/\/babylove.se\/no\/wp-content\/uploads\/sites\/3\/2025\/07\/63f73c8e659f0.jpeg","width":700,"height":700},{"@type":"BreadcrumbList","@id":"https:\/\/babylove.se\/no\/produkt\/22-liewood-babylift-graphic-stroke-khaki\/#breadcrumb","itemListElement":[{"@type":"ListItem","position":1,"name":"Hem","item":"https:\/\/babylove.se\/no\/"},{"@type":"ListItem","position":2,"name":"Butik","item":"https:\/\/babylove.se\/no\/butik\/"},{"@type":"ListItem","position":3,"name":"Liewood, babylift graphic stroke khaki"}]},{"@type":"WebSite","@id":"https:\/\/babylove.se\/no\/#website","url":"https:\/\/babylove.se\/no\/","name":"Babylove Norska","description":"","potentialAction":[{"@type":"SearchAction","target":{"@type":"EntryPoint","urlTemplate":"https:\/\/babylove.se\/no\/?s={search_term_string}"},"query-input":{"@type":"PropertyValueSpecification","valueRequired":true,"valueName":"search_term_string"}}],"inLanguage":"nb-NO"}]},"product_brand":"Liewood","product_price_amount":"1099.00","product_price_currency":"SEK","og_availability":"out of stock","product_availability":"out of stock","product_retailer_item_id":"LW123789790","product_condition":"new"},"_links":{"self":[{"href":"https:\/\/babylove.se\/no\/wp-json\/wp\/v2\/product\/50312","targetHints":{"allow":["GET"]}}],"collection":[{"href":"https:\/\/babylove.se\/no\/wp-json\/wp\/v2\/product"}],"about":[{"href":"https:\/\/babylove.se\/no\/wp-json\/wp\/v2\/types\/product"}],"replies":[{"embeddable":true,"href":"https:\/\/babylove.se\/no\/wp-json\/wp\/v2\/comments?post=50312"}],"wp:featuredmedia":[{"embeddable":true,"href":"https:\/\/babylove.se\/no\/wp-json\/wp\/v2\/media\/50314"}],"wp:attachment":[{"href":"https:\/\/babylove.se\/no\/wp-json\/wp\/v2\/media?parent=50312"}],"wp:term":[{"taxonomy":"product_brand","embeddable":true,"href":"https:\/\/babylove.se\/no\/wp-json\/wp\/v2\/product_brand?post=50312"},{"taxonomy":"product_cat","embeddable":true,"href":"https:\/\/babylove.se\/no\/wp-json\/wp\/v2\/product_cat?post=50312"},{"taxonomy":"product_tag","embeddable":true,"href":"https:\/\/babylove.se\/no\/wp-json\/wp\/v2\/product_tag?post=50312"}],"curies":[{"name":"wp","href":"https:\/\/api.w.org\/{rel}","templated":true}]}}