{"id":50525,"date":"2025-07-19T11:21:38","date_gmt":"2025-07-19T10:21:38","guid":{"rendered":"https:\/\/babylove.se\/produkt\/mjuka-skumklossar-till-barnrummet\/"},"modified":"2026-04-08T13:21:53","modified_gmt":"2026-04-08T12:21:53","slug":"myke-skumklosser-til-barnerommet","status":"publish","type":"product","link":"https:\/\/babylove.se\/no\/produkt\/myke-skumklosser-til-barnerommet\/","title":{"rendered":"Myke skumklosser til barnerommet"},"content":{"rendered":"<p>En fantastisk konstellasjon i form av myke byggeklosser som man kan sette sammen til en egen konstruksjon i hjemmet. Meget verdsatt av de sm\u00e5, da byggeleken kommer til \u00e5 bli ekstra g\u00f8y og kreativ.&nbsp;<\/p>\n<p>Klossene er selvf\u00f8lgelig myke, slik at ditt barn skal kunne ha skikkelig g\u00f8y med dem, og laget av skum med h\u00f8y motstand mot inntrykk. En bonus for deg som forelder er at de er meget enkle \u00e5 rengj\u00f8re.<\/p>\n<p>Superbra produkt som oppfordrer til fysisk aktivitet samtidig som den trener ditt barns motorikk og kreativitet!<\/p>\n<p><strong>M\u00e5l<\/strong>: Hver kloss: 14 x 14 cm. Totalt inng\u00e5r 45 klosser i forskjellige farger.&nbsp;<\/p>\n<p><strong>Materiale<\/strong>:&nbsp;<\/p>\n<ul>\n<li>Overtrekk: jerseystoff. Overtrekkene er avtagbare og lette \u00e5 vaske i 30\u00b0C<\/li>\n<li>Fylling: T2130 skum med h\u00f8y elastisitet.<\/li>\n<\/ul>\n","protected":false},"excerpt":{"rendered":"<p>En fantastisk konstellasjon i form av myke byggeklosser som man kan sette sammen til en egen konstruksjon i hjemmet. Meget verdsatt av de sm\u00e5, da byggeleken kommer til \u00e5 bli ekstra g\u00f8y og kreativ.&nbsp; Klossene er selvf\u00f8lgelig myke, slik at ditt barn skal kunne ha skikkelig g\u00f8y med dem, og laget av skum med h\u00f8y [&hellip;]<\/p>\n","protected":false},"featured_media":50527,"comment_status":"closed","ping_status":"open","template":"","meta":{"_acf_changed":false},"product_brand":[375],"product_cat":[204,376],"product_tag":[1689],"class_list":{"0":"post-50525","1":"product","2":"type-product","3":"status-publish","4":"has-post-thumbnail","6":"product_brand-pqp-ttm","7":"product_cat-motoriske-barnmobler","8":"product_cat-pp","9":"product_tag-bestillingsvaror","10":"pa_farg-vit-bla-gra","11":"pa_farg-vit-gra","12":"pa_farg-vit-gron-bla-rod-puderrosa-gra-lila","13":"pa_farg-vit-puderrosa-gra","15":"first","16":"instock","17":"taxable","18":"shipping-taxable","19":"purchasable","20":"product-type-variable"},"acf":[],"yoast_head":"<!-- This site is optimized with the Yoast SEO Premium plugin v25.8 (Yoast SEO v27.2) - https:\/\/yoast.com\/product\/yoast-seo-premium-wordpress\/ -->\n<title>Myke skumklosser til barnerommet - Babylove Norska<\/title>\n<meta name=\"robots\" content=\"noindex, follow, max-snippet:-1, max-image-preview:large, max-video-preview:-1\" \/>\n<meta property=\"og:locale\" content=\"nb_NO\" \/>\n<meta property=\"og:type\" content=\"article\" \/>\n<meta property=\"og:title\" content=\"Myke skumklosser til barnerommet\" \/>\n<meta property=\"og:description\" content=\"En fantastisk konstellasjon i form av myke byggeklosser som man kan sette sammen til en egen konstruksjon i hjemmet. Meget verdsatt av de sm\u00e5, da byggeleken kommer til \u00e5 bli ekstra g\u00f8y og kreativ.&nbsp; Klossene er selvf\u00f8lgelig myke, slik at ditt barn skal kunne ha skikkelig g\u00f8y med dem, og laget av skum med h\u00f8y [&hellip;]\" \/>\n<meta property=\"og:url\" content=\"https:\/\/babylove.se\/no\/produkt\/myke-skumklosser-til-barnerommet\/\" \/>\n<meta property=\"og:site_name\" content=\"Babylove Norska\" \/>\n<meta property=\"article:modified_time\" content=\"2026-04-08T12:21:53+00:00\" \/>\n<meta property=\"og:image\" content=\"https:\/\/babylove.se\/no\/wp-content\/uploads\/sites\/3\/2025\/07\/6401bb944a80a.jpeg\" \/>\n\t<meta property=\"og:image:width\" content=\"784\" \/>\n\t<meta property=\"og:image:height\" content=\"608\" \/>\n\t<meta property=\"og:image:type\" content=\"image\/jpeg\" \/>\n<meta name=\"twitter:card\" content=\"summary_large_image\" \/>\n<meta name=\"twitter:label1\" content=\"Availability\" \/>\n\t<meta name=\"twitter:data1\" content=\"In stock\" \/>\n<script type=\"application\/ld+json\" class=\"yoast-schema-graph\">{\"@context\":\"https:\/\/schema.org\",\"@graph\":[{\"@type\":\"WebPage\",\"@id\":\"https:\/\/babylove.se\/no\/produkt\/myke-skumklosser-til-barnerommet\/\",\"url\":\"https:\/\/babylove.se\/no\/produkt\/myke-skumklosser-til-barnerommet\/\",\"name\":\"Myke skumklosser til barnerommet - Babylove Norska\",\"isPartOf\":{\"@id\":\"https:\/\/babylove.se\/no\/#website\"},\"primaryImageOfPage\":{\"@id\":\"https:\/\/babylove.se\/no\/produkt\/myke-skumklosser-til-barnerommet\/#primaryimage\"},\"image\":{\"@id\":\"https:\/\/babylove.se\/no\/produkt\/myke-skumklosser-til-barnerommet\/#primaryimage\"},\"thumbnailUrl\":\"https:\/\/babylove.se\/no\/wp-content\/uploads\/sites\/3\/2025\/07\/6401bb944a80a.jpeg\",\"datePublished\":\"2025-07-19T10:21:38+00:00\",\"dateModified\":\"2026-04-08T12:21:53+00:00\",\"breadcrumb\":{\"@id\":\"https:\/\/babylove.se\/no\/produkt\/myke-skumklosser-til-barnerommet\/#breadcrumb\"},\"inLanguage\":\"nb-NO\",\"potentialAction\":[{\"@type\":\"ReadAction\",\"target\":[\"https:\/\/babylove.se\/no\/produkt\/myke-skumklosser-til-barnerommet\/\"]}]},{\"@type\":\"ImageObject\",\"inLanguage\":\"nb-NO\",\"@id\":\"https:\/\/babylove.se\/no\/produkt\/myke-skumklosser-til-barnerommet\/#primaryimage\",\"url\":\"https:\/\/babylove.se\/no\/wp-content\/uploads\/sites\/3\/2025\/07\/6401bb944a80a.jpeg\",\"contentUrl\":\"https:\/\/babylove.se\/no\/wp-content\/uploads\/sites\/3\/2025\/07\/6401bb944a80a.jpeg\",\"width\":784,\"height\":608},{\"@type\":\"BreadcrumbList\",\"@id\":\"https:\/\/babylove.se\/no\/produkt\/myke-skumklosser-til-barnerommet\/#breadcrumb\",\"itemListElement\":[{\"@type\":\"ListItem\",\"position\":1,\"name\":\"Hem\",\"item\":\"https:\/\/babylove.se\/no\/\"},{\"@type\":\"ListItem\",\"position\":2,\"name\":\"Butik\",\"item\":\"https:\/\/babylove.se\/no\/butik\/\"},{\"@type\":\"ListItem\",\"position\":3,\"name\":\"Myke skumklosser til barnerommet\"}]},{\"@type\":\"WebSite\",\"@id\":\"https:\/\/babylove.se\/no\/#website\",\"url\":\"https:\/\/babylove.se\/no\/\",\"name\":\"Babylove Norska\",\"description\":\"\",\"potentialAction\":[{\"@type\":\"SearchAction\",\"target\":{\"@type\":\"EntryPoint\",\"urlTemplate\":\"https:\/\/babylove.se\/no\/?s={search_term_string}\"},\"query-input\":{\"@type\":\"PropertyValueSpecification\",\"valueRequired\":true,\"valueName\":\"search_term_string\"}}],\"inLanguage\":\"nb-NO\"}]}<\/script>\n<meta property=\"product:brand\" content=\"PQP\/TTM\" \/>\n<meta property=\"og:availability\" content=\"instock\" \/>\n<meta property=\"product:availability\" content=\"instock\" \/>\n<meta property=\"product:retailer_item_id\" content=\"24275.1.3.4.5.8b.9.14\" \/>\n<meta property=\"product:condition\" content=\"new\" \/>\n<!-- \/ Yoast SEO Premium plugin. -->","yoast_head_json":{"title":"Myke skumklosser til barnerommet - Babylove Norska","robots":{"index":"noindex","follow":"follow","max-snippet":"max-snippet:-1","max-image-preview":"max-image-preview:large","max-video-preview":"max-video-preview:-1"},"og_locale":"nb_NO","og_type":"article","og_title":"Myke skumklosser til barnerommet","og_description":"En fantastisk konstellasjon i form av myke byggeklosser som man kan sette sammen til en egen konstruksjon i hjemmet. Meget verdsatt av de sm\u00e5, da byggeleken kommer til \u00e5 bli ekstra g\u00f8y og kreativ.&nbsp; Klossene er selvf\u00f8lgelig myke, slik at ditt barn skal kunne ha skikkelig g\u00f8y med dem, og laget av skum med h\u00f8y [&hellip;]","og_url":"https:\/\/babylove.se\/no\/produkt\/myke-skumklosser-til-barnerommet\/","og_site_name":"Babylove Norska","article_modified_time":"2026-04-08T12:21:53+00:00","og_image":[{"width":784,"height":608,"url":"https:\/\/babylove.se\/no\/wp-content\/uploads\/sites\/3\/2025\/07\/6401bb944a80a.jpeg","type":"image\/jpeg"}],"twitter_card":"summary_large_image","twitter_misc":{"Availability":"In stock"},"schema":{"@context":"https:\/\/schema.org","@graph":[{"@type":"WebPage","@id":"https:\/\/babylove.se\/no\/produkt\/myke-skumklosser-til-barnerommet\/","url":"https:\/\/babylove.se\/no\/produkt\/myke-skumklosser-til-barnerommet\/","name":"Myke skumklosser til barnerommet - Babylove Norska","isPartOf":{"@id":"https:\/\/babylove.se\/no\/#website"},"primaryImageOfPage":{"@id":"https:\/\/babylove.se\/no\/produkt\/myke-skumklosser-til-barnerommet\/#primaryimage"},"image":{"@id":"https:\/\/babylove.se\/no\/produkt\/myke-skumklosser-til-barnerommet\/#primaryimage"},"thumbnailUrl":"https:\/\/babylove.se\/no\/wp-content\/uploads\/sites\/3\/2025\/07\/6401bb944a80a.jpeg","datePublished":"2025-07-19T10:21:38+00:00","dateModified":"2026-04-08T12:21:53+00:00","breadcrumb":{"@id":"https:\/\/babylove.se\/no\/produkt\/myke-skumklosser-til-barnerommet\/#breadcrumb"},"inLanguage":"nb-NO","potentialAction":[{"@type":"ReadAction","target":["https:\/\/babylove.se\/no\/produkt\/myke-skumklosser-til-barnerommet\/"]}]},{"@type":"ImageObject","inLanguage":"nb-NO","@id":"https:\/\/babylove.se\/no\/produkt\/myke-skumklosser-til-barnerommet\/#primaryimage","url":"https:\/\/babylove.se\/no\/wp-content\/uploads\/sites\/3\/2025\/07\/6401bb944a80a.jpeg","contentUrl":"https:\/\/babylove.se\/no\/wp-content\/uploads\/sites\/3\/2025\/07\/6401bb944a80a.jpeg","width":784,"height":608},{"@type":"BreadcrumbList","@id":"https:\/\/babylove.se\/no\/produkt\/myke-skumklosser-til-barnerommet\/#breadcrumb","itemListElement":[{"@type":"ListItem","position":1,"name":"Hem","item":"https:\/\/babylove.se\/no\/"},{"@type":"ListItem","position":2,"name":"Butik","item":"https:\/\/babylove.se\/no\/butik\/"},{"@type":"ListItem","position":3,"name":"Myke skumklosser til barnerommet"}]},{"@type":"WebSite","@id":"https:\/\/babylove.se\/no\/#website","url":"https:\/\/babylove.se\/no\/","name":"Babylove Norska","description":"","potentialAction":[{"@type":"SearchAction","target":{"@type":"EntryPoint","urlTemplate":"https:\/\/babylove.se\/no\/?s={search_term_string}"},"query-input":{"@type":"PropertyValueSpecification","valueRequired":true,"valueName":"search_term_string"}}],"inLanguage":"nb-NO"}]},"product_brand":"PQP\/TTM","og_availability":"instock","product_availability":"instock","product_retailer_item_id":"24275.1.3.4.5.8b.9.14","product_condition":"new"},"_links":{"self":[{"href":"https:\/\/babylove.se\/no\/wp-json\/wp\/v2\/product\/50525","targetHints":{"allow":["GET"]}}],"collection":[{"href":"https:\/\/babylove.se\/no\/wp-json\/wp\/v2\/product"}],"about":[{"href":"https:\/\/babylove.se\/no\/wp-json\/wp\/v2\/types\/product"}],"replies":[{"embeddable":true,"href":"https:\/\/babylove.se\/no\/wp-json\/wp\/v2\/comments?post=50525"}],"wp:featuredmedia":[{"embeddable":true,"href":"https:\/\/babylove.se\/no\/wp-json\/wp\/v2\/media\/50527"}],"wp:attachment":[{"href":"https:\/\/babylove.se\/no\/wp-json\/wp\/v2\/media?parent=50525"}],"wp:term":[{"taxonomy":"product_brand","embeddable":true,"href":"https:\/\/babylove.se\/no\/wp-json\/wp\/v2\/product_brand?post=50525"},{"taxonomy":"product_cat","embeddable":true,"href":"https:\/\/babylove.se\/no\/wp-json\/wp\/v2\/product_cat?post=50525"},{"taxonomy":"product_tag","embeddable":true,"href":"https:\/\/babylove.se\/no\/wp-json\/wp\/v2\/product_tag?post=50525"}],"curies":[{"name":"wp","href":"https:\/\/api.w.org\/{rel}","templated":true}]}}