{"id":50537,"date":"2025-07-19T11:21:58","date_gmt":"2025-07-19T10:21:58","guid":{"rendered":"https:\/\/babylove.se\/produkt\/jupiduu-jumpspot-trampolin-utomhus-gravit\/"},"modified":"2026-04-08T13:21:56","modified_gmt":"2026-04-08T12:21:56","slug":"jupiduu-jumpspot-trampoline-utendors-gravit","status":"publish","type":"product","link":"https:\/\/babylove.se\/no\/produkt\/jupiduu-jumpspot-trampoline-utendors-gravit\/","title":{"rendered":"Jupiduu Jumpspot trampoline utend\u00f8rs gr\u00e5hvit"},"content":{"rendered":"<p>Den optimale studsmatta for utend\u00f8rsbruk, fra det popul\u00e6re tyske selskapet Jupiduu.&nbsp;<\/p>\n<p>Alle barn kommer til \u00e5 elske denne trampolinen som b\u00e5de er morsom \u00e5 studse p\u00e5 og vakker \u00e5 se p\u00e5. La barnet ditt trene opp motorikken, samtidig som det har det g\u00f8y.&nbsp;<\/p>\n<p>Anbefales fra 1,5 \u00e5r og oppover. Kan brukes av voksne da maks belastningen er 100 kg.&nbsp;<\/p>\n<p>Om vinteren bretter du enkelt sammen studsmatta for oppbevaring til utend\u00f8rsaktivitetene begynner igjen til v\u00e5ren.&nbsp;<\/p>\n<p>Trampolinen bl\u00e5ses opp med en h\u00e5ndkompressor eller sykkelpumpe ved hjelp av den medf\u00f8lgende adapteren.<\/p>\n<p><strong>M\u00e5l<\/strong>: Diameter 130 cm. H\u00f8yde 20 cm.&nbsp;<\/p>\n<p><!--[if !supportLineBreakNewLine]-->Designer: <a href=\"https:\/\/babylove.se\/varumarken\/jupiduu\">Jupiduu<\/a><\/p>\n<p><span class=\"fr-video fr-fvc fr-dvb fr-draggable fr-fvl\" contenteditable=\"false\" draggable=\"true\"><iframe src=\"\/\/player.vimeo.com\/video\/736895916\" frameborder=\"0\" allowfullscreen=\"\" style=\"width: 368px; height: 306px;\"><\/iframe><\/span><\/p>\n","protected":false},"excerpt":{"rendered":"<p>Den optimale studsmatta for utend\u00f8rsbruk, fra det popul\u00e6re tyske selskapet Jupiduu.&nbsp; Alle barn kommer til \u00e5 elske denne trampolinen som b\u00e5de er morsom \u00e5 studse p\u00e5 og vakker \u00e5 se p\u00e5. La barnet ditt trene opp motorikken, samtidig som det har det g\u00f8y.&nbsp; Anbefales fra 1,5 \u00e5r og oppover. Kan brukes av voksne da maks [&hellip;]<\/p>\n","protected":false},"featured_media":50539,"comment_status":"closed","ping_status":"open","template":"","meta":{"_acf_changed":false},"product_brand":[201],"product_cat":[202,204],"product_tag":[1689],"class_list":{"0":"post-50537","1":"product","2":"type-product","3":"status-publish","4":"has-post-thumbnail","6":"product_brand-jupiduu","7":"product_cat-jupiduu","8":"product_cat-motoriske-barnmobler","9":"product_tag-bestillingsvaror","11":"first","12":"instock","13":"taxable","14":"shipping-taxable","15":"purchasable","16":"product-type-simple"},"acf":[],"yoast_head":"<!-- This site is optimized with the Yoast SEO Premium plugin v25.8 (Yoast SEO v27.2) - https:\/\/yoast.com\/product\/yoast-seo-premium-wordpress\/ -->\n<title>Jupiduu Jumpspot trampoline utend\u00f8rs gr\u00e5hvit - Babylove Norska<\/title>\n<meta name=\"robots\" content=\"noindex, follow, max-snippet:-1, max-image-preview:large, max-video-preview:-1\" \/>\n<meta property=\"og:locale\" content=\"nb_NO\" \/>\n<meta property=\"og:type\" content=\"article\" \/>\n<meta property=\"og:title\" content=\"Jupiduu Jumpspot trampoline utend\u00f8rs gr\u00e5hvit\" \/>\n<meta property=\"og:description\" content=\"Den optimale studsmatta for utend\u00f8rsbruk, fra det popul\u00e6re tyske selskapet Jupiduu.&nbsp; Alle barn kommer til \u00e5 elske denne trampolinen som b\u00e5de er morsom \u00e5 studse p\u00e5 og vakker \u00e5 se p\u00e5. La barnet ditt trene opp motorikken, samtidig som det har det g\u00f8y.&nbsp; Anbefales fra 1,5 \u00e5r og oppover. Kan brukes av voksne da maks [&hellip;]\" \/>\n<meta property=\"og:url\" content=\"https:\/\/babylove.se\/no\/produkt\/jupiduu-jumpspot-trampoline-utendors-gravit\/\" \/>\n<meta property=\"og:site_name\" content=\"Babylove Norska\" \/>\n<meta property=\"article:modified_time\" content=\"2026-04-08T12:21:56+00:00\" \/>\n<meta property=\"og:image\" content=\"https:\/\/babylove.se\/no\/wp-content\/uploads\/sites\/3\/2025\/07\/640adc0c80ee1.jpeg\" \/>\n\t<meta property=\"og:image:width\" content=\"608\" \/>\n\t<meta property=\"og:image:height\" content=\"608\" \/>\n\t<meta property=\"og:image:type\" content=\"image\/jpeg\" \/>\n<meta name=\"twitter:card\" content=\"summary_large_image\" \/>\n<meta name=\"twitter:label1\" content=\"Price\" \/>\n\t<meta name=\"twitter:data1\" content=\"3 999,00&nbsp;&#107;&#114;\" \/>\n\t<meta name=\"twitter:label2\" content=\"Availability\" \/>\n\t<meta name=\"twitter:data2\" content=\"In stock\" \/>\n<script type=\"application\/ld+json\" class=\"yoast-schema-graph\">{\"@context\":\"https:\/\/schema.org\",\"@graph\":[{\"@type\":\"WebPage\",\"@id\":\"https:\/\/babylove.se\/no\/produkt\/jupiduu-jumpspot-trampoline-utendors-gravit\/\",\"url\":\"https:\/\/babylove.se\/no\/produkt\/jupiduu-jumpspot-trampoline-utendors-gravit\/\",\"name\":\"Jupiduu Jumpspot trampoline utend\u00f8rs gr\u00e5hvit - Babylove Norska\",\"isPartOf\":{\"@id\":\"https:\/\/babylove.se\/no\/#website\"},\"primaryImageOfPage\":{\"@id\":\"https:\/\/babylove.se\/no\/produkt\/jupiduu-jumpspot-trampoline-utendors-gravit\/#primaryimage\"},\"image\":{\"@id\":\"https:\/\/babylove.se\/no\/produkt\/jupiduu-jumpspot-trampoline-utendors-gravit\/#primaryimage\"},\"thumbnailUrl\":\"https:\/\/babylove.se\/no\/wp-content\/uploads\/sites\/3\/2025\/07\/640adc0c80ee1.jpeg\",\"datePublished\":\"2025-07-19T10:21:58+00:00\",\"dateModified\":\"2026-04-08T12:21:56+00:00\",\"breadcrumb\":{\"@id\":\"https:\/\/babylove.se\/no\/produkt\/jupiduu-jumpspot-trampoline-utendors-gravit\/#breadcrumb\"},\"inLanguage\":\"nb-NO\",\"potentialAction\":[{\"@type\":\"ReadAction\",\"target\":[\"https:\/\/babylove.se\/no\/produkt\/jupiduu-jumpspot-trampoline-utendors-gravit\/\"]}]},{\"@type\":\"ImageObject\",\"inLanguage\":\"nb-NO\",\"@id\":\"https:\/\/babylove.se\/no\/produkt\/jupiduu-jumpspot-trampoline-utendors-gravit\/#primaryimage\",\"url\":\"https:\/\/babylove.se\/no\/wp-content\/uploads\/sites\/3\/2025\/07\/640adc0c80ee1.jpeg\",\"contentUrl\":\"https:\/\/babylove.se\/no\/wp-content\/uploads\/sites\/3\/2025\/07\/640adc0c80ee1.jpeg\",\"width\":608,\"height\":608},{\"@type\":\"BreadcrumbList\",\"@id\":\"https:\/\/babylove.se\/no\/produkt\/jupiduu-jumpspot-trampoline-utendors-gravit\/#breadcrumb\",\"itemListElement\":[{\"@type\":\"ListItem\",\"position\":1,\"name\":\"Hem\",\"item\":\"https:\/\/babylove.se\/no\/\"},{\"@type\":\"ListItem\",\"position\":2,\"name\":\"Butik\",\"item\":\"https:\/\/babylove.se\/no\/butik\/\"},{\"@type\":\"ListItem\",\"position\":3,\"name\":\"Jupiduu Jumpspot trampoline utend\u00f8rs gr\u00e5hvit\"}]},{\"@type\":\"WebSite\",\"@id\":\"https:\/\/babylove.se\/no\/#website\",\"url\":\"https:\/\/babylove.se\/no\/\",\"name\":\"Babylove Norska\",\"description\":\"\",\"potentialAction\":[{\"@type\":\"SearchAction\",\"target\":{\"@type\":\"EntryPoint\",\"urlTemplate\":\"https:\/\/babylove.se\/no\/?s={search_term_string}\"},\"query-input\":{\"@type\":\"PropertyValueSpecification\",\"valueRequired\":true,\"valueName\":\"search_term_string\"}}],\"inLanguage\":\"nb-NO\"}]}<\/script>\n<meta property=\"product:brand\" content=\"Jupiduu\" \/>\n<meta property=\"product:price:amount\" content=\"3999.00\" \/>\n<meta property=\"product:price:currency\" content=\"SEK\" \/>\n<meta property=\"og:availability\" content=\"instock\" \/>\n<meta property=\"product:availability\" content=\"instock\" \/>\n<meta property=\"product:retailer_item_id\" content=\"0653415181972\" \/>\n<meta property=\"product:condition\" content=\"new\" \/>\n<!-- \/ Yoast SEO Premium plugin. -->","yoast_head_json":{"title":"Jupiduu Jumpspot trampoline utend\u00f8rs gr\u00e5hvit - Babylove Norska","robots":{"index":"noindex","follow":"follow","max-snippet":"max-snippet:-1","max-image-preview":"max-image-preview:large","max-video-preview":"max-video-preview:-1"},"og_locale":"nb_NO","og_type":"article","og_title":"Jupiduu Jumpspot trampoline utend\u00f8rs gr\u00e5hvit","og_description":"Den optimale studsmatta for utend\u00f8rsbruk, fra det popul\u00e6re tyske selskapet Jupiduu.&nbsp; Alle barn kommer til \u00e5 elske denne trampolinen som b\u00e5de er morsom \u00e5 studse p\u00e5 og vakker \u00e5 se p\u00e5. La barnet ditt trene opp motorikken, samtidig som det har det g\u00f8y.&nbsp; Anbefales fra 1,5 \u00e5r og oppover. Kan brukes av voksne da maks [&hellip;]","og_url":"https:\/\/babylove.se\/no\/produkt\/jupiduu-jumpspot-trampoline-utendors-gravit\/","og_site_name":"Babylove Norska","article_modified_time":"2026-04-08T12:21:56+00:00","og_image":[{"width":608,"height":608,"url":"https:\/\/babylove.se\/no\/wp-content\/uploads\/sites\/3\/2025\/07\/640adc0c80ee1.jpeg","type":"image\/jpeg"}],"twitter_card":"summary_large_image","twitter_misc":{"Price":"3 999,00&nbsp;&#107;&#114;","Availability":"In stock"},"schema":{"@context":"https:\/\/schema.org","@graph":[{"@type":"WebPage","@id":"https:\/\/babylove.se\/no\/produkt\/jupiduu-jumpspot-trampoline-utendors-gravit\/","url":"https:\/\/babylove.se\/no\/produkt\/jupiduu-jumpspot-trampoline-utendors-gravit\/","name":"Jupiduu Jumpspot trampoline utend\u00f8rs gr\u00e5hvit - Babylove Norska","isPartOf":{"@id":"https:\/\/babylove.se\/no\/#website"},"primaryImageOfPage":{"@id":"https:\/\/babylove.se\/no\/produkt\/jupiduu-jumpspot-trampoline-utendors-gravit\/#primaryimage"},"image":{"@id":"https:\/\/babylove.se\/no\/produkt\/jupiduu-jumpspot-trampoline-utendors-gravit\/#primaryimage"},"thumbnailUrl":"https:\/\/babylove.se\/no\/wp-content\/uploads\/sites\/3\/2025\/07\/640adc0c80ee1.jpeg","datePublished":"2025-07-19T10:21:58+00:00","dateModified":"2026-04-08T12:21:56+00:00","breadcrumb":{"@id":"https:\/\/babylove.se\/no\/produkt\/jupiduu-jumpspot-trampoline-utendors-gravit\/#breadcrumb"},"inLanguage":"nb-NO","potentialAction":[{"@type":"ReadAction","target":["https:\/\/babylove.se\/no\/produkt\/jupiduu-jumpspot-trampoline-utendors-gravit\/"]}]},{"@type":"ImageObject","inLanguage":"nb-NO","@id":"https:\/\/babylove.se\/no\/produkt\/jupiduu-jumpspot-trampoline-utendors-gravit\/#primaryimage","url":"https:\/\/babylove.se\/no\/wp-content\/uploads\/sites\/3\/2025\/07\/640adc0c80ee1.jpeg","contentUrl":"https:\/\/babylove.se\/no\/wp-content\/uploads\/sites\/3\/2025\/07\/640adc0c80ee1.jpeg","width":608,"height":608},{"@type":"BreadcrumbList","@id":"https:\/\/babylove.se\/no\/produkt\/jupiduu-jumpspot-trampoline-utendors-gravit\/#breadcrumb","itemListElement":[{"@type":"ListItem","position":1,"name":"Hem","item":"https:\/\/babylove.se\/no\/"},{"@type":"ListItem","position":2,"name":"Butik","item":"https:\/\/babylove.se\/no\/butik\/"},{"@type":"ListItem","position":3,"name":"Jupiduu Jumpspot trampoline utend\u00f8rs gr\u00e5hvit"}]},{"@type":"WebSite","@id":"https:\/\/babylove.se\/no\/#website","url":"https:\/\/babylove.se\/no\/","name":"Babylove Norska","description":"","potentialAction":[{"@type":"SearchAction","target":{"@type":"EntryPoint","urlTemplate":"https:\/\/babylove.se\/no\/?s={search_term_string}"},"query-input":{"@type":"PropertyValueSpecification","valueRequired":true,"valueName":"search_term_string"}}],"inLanguage":"nb-NO"}]},"product_brand":"Jupiduu","product_price_amount":"3999.00","product_price_currency":"SEK","og_availability":"instock","product_availability":"instock","product_retailer_item_id":"0653415181972","product_condition":"new"},"_links":{"self":[{"href":"https:\/\/babylove.se\/no\/wp-json\/wp\/v2\/product\/50537","targetHints":{"allow":["GET"]}}],"collection":[{"href":"https:\/\/babylove.se\/no\/wp-json\/wp\/v2\/product"}],"about":[{"href":"https:\/\/babylove.se\/no\/wp-json\/wp\/v2\/types\/product"}],"replies":[{"embeddable":true,"href":"https:\/\/babylove.se\/no\/wp-json\/wp\/v2\/comments?post=50537"}],"wp:featuredmedia":[{"embeddable":true,"href":"https:\/\/babylove.se\/no\/wp-json\/wp\/v2\/media\/50539"}],"wp:attachment":[{"href":"https:\/\/babylove.se\/no\/wp-json\/wp\/v2\/media?parent=50537"}],"wp:term":[{"taxonomy":"product_brand","embeddable":true,"href":"https:\/\/babylove.se\/no\/wp-json\/wp\/v2\/product_brand?post=50537"},{"taxonomy":"product_cat","embeddable":true,"href":"https:\/\/babylove.se\/no\/wp-json\/wp\/v2\/product_cat?post=50537"},{"taxonomy":"product_tag","embeddable":true,"href":"https:\/\/babylove.se\/no\/wp-json\/wp\/v2\/product_tag?post=50537"}],"curies":[{"name":"wp","href":"https:\/\/api.w.org\/{rel}","templated":true}]}}