{"id":50543,"date":"2025-07-19T11:21:58","date_gmt":"2025-07-19T10:21:58","guid":{"rendered":"https:\/\/babylove.se\/produkt\/charlotte-bokhylla-med-lador-till-barnrummet\/"},"modified":"2026-04-08T13:21:59","modified_gmt":"2026-04-08T12:21:59","slug":"charlotte-bokhylle-med-skuffer-til-barnerommet","status":"publish","type":"product","link":"https:\/\/babylove.se\/no\/produkt\/charlotte-bokhylle-med-skuffer-til-barnerommet\/","title":{"rendered":"Charlotte, bokhylle med skuffer til barnerommet"},"content":{"rendered":"<p>En fantastisk bokhylle til barnerommet, med dette underfulla m\u00f8belet i antikk stil vil du l\u00f8fte barnerommets innredning til himmelske h\u00f8yder!<\/p>\n<p>Det er en romslig bokhylle med fire hyller og to skuffer hvor barnet kan oppbevare sine mest verdifulle og fineste b\u00f8ker, eller selvf\u00f8lgelig andre favorittting som ditt barn er ekstra glad i.<span>&nbsp;<\/span><\/p>\n<p>Hyllen er h\u00e5ndlaget i gammeldags stil av et lite familiebedrift og er helt laget av massiv furu, ingen snarveier er brukt i byggingen av dette fine m\u00f8belet. De vakre og buede trebeina skaper en ekstra sjarm og magi, og sammen med det fine m\u00f8nsteret p\u00e5 skuffene og knoppene i slitt gull, s\u00f8lv eller messing skaper den et helhetsintrykk som er vanskelig \u00e5 ikke elske. Passer perfekt til kolleksjonen med gammeldags seng og kommode Charlotte og Melody.<\/p>\n<p>Da treet som brukes har sin naturlige struktur s\u00e5 kan det oppst\u00e5 mindre avvik eller kvister som svakt synes gjennom fargen, dette skaper imidlertid bare en gammeldags stil og er absolutt ikke til noen ulempe.&nbsp;<\/p>\n<p>Bokhyllen sendes ferdigbygd, du trenger bare \u00e5 skru p\u00e5 beina s\u00e5 den er klar for barnerommet direkte n\u00e5r den har kommet hjem.&nbsp;<\/p>\n<p><strong>M\u00e5l<\/strong>:<\/p>\n<ul>\n<li>H\u00f8yde 198 cm<\/li>\n<li>Bredde 92 cm<\/li>\n<li>Dybde 38 cm<\/li>\n<\/ul>\n<p><strong>Farge<\/strong>:&nbsp;<\/p>\n<ul>\n<li>Hyllen finnes som standard i flere forskjellige farger (dusty pink, lys rosa, hvit, gr\u00e5, dusty bl\u00e5, grafittgr\u00e5 og natur), men kan selvf\u00f8lgelig males i en annen farge om s\u00e5 \u00f8nskes. Bokhyllen males for h\u00e5nd for \u00e5 skape riktig f\u00f8lelse i penselstrekene, og selvf\u00f8lgelig brukes bare giftfrie farger ved utf\u00f8relsen.&nbsp;<\/li>\n<li>Du velger selv om du \u00f8nsker knopper i gull, s\u00f8lv eller messing.<\/li>\n<\/ul>\n<p><em>Obs! Dette m\u00f8belet m\u00e5 festes p\u00e5 veggen!<\/em><\/p>\n","protected":false},"excerpt":{"rendered":"<p>En fantastisk bokhylle til barnerommet, med dette underfulla m\u00f8belet i antikk stil vil du l\u00f8fte barnerommets innredning til himmelske h\u00f8yder! Det er en romslig bokhylle med fire hyller og to skuffer hvor barnet kan oppbevare sine mest verdifulle og fineste b\u00f8ker, eller selvf\u00f8lgelig andre favorittting som ditt barn er ekstra glad i.&nbsp; Hyllen er h\u00e5ndlaget [&hellip;]<\/p>\n","protected":false},"featured_media":50545,"comment_status":"closed","ping_status":"open","template":"","meta":{"_acf_changed":false},"product_brand":[366],"product_cat":[84,146,43],"product_tag":[],"class_list":{"0":"post-50543","1":"product","2":"type-product","3":"status-publish","4":"has-post-thumbnail","6":"product_brand-babyloff","7":"product_cat-babylove","8":"product_cat-bokoppbevaring","9":"product_cat-oppbevaringskurver","11":"first","12":"outofstock","13":"taxable","14":"shipping-taxable","15":"purchasable","16":"product-type-simple"},"acf":[],"yoast_head":"<!-- This site is optimized with the Yoast SEO Premium plugin v25.8 (Yoast SEO v27.2) - https:\/\/yoast.com\/product\/yoast-seo-premium-wordpress\/ -->\n<title>Charlotte, bokhylle med skuffer til barnerommet - Babylove Norska<\/title>\n<meta name=\"robots\" content=\"noindex, follow, max-snippet:-1, max-image-preview:large, max-video-preview:-1\" \/>\n<meta property=\"og:locale\" content=\"nb_NO\" \/>\n<meta property=\"og:type\" content=\"article\" \/>\n<meta property=\"og:title\" content=\"Charlotte, bokhylle med skuffer til barnerommet\" \/>\n<meta property=\"og:description\" content=\"En fantastisk bokhylle til barnerommet, med dette underfulla m\u00f8belet i antikk stil vil du l\u00f8fte barnerommets innredning til himmelske h\u00f8yder! Det er en romslig bokhylle med fire hyller og to skuffer hvor barnet kan oppbevare sine mest verdifulle og fineste b\u00f8ker, eller selvf\u00f8lgelig andre favorittting som ditt barn er ekstra glad i.&nbsp; Hyllen er h\u00e5ndlaget [&hellip;]\" \/>\n<meta property=\"og:url\" content=\"https:\/\/babylove.se\/no\/produkt\/charlotte-bokhylle-med-skuffer-til-barnerommet\/\" \/>\n<meta property=\"og:site_name\" content=\"Babylove Norska\" \/>\n<meta property=\"article:modified_time\" content=\"2026-04-08T12:21:59+00:00\" \/>\n<meta property=\"og:image\" content=\"https:\/\/babylove.se\/no\/wp-content\/uploads\/sites\/3\/2025\/07\/640aefc6869cb.jpeg\" \/>\n\t<meta property=\"og:image:width\" content=\"738\" \/>\n\t<meta property=\"og:image:height\" content=\"984\" \/>\n\t<meta property=\"og:image:type\" content=\"image\/jpeg\" \/>\n<meta name=\"twitter:card\" content=\"summary_large_image\" \/>\n<meta name=\"twitter:label1\" content=\"Price\" \/>\n\t<meta name=\"twitter:data1\" content=\"12 999,00&nbsp;&#107;&#114;\" \/>\n\t<meta name=\"twitter:label2\" content=\"Availability\" \/>\n\t<meta name=\"twitter:data2\" content=\"Out of stock\" \/>\n<script type=\"application\/ld+json\" class=\"yoast-schema-graph\">{\"@context\":\"https:\/\/schema.org\",\"@graph\":[{\"@type\":\"WebPage\",\"@id\":\"https:\/\/babylove.se\/no\/produkt\/charlotte-bokhylle-med-skuffer-til-barnerommet\/\",\"url\":\"https:\/\/babylove.se\/no\/produkt\/charlotte-bokhylle-med-skuffer-til-barnerommet\/\",\"name\":\"Charlotte, bokhylle med skuffer til barnerommet - Babylove Norska\",\"isPartOf\":{\"@id\":\"https:\/\/babylove.se\/no\/#website\"},\"primaryImageOfPage\":{\"@id\":\"https:\/\/babylove.se\/no\/produkt\/charlotte-bokhylle-med-skuffer-til-barnerommet\/#primaryimage\"},\"image\":{\"@id\":\"https:\/\/babylove.se\/no\/produkt\/charlotte-bokhylle-med-skuffer-til-barnerommet\/#primaryimage\"},\"thumbnailUrl\":\"https:\/\/babylove.se\/no\/wp-content\/uploads\/sites\/3\/2025\/07\/640aefc6869cb.jpeg\",\"datePublished\":\"2025-07-19T10:21:58+00:00\",\"dateModified\":\"2026-04-08T12:21:59+00:00\",\"breadcrumb\":{\"@id\":\"https:\/\/babylove.se\/no\/produkt\/charlotte-bokhylle-med-skuffer-til-barnerommet\/#breadcrumb\"},\"inLanguage\":\"nb-NO\",\"potentialAction\":[{\"@type\":\"ReadAction\",\"target\":[\"https:\/\/babylove.se\/no\/produkt\/charlotte-bokhylle-med-skuffer-til-barnerommet\/\"]}]},{\"@type\":\"ImageObject\",\"inLanguage\":\"nb-NO\",\"@id\":\"https:\/\/babylove.se\/no\/produkt\/charlotte-bokhylle-med-skuffer-til-barnerommet\/#primaryimage\",\"url\":\"https:\/\/babylove.se\/no\/wp-content\/uploads\/sites\/3\/2025\/07\/640aefc6869cb.jpeg\",\"contentUrl\":\"https:\/\/babylove.se\/no\/wp-content\/uploads\/sites\/3\/2025\/07\/640aefc6869cb.jpeg\",\"width\":738,\"height\":984},{\"@type\":\"BreadcrumbList\",\"@id\":\"https:\/\/babylove.se\/no\/produkt\/charlotte-bokhylle-med-skuffer-til-barnerommet\/#breadcrumb\",\"itemListElement\":[{\"@type\":\"ListItem\",\"position\":1,\"name\":\"Hem\",\"item\":\"https:\/\/babylove.se\/no\/\"},{\"@type\":\"ListItem\",\"position\":2,\"name\":\"Butik\",\"item\":\"https:\/\/babylove.se\/no\/butik\/\"},{\"@type\":\"ListItem\",\"position\":3,\"name\":\"Charlotte, bokhylle med skuffer til barnerommet\"}]},{\"@type\":\"WebSite\",\"@id\":\"https:\/\/babylove.se\/no\/#website\",\"url\":\"https:\/\/babylove.se\/no\/\",\"name\":\"Babylove Norska\",\"description\":\"\",\"potentialAction\":[{\"@type\":\"SearchAction\",\"target\":{\"@type\":\"EntryPoint\",\"urlTemplate\":\"https:\/\/babylove.se\/no\/?s={search_term_string}\"},\"query-input\":{\"@type\":\"PropertyValueSpecification\",\"valueRequired\":true,\"valueName\":\"search_term_string\"}}],\"inLanguage\":\"nb-NO\"}]}<\/script>\n<meta property=\"product:brand\" content=\"Babyloff\" \/>\n<meta property=\"product:price:amount\" content=\"12999.00\" \/>\n<meta property=\"product:price:currency\" content=\"SEK\" \/>\n<meta property=\"og:availability\" content=\"out of stock\" \/>\n<meta property=\"product:availability\" content=\"out of stock\" \/>\n<meta property=\"product:retailer_item_id\" content=\"Bokhyllamedl\u00e5dorCharlotte\" \/>\n<meta property=\"product:condition\" content=\"new\" \/>\n<!-- \/ Yoast SEO Premium plugin. -->","yoast_head_json":{"title":"Charlotte, bokhylle med skuffer til barnerommet - Babylove Norska","robots":{"index":"noindex","follow":"follow","max-snippet":"max-snippet:-1","max-image-preview":"max-image-preview:large","max-video-preview":"max-video-preview:-1"},"og_locale":"nb_NO","og_type":"article","og_title":"Charlotte, bokhylle med skuffer til barnerommet","og_description":"En fantastisk bokhylle til barnerommet, med dette underfulla m\u00f8belet i antikk stil vil du l\u00f8fte barnerommets innredning til himmelske h\u00f8yder! Det er en romslig bokhylle med fire hyller og to skuffer hvor barnet kan oppbevare sine mest verdifulle og fineste b\u00f8ker, eller selvf\u00f8lgelig andre favorittting som ditt barn er ekstra glad i.&nbsp; Hyllen er h\u00e5ndlaget [&hellip;]","og_url":"https:\/\/babylove.se\/no\/produkt\/charlotte-bokhylle-med-skuffer-til-barnerommet\/","og_site_name":"Babylove Norska","article_modified_time":"2026-04-08T12:21:59+00:00","og_image":[{"width":738,"height":984,"url":"https:\/\/babylove.se\/no\/wp-content\/uploads\/sites\/3\/2025\/07\/640aefc6869cb.jpeg","type":"image\/jpeg"}],"twitter_card":"summary_large_image","twitter_misc":{"Price":"12 999,00&nbsp;&#107;&#114;","Availability":"Out of stock"},"schema":{"@context":"https:\/\/schema.org","@graph":[{"@type":"WebPage","@id":"https:\/\/babylove.se\/no\/produkt\/charlotte-bokhylle-med-skuffer-til-barnerommet\/","url":"https:\/\/babylove.se\/no\/produkt\/charlotte-bokhylle-med-skuffer-til-barnerommet\/","name":"Charlotte, bokhylle med skuffer til barnerommet - Babylove Norska","isPartOf":{"@id":"https:\/\/babylove.se\/no\/#website"},"primaryImageOfPage":{"@id":"https:\/\/babylove.se\/no\/produkt\/charlotte-bokhylle-med-skuffer-til-barnerommet\/#primaryimage"},"image":{"@id":"https:\/\/babylove.se\/no\/produkt\/charlotte-bokhylle-med-skuffer-til-barnerommet\/#primaryimage"},"thumbnailUrl":"https:\/\/babylove.se\/no\/wp-content\/uploads\/sites\/3\/2025\/07\/640aefc6869cb.jpeg","datePublished":"2025-07-19T10:21:58+00:00","dateModified":"2026-04-08T12:21:59+00:00","breadcrumb":{"@id":"https:\/\/babylove.se\/no\/produkt\/charlotte-bokhylle-med-skuffer-til-barnerommet\/#breadcrumb"},"inLanguage":"nb-NO","potentialAction":[{"@type":"ReadAction","target":["https:\/\/babylove.se\/no\/produkt\/charlotte-bokhylle-med-skuffer-til-barnerommet\/"]}]},{"@type":"ImageObject","inLanguage":"nb-NO","@id":"https:\/\/babylove.se\/no\/produkt\/charlotte-bokhylle-med-skuffer-til-barnerommet\/#primaryimage","url":"https:\/\/babylove.se\/no\/wp-content\/uploads\/sites\/3\/2025\/07\/640aefc6869cb.jpeg","contentUrl":"https:\/\/babylove.se\/no\/wp-content\/uploads\/sites\/3\/2025\/07\/640aefc6869cb.jpeg","width":738,"height":984},{"@type":"BreadcrumbList","@id":"https:\/\/babylove.se\/no\/produkt\/charlotte-bokhylle-med-skuffer-til-barnerommet\/#breadcrumb","itemListElement":[{"@type":"ListItem","position":1,"name":"Hem","item":"https:\/\/babylove.se\/no\/"},{"@type":"ListItem","position":2,"name":"Butik","item":"https:\/\/babylove.se\/no\/butik\/"},{"@type":"ListItem","position":3,"name":"Charlotte, bokhylle med skuffer til barnerommet"}]},{"@type":"WebSite","@id":"https:\/\/babylove.se\/no\/#website","url":"https:\/\/babylove.se\/no\/","name":"Babylove Norska","description":"","potentialAction":[{"@type":"SearchAction","target":{"@type":"EntryPoint","urlTemplate":"https:\/\/babylove.se\/no\/?s={search_term_string}"},"query-input":{"@type":"PropertyValueSpecification","valueRequired":true,"valueName":"search_term_string"}}],"inLanguage":"nb-NO"}]},"product_brand":"Babyloff","product_price_amount":"12999.00","product_price_currency":"SEK","og_availability":"out of stock","product_availability":"out of stock","product_retailer_item_id":"Bokhyllamedl\u00e5dorCharlotte","product_condition":"new"},"_links":{"self":[{"href":"https:\/\/babylove.se\/no\/wp-json\/wp\/v2\/product\/50543","targetHints":{"allow":["GET"]}}],"collection":[{"href":"https:\/\/babylove.se\/no\/wp-json\/wp\/v2\/product"}],"about":[{"href":"https:\/\/babylove.se\/no\/wp-json\/wp\/v2\/types\/product"}],"replies":[{"embeddable":true,"href":"https:\/\/babylove.se\/no\/wp-json\/wp\/v2\/comments?post=50543"}],"wp:featuredmedia":[{"embeddable":true,"href":"https:\/\/babylove.se\/no\/wp-json\/wp\/v2\/media\/50545"}],"wp:attachment":[{"href":"https:\/\/babylove.se\/no\/wp-json\/wp\/v2\/media?parent=50543"}],"wp:term":[{"taxonomy":"product_brand","embeddable":true,"href":"https:\/\/babylove.se\/no\/wp-json\/wp\/v2\/product_brand?post=50543"},{"taxonomy":"product_cat","embeddable":true,"href":"https:\/\/babylove.se\/no\/wp-json\/wp\/v2\/product_cat?post=50543"},{"taxonomy":"product_tag","embeddable":true,"href":"https:\/\/babylove.se\/no\/wp-json\/wp\/v2\/product_tag?post=50543"}],"curies":[{"name":"wp","href":"https:\/\/api.w.org\/{rel}","templated":true}]}}