{"id":50571,"date":"2025-07-19T11:22:16","date_gmt":"2025-07-19T10:22:16","guid":{"rendered":"https:\/\/babylove.se\/produkt\/sebra-parkeringsgarage-i-tra\/"},"modified":"2026-04-08T13:22:14","modified_gmt":"2026-04-08T12:22:14","slug":"sebra-parkeringsgarasje-i-tre","status":"publish","type":"product","link":"https:\/\/babylove.se\/no\/produkt\/sebra-parkeringsgarasje-i-tre\/","title":{"rendered":"Sebra, Parkeringshus i tre"},"content":{"rendered":"<p>Tidl\u00f8st og fantastisk parkeringshus som vil bli meget verdsatt p\u00e5 barnerommet! <\/p>\n<p>Mange fine detaljer og med masse muligheter. To garasjeplasser med porter som kan \u00e5pnes og lukkes samt en bensinstasjon og en bilvask finnes p\u00e5 nedre plan. Bruk rampen for \u00e5 komme til \u00f8vre plan, der det finnes tre parkeringsplasser. <\/p>\n<p>Optimal bursdagsgave eller julegave! <\/p>\n<p><strong>M\u00e5l<\/strong>: ca 15 x 56 x 55 cm <\/p>\n<p><strong>Material<\/strong>: Tre malt med giftfri maling. CE-merket. <\/p>\n<p>Designer: <a href=\"https:\/\/babylove.se\/varumarken\/sebra\"><u>Sebra<\/u><\/a><\/p>\n","protected":false},"excerpt":{"rendered":"<p>Tidl\u00f8st og fantastisk parkeringshus som vil bli meget verdsatt p\u00e5 barnerommet! Mange fine detaljer og med masse muligheter. To garasjeplasser med porter som kan \u00e5pnes og lukkes samt en bensinstasjon og en bilvask finnes p\u00e5 nedre plan. Bruk rampen for \u00e5 komme til \u00f8vre plan, der det finnes tre parkeringsplasser. Optimal bursdagsgave eller julegave! M\u00e5l: [&hellip;]<\/p>\n","protected":false},"featured_media":50573,"comment_status":"closed","ping_status":"closed","template":"","meta":{"_acf_changed":false},"product_brand":[160],"product_cat":[137,68,161,112],"product_tag":[],"class_list":{"0":"post-50571","1":"product","2":"type-product","3":"status-publish","4":"has-post-thumbnail","6":"product_brand-sebra","7":"product_cat-bilverden","8":"product_cat-leker","9":"product_cat-sebra","10":"product_cat-treleker","12":"first","13":"outofstock","14":"taxable","15":"shipping-taxable","16":"purchasable","17":"product-type-simple"},"acf":[],"yoast_head":"<!-- This site is optimized with the Yoast SEO Premium plugin v25.8 (Yoast SEO v27.2) - https:\/\/yoast.com\/product\/yoast-seo-premium-wordpress\/ -->\n<title>Sebra, Parkeringshus i tre - Babylove Norska<\/title>\n<meta name=\"description\" content=\"En alldeles underbar och vacker dockvagn helt gjord i tr\u00e4, fr\u00e5n det popul\u00e4ra danska f\u00f6retaget Sebra. Skickas inom 24 timmar !\" \/>\n<meta name=\"robots\" content=\"noindex, follow, max-snippet:-1, max-image-preview:large, max-video-preview:-1\" \/>\n<meta property=\"og:locale\" content=\"nb_NO\" \/>\n<meta property=\"og:type\" content=\"article\" \/>\n<meta property=\"og:title\" content=\"Sebra, Parkeringshus i tre\" \/>\n<meta property=\"og:description\" content=\"En alldeles underbar och vacker dockvagn helt gjord i tr\u00e4, fr\u00e5n det popul\u00e4ra danska f\u00f6retaget Sebra. Skickas inom 24 timmar !\" \/>\n<meta property=\"og:url\" content=\"https:\/\/babylove.se\/no\/produkt\/sebra-parkeringsgarasje-i-tre\/\" \/>\n<meta property=\"og:site_name\" content=\"Babylove Norska\" \/>\n<meta property=\"article:modified_time\" content=\"2026-04-08T12:22:14+00:00\" \/>\n<meta property=\"og:image\" content=\"https:\/\/babylove.se\/no\/wp-content\/uploads\/sites\/3\/2025\/07\/640f38c494681.jpeg\" \/>\n\t<meta property=\"og:image:width\" content=\"500\" \/>\n\t<meta property=\"og:image:height\" content=\"339\" \/>\n\t<meta property=\"og:image:type\" content=\"image\/jpeg\" \/>\n<meta name=\"twitter:card\" content=\"summary_large_image\" \/>\n<meta name=\"twitter:label1\" content=\"Price\" \/>\n\t<meta name=\"twitter:data1\" content=\"999,00&nbsp;&#107;&#114;\" \/>\n\t<meta name=\"twitter:label2\" content=\"Availability\" \/>\n\t<meta name=\"twitter:data2\" content=\"Out of stock\" \/>\n<script type=\"application\/ld+json\" class=\"yoast-schema-graph\">{\"@context\":\"https:\/\/schema.org\",\"@graph\":[{\"@type\":\"WebPage\",\"@id\":\"https:\/\/babylove.se\/no\/produkt\/sebra-parkeringsgarasje-i-tre\/\",\"url\":\"https:\/\/babylove.se\/no\/produkt\/sebra-parkeringsgarasje-i-tre\/\",\"name\":\"Sebra, Parkeringshus i tre - Babylove Norska\",\"isPartOf\":{\"@id\":\"https:\/\/babylove.se\/no\/#website\"},\"primaryImageOfPage\":{\"@id\":\"https:\/\/babylove.se\/no\/produkt\/sebra-parkeringsgarasje-i-tre\/#primaryimage\"},\"image\":{\"@id\":\"https:\/\/babylove.se\/no\/produkt\/sebra-parkeringsgarasje-i-tre\/#primaryimage\"},\"thumbnailUrl\":\"https:\/\/babylove.se\/no\/wp-content\/uploads\/sites\/3\/2025\/07\/640f38c494681.jpeg\",\"datePublished\":\"2025-07-19T10:22:16+00:00\",\"dateModified\":\"2026-04-08T12:22:14+00:00\",\"description\":\"En alldeles underbar och vacker dockvagn helt gjord i tr\u00e4, fr\u00e5n det popul\u00e4ra danska f\u00f6retaget Sebra. Skickas inom 24 timmar !\",\"breadcrumb\":{\"@id\":\"https:\/\/babylove.se\/no\/produkt\/sebra-parkeringsgarasje-i-tre\/#breadcrumb\"},\"inLanguage\":\"nb-NO\",\"potentialAction\":[{\"@type\":\"ReadAction\",\"target\":[\"https:\/\/babylove.se\/no\/produkt\/sebra-parkeringsgarasje-i-tre\/\"]}]},{\"@type\":\"ImageObject\",\"inLanguage\":\"nb-NO\",\"@id\":\"https:\/\/babylove.se\/no\/produkt\/sebra-parkeringsgarasje-i-tre\/#primaryimage\",\"url\":\"https:\/\/babylove.se\/no\/wp-content\/uploads\/sites\/3\/2025\/07\/640f38c494681.jpeg\",\"contentUrl\":\"https:\/\/babylove.se\/no\/wp-content\/uploads\/sites\/3\/2025\/07\/640f38c494681.jpeg\",\"width\":500,\"height\":339},{\"@type\":\"BreadcrumbList\",\"@id\":\"https:\/\/babylove.se\/no\/produkt\/sebra-parkeringsgarasje-i-tre\/#breadcrumb\",\"itemListElement\":[{\"@type\":\"ListItem\",\"position\":1,\"name\":\"Hem\",\"item\":\"https:\/\/babylove.se\/no\/\"},{\"@type\":\"ListItem\",\"position\":2,\"name\":\"Butik\",\"item\":\"https:\/\/babylove.se\/no\/butik\/\"},{\"@type\":\"ListItem\",\"position\":3,\"name\":\"Sebra, Parkeringshus i tre\"}]},{\"@type\":\"WebSite\",\"@id\":\"https:\/\/babylove.se\/no\/#website\",\"url\":\"https:\/\/babylove.se\/no\/\",\"name\":\"Babylove Norska\",\"description\":\"\",\"potentialAction\":[{\"@type\":\"SearchAction\",\"target\":{\"@type\":\"EntryPoint\",\"urlTemplate\":\"https:\/\/babylove.se\/no\/?s={search_term_string}\"},\"query-input\":{\"@type\":\"PropertyValueSpecification\",\"valueRequired\":true,\"valueName\":\"search_term_string\"}}],\"inLanguage\":\"nb-NO\"}]}<\/script>\n<meta property=\"product:brand\" content=\"Sebra\" \/>\n<meta property=\"product:price:amount\" content=\"999.00\" \/>\n<meta property=\"product:price:currency\" content=\"SEK\" \/>\n<meta property=\"og:availability\" content=\"out of stock\" \/>\n<meta property=\"product:availability\" content=\"out of stock\" \/>\n<meta property=\"product:retailer_item_id\" content=\"300530013\" \/>\n<meta property=\"product:condition\" content=\"new\" \/>\n<!-- \/ Yoast SEO Premium plugin. -->","yoast_head_json":{"title":"Sebra, Parkeringshus i tre - Babylove Norska","description":"En alldeles underbar och vacker dockvagn helt gjord i tr\u00e4, fr\u00e5n det popul\u00e4ra danska f\u00f6retaget Sebra. Skickas inom 24 timmar !","robots":{"index":"noindex","follow":"follow","max-snippet":"max-snippet:-1","max-image-preview":"max-image-preview:large","max-video-preview":"max-video-preview:-1"},"og_locale":"nb_NO","og_type":"article","og_title":"Sebra, Parkeringshus i tre","og_description":"En alldeles underbar och vacker dockvagn helt gjord i tr\u00e4, fr\u00e5n det popul\u00e4ra danska f\u00f6retaget Sebra. Skickas inom 24 timmar !","og_url":"https:\/\/babylove.se\/no\/produkt\/sebra-parkeringsgarasje-i-tre\/","og_site_name":"Babylove Norska","article_modified_time":"2026-04-08T12:22:14+00:00","og_image":[{"width":500,"height":339,"url":"https:\/\/babylove.se\/no\/wp-content\/uploads\/sites\/3\/2025\/07\/640f38c494681.jpeg","type":"image\/jpeg"}],"twitter_card":"summary_large_image","twitter_misc":{"Price":"999,00&nbsp;&#107;&#114;","Availability":"Out of stock"},"schema":{"@context":"https:\/\/schema.org","@graph":[{"@type":"WebPage","@id":"https:\/\/babylove.se\/no\/produkt\/sebra-parkeringsgarasje-i-tre\/","url":"https:\/\/babylove.se\/no\/produkt\/sebra-parkeringsgarasje-i-tre\/","name":"Sebra, Parkeringshus i tre - Babylove Norska","isPartOf":{"@id":"https:\/\/babylove.se\/no\/#website"},"primaryImageOfPage":{"@id":"https:\/\/babylove.se\/no\/produkt\/sebra-parkeringsgarasje-i-tre\/#primaryimage"},"image":{"@id":"https:\/\/babylove.se\/no\/produkt\/sebra-parkeringsgarasje-i-tre\/#primaryimage"},"thumbnailUrl":"https:\/\/babylove.se\/no\/wp-content\/uploads\/sites\/3\/2025\/07\/640f38c494681.jpeg","datePublished":"2025-07-19T10:22:16+00:00","dateModified":"2026-04-08T12:22:14+00:00","description":"En alldeles underbar och vacker dockvagn helt gjord i tr\u00e4, fr\u00e5n det popul\u00e4ra danska f\u00f6retaget Sebra. Skickas inom 24 timmar !","breadcrumb":{"@id":"https:\/\/babylove.se\/no\/produkt\/sebra-parkeringsgarasje-i-tre\/#breadcrumb"},"inLanguage":"nb-NO","potentialAction":[{"@type":"ReadAction","target":["https:\/\/babylove.se\/no\/produkt\/sebra-parkeringsgarasje-i-tre\/"]}]},{"@type":"ImageObject","inLanguage":"nb-NO","@id":"https:\/\/babylove.se\/no\/produkt\/sebra-parkeringsgarasje-i-tre\/#primaryimage","url":"https:\/\/babylove.se\/no\/wp-content\/uploads\/sites\/3\/2025\/07\/640f38c494681.jpeg","contentUrl":"https:\/\/babylove.se\/no\/wp-content\/uploads\/sites\/3\/2025\/07\/640f38c494681.jpeg","width":500,"height":339},{"@type":"BreadcrumbList","@id":"https:\/\/babylove.se\/no\/produkt\/sebra-parkeringsgarasje-i-tre\/#breadcrumb","itemListElement":[{"@type":"ListItem","position":1,"name":"Hem","item":"https:\/\/babylove.se\/no\/"},{"@type":"ListItem","position":2,"name":"Butik","item":"https:\/\/babylove.se\/no\/butik\/"},{"@type":"ListItem","position":3,"name":"Sebra, Parkeringshus i tre"}]},{"@type":"WebSite","@id":"https:\/\/babylove.se\/no\/#website","url":"https:\/\/babylove.se\/no\/","name":"Babylove Norska","description":"","potentialAction":[{"@type":"SearchAction","target":{"@type":"EntryPoint","urlTemplate":"https:\/\/babylove.se\/no\/?s={search_term_string}"},"query-input":{"@type":"PropertyValueSpecification","valueRequired":true,"valueName":"search_term_string"}}],"inLanguage":"nb-NO"}]},"product_brand":"Sebra","product_price_amount":"999.00","product_price_currency":"SEK","og_availability":"out of stock","product_availability":"out of stock","product_retailer_item_id":"300530013","product_condition":"new"},"_links":{"self":[{"href":"https:\/\/babylove.se\/no\/wp-json\/wp\/v2\/product\/50571","targetHints":{"allow":["GET"]}}],"collection":[{"href":"https:\/\/babylove.se\/no\/wp-json\/wp\/v2\/product"}],"about":[{"href":"https:\/\/babylove.se\/no\/wp-json\/wp\/v2\/types\/product"}],"replies":[{"embeddable":true,"href":"https:\/\/babylove.se\/no\/wp-json\/wp\/v2\/comments?post=50571"}],"wp:featuredmedia":[{"embeddable":true,"href":"https:\/\/babylove.se\/no\/wp-json\/wp\/v2\/media\/50573"}],"wp:attachment":[{"href":"https:\/\/babylove.se\/no\/wp-json\/wp\/v2\/media?parent=50571"}],"wp:term":[{"taxonomy":"product_brand","embeddable":true,"href":"https:\/\/babylove.se\/no\/wp-json\/wp\/v2\/product_brand?post=50571"},{"taxonomy":"product_cat","embeddable":true,"href":"https:\/\/babylove.se\/no\/wp-json\/wp\/v2\/product_cat?post=50571"},{"taxonomy":"product_tag","embeddable":true,"href":"https:\/\/babylove.se\/no\/wp-json\/wp\/v2\/product_tag?post=50571"}],"curies":[{"name":"wp","href":"https:\/\/api.w.org\/{rel}","templated":true}]}}