{"id":50578,"date":"2025-07-19T11:22:16","date_gmt":"2025-07-19T10:22:16","guid":{"rendered":"https:\/\/babylove.se\/produkt\/sassbelle-vaggkrok-rustik-guld-bi\/"},"modified":"2026-04-08T13:22:19","modified_gmt":"2026-04-08T12:22:19","slug":"sassbelle-veggkrok-rustikk-gull-bi","status":"publish","type":"product","link":"https:\/\/babylove.se\/no\/produkt\/sassbelle-veggkrok-rustikk-gull-bi\/","title":{"rendered":"Sass&#038;Belle, veggkrok rustikk gull bi"},"content":{"rendered":"<p>En supers\u00f8t og praktisk krok til barnerommet fra britiske Sass &amp; Belle. Helt laget av metall med et vakkert bimotiv.<\/p>\n<p>Med denne kroken har du mulighet til \u00e5 henge opp morgendagens plagg eller ditt barns fine veske. Sett den p\u00e5 en h\u00f8yde slik at ditt barn n\u00e5r og du kan bruke den pedagogisk og \u00f8ke ditt barns interesse for kledsvalg og \u00e5 holde orden og rede.<\/p>\n<p>M\u00e5l: ca 7 x 5x 2,5 cm<\/p>\n<p>Materiale: Metall<\/p>\n<p>Designer: <a href=\"https:\/\/babylove.se\/varumarken\/sass-belle\">Sass &amp; Belle<\/a><\/p>\n","protected":false},"excerpt":{"rendered":"<p>En supers\u00f8t og praktisk krok til barnerommet fra britiske Sass &amp; Belle. Helt laget av metall med et vakkert bimotiv. Med denne kroken har du mulighet til \u00e5 henge opp morgendagens plagg eller ditt barns fine veske. Sett den p\u00e5 en h\u00f8yde slik at ditt barn n\u00e5r og du kan bruke den pedagogisk og \u00f8ke [&hellip;]<\/p>\n","protected":false},"featured_media":50580,"comment_status":"closed","ping_status":"open","template":"","meta":{"_acf_changed":false},"product_brand":[683],"product_cat":[90,684,94],"product_tag":[],"class_list":{"0":"post-50578","1":"product","2":"type-product","3":"status-publish","4":"has-post-thumbnail","6":"product_brand-sassbelle","7":"product_cat-dyr","8":"product_cat-sass-belle","9":"product_cat-vegghengeere","11":"first","12":"outofstock","13":"taxable","14":"shipping-taxable","15":"purchasable","16":"product-type-simple"},"acf":[],"yoast_head":"<!-- This site is optimized with the Yoast SEO Premium plugin v25.8 (Yoast SEO v27.2) - https:\/\/yoast.com\/product\/yoast-seo-premium-wordpress\/ -->\n<title>Sass&amp;Belle, veggkrok rustikk gull bi - Babylove Norska<\/title>\n<meta name=\"robots\" content=\"noindex, follow, max-snippet:-1, max-image-preview:large, max-video-preview:-1\" \/>\n<meta property=\"og:locale\" content=\"nb_NO\" \/>\n<meta property=\"og:type\" content=\"article\" \/>\n<meta property=\"og:title\" content=\"Sass&amp;Belle, veggkrok rustikk gull bi\" \/>\n<meta property=\"og:description\" content=\"En supers\u00f8t og praktisk krok til barnerommet fra britiske Sass &amp; Belle. Helt laget av metall med et vakkert bimotiv. Med denne kroken har du mulighet til \u00e5 henge opp morgendagens plagg eller ditt barns fine veske. Sett den p\u00e5 en h\u00f8yde slik at ditt barn n\u00e5r og du kan bruke den pedagogisk og \u00f8ke [&hellip;]\" \/>\n<meta property=\"og:url\" content=\"https:\/\/babylove.se\/no\/produkt\/sassbelle-veggkrok-rustikk-gull-bi\/\" \/>\n<meta property=\"og:site_name\" content=\"Babylove Norska\" \/>\n<meta property=\"article:modified_time\" content=\"2026-04-08T12:22:19+00:00\" \/>\n<meta property=\"og:image\" content=\"https:\/\/babylove.se\/no\/wp-content\/uploads\/sites\/3\/2025\/07\/640f3f018d314.jpeg\" \/>\n\t<meta property=\"og:image:width\" content=\"700\" \/>\n\t<meta property=\"og:image:height\" content=\"700\" \/>\n\t<meta property=\"og:image:type\" content=\"image\/jpeg\" \/>\n<meta name=\"twitter:card\" content=\"summary_large_image\" \/>\n<meta name=\"twitter:label1\" content=\"Price\" \/>\n\t<meta name=\"twitter:data1\" content=\"99,00&nbsp;&#107;&#114;\" \/>\n\t<meta name=\"twitter:label2\" content=\"Availability\" \/>\n\t<meta name=\"twitter:data2\" content=\"Out of stock\" \/>\n<script type=\"application\/ld+json\" class=\"yoast-schema-graph\">{\"@context\":\"https:\/\/schema.org\",\"@graph\":[{\"@type\":\"WebPage\",\"@id\":\"https:\/\/babylove.se\/no\/produkt\/sassbelle-veggkrok-rustikk-gull-bi\/\",\"url\":\"https:\/\/babylove.se\/no\/produkt\/sassbelle-veggkrok-rustikk-gull-bi\/\",\"name\":\"Sass&Belle, veggkrok rustikk gull bi - Babylove Norska\",\"isPartOf\":{\"@id\":\"https:\/\/babylove.se\/no\/#website\"},\"primaryImageOfPage\":{\"@id\":\"https:\/\/babylove.se\/no\/produkt\/sassbelle-veggkrok-rustikk-gull-bi\/#primaryimage\"},\"image\":{\"@id\":\"https:\/\/babylove.se\/no\/produkt\/sassbelle-veggkrok-rustikk-gull-bi\/#primaryimage\"},\"thumbnailUrl\":\"https:\/\/babylove.se\/no\/wp-content\/uploads\/sites\/3\/2025\/07\/640f3f018d314.jpeg\",\"datePublished\":\"2025-07-19T10:22:16+00:00\",\"dateModified\":\"2026-04-08T12:22:19+00:00\",\"breadcrumb\":{\"@id\":\"https:\/\/babylove.se\/no\/produkt\/sassbelle-veggkrok-rustikk-gull-bi\/#breadcrumb\"},\"inLanguage\":\"nb-NO\",\"potentialAction\":[{\"@type\":\"ReadAction\",\"target\":[\"https:\/\/babylove.se\/no\/produkt\/sassbelle-veggkrok-rustikk-gull-bi\/\"]}]},{\"@type\":\"ImageObject\",\"inLanguage\":\"nb-NO\",\"@id\":\"https:\/\/babylove.se\/no\/produkt\/sassbelle-veggkrok-rustikk-gull-bi\/#primaryimage\",\"url\":\"https:\/\/babylove.se\/no\/wp-content\/uploads\/sites\/3\/2025\/07\/640f3f018d314.jpeg\",\"contentUrl\":\"https:\/\/babylove.se\/no\/wp-content\/uploads\/sites\/3\/2025\/07\/640f3f018d314.jpeg\",\"width\":700,\"height\":700},{\"@type\":\"BreadcrumbList\",\"@id\":\"https:\/\/babylove.se\/no\/produkt\/sassbelle-veggkrok-rustikk-gull-bi\/#breadcrumb\",\"itemListElement\":[{\"@type\":\"ListItem\",\"position\":1,\"name\":\"Hem\",\"item\":\"https:\/\/babylove.se\/no\/\"},{\"@type\":\"ListItem\",\"position\":2,\"name\":\"Butik\",\"item\":\"https:\/\/babylove.se\/no\/butik\/\"},{\"@type\":\"ListItem\",\"position\":3,\"name\":\"Sass&#038;Belle, veggkrok rustikk gull bi\"}]},{\"@type\":\"WebSite\",\"@id\":\"https:\/\/babylove.se\/no\/#website\",\"url\":\"https:\/\/babylove.se\/no\/\",\"name\":\"Babylove Norska\",\"description\":\"\",\"potentialAction\":[{\"@type\":\"SearchAction\",\"target\":{\"@type\":\"EntryPoint\",\"urlTemplate\":\"https:\/\/babylove.se\/no\/?s={search_term_string}\"},\"query-input\":{\"@type\":\"PropertyValueSpecification\",\"valueRequired\":true,\"valueName\":\"search_term_string\"}}],\"inLanguage\":\"nb-NO\"}]}<\/script>\n<meta property=\"product:brand\" content=\"Sass&amp;Belle\" \/>\n<meta property=\"product:price:amount\" content=\"99.00\" \/>\n<meta property=\"product:price:currency\" content=\"SEK\" \/>\n<meta property=\"og:availability\" content=\"out of stock\" \/>\n<meta property=\"product:availability\" content=\"out of stock\" \/>\n<meta property=\"product:retailer_item_id\" content=\"BOU404\" \/>\n<meta property=\"product:condition\" content=\"new\" \/>\n<!-- \/ Yoast SEO Premium plugin. -->","yoast_head_json":{"title":"Sass&Belle, veggkrok rustikk gull bi - Babylove Norska","robots":{"index":"noindex","follow":"follow","max-snippet":"max-snippet:-1","max-image-preview":"max-image-preview:large","max-video-preview":"max-video-preview:-1"},"og_locale":"nb_NO","og_type":"article","og_title":"Sass&Belle, veggkrok rustikk gull bi","og_description":"En supers\u00f8t og praktisk krok til barnerommet fra britiske Sass &amp; Belle. Helt laget av metall med et vakkert bimotiv. Med denne kroken har du mulighet til \u00e5 henge opp morgendagens plagg eller ditt barns fine veske. Sett den p\u00e5 en h\u00f8yde slik at ditt barn n\u00e5r og du kan bruke den pedagogisk og \u00f8ke [&hellip;]","og_url":"https:\/\/babylove.se\/no\/produkt\/sassbelle-veggkrok-rustikk-gull-bi\/","og_site_name":"Babylove Norska","article_modified_time":"2026-04-08T12:22:19+00:00","og_image":[{"width":700,"height":700,"url":"https:\/\/babylove.se\/no\/wp-content\/uploads\/sites\/3\/2025\/07\/640f3f018d314.jpeg","type":"image\/jpeg"}],"twitter_card":"summary_large_image","twitter_misc":{"Price":"99,00&nbsp;&#107;&#114;","Availability":"Out of stock"},"schema":{"@context":"https:\/\/schema.org","@graph":[{"@type":"WebPage","@id":"https:\/\/babylove.se\/no\/produkt\/sassbelle-veggkrok-rustikk-gull-bi\/","url":"https:\/\/babylove.se\/no\/produkt\/sassbelle-veggkrok-rustikk-gull-bi\/","name":"Sass&Belle, veggkrok rustikk gull bi - Babylove Norska","isPartOf":{"@id":"https:\/\/babylove.se\/no\/#website"},"primaryImageOfPage":{"@id":"https:\/\/babylove.se\/no\/produkt\/sassbelle-veggkrok-rustikk-gull-bi\/#primaryimage"},"image":{"@id":"https:\/\/babylove.se\/no\/produkt\/sassbelle-veggkrok-rustikk-gull-bi\/#primaryimage"},"thumbnailUrl":"https:\/\/babylove.se\/no\/wp-content\/uploads\/sites\/3\/2025\/07\/640f3f018d314.jpeg","datePublished":"2025-07-19T10:22:16+00:00","dateModified":"2026-04-08T12:22:19+00:00","breadcrumb":{"@id":"https:\/\/babylove.se\/no\/produkt\/sassbelle-veggkrok-rustikk-gull-bi\/#breadcrumb"},"inLanguage":"nb-NO","potentialAction":[{"@type":"ReadAction","target":["https:\/\/babylove.se\/no\/produkt\/sassbelle-veggkrok-rustikk-gull-bi\/"]}]},{"@type":"ImageObject","inLanguage":"nb-NO","@id":"https:\/\/babylove.se\/no\/produkt\/sassbelle-veggkrok-rustikk-gull-bi\/#primaryimage","url":"https:\/\/babylove.se\/no\/wp-content\/uploads\/sites\/3\/2025\/07\/640f3f018d314.jpeg","contentUrl":"https:\/\/babylove.se\/no\/wp-content\/uploads\/sites\/3\/2025\/07\/640f3f018d314.jpeg","width":700,"height":700},{"@type":"BreadcrumbList","@id":"https:\/\/babylove.se\/no\/produkt\/sassbelle-veggkrok-rustikk-gull-bi\/#breadcrumb","itemListElement":[{"@type":"ListItem","position":1,"name":"Hem","item":"https:\/\/babylove.se\/no\/"},{"@type":"ListItem","position":2,"name":"Butik","item":"https:\/\/babylove.se\/no\/butik\/"},{"@type":"ListItem","position":3,"name":"Sass&#038;Belle, veggkrok rustikk gull bi"}]},{"@type":"WebSite","@id":"https:\/\/babylove.se\/no\/#website","url":"https:\/\/babylove.se\/no\/","name":"Babylove Norska","description":"","potentialAction":[{"@type":"SearchAction","target":{"@type":"EntryPoint","urlTemplate":"https:\/\/babylove.se\/no\/?s={search_term_string}"},"query-input":{"@type":"PropertyValueSpecification","valueRequired":true,"valueName":"search_term_string"}}],"inLanguage":"nb-NO"}]},"product_brand":"Sass&amp;Belle","product_price_amount":"99.00","product_price_currency":"SEK","og_availability":"out of stock","product_availability":"out of stock","product_retailer_item_id":"BOU404","product_condition":"new"},"_links":{"self":[{"href":"https:\/\/babylove.se\/no\/wp-json\/wp\/v2\/product\/50578","targetHints":{"allow":["GET"]}}],"collection":[{"href":"https:\/\/babylove.se\/no\/wp-json\/wp\/v2\/product"}],"about":[{"href":"https:\/\/babylove.se\/no\/wp-json\/wp\/v2\/types\/product"}],"replies":[{"embeddable":true,"href":"https:\/\/babylove.se\/no\/wp-json\/wp\/v2\/comments?post=50578"}],"wp:featuredmedia":[{"embeddable":true,"href":"https:\/\/babylove.se\/no\/wp-json\/wp\/v2\/media\/50580"}],"wp:attachment":[{"href":"https:\/\/babylove.se\/no\/wp-json\/wp\/v2\/media?parent=50578"}],"wp:term":[{"taxonomy":"product_brand","embeddable":true,"href":"https:\/\/babylove.se\/no\/wp-json\/wp\/v2\/product_brand?post=50578"},{"taxonomy":"product_cat","embeddable":true,"href":"https:\/\/babylove.se\/no\/wp-json\/wp\/v2\/product_cat?post=50578"},{"taxonomy":"product_tag","embeddable":true,"href":"https:\/\/babylove.se\/no\/wp-json\/wp\/v2\/product_tag?post=50578"}],"curies":[{"name":"wp","href":"https:\/\/api.w.org\/{rel}","templated":true}]}}