{"id":50584,"date":"2025-07-19T11:22:27","date_gmt":"2025-07-19T10:22:27","guid":{"rendered":"https:\/\/babylove.se\/produkt\/baddmadrass-till-barnsangjuniorsang-coco-1-cm\/"},"modified":"2026-04-08T13:22:22","modified_gmt":"2026-04-08T12:22:22","slug":"bademadras-til-barneseng-juniorseng-coco-1-cm","status":"publish","type":"product","link":"https:\/\/babylove.se\/no\/produkt\/bademadras-til-barneseng-juniorseng-coco-1-cm\/","title":{"rendered":"Bunnmadrass til barneseng\/juniorseng, Coco 1 cm"},"content":{"rendered":"<p>En meget komfortabel og praktisk sengemadras som passer perfekt til din husseng, juniorseng eller barneseng.&nbsp;<\/p>\n<p>Madrassen beskytter mot ulykker og hjelper \u00e5 holde sengen frisk. Innmaten er laget av \u00f8kologiske kokosn\u00f8ttfibre som ikke deformeres og er et antibakterielt naturmateriale. Kokosskiktet sikrer korrekt luftsirkulasjon samt <span style=\"background-color: initial; text-align: initial;\">forhindrer oppsamling av fuktighet, midd og andre mikroorganismer.&nbsp;<\/span>Det spiller ingen rolle hvilken side du har opp, madrassen er like god uansett.&nbsp;<\/p>\n<p>Til den kommer et behagelig og avtakbart overtrekk som gj\u00f8r at du &nbsp;alltid kan vaske (i maks 30 grader uten t\u00f8rketrommel) og holde den ren og frisk. Overtrekket er laget av en behagelig blanding av bomull og polyester.<\/p>\n<p>Madrassen er hard, selvf\u00f8lgelig ogs\u00e5 tilpasset til \u00e5 passe barn og la dem sove godt hele natten. De produseres i EU av 100 % OEKO-TEX sertifisert stoff.<\/p>\n<p><strong>M\u00e5l:&nbsp;<\/strong><\/p>\n<ul>\n<li>Finnes i forskjellige st\u00f8rrelser<\/li>\n<li>Tykkelse: ca. 1 cm<\/li>\n<\/ul>\n<p><strong>Obs!&nbsp;<\/strong><em>Da madrassen er en spesialtilvirket vare, s\u00e5 gjelder ikke angrerett.&nbsp;<\/em><\/p>\n<p><em>Dette er en barnemadrass og er produsert og tilpasset for de minste. Madrassen skal ikke brukes eller testes av voksne.<\/em><\/p>\n","protected":false},"excerpt":{"rendered":"<p>En meget komfortabel og praktisk sengemadras som passer perfekt til din husseng, juniorseng eller barneseng.&nbsp; Madrassen beskytter mot ulykker og hjelper \u00e5 holde sengen frisk. Innmaten er laget av \u00f8kologiske kokosn\u00f8ttfibre som ikke deformeres og er et antibakterielt naturmateriale. Kokosskiktet sikrer korrekt luftsirkulasjon samt forhindrer oppsamling av fuktighet, midd og andre mikroorganismer.&nbsp;Det spiller ingen rolle [&hellip;]<\/p>\n","protected":false},"featured_media":50586,"comment_status":"closed","ping_status":"open","template":"","meta":{"_acf_changed":false},"product_brand":[378],"product_cat":[590,1037,1776],"product_tag":[1689],"class_list":{"0":"post-50584","1":"product","2":"type-product","3":"status-publish","4":"has-post-thumbnail","6":"product_brand-fdm","7":"product_cat-fdm","8":"product_cat-badematter-til-barn","9":"product_cat-sengtilbehor","10":"product_tag-bestillingsvaror","11":"pa_baddmatt-100x200-cm","12":"pa_baddmatt-120x200-cm","13":"pa_baddmatt-140x200-cm","14":"pa_baddmatt-160x200-cm","15":"pa_baddmatt-180x200-cm","16":"pa_baddmatt-200x200-cm","17":"pa_baddmatt-60x120-cm","18":"pa_baddmatt-70x160-cm","19":"pa_baddmatt-80x160-cm","20":"pa_baddmatt-80x190-cm","21":"pa_baddmatt-80x200-cm","22":"pa_baddmatt-90x160-cm","23":"pa_baddmatt-90x180-cm","24":"pa_baddmatt-90x190-cm","25":"pa_baddmatt-90x200-cm","27":"first","28":"instock","29":"taxable","30":"shipping-taxable","31":"purchasable","32":"product-type-variable"},"acf":[],"yoast_head":"<!-- This site is optimized with the Yoast SEO Premium plugin v25.8 (Yoast SEO v27.2) - https:\/\/yoast.com\/product\/yoast-seo-premium-wordpress\/ -->\n<title>Bunnmadrass til barneseng\/juniorseng, Coco 1 cm - Babylove Norska<\/title>\n<meta name=\"robots\" content=\"noindex, follow, max-snippet:-1, max-image-preview:large, max-video-preview:-1\" \/>\n<meta property=\"og:locale\" content=\"nb_NO\" \/>\n<meta property=\"og:type\" content=\"article\" \/>\n<meta property=\"og:title\" content=\"Bunnmadrass til barneseng\/juniorseng, Coco 1 cm\" \/>\n<meta property=\"og:description\" content=\"En meget komfortabel og praktisk sengemadras som passer perfekt til din husseng, juniorseng eller barneseng.&nbsp; Madrassen beskytter mot ulykker og hjelper \u00e5 holde sengen frisk. Innmaten er laget av \u00f8kologiske kokosn\u00f8ttfibre som ikke deformeres og er et antibakterielt naturmateriale. Kokosskiktet sikrer korrekt luftsirkulasjon samt forhindrer oppsamling av fuktighet, midd og andre mikroorganismer.&nbsp;Det spiller ingen rolle [&hellip;]\" \/>\n<meta property=\"og:url\" content=\"https:\/\/babylove.se\/no\/produkt\/bademadras-til-barneseng-juniorseng-coco-1-cm\/\" \/>\n<meta property=\"og:site_name\" content=\"Babylove Norska\" \/>\n<meta property=\"article:modified_time\" content=\"2026-04-08T12:22:22+00:00\" \/>\n<meta property=\"og:image\" content=\"https:\/\/babylove.se\/no\/wp-content\/uploads\/sites\/3\/2025\/07\/6411943075c41.jpeg\" \/>\n\t<meta property=\"og:image:width\" content=\"720\" \/>\n\t<meta property=\"og:image:height\" content=\"540\" \/>\n\t<meta property=\"og:image:type\" content=\"image\/jpeg\" \/>\n<meta name=\"twitter:card\" content=\"summary_large_image\" \/>\n<meta name=\"twitter:label1\" content=\"Availability\" \/>\n\t<meta name=\"twitter:data1\" content=\"In stock\" \/>\n<script type=\"application\/ld+json\" class=\"yoast-schema-graph\">{\"@context\":\"https:\/\/schema.org\",\"@graph\":[{\"@type\":\"WebPage\",\"@id\":\"https:\/\/babylove.se\/no\/produkt\/bademadras-til-barneseng-juniorseng-coco-1-cm\/\",\"url\":\"https:\/\/babylove.se\/no\/produkt\/bademadras-til-barneseng-juniorseng-coco-1-cm\/\",\"name\":\"Bunnmadrass til barneseng\/juniorseng, Coco 1 cm - Babylove Norska\",\"isPartOf\":{\"@id\":\"https:\/\/babylove.se\/no\/#website\"},\"primaryImageOfPage\":{\"@id\":\"https:\/\/babylove.se\/no\/produkt\/bademadras-til-barneseng-juniorseng-coco-1-cm\/#primaryimage\"},\"image\":{\"@id\":\"https:\/\/babylove.se\/no\/produkt\/bademadras-til-barneseng-juniorseng-coco-1-cm\/#primaryimage\"},\"thumbnailUrl\":\"https:\/\/babylove.se\/no\/wp-content\/uploads\/sites\/3\/2025\/07\/6411943075c41.jpeg\",\"datePublished\":\"2025-07-19T10:22:27+00:00\",\"dateModified\":\"2026-04-08T12:22:22+00:00\",\"breadcrumb\":{\"@id\":\"https:\/\/babylove.se\/no\/produkt\/bademadras-til-barneseng-juniorseng-coco-1-cm\/#breadcrumb\"},\"inLanguage\":\"nb-NO\",\"potentialAction\":[{\"@type\":\"ReadAction\",\"target\":[\"https:\/\/babylove.se\/no\/produkt\/bademadras-til-barneseng-juniorseng-coco-1-cm\/\"]}]},{\"@type\":\"ImageObject\",\"inLanguage\":\"nb-NO\",\"@id\":\"https:\/\/babylove.se\/no\/produkt\/bademadras-til-barneseng-juniorseng-coco-1-cm\/#primaryimage\",\"url\":\"https:\/\/babylove.se\/no\/wp-content\/uploads\/sites\/3\/2025\/07\/6411943075c41.jpeg\",\"contentUrl\":\"https:\/\/babylove.se\/no\/wp-content\/uploads\/sites\/3\/2025\/07\/6411943075c41.jpeg\",\"width\":720,\"height\":540},{\"@type\":\"BreadcrumbList\",\"@id\":\"https:\/\/babylove.se\/no\/produkt\/bademadras-til-barneseng-juniorseng-coco-1-cm\/#breadcrumb\",\"itemListElement\":[{\"@type\":\"ListItem\",\"position\":1,\"name\":\"Hem\",\"item\":\"https:\/\/babylove.se\/no\/\"},{\"@type\":\"ListItem\",\"position\":2,\"name\":\"Butik\",\"item\":\"https:\/\/babylove.se\/no\/butik\/\"},{\"@type\":\"ListItem\",\"position\":3,\"name\":\"Bunnmadrass til barneseng\/juniorseng, Coco 1 cm\"}]},{\"@type\":\"WebSite\",\"@id\":\"https:\/\/babylove.se\/no\/#website\",\"url\":\"https:\/\/babylove.se\/no\/\",\"name\":\"Babylove Norska\",\"description\":\"\",\"potentialAction\":[{\"@type\":\"SearchAction\",\"target\":{\"@type\":\"EntryPoint\",\"urlTemplate\":\"https:\/\/babylove.se\/no\/?s={search_term_string}\"},\"query-input\":{\"@type\":\"PropertyValueSpecification\",\"valueRequired\":true,\"valueName\":\"search_term_string\"}}],\"inLanguage\":\"nb-NO\"}]}<\/script>\n<meta property=\"product:brand\" content=\"FDM\" \/>\n<meta property=\"og:availability\" content=\"instock\" \/>\n<meta property=\"product:availability\" content=\"instock\" \/>\n<meta property=\"product:retailer_item_id\" content=\"Coco-b\u00e4ddmadrass-60x120-cm\" \/>\n<meta property=\"product:condition\" content=\"new\" \/>\n<!-- \/ Yoast SEO Premium plugin. -->","yoast_head_json":{"title":"Bunnmadrass til barneseng\/juniorseng, Coco 1 cm - Babylove Norska","robots":{"index":"noindex","follow":"follow","max-snippet":"max-snippet:-1","max-image-preview":"max-image-preview:large","max-video-preview":"max-video-preview:-1"},"og_locale":"nb_NO","og_type":"article","og_title":"Bunnmadrass til barneseng\/juniorseng, Coco 1 cm","og_description":"En meget komfortabel og praktisk sengemadras som passer perfekt til din husseng, juniorseng eller barneseng.&nbsp; Madrassen beskytter mot ulykker og hjelper \u00e5 holde sengen frisk. Innmaten er laget av \u00f8kologiske kokosn\u00f8ttfibre som ikke deformeres og er et antibakterielt naturmateriale. Kokosskiktet sikrer korrekt luftsirkulasjon samt forhindrer oppsamling av fuktighet, midd og andre mikroorganismer.&nbsp;Det spiller ingen rolle [&hellip;]","og_url":"https:\/\/babylove.se\/no\/produkt\/bademadras-til-barneseng-juniorseng-coco-1-cm\/","og_site_name":"Babylove Norska","article_modified_time":"2026-04-08T12:22:22+00:00","og_image":[{"width":720,"height":540,"url":"https:\/\/babylove.se\/no\/wp-content\/uploads\/sites\/3\/2025\/07\/6411943075c41.jpeg","type":"image\/jpeg"}],"twitter_card":"summary_large_image","twitter_misc":{"Availability":"In stock"},"schema":{"@context":"https:\/\/schema.org","@graph":[{"@type":"WebPage","@id":"https:\/\/babylove.se\/no\/produkt\/bademadras-til-barneseng-juniorseng-coco-1-cm\/","url":"https:\/\/babylove.se\/no\/produkt\/bademadras-til-barneseng-juniorseng-coco-1-cm\/","name":"Bunnmadrass til barneseng\/juniorseng, Coco 1 cm - Babylove Norska","isPartOf":{"@id":"https:\/\/babylove.se\/no\/#website"},"primaryImageOfPage":{"@id":"https:\/\/babylove.se\/no\/produkt\/bademadras-til-barneseng-juniorseng-coco-1-cm\/#primaryimage"},"image":{"@id":"https:\/\/babylove.se\/no\/produkt\/bademadras-til-barneseng-juniorseng-coco-1-cm\/#primaryimage"},"thumbnailUrl":"https:\/\/babylove.se\/no\/wp-content\/uploads\/sites\/3\/2025\/07\/6411943075c41.jpeg","datePublished":"2025-07-19T10:22:27+00:00","dateModified":"2026-04-08T12:22:22+00:00","breadcrumb":{"@id":"https:\/\/babylove.se\/no\/produkt\/bademadras-til-barneseng-juniorseng-coco-1-cm\/#breadcrumb"},"inLanguage":"nb-NO","potentialAction":[{"@type":"ReadAction","target":["https:\/\/babylove.se\/no\/produkt\/bademadras-til-barneseng-juniorseng-coco-1-cm\/"]}]},{"@type":"ImageObject","inLanguage":"nb-NO","@id":"https:\/\/babylove.se\/no\/produkt\/bademadras-til-barneseng-juniorseng-coco-1-cm\/#primaryimage","url":"https:\/\/babylove.se\/no\/wp-content\/uploads\/sites\/3\/2025\/07\/6411943075c41.jpeg","contentUrl":"https:\/\/babylove.se\/no\/wp-content\/uploads\/sites\/3\/2025\/07\/6411943075c41.jpeg","width":720,"height":540},{"@type":"BreadcrumbList","@id":"https:\/\/babylove.se\/no\/produkt\/bademadras-til-barneseng-juniorseng-coco-1-cm\/#breadcrumb","itemListElement":[{"@type":"ListItem","position":1,"name":"Hem","item":"https:\/\/babylove.se\/no\/"},{"@type":"ListItem","position":2,"name":"Butik","item":"https:\/\/babylove.se\/no\/butik\/"},{"@type":"ListItem","position":3,"name":"Bunnmadrass til barneseng\/juniorseng, Coco 1 cm"}]},{"@type":"WebSite","@id":"https:\/\/babylove.se\/no\/#website","url":"https:\/\/babylove.se\/no\/","name":"Babylove Norska","description":"","potentialAction":[{"@type":"SearchAction","target":{"@type":"EntryPoint","urlTemplate":"https:\/\/babylove.se\/no\/?s={search_term_string}"},"query-input":{"@type":"PropertyValueSpecification","valueRequired":true,"valueName":"search_term_string"}}],"inLanguage":"nb-NO"}]},"product_brand":"FDM","og_availability":"instock","product_availability":"instock","product_retailer_item_id":"Coco-b\u00e4ddmadrass-60x120-cm","product_condition":"new"},"_links":{"self":[{"href":"https:\/\/babylove.se\/no\/wp-json\/wp\/v2\/product\/50584","targetHints":{"allow":["GET"]}}],"collection":[{"href":"https:\/\/babylove.se\/no\/wp-json\/wp\/v2\/product"}],"about":[{"href":"https:\/\/babylove.se\/no\/wp-json\/wp\/v2\/types\/product"}],"replies":[{"embeddable":true,"href":"https:\/\/babylove.se\/no\/wp-json\/wp\/v2\/comments?post=50584"}],"wp:featuredmedia":[{"embeddable":true,"href":"https:\/\/babylove.se\/no\/wp-json\/wp\/v2\/media\/50586"}],"wp:attachment":[{"href":"https:\/\/babylove.se\/no\/wp-json\/wp\/v2\/media?parent=50584"}],"wp:term":[{"taxonomy":"product_brand","embeddable":true,"href":"https:\/\/babylove.se\/no\/wp-json\/wp\/v2\/product_brand?post=50584"},{"taxonomy":"product_cat","embeddable":true,"href":"https:\/\/babylove.se\/no\/wp-json\/wp\/v2\/product_cat?post=50584"},{"taxonomy":"product_tag","embeddable":true,"href":"https:\/\/babylove.se\/no\/wp-json\/wp\/v2\/product_tag?post=50584"}],"curies":[{"name":"wp","href":"https:\/\/api.w.org\/{rel}","templated":true}]}}