{"id":5064,"date":"2025-07-18T20:27:00","date_gmt":"2025-07-18T19:27:00","guid":{"rendered":"https:\/\/babylove.se\/produkt\/kramdjur-vit-enhorning-xl\/"},"modified":"2026-04-08T08:13:58","modified_gmt":"2026-04-08T07:13:58","slug":"kosedyr-hvit-enhjorning-xl","status":"publish","type":"product","link":"https:\/\/babylove.se\/no\/produkt\/kosedyr-hvit-enhjorning-xl\/","title":{"rendered":"Kosedyr, hvit enhj\u00f8rning XL"},"content":{"rendered":"<p>En fantastisk og vakker enhj\u00f8rning som vil bli ditt barns favorittklemmedyr i mange \u00e5r fremover. I tillegg til at den er myk med fine detaljer som vinger og en hjerteformet snute er den herlig fin \u00e5 ha p\u00e5 barnerommet som innredningsdetalj. <\/p>\n<p>Sammen med de smilende \u00f8ynene vil b\u00e5de ditt barn og du smelte. Barna setter ekstra stor pris p\u00e5 st\u00f8rrelsen p\u00e5 kosedyret, da det virkelig kan kose og myse med det hvor de enn befinner seg.  <\/p>\n<p>Enhj\u00f8rningen kan gj\u00f8res personlig ved \u00e5 sette barnets navn p\u00e5 den ene vingen. Den perfekte d\u00e5ps- eller bursdagsgaven.<\/p>\n<p>Laget helt av myk og vakker plysj og produktet er CE-merket, og har en s\u00e5kalt EN71-1-2-3 sikkerhetsstandard for leker.<\/p>\n<p><strong>M\u00e5l<\/strong>: H\u00f8yde ca 60 cm<\/p>\n","protected":false},"excerpt":{"rendered":"<p>En fantastisk og vakker enhj\u00f8rning som vil bli ditt barns favorittklemmedyr i mange \u00e5r fremover. I tillegg til at den er myk med fine detaljer som vinger og en hjerteformet snute er den herlig fin \u00e5 ha p\u00e5 barnerommet som innredningsdetalj. Sammen med de smilende \u00f8ynene vil b\u00e5de ditt barn og du smelte. Barna setter [&hellip;]<\/p>\n","protected":false},"featured_media":5066,"comment_status":"closed","ping_status":"open","template":"","meta":{"_acf_changed":false},"product_brand":[22],"product_cat":[70,25,48],"product_tag":[],"class_list":{"0":"post-5064","1":"product","2":"type-product","3":"status-publish","4":"has-post-thumbnail","6":"product_brand-babylove","7":"product_cat-gaver","8":"product_cat-ikke-bare-jenter","9":"product_cat-startside","11":"first","12":"outofstock","13":"taxable","14":"shipping-taxable","15":"purchasable","16":"product-type-simple"},"acf":[],"yoast_head":"<!-- This site is optimized with the Yoast SEO Premium plugin v25.8 (Yoast SEO v27.2) - https:\/\/yoast.com\/product\/yoast-seo-premium-wordpress\/ -->\n<title>Kosedyr, hvit enhj\u00f8rning XL - Babylove Norska<\/title>\n<meta name=\"robots\" content=\"noindex, follow, max-snippet:-1, max-image-preview:large, max-video-preview:-1\" \/>\n<meta property=\"og:locale\" content=\"nb_NO\" \/>\n<meta property=\"og:type\" content=\"article\" \/>\n<meta property=\"og:title\" content=\"Kosedyr, hvit enhj\u00f8rning XL\" \/>\n<meta property=\"og:description\" content=\"En fantastisk og vakker enhj\u00f8rning som vil bli ditt barns favorittklemmedyr i mange \u00e5r fremover. I tillegg til at den er myk med fine detaljer som vinger og en hjerteformet snute er den herlig fin \u00e5 ha p\u00e5 barnerommet som innredningsdetalj. Sammen med de smilende \u00f8ynene vil b\u00e5de ditt barn og du smelte. Barna setter [&hellip;]\" \/>\n<meta property=\"og:url\" content=\"https:\/\/babylove.se\/no\/produkt\/kosedyr-hvit-enhjorning-xl\/\" \/>\n<meta property=\"og:site_name\" content=\"Babylove Norska\" \/>\n<meta property=\"article:modified_time\" content=\"2026-04-08T07:13:58+00:00\" \/>\n<meta property=\"og:image\" content=\"https:\/\/babylove.se\/no\/wp-content\/uploads\/sites\/3\/2025\/07\/5ad7136c5f39f.jpeg\" \/>\n\t<meta property=\"og:image:width\" content=\"750\" \/>\n\t<meta property=\"og:image:height\" content=\"750\" \/>\n\t<meta property=\"og:image:type\" content=\"image\/jpeg\" \/>\n<meta name=\"twitter:card\" content=\"summary_large_image\" \/>\n<meta name=\"twitter:label1\" content=\"Price\" \/>\n\t<meta name=\"twitter:data1\" content=\"699,00&nbsp;&#107;&#114;\" \/>\n\t<meta name=\"twitter:label2\" content=\"Availability\" \/>\n\t<meta name=\"twitter:data2\" content=\"Out of stock\" \/>\n<script type=\"application\/ld+json\" class=\"yoast-schema-graph\">{\"@context\":\"https:\/\/schema.org\",\"@graph\":[{\"@type\":\"WebPage\",\"@id\":\"https:\/\/babylove.se\/no\/produkt\/kosedyr-hvit-enhjorning-xl\/\",\"url\":\"https:\/\/babylove.se\/no\/produkt\/kosedyr-hvit-enhjorning-xl\/\",\"name\":\"Kosedyr, hvit enhj\u00f8rning XL - Babylove Norska\",\"isPartOf\":{\"@id\":\"https:\/\/babylove.se\/no\/#website\"},\"primaryImageOfPage\":{\"@id\":\"https:\/\/babylove.se\/no\/produkt\/kosedyr-hvit-enhjorning-xl\/#primaryimage\"},\"image\":{\"@id\":\"https:\/\/babylove.se\/no\/produkt\/kosedyr-hvit-enhjorning-xl\/#primaryimage\"},\"thumbnailUrl\":\"https:\/\/babylove.se\/no\/wp-content\/uploads\/sites\/3\/2025\/07\/5ad7136c5f39f.jpeg\",\"datePublished\":\"2025-07-18T19:27:00+00:00\",\"dateModified\":\"2026-04-08T07:13:58+00:00\",\"breadcrumb\":{\"@id\":\"https:\/\/babylove.se\/no\/produkt\/kosedyr-hvit-enhjorning-xl\/#breadcrumb\"},\"inLanguage\":\"nb-NO\",\"potentialAction\":[{\"@type\":\"ReadAction\",\"target\":[\"https:\/\/babylove.se\/no\/produkt\/kosedyr-hvit-enhjorning-xl\/\"]}]},{\"@type\":\"ImageObject\",\"inLanguage\":\"nb-NO\",\"@id\":\"https:\/\/babylove.se\/no\/produkt\/kosedyr-hvit-enhjorning-xl\/#primaryimage\",\"url\":\"https:\/\/babylove.se\/no\/wp-content\/uploads\/sites\/3\/2025\/07\/5ad7136c5f39f.jpeg\",\"contentUrl\":\"https:\/\/babylove.se\/no\/wp-content\/uploads\/sites\/3\/2025\/07\/5ad7136c5f39f.jpeg\",\"width\":750,\"height\":750},{\"@type\":\"BreadcrumbList\",\"@id\":\"https:\/\/babylove.se\/no\/produkt\/kosedyr-hvit-enhjorning-xl\/#breadcrumb\",\"itemListElement\":[{\"@type\":\"ListItem\",\"position\":1,\"name\":\"Hem\",\"item\":\"https:\/\/babylove.se\/no\/\"},{\"@type\":\"ListItem\",\"position\":2,\"name\":\"Butik\",\"item\":\"https:\/\/babylove.se\/no\/butik\/\"},{\"@type\":\"ListItem\",\"position\":3,\"name\":\"Kosedyr, hvit enhj\u00f8rning XL\"}]},{\"@type\":\"WebSite\",\"@id\":\"https:\/\/babylove.se\/no\/#website\",\"url\":\"https:\/\/babylove.se\/no\/\",\"name\":\"Babylove Norska\",\"description\":\"\",\"potentialAction\":[{\"@type\":\"SearchAction\",\"target\":{\"@type\":\"EntryPoint\",\"urlTemplate\":\"https:\/\/babylove.se\/no\/?s={search_term_string}\"},\"query-input\":{\"@type\":\"PropertyValueSpecification\",\"valueRequired\":true,\"valueName\":\"search_term_string\"}}],\"inLanguage\":\"nb-NO\"}]}<\/script>\n<meta property=\"product:brand\" content=\"Babylove\" \/>\n<meta property=\"product:price:amount\" content=\"699.00\" \/>\n<meta property=\"product:price:currency\" content=\"SEK\" \/>\n<meta property=\"og:availability\" content=\"out of stock\" \/>\n<meta property=\"product:availability\" content=\"out of stock\" \/>\n<meta property=\"product:retailer_item_id\" content=\"1560\" \/>\n<meta property=\"product:condition\" content=\"new\" \/>\n<!-- \/ Yoast SEO Premium plugin. -->","yoast_head_json":{"title":"Kosedyr, hvit enhj\u00f8rning XL - Babylove Norska","robots":{"index":"noindex","follow":"follow","max-snippet":"max-snippet:-1","max-image-preview":"max-image-preview:large","max-video-preview":"max-video-preview:-1"},"og_locale":"nb_NO","og_type":"article","og_title":"Kosedyr, hvit enhj\u00f8rning XL","og_description":"En fantastisk og vakker enhj\u00f8rning som vil bli ditt barns favorittklemmedyr i mange \u00e5r fremover. I tillegg til at den er myk med fine detaljer som vinger og en hjerteformet snute er den herlig fin \u00e5 ha p\u00e5 barnerommet som innredningsdetalj. Sammen med de smilende \u00f8ynene vil b\u00e5de ditt barn og du smelte. Barna setter [&hellip;]","og_url":"https:\/\/babylove.se\/no\/produkt\/kosedyr-hvit-enhjorning-xl\/","og_site_name":"Babylove Norska","article_modified_time":"2026-04-08T07:13:58+00:00","og_image":[{"width":750,"height":750,"url":"https:\/\/babylove.se\/no\/wp-content\/uploads\/sites\/3\/2025\/07\/5ad7136c5f39f.jpeg","type":"image\/jpeg"}],"twitter_card":"summary_large_image","twitter_misc":{"Price":"699,00&nbsp;&#107;&#114;","Availability":"Out of stock"},"schema":{"@context":"https:\/\/schema.org","@graph":[{"@type":"WebPage","@id":"https:\/\/babylove.se\/no\/produkt\/kosedyr-hvit-enhjorning-xl\/","url":"https:\/\/babylove.se\/no\/produkt\/kosedyr-hvit-enhjorning-xl\/","name":"Kosedyr, hvit enhj\u00f8rning XL - Babylove Norska","isPartOf":{"@id":"https:\/\/babylove.se\/no\/#website"},"primaryImageOfPage":{"@id":"https:\/\/babylove.se\/no\/produkt\/kosedyr-hvit-enhjorning-xl\/#primaryimage"},"image":{"@id":"https:\/\/babylove.se\/no\/produkt\/kosedyr-hvit-enhjorning-xl\/#primaryimage"},"thumbnailUrl":"https:\/\/babylove.se\/no\/wp-content\/uploads\/sites\/3\/2025\/07\/5ad7136c5f39f.jpeg","datePublished":"2025-07-18T19:27:00+00:00","dateModified":"2026-04-08T07:13:58+00:00","breadcrumb":{"@id":"https:\/\/babylove.se\/no\/produkt\/kosedyr-hvit-enhjorning-xl\/#breadcrumb"},"inLanguage":"nb-NO","potentialAction":[{"@type":"ReadAction","target":["https:\/\/babylove.se\/no\/produkt\/kosedyr-hvit-enhjorning-xl\/"]}]},{"@type":"ImageObject","inLanguage":"nb-NO","@id":"https:\/\/babylove.se\/no\/produkt\/kosedyr-hvit-enhjorning-xl\/#primaryimage","url":"https:\/\/babylove.se\/no\/wp-content\/uploads\/sites\/3\/2025\/07\/5ad7136c5f39f.jpeg","contentUrl":"https:\/\/babylove.se\/no\/wp-content\/uploads\/sites\/3\/2025\/07\/5ad7136c5f39f.jpeg","width":750,"height":750},{"@type":"BreadcrumbList","@id":"https:\/\/babylove.se\/no\/produkt\/kosedyr-hvit-enhjorning-xl\/#breadcrumb","itemListElement":[{"@type":"ListItem","position":1,"name":"Hem","item":"https:\/\/babylove.se\/no\/"},{"@type":"ListItem","position":2,"name":"Butik","item":"https:\/\/babylove.se\/no\/butik\/"},{"@type":"ListItem","position":3,"name":"Kosedyr, hvit enhj\u00f8rning XL"}]},{"@type":"WebSite","@id":"https:\/\/babylove.se\/no\/#website","url":"https:\/\/babylove.se\/no\/","name":"Babylove Norska","description":"","potentialAction":[{"@type":"SearchAction","target":{"@type":"EntryPoint","urlTemplate":"https:\/\/babylove.se\/no\/?s={search_term_string}"},"query-input":{"@type":"PropertyValueSpecification","valueRequired":true,"valueName":"search_term_string"}}],"inLanguage":"nb-NO"}]},"product_brand":"Babylove","product_price_amount":"699.00","product_price_currency":"SEK","og_availability":"out of stock","product_availability":"out of stock","product_retailer_item_id":"1560","product_condition":"new"},"_links":{"self":[{"href":"https:\/\/babylove.se\/no\/wp-json\/wp\/v2\/product\/5064","targetHints":{"allow":["GET"]}}],"collection":[{"href":"https:\/\/babylove.se\/no\/wp-json\/wp\/v2\/product"}],"about":[{"href":"https:\/\/babylove.se\/no\/wp-json\/wp\/v2\/types\/product"}],"replies":[{"embeddable":true,"href":"https:\/\/babylove.se\/no\/wp-json\/wp\/v2\/comments?post=5064"}],"wp:featuredmedia":[{"embeddable":true,"href":"https:\/\/babylove.se\/no\/wp-json\/wp\/v2\/media\/5066"}],"wp:attachment":[{"href":"https:\/\/babylove.se\/no\/wp-json\/wp\/v2\/media?parent=5064"}],"wp:term":[{"taxonomy":"product_brand","embeddable":true,"href":"https:\/\/babylove.se\/no\/wp-json\/wp\/v2\/product_brand?post=5064"},{"taxonomy":"product_cat","embeddable":true,"href":"https:\/\/babylove.se\/no\/wp-json\/wp\/v2\/product_cat?post=5064"},{"taxonomy":"product_tag","embeddable":true,"href":"https:\/\/babylove.se\/no\/wp-json\/wp\/v2\/product_tag?post=5064"}],"curies":[{"name":"wp","href":"https:\/\/api.w.org\/{rel}","templated":true}]}}