{"id":50660,"date":"2025-07-19T11:23:31","date_gmt":"2025-07-19T10:23:31","guid":{"rendered":"https:\/\/babylove.se\/produkt\/baddmadrass-till-barnsangjuniorsang-visco-8-cm\/"},"modified":"2026-04-08T13:22:34","modified_gmt":"2026-04-08T12:22:34","slug":"bademadras-til-barneseng-juniorseng-visco-8-cm","status":"publish","type":"product","link":"https:\/\/babylove.se\/no\/produkt\/bademadras-til-barneseng-juniorseng-visco-8-cm\/","title":{"rendered":"Sengemadras til barneseng\/juniorseng, Visco 8 cm"},"content":{"rendered":"<p>En meget behagelig og praktisk sengemadrass som passer perfekt til din husseng, juniorseng eller barneseng.&nbsp;<\/p>\n<p>Sengemadrassen best\u00e5r av viskoelastisk skum, ogs\u00e5 kjent som memory foam. Under p\u00e5virkning av temperatur og belastning endrer skummet sin struktur og tilpasser seg perfekt til kroppen. Ryggraden f\u00e5r en ordentlig st\u00f8tte som gir hvile til ryggmusklene. Trykket mot hoftene og nakken elimineres. En annen fordel er at kroppstemperaturen holdes konstant. Sengemadrassen er antiallergisk som forhindrer ansamling av fuktighet, midd og andre mikroorganismer.<\/p>\n<p>Madrassen beskytter mot ulykker og hjelper \u00e5 holde sengen frisk. Til den f\u00f8lger et deilig og avtakbart overtrekk som gj\u00f8r at du &nbsp;alltid kan vaske (i maks 30 grader uten t\u00f8rketromling) og holde den ren og frisk. Overtrekket er laget av en deilig blanding av bomull og polyester.<\/p>\n<p>Madrassen er myk, selvf\u00f8lgelig ogs\u00e5 tilpasset til \u00e5 passe barn og la dem sove godt hele natten. De produseres i EU av 100 % OEKO-TEX sertifisert stoff.<\/p>\n<p><strong>M\u00e5l:&nbsp;<\/strong><\/p>\n<ul>\n<li>Finnes i forskjellige st\u00f8rrelser<\/li>\n<li>Tykkelse: ca. 8 cm<\/li>\n<\/ul>\n<p><strong>Obs!&nbsp;<\/strong><em>Da madrassen er en spesialtilvirket vare, s\u00e5 gjelder ikke angrerett.&nbsp;<\/em><\/p>\n<p><em>Dette er en barnemadrass og er produsert og tilpasset for de minste. Madrassen skal ikke brukes eller testes av voksne.<\/em><\/p>\n","protected":false},"excerpt":{"rendered":"<p>En meget behagelig og praktisk sengemadrass som passer perfekt til din husseng, juniorseng eller barneseng.&nbsp; Sengemadrassen best\u00e5r av viskoelastisk skum, ogs\u00e5 kjent som memory foam. Under p\u00e5virkning av temperatur og belastning endrer skummet sin struktur og tilpasser seg perfekt til kroppen. Ryggraden f\u00e5r en ordentlig st\u00f8tte som gir hvile til ryggmusklene. Trykket mot hoftene og [&hellip;]<\/p>\n","protected":false},"featured_media":50662,"comment_status":"closed","ping_status":"open","template":"","meta":{"_acf_changed":false},"product_brand":[378],"product_cat":[590,1037,1776],"product_tag":[1689],"class_list":{"0":"post-50660","1":"product","2":"type-product","3":"status-publish","4":"has-post-thumbnail","6":"product_brand-fdm","7":"product_cat-fdm","8":"product_cat-badematter-til-barn","9":"product_cat-sengtilbehor","10":"product_tag-bestillingsvaror","11":"pa_baddmatt-100x200-cm","12":"pa_baddmatt-120x200-cm","13":"pa_baddmatt-140x200-cm","14":"pa_baddmatt-160x200-cm","15":"pa_baddmatt-180x200-cm","16":"pa_baddmatt-200x200-cm","17":"pa_baddmatt-60x120-cm","18":"pa_baddmatt-70x160-cm","19":"pa_baddmatt-80x160-cm","20":"pa_baddmatt-80x190-cm","21":"pa_baddmatt-80x200-cm","22":"pa_baddmatt-90x160-cm","23":"pa_baddmatt-90x180-cm","24":"pa_baddmatt-90x190-cm","25":"pa_baddmatt-90x200-cm","27":"first","28":"instock","29":"taxable","30":"shipping-taxable","31":"purchasable","32":"product-type-variable"},"acf":[],"yoast_head":"<!-- This site is optimized with the Yoast SEO Premium plugin v25.8 (Yoast SEO v27.2) - https:\/\/yoast.com\/product\/yoast-seo-premium-wordpress\/ -->\n<title>Sengemadras til barneseng\/juniorseng, Visco 8 cm - Babylove Norska<\/title>\n<meta name=\"robots\" content=\"noindex, follow, max-snippet:-1, max-image-preview:large, max-video-preview:-1\" \/>\n<meta property=\"og:locale\" content=\"nb_NO\" \/>\n<meta property=\"og:type\" content=\"article\" \/>\n<meta property=\"og:title\" content=\"Sengemadras til barneseng\/juniorseng, Visco 8 cm\" \/>\n<meta property=\"og:description\" content=\"En meget behagelig og praktisk sengemadrass som passer perfekt til din husseng, juniorseng eller barneseng.&nbsp; Sengemadrassen best\u00e5r av viskoelastisk skum, ogs\u00e5 kjent som memory foam. Under p\u00e5virkning av temperatur og belastning endrer skummet sin struktur og tilpasser seg perfekt til kroppen. Ryggraden f\u00e5r en ordentlig st\u00f8tte som gir hvile til ryggmusklene. Trykket mot hoftene og [&hellip;]\" \/>\n<meta property=\"og:url\" content=\"https:\/\/babylove.se\/no\/produkt\/bademadras-til-barneseng-juniorseng-visco-8-cm\/\" \/>\n<meta property=\"og:site_name\" content=\"Babylove Norska\" \/>\n<meta property=\"article:modified_time\" content=\"2026-04-08T12:22:34+00:00\" \/>\n<meta property=\"og:image\" content=\"https:\/\/babylove.se\/no\/wp-content\/uploads\/sites\/3\/2025\/07\/1678881250167887659316788748526196a3ed5464d.jpeg\" \/>\n\t<meta property=\"og:image:width\" content=\"1200\" \/>\n\t<meta property=\"og:image:height\" content=\"900\" \/>\n\t<meta property=\"og:image:type\" content=\"image\/jpeg\" \/>\n<meta name=\"twitter:card\" content=\"summary_large_image\" \/>\n<meta name=\"twitter:label1\" content=\"Availability\" \/>\n\t<meta name=\"twitter:data1\" content=\"In stock\" \/>\n<script type=\"application\/ld+json\" class=\"yoast-schema-graph\">{\"@context\":\"https:\/\/schema.org\",\"@graph\":[{\"@type\":\"WebPage\",\"@id\":\"https:\/\/babylove.se\/no\/produkt\/bademadras-til-barneseng-juniorseng-visco-8-cm\/\",\"url\":\"https:\/\/babylove.se\/no\/produkt\/bademadras-til-barneseng-juniorseng-visco-8-cm\/\",\"name\":\"Sengemadras til barneseng\/juniorseng, Visco 8 cm - Babylove Norska\",\"isPartOf\":{\"@id\":\"https:\/\/babylove.se\/no\/#website\"},\"primaryImageOfPage\":{\"@id\":\"https:\/\/babylove.se\/no\/produkt\/bademadras-til-barneseng-juniorseng-visco-8-cm\/#primaryimage\"},\"image\":{\"@id\":\"https:\/\/babylove.se\/no\/produkt\/bademadras-til-barneseng-juniorseng-visco-8-cm\/#primaryimage\"},\"thumbnailUrl\":\"https:\/\/babylove.se\/no\/wp-content\/uploads\/sites\/3\/2025\/07\/1678881250167887659316788748526196a3ed5464d.jpeg\",\"datePublished\":\"2025-07-19T10:23:31+00:00\",\"dateModified\":\"2026-04-08T12:22:34+00:00\",\"breadcrumb\":{\"@id\":\"https:\/\/babylove.se\/no\/produkt\/bademadras-til-barneseng-juniorseng-visco-8-cm\/#breadcrumb\"},\"inLanguage\":\"nb-NO\",\"potentialAction\":[{\"@type\":\"ReadAction\",\"target\":[\"https:\/\/babylove.se\/no\/produkt\/bademadras-til-barneseng-juniorseng-visco-8-cm\/\"]}]},{\"@type\":\"ImageObject\",\"inLanguage\":\"nb-NO\",\"@id\":\"https:\/\/babylove.se\/no\/produkt\/bademadras-til-barneseng-juniorseng-visco-8-cm\/#primaryimage\",\"url\":\"https:\/\/babylove.se\/no\/wp-content\/uploads\/sites\/3\/2025\/07\/1678881250167887659316788748526196a3ed5464d.jpeg\",\"contentUrl\":\"https:\/\/babylove.se\/no\/wp-content\/uploads\/sites\/3\/2025\/07\/1678881250167887659316788748526196a3ed5464d.jpeg\",\"width\":1200,\"height\":900},{\"@type\":\"BreadcrumbList\",\"@id\":\"https:\/\/babylove.se\/no\/produkt\/bademadras-til-barneseng-juniorseng-visco-8-cm\/#breadcrumb\",\"itemListElement\":[{\"@type\":\"ListItem\",\"position\":1,\"name\":\"Hem\",\"item\":\"https:\/\/babylove.se\/no\/\"},{\"@type\":\"ListItem\",\"position\":2,\"name\":\"Butik\",\"item\":\"https:\/\/babylove.se\/no\/butik\/\"},{\"@type\":\"ListItem\",\"position\":3,\"name\":\"Sengemadras til barneseng\/juniorseng, Visco 8 cm\"}]},{\"@type\":\"WebSite\",\"@id\":\"https:\/\/babylove.se\/no\/#website\",\"url\":\"https:\/\/babylove.se\/no\/\",\"name\":\"Babylove Norska\",\"description\":\"\",\"potentialAction\":[{\"@type\":\"SearchAction\",\"target\":{\"@type\":\"EntryPoint\",\"urlTemplate\":\"https:\/\/babylove.se\/no\/?s={search_term_string}\"},\"query-input\":{\"@type\":\"PropertyValueSpecification\",\"valueRequired\":true,\"valueName\":\"search_term_string\"}}],\"inLanguage\":\"nb-NO\"}]}<\/script>\n<meta property=\"product:brand\" content=\"FDM\" \/>\n<meta property=\"og:availability\" content=\"instock\" \/>\n<meta property=\"product:availability\" content=\"instock\" \/>\n<meta property=\"product:retailer_item_id\" content=\"Visco8cm-b\u00e4ddmadrass-60x120-cm\" \/>\n<meta property=\"product:condition\" content=\"new\" \/>\n<!-- \/ Yoast SEO Premium plugin. -->","yoast_head_json":{"title":"Sengemadras til barneseng\/juniorseng, Visco 8 cm - Babylove Norska","robots":{"index":"noindex","follow":"follow","max-snippet":"max-snippet:-1","max-image-preview":"max-image-preview:large","max-video-preview":"max-video-preview:-1"},"og_locale":"nb_NO","og_type":"article","og_title":"Sengemadras til barneseng\/juniorseng, Visco 8 cm","og_description":"En meget behagelig og praktisk sengemadrass som passer perfekt til din husseng, juniorseng eller barneseng.&nbsp; Sengemadrassen best\u00e5r av viskoelastisk skum, ogs\u00e5 kjent som memory foam. Under p\u00e5virkning av temperatur og belastning endrer skummet sin struktur og tilpasser seg perfekt til kroppen. Ryggraden f\u00e5r en ordentlig st\u00f8tte som gir hvile til ryggmusklene. Trykket mot hoftene og [&hellip;]","og_url":"https:\/\/babylove.se\/no\/produkt\/bademadras-til-barneseng-juniorseng-visco-8-cm\/","og_site_name":"Babylove Norska","article_modified_time":"2026-04-08T12:22:34+00:00","og_image":[{"width":1200,"height":900,"url":"https:\/\/babylove.se\/no\/wp-content\/uploads\/sites\/3\/2025\/07\/1678881250167887659316788748526196a3ed5464d.jpeg","type":"image\/jpeg"}],"twitter_card":"summary_large_image","twitter_misc":{"Availability":"In stock"},"schema":{"@context":"https:\/\/schema.org","@graph":[{"@type":"WebPage","@id":"https:\/\/babylove.se\/no\/produkt\/bademadras-til-barneseng-juniorseng-visco-8-cm\/","url":"https:\/\/babylove.se\/no\/produkt\/bademadras-til-barneseng-juniorseng-visco-8-cm\/","name":"Sengemadras til barneseng\/juniorseng, Visco 8 cm - Babylove Norska","isPartOf":{"@id":"https:\/\/babylove.se\/no\/#website"},"primaryImageOfPage":{"@id":"https:\/\/babylove.se\/no\/produkt\/bademadras-til-barneseng-juniorseng-visco-8-cm\/#primaryimage"},"image":{"@id":"https:\/\/babylove.se\/no\/produkt\/bademadras-til-barneseng-juniorseng-visco-8-cm\/#primaryimage"},"thumbnailUrl":"https:\/\/babylove.se\/no\/wp-content\/uploads\/sites\/3\/2025\/07\/1678881250167887659316788748526196a3ed5464d.jpeg","datePublished":"2025-07-19T10:23:31+00:00","dateModified":"2026-04-08T12:22:34+00:00","breadcrumb":{"@id":"https:\/\/babylove.se\/no\/produkt\/bademadras-til-barneseng-juniorseng-visco-8-cm\/#breadcrumb"},"inLanguage":"nb-NO","potentialAction":[{"@type":"ReadAction","target":["https:\/\/babylove.se\/no\/produkt\/bademadras-til-barneseng-juniorseng-visco-8-cm\/"]}]},{"@type":"ImageObject","inLanguage":"nb-NO","@id":"https:\/\/babylove.se\/no\/produkt\/bademadras-til-barneseng-juniorseng-visco-8-cm\/#primaryimage","url":"https:\/\/babylove.se\/no\/wp-content\/uploads\/sites\/3\/2025\/07\/1678881250167887659316788748526196a3ed5464d.jpeg","contentUrl":"https:\/\/babylove.se\/no\/wp-content\/uploads\/sites\/3\/2025\/07\/1678881250167887659316788748526196a3ed5464d.jpeg","width":1200,"height":900},{"@type":"BreadcrumbList","@id":"https:\/\/babylove.se\/no\/produkt\/bademadras-til-barneseng-juniorseng-visco-8-cm\/#breadcrumb","itemListElement":[{"@type":"ListItem","position":1,"name":"Hem","item":"https:\/\/babylove.se\/no\/"},{"@type":"ListItem","position":2,"name":"Butik","item":"https:\/\/babylove.se\/no\/butik\/"},{"@type":"ListItem","position":3,"name":"Sengemadras til barneseng\/juniorseng, Visco 8 cm"}]},{"@type":"WebSite","@id":"https:\/\/babylove.se\/no\/#website","url":"https:\/\/babylove.se\/no\/","name":"Babylove Norska","description":"","potentialAction":[{"@type":"SearchAction","target":{"@type":"EntryPoint","urlTemplate":"https:\/\/babylove.se\/no\/?s={search_term_string}"},"query-input":{"@type":"PropertyValueSpecification","valueRequired":true,"valueName":"search_term_string"}}],"inLanguage":"nb-NO"}]},"product_brand":"FDM","og_availability":"instock","product_availability":"instock","product_retailer_item_id":"Visco8cm-b\u00e4ddmadrass-60x120-cm","product_condition":"new"},"_links":{"self":[{"href":"https:\/\/babylove.se\/no\/wp-json\/wp\/v2\/product\/50660","targetHints":{"allow":["GET"]}}],"collection":[{"href":"https:\/\/babylove.se\/no\/wp-json\/wp\/v2\/product"}],"about":[{"href":"https:\/\/babylove.se\/no\/wp-json\/wp\/v2\/types\/product"}],"replies":[{"embeddable":true,"href":"https:\/\/babylove.se\/no\/wp-json\/wp\/v2\/comments?post=50660"}],"wp:featuredmedia":[{"embeddable":true,"href":"https:\/\/babylove.se\/no\/wp-json\/wp\/v2\/media\/50662"}],"wp:attachment":[{"href":"https:\/\/babylove.se\/no\/wp-json\/wp\/v2\/media?parent=50660"}],"wp:term":[{"taxonomy":"product_brand","embeddable":true,"href":"https:\/\/babylove.se\/no\/wp-json\/wp\/v2\/product_brand?post=50660"},{"taxonomy":"product_cat","embeddable":true,"href":"https:\/\/babylove.se\/no\/wp-json\/wp\/v2\/product_cat?post=50660"},{"taxonomy":"product_tag","embeddable":true,"href":"https:\/\/babylove.se\/no\/wp-json\/wp\/v2\/product_tag?post=50660"}],"curies":[{"name":"wp","href":"https:\/\/api.w.org\/{rel}","templated":true}]}}