{"id":50682,"date":"2025-07-19T11:23:47","date_gmt":"2025-07-19T10:23:47","guid":{"rendered":"https:\/\/babylove.se\/produkt\/juniorsang-minnie-gra\/"},"modified":"2026-04-08T13:22:42","modified_gmt":"2026-04-08T12:22:42","slug":"juniorsang-minnie-gra","status":"publish","type":"product","link":"https:\/\/babylove.se\/no\/produkt\/juniorsang-minnie-gra\/","title":{"rendered":"Juniorseng Minnie, gr\u00e5"},"content":{"rendered":"<p>Her er den ultimate juniorseng! \\n \\n<span style=\"background-color: initial; text-align: initial;\">En stabil og solid seng i tidl\u00f8s design, som ikke bare er et koselig sovested, men ogs\u00e5 et perfekt interi\u00f8rdetalj i barnerommet! <\/span> \\n \\nSengen har smarte st\u00f8ttebrett p\u00e5 begge sider som beskytter barnet fra \u00e5 rulle ut av sengen. \\n \\nSengen er laget i h\u00f8ykvalitets furutre og malt med kjemikaliefri maling. Sikkerhetssertifisert etter EU-standard. \\n \\nEn seng i skandinavisk stilren stil som passer overalt og i alle typer rom. Du kan enkelt dekorere den med fine vimpler eller lysslynger for \u00e5 f\u00e5 mer effekt. \\n \\nAnbefales fra 3 \u00e5rs alder. \\n \\n<strong>M\u00e5l<\/strong>: \\n<\/p>\n<ul> \\n \\t<\/p>\n<li>Sengem\u00e5l: 80&#215;160 cm (madrassst\u00f8rrelse)<\/li>\n<p> \\n \\t<\/p>\n<li>Totalt m\u00e5l: 87,5 cm (bredde) x 164 cm (lengde) x 50 cm (h\u00f8yde)<\/li>\n<p> \\n<\/ul>\n<p> \\n<strong>Materiale<\/strong>: Furutre \\n \\n<em>OBS! Madrass f\u00f8lger ikke med. <em>Vi anbefaler en skummadrass med tykkelse p\u00e5 maks 8 cm.<\/em><\/em> \\n \\n<em><em><em><em>Sengen leveres umontert og b\u00f8r settes sammen i rommet den skal brukes i.<\/em><\/em><\/em><\/em><\/p>\n","protected":false},"excerpt":{"rendered":"<p>Her er den ultimate juniorseng! \\n \\nEn stabil og solid seng i tidl\u00f8s design, som ikke bare er et koselig sovested, men ogs\u00e5 et perfekt interi\u00f8rdetalj i barnerommet! \\n \\nSengen har smarte st\u00f8ttebrett p\u00e5 begge sider som beskytter barnet fra \u00e5 rulle ut av sengen. \\n \\nSengen er laget i h\u00f8ykvalitets furutre og malt med [&hellip;]<\/p>\n","protected":false},"featured_media":50684,"comment_status":"open","ping_status":"closed","template":"","meta":{"_acf_changed":false},"product_brand":[375],"product_cat":[269,376,40],"product_tag":[1689],"class_list":{"0":"post-50682","1":"product","2":"type-product","3":"status-publish","4":"has-post-thumbnail","6":"product_brand-pqp-ttm","7":"product_cat-juniorsenger","8":"product_cat-pp","9":"product_cat-soverom-barn","10":"product_tag-bestillingsvaror","12":"first","13":"outofstock","14":"taxable","15":"shipping-taxable","16":"purchasable","17":"product-type-simple"},"acf":[],"yoast_head":"<!-- This site is optimized with the Yoast SEO Premium plugin v25.8 (Yoast SEO v27.2) - https:\/\/yoast.com\/product\/yoast-seo-premium-wordpress\/ -->\n<title>Juniorseng Minnie, gr\u00e5 - Babylove Norska<\/title>\n<meta name=\"robots\" content=\"noindex, follow, max-snippet:-1, max-image-preview:large, max-video-preview:-1\" \/>\n<meta property=\"og:locale\" content=\"nb_NO\" \/>\n<meta property=\"og:type\" content=\"article\" \/>\n<meta property=\"og:title\" content=\"Juniorseng Minnie, gr\u00e5\" \/>\n<meta property=\"og:description\" content=\"Her er den ultimate juniorseng! n nEn stabil og solid seng i tidl\u00f8s design, som ikke bare er et koselig sovested, men ogs\u00e5 et perfekt interi\u00f8rdetalj i barnerommet! n nSengen har smarte st\u00f8ttebrett p\u00e5 begge sider som beskytter barnet fra \u00e5 rulle ut av sengen. n nSengen er laget i h\u00f8ykvalitets furutre og malt med [&hellip;]\" \/>\n<meta property=\"og:url\" content=\"https:\/\/babylove.se\/no\/produkt\/juniorsang-minnie-gra\/\" \/>\n<meta property=\"og:site_name\" content=\"Babylove Norska\" \/>\n<meta property=\"article:modified_time\" content=\"2026-04-08T12:22:42+00:00\" \/>\n<meta property=\"og:image\" content=\"https:\/\/babylove.se\/no\/wp-content\/uploads\/sites\/3\/2025\/07\/64393316cbe12.png\" \/>\n\t<meta property=\"og:image:width\" content=\"800\" \/>\n\t<meta property=\"og:image:height\" content=\"800\" \/>\n\t<meta property=\"og:image:type\" content=\"image\/png\" \/>\n<meta name=\"twitter:card\" content=\"summary_large_image\" \/>\n<meta name=\"twitter:label1\" content=\"Price\" \/>\n\t<meta name=\"twitter:data1\" content=\"2 899,00&nbsp;&#107;&#114;\" \/>\n\t<meta name=\"twitter:label2\" content=\"Availability\" \/>\n\t<meta name=\"twitter:data2\" content=\"Out of stock\" \/>\n<script type=\"application\/ld+json\" class=\"yoast-schema-graph\">{\"@context\":\"https:\/\/schema.org\",\"@graph\":[{\"@type\":\"WebPage\",\"@id\":\"https:\/\/babylove.se\/no\/produkt\/juniorsang-minnie-gra\/\",\"url\":\"https:\/\/babylove.se\/no\/produkt\/juniorsang-minnie-gra\/\",\"name\":\"Juniorseng Minnie, gr\u00e5 - Babylove Norska\",\"isPartOf\":{\"@id\":\"https:\/\/babylove.se\/no\/#website\"},\"primaryImageOfPage\":{\"@id\":\"https:\/\/babylove.se\/no\/produkt\/juniorsang-minnie-gra\/#primaryimage\"},\"image\":{\"@id\":\"https:\/\/babylove.se\/no\/produkt\/juniorsang-minnie-gra\/#primaryimage\"},\"thumbnailUrl\":\"https:\/\/babylove.se\/no\/wp-content\/uploads\/sites\/3\/2025\/07\/64393316cbe12.png\",\"datePublished\":\"2025-07-19T10:23:47+00:00\",\"dateModified\":\"2026-04-08T12:22:42+00:00\",\"breadcrumb\":{\"@id\":\"https:\/\/babylove.se\/no\/produkt\/juniorsang-minnie-gra\/#breadcrumb\"},\"inLanguage\":\"nb-NO\",\"potentialAction\":[{\"@type\":\"ReadAction\",\"target\":[\"https:\/\/babylove.se\/no\/produkt\/juniorsang-minnie-gra\/\"]}]},{\"@type\":\"ImageObject\",\"inLanguage\":\"nb-NO\",\"@id\":\"https:\/\/babylove.se\/no\/produkt\/juniorsang-minnie-gra\/#primaryimage\",\"url\":\"https:\/\/babylove.se\/no\/wp-content\/uploads\/sites\/3\/2025\/07\/64393316cbe12.png\",\"contentUrl\":\"https:\/\/babylove.se\/no\/wp-content\/uploads\/sites\/3\/2025\/07\/64393316cbe12.png\",\"width\":800,\"height\":800},{\"@type\":\"BreadcrumbList\",\"@id\":\"https:\/\/babylove.se\/no\/produkt\/juniorsang-minnie-gra\/#breadcrumb\",\"itemListElement\":[{\"@type\":\"ListItem\",\"position\":1,\"name\":\"Hem\",\"item\":\"https:\/\/babylove.se\/no\/\"},{\"@type\":\"ListItem\",\"position\":2,\"name\":\"Butik\",\"item\":\"https:\/\/babylove.se\/no\/butik\/\"},{\"@type\":\"ListItem\",\"position\":3,\"name\":\"Juniorseng Minnie, gr\u00e5\"}]},{\"@type\":\"WebSite\",\"@id\":\"https:\/\/babylove.se\/no\/#website\",\"url\":\"https:\/\/babylove.se\/no\/\",\"name\":\"Babylove Norska\",\"description\":\"\",\"potentialAction\":[{\"@type\":\"SearchAction\",\"target\":{\"@type\":\"EntryPoint\",\"urlTemplate\":\"https:\/\/babylove.se\/no\/?s={search_term_string}\"},\"query-input\":{\"@type\":\"PropertyValueSpecification\",\"valueRequired\":true,\"valueName\":\"search_term_string\"}}],\"inLanguage\":\"nb-NO\"}]}<\/script>\n<meta property=\"product:brand\" content=\"PQP\/TTM\" \/>\n<meta property=\"product:price:amount\" content=\"2899.00\" \/>\n<meta property=\"product:price:currency\" content=\"SEK\" \/>\n<meta property=\"og:availability\" content=\"out of stock\" \/>\n<meta property=\"product:availability\" content=\"out of stock\" \/>\n<meta property=\"product:retailer_item_id\" content=\"27513.9\" \/>\n<meta property=\"product:condition\" content=\"new\" \/>\n<!-- \/ Yoast SEO Premium plugin. -->","yoast_head_json":{"title":"Juniorseng Minnie, gr\u00e5 - Babylove Norska","robots":{"index":"noindex","follow":"follow","max-snippet":"max-snippet:-1","max-image-preview":"max-image-preview:large","max-video-preview":"max-video-preview:-1"},"og_locale":"nb_NO","og_type":"article","og_title":"Juniorseng Minnie, gr\u00e5","og_description":"Her er den ultimate juniorseng! n nEn stabil og solid seng i tidl\u00f8s design, som ikke bare er et koselig sovested, men ogs\u00e5 et perfekt interi\u00f8rdetalj i barnerommet! n nSengen har smarte st\u00f8ttebrett p\u00e5 begge sider som beskytter barnet fra \u00e5 rulle ut av sengen. n nSengen er laget i h\u00f8ykvalitets furutre og malt med [&hellip;]","og_url":"https:\/\/babylove.se\/no\/produkt\/juniorsang-minnie-gra\/","og_site_name":"Babylove Norska","article_modified_time":"2026-04-08T12:22:42+00:00","og_image":[{"width":800,"height":800,"url":"https:\/\/babylove.se\/no\/wp-content\/uploads\/sites\/3\/2025\/07\/64393316cbe12.png","type":"image\/png"}],"twitter_card":"summary_large_image","twitter_misc":{"Price":"2 899,00&nbsp;&#107;&#114;","Availability":"Out of stock"},"schema":{"@context":"https:\/\/schema.org","@graph":[{"@type":"WebPage","@id":"https:\/\/babylove.se\/no\/produkt\/juniorsang-minnie-gra\/","url":"https:\/\/babylove.se\/no\/produkt\/juniorsang-minnie-gra\/","name":"Juniorseng Minnie, gr\u00e5 - Babylove Norska","isPartOf":{"@id":"https:\/\/babylove.se\/no\/#website"},"primaryImageOfPage":{"@id":"https:\/\/babylove.se\/no\/produkt\/juniorsang-minnie-gra\/#primaryimage"},"image":{"@id":"https:\/\/babylove.se\/no\/produkt\/juniorsang-minnie-gra\/#primaryimage"},"thumbnailUrl":"https:\/\/babylove.se\/no\/wp-content\/uploads\/sites\/3\/2025\/07\/64393316cbe12.png","datePublished":"2025-07-19T10:23:47+00:00","dateModified":"2026-04-08T12:22:42+00:00","breadcrumb":{"@id":"https:\/\/babylove.se\/no\/produkt\/juniorsang-minnie-gra\/#breadcrumb"},"inLanguage":"nb-NO","potentialAction":[{"@type":"ReadAction","target":["https:\/\/babylove.se\/no\/produkt\/juniorsang-minnie-gra\/"]}]},{"@type":"ImageObject","inLanguage":"nb-NO","@id":"https:\/\/babylove.se\/no\/produkt\/juniorsang-minnie-gra\/#primaryimage","url":"https:\/\/babylove.se\/no\/wp-content\/uploads\/sites\/3\/2025\/07\/64393316cbe12.png","contentUrl":"https:\/\/babylove.se\/no\/wp-content\/uploads\/sites\/3\/2025\/07\/64393316cbe12.png","width":800,"height":800},{"@type":"BreadcrumbList","@id":"https:\/\/babylove.se\/no\/produkt\/juniorsang-minnie-gra\/#breadcrumb","itemListElement":[{"@type":"ListItem","position":1,"name":"Hem","item":"https:\/\/babylove.se\/no\/"},{"@type":"ListItem","position":2,"name":"Butik","item":"https:\/\/babylove.se\/no\/butik\/"},{"@type":"ListItem","position":3,"name":"Juniorseng Minnie, gr\u00e5"}]},{"@type":"WebSite","@id":"https:\/\/babylove.se\/no\/#website","url":"https:\/\/babylove.se\/no\/","name":"Babylove Norska","description":"","potentialAction":[{"@type":"SearchAction","target":{"@type":"EntryPoint","urlTemplate":"https:\/\/babylove.se\/no\/?s={search_term_string}"},"query-input":{"@type":"PropertyValueSpecification","valueRequired":true,"valueName":"search_term_string"}}],"inLanguage":"nb-NO"}]},"product_brand":"PQP\/TTM","product_price_amount":"2899.00","product_price_currency":"SEK","og_availability":"out of stock","product_availability":"out of stock","product_retailer_item_id":"27513.9","product_condition":"new"},"_links":{"self":[{"href":"https:\/\/babylove.se\/no\/wp-json\/wp\/v2\/product\/50682","targetHints":{"allow":["GET"]}}],"collection":[{"href":"https:\/\/babylove.se\/no\/wp-json\/wp\/v2\/product"}],"about":[{"href":"https:\/\/babylove.se\/no\/wp-json\/wp\/v2\/types\/product"}],"replies":[{"embeddable":true,"href":"https:\/\/babylove.se\/no\/wp-json\/wp\/v2\/comments?post=50682"}],"wp:featuredmedia":[{"embeddable":true,"href":"https:\/\/babylove.se\/no\/wp-json\/wp\/v2\/media\/50684"}],"wp:attachment":[{"href":"https:\/\/babylove.se\/no\/wp-json\/wp\/v2\/media?parent=50682"}],"wp:term":[{"taxonomy":"product_brand","embeddable":true,"href":"https:\/\/babylove.se\/no\/wp-json\/wp\/v2\/product_brand?post=50682"},{"taxonomy":"product_cat","embeddable":true,"href":"https:\/\/babylove.se\/no\/wp-json\/wp\/v2\/product_cat?post=50682"},{"taxonomy":"product_tag","embeddable":true,"href":"https:\/\/babylove.se\/no\/wp-json\/wp\/v2\/product_tag?post=50682"}],"curies":[{"name":"wp","href":"https:\/\/api.w.org\/{rel}","templated":true}]}}