{"id":50721,"date":"2025-07-19T11:24:23","date_gmt":"2025-07-19T10:24:23","guid":{"rendered":"https:\/\/babylove.se\/produkt\/jabadabado-dragsnigel-med-regnbage\/"},"modified":"2026-04-08T13:22:59","modified_gmt":"2026-04-08T12:22:59","slug":"jabadabado-drakesnegle-med-regnbue","status":"publish","type":"product","link":"https:\/\/babylove.se\/no\/produkt\/jabadabado-drakesnegle-med-regnbue\/","title":{"rendered":"JaBaDaBaDo, Trekksnigel med regnbue"},"content":{"rendered":"<p>Superfint rulledyr i form av en snegl med stablebar regnbue i tre p\u00e5 ryggen fra svenske JaBaDaBaDo.&nbsp;<\/p>\n<p>En riktig klassiker, verdsatt av generasjoner og kommer garantert til \u00e5 skape mange \u00f8yeblikk av glede for ditt barn. En perfekt kombinasjon av lek og l\u00e6ring. Kan brukes b\u00e5de som en trekk- eller stabbleleke. Regnbuen best\u00e5r av fem separate deler.<\/p>\n<p>Passer perfekt \u00e5 gi bort som 1 \u00e5rs gave og d\u00e5psgave.<\/p>\n<p><strong>M\u00e5l<\/strong>: 22 x 7 x 12 cm<\/p>\n<p><strong>Materiale<\/strong>: Tre<\/p>\n<p>Designer: <a href=\"https:\/\/babylove.se\/varumarken\/jabadabado\"><u>JaBaDaBaDo<\/u><\/a><\/p>\n","protected":false},"excerpt":{"rendered":"<p>Superfint rulledyr i form av en snegl med stablebar regnbue i tre p\u00e5 ryggen fra svenske JaBaDaBaDo.&nbsp; En riktig klassiker, verdsatt av generasjoner og kommer garantert til \u00e5 skape mange \u00f8yeblikk av glede for ditt barn. En perfekt kombinasjon av lek og l\u00e6ring. Kan brukes b\u00e5de som en trekk- eller stabbleleke. Regnbuen best\u00e5r av fem [&hellip;]<\/p>\n","protected":false},"featured_media":50723,"comment_status":"closed","ping_status":"open","template":"","meta":{"_acf_changed":false},"product_brand":[273],"product_cat":[274,68,112],"product_tag":[],"class_list":{"0":"post-50721","1":"product","2":"type-product","3":"status-publish","4":"has-post-thumbnail","6":"product_brand-jabadabado","7":"product_cat-jabadabado","8":"product_cat-leker","9":"product_cat-treleker","11":"first","12":"instock","13":"taxable","14":"shipping-taxable","15":"purchasable","16":"product-type-simple"},"acf":[],"yoast_head":"<!-- This site is optimized with the Yoast SEO Premium plugin v25.8 (Yoast SEO v27.2) - https:\/\/yoast.com\/product\/yoast-seo-premium-wordpress\/ -->\n<title>JaBaDaBaDo, Trekksnigel med regnbue - Babylove Norska<\/title>\n<meta name=\"robots\" content=\"noindex, follow, max-snippet:-1, max-image-preview:large, max-video-preview:-1\" \/>\n<meta property=\"og:locale\" content=\"nb_NO\" \/>\n<meta property=\"og:type\" content=\"article\" \/>\n<meta property=\"og:title\" content=\"JaBaDaBaDo, Trekksnigel med regnbue\" \/>\n<meta property=\"og:description\" content=\"Superfint rulledyr i form av en snegl med stablebar regnbue i tre p\u00e5 ryggen fra svenske JaBaDaBaDo.&nbsp; En riktig klassiker, verdsatt av generasjoner og kommer garantert til \u00e5 skape mange \u00f8yeblikk av glede for ditt barn. En perfekt kombinasjon av lek og l\u00e6ring. Kan brukes b\u00e5de som en trekk- eller stabbleleke. Regnbuen best\u00e5r av fem [&hellip;]\" \/>\n<meta property=\"og:url\" content=\"https:\/\/babylove.se\/no\/produkt\/jabadabado-drakesnegle-med-regnbue\/\" \/>\n<meta property=\"og:site_name\" content=\"Babylove Norska\" \/>\n<meta property=\"article:modified_time\" content=\"2026-04-08T12:22:59+00:00\" \/>\n<meta property=\"og:image\" content=\"https:\/\/babylove.se\/no\/wp-content\/uploads\/sites\/3\/2025\/07\/6412239de88d5.jpeg\" \/>\n\t<meta property=\"og:image:width\" content=\"765\" \/>\n\t<meta property=\"og:image:height\" content=\"765\" \/>\n\t<meta property=\"og:image:type\" content=\"image\/jpeg\" \/>\n<meta name=\"twitter:card\" content=\"summary_large_image\" \/>\n<meta name=\"twitter:label1\" content=\"Price\" \/>\n\t<meta name=\"twitter:data1\" content=\"219,00&nbsp;&#107;&#114;\" \/>\n\t<meta name=\"twitter:label2\" content=\"Availability\" \/>\n\t<meta name=\"twitter:data2\" content=\"In stock\" \/>\n<script type=\"application\/ld+json\" class=\"yoast-schema-graph\">{\"@context\":\"https:\/\/schema.org\",\"@graph\":[{\"@type\":\"WebPage\",\"@id\":\"https:\/\/babylove.se\/no\/produkt\/jabadabado-drakesnegle-med-regnbue\/\",\"url\":\"https:\/\/babylove.se\/no\/produkt\/jabadabado-drakesnegle-med-regnbue\/\",\"name\":\"JaBaDaBaDo, Trekksnigel med regnbue - Babylove Norska\",\"isPartOf\":{\"@id\":\"https:\/\/babylove.se\/no\/#website\"},\"primaryImageOfPage\":{\"@id\":\"https:\/\/babylove.se\/no\/produkt\/jabadabado-drakesnegle-med-regnbue\/#primaryimage\"},\"image\":{\"@id\":\"https:\/\/babylove.se\/no\/produkt\/jabadabado-drakesnegle-med-regnbue\/#primaryimage\"},\"thumbnailUrl\":\"https:\/\/babylove.se\/no\/wp-content\/uploads\/sites\/3\/2025\/07\/6412239de88d5.jpeg\",\"datePublished\":\"2025-07-19T10:24:23+00:00\",\"dateModified\":\"2026-04-08T12:22:59+00:00\",\"breadcrumb\":{\"@id\":\"https:\/\/babylove.se\/no\/produkt\/jabadabado-drakesnegle-med-regnbue\/#breadcrumb\"},\"inLanguage\":\"nb-NO\",\"potentialAction\":[{\"@type\":\"ReadAction\",\"target\":[\"https:\/\/babylove.se\/no\/produkt\/jabadabado-drakesnegle-med-regnbue\/\"]}]},{\"@type\":\"ImageObject\",\"inLanguage\":\"nb-NO\",\"@id\":\"https:\/\/babylove.se\/no\/produkt\/jabadabado-drakesnegle-med-regnbue\/#primaryimage\",\"url\":\"https:\/\/babylove.se\/no\/wp-content\/uploads\/sites\/3\/2025\/07\/6412239de88d5.jpeg\",\"contentUrl\":\"https:\/\/babylove.se\/no\/wp-content\/uploads\/sites\/3\/2025\/07\/6412239de88d5.jpeg\",\"width\":765,\"height\":765},{\"@type\":\"BreadcrumbList\",\"@id\":\"https:\/\/babylove.se\/no\/produkt\/jabadabado-drakesnegle-med-regnbue\/#breadcrumb\",\"itemListElement\":[{\"@type\":\"ListItem\",\"position\":1,\"name\":\"Hem\",\"item\":\"https:\/\/babylove.se\/no\/\"},{\"@type\":\"ListItem\",\"position\":2,\"name\":\"Butik\",\"item\":\"https:\/\/babylove.se\/no\/butik\/\"},{\"@type\":\"ListItem\",\"position\":3,\"name\":\"JaBaDaBaDo, Trekksnigel med regnbue\"}]},{\"@type\":\"WebSite\",\"@id\":\"https:\/\/babylove.se\/no\/#website\",\"url\":\"https:\/\/babylove.se\/no\/\",\"name\":\"Babylove Norska\",\"description\":\"\",\"potentialAction\":[{\"@type\":\"SearchAction\",\"target\":{\"@type\":\"EntryPoint\",\"urlTemplate\":\"https:\/\/babylove.se\/no\/?s={search_term_string}\"},\"query-input\":{\"@type\":\"PropertyValueSpecification\",\"valueRequired\":true,\"valueName\":\"search_term_string\"}}],\"inLanguage\":\"nb-NO\"}]}<\/script>\n<meta property=\"product:brand\" content=\"JaBaDaBaDo\" \/>\n<meta property=\"product:price:amount\" content=\"219.00\" \/>\n<meta property=\"product:price:currency\" content=\"SEK\" \/>\n<meta property=\"og:availability\" content=\"instock\" \/>\n<meta property=\"product:availability\" content=\"instock\" \/>\n<meta property=\"product:retailer_item_id\" content=\"W7224\" \/>\n<meta property=\"product:condition\" content=\"new\" \/>\n<!-- \/ Yoast SEO Premium plugin. -->","yoast_head_json":{"title":"JaBaDaBaDo, Trekksnigel med regnbue - Babylove Norska","robots":{"index":"noindex","follow":"follow","max-snippet":"max-snippet:-1","max-image-preview":"max-image-preview:large","max-video-preview":"max-video-preview:-1"},"og_locale":"nb_NO","og_type":"article","og_title":"JaBaDaBaDo, Trekksnigel med regnbue","og_description":"Superfint rulledyr i form av en snegl med stablebar regnbue i tre p\u00e5 ryggen fra svenske JaBaDaBaDo.&nbsp; En riktig klassiker, verdsatt av generasjoner og kommer garantert til \u00e5 skape mange \u00f8yeblikk av glede for ditt barn. En perfekt kombinasjon av lek og l\u00e6ring. Kan brukes b\u00e5de som en trekk- eller stabbleleke. Regnbuen best\u00e5r av fem [&hellip;]","og_url":"https:\/\/babylove.se\/no\/produkt\/jabadabado-drakesnegle-med-regnbue\/","og_site_name":"Babylove Norska","article_modified_time":"2026-04-08T12:22:59+00:00","og_image":[{"width":765,"height":765,"url":"https:\/\/babylove.se\/no\/wp-content\/uploads\/sites\/3\/2025\/07\/6412239de88d5.jpeg","type":"image\/jpeg"}],"twitter_card":"summary_large_image","twitter_misc":{"Price":"219,00&nbsp;&#107;&#114;","Availability":"In stock"},"schema":{"@context":"https:\/\/schema.org","@graph":[{"@type":"WebPage","@id":"https:\/\/babylove.se\/no\/produkt\/jabadabado-drakesnegle-med-regnbue\/","url":"https:\/\/babylove.se\/no\/produkt\/jabadabado-drakesnegle-med-regnbue\/","name":"JaBaDaBaDo, Trekksnigel med regnbue - Babylove Norska","isPartOf":{"@id":"https:\/\/babylove.se\/no\/#website"},"primaryImageOfPage":{"@id":"https:\/\/babylove.se\/no\/produkt\/jabadabado-drakesnegle-med-regnbue\/#primaryimage"},"image":{"@id":"https:\/\/babylove.se\/no\/produkt\/jabadabado-drakesnegle-med-regnbue\/#primaryimage"},"thumbnailUrl":"https:\/\/babylove.se\/no\/wp-content\/uploads\/sites\/3\/2025\/07\/6412239de88d5.jpeg","datePublished":"2025-07-19T10:24:23+00:00","dateModified":"2026-04-08T12:22:59+00:00","breadcrumb":{"@id":"https:\/\/babylove.se\/no\/produkt\/jabadabado-drakesnegle-med-regnbue\/#breadcrumb"},"inLanguage":"nb-NO","potentialAction":[{"@type":"ReadAction","target":["https:\/\/babylove.se\/no\/produkt\/jabadabado-drakesnegle-med-regnbue\/"]}]},{"@type":"ImageObject","inLanguage":"nb-NO","@id":"https:\/\/babylove.se\/no\/produkt\/jabadabado-drakesnegle-med-regnbue\/#primaryimage","url":"https:\/\/babylove.se\/no\/wp-content\/uploads\/sites\/3\/2025\/07\/6412239de88d5.jpeg","contentUrl":"https:\/\/babylove.se\/no\/wp-content\/uploads\/sites\/3\/2025\/07\/6412239de88d5.jpeg","width":765,"height":765},{"@type":"BreadcrumbList","@id":"https:\/\/babylove.se\/no\/produkt\/jabadabado-drakesnegle-med-regnbue\/#breadcrumb","itemListElement":[{"@type":"ListItem","position":1,"name":"Hem","item":"https:\/\/babylove.se\/no\/"},{"@type":"ListItem","position":2,"name":"Butik","item":"https:\/\/babylove.se\/no\/butik\/"},{"@type":"ListItem","position":3,"name":"JaBaDaBaDo, Trekksnigel med regnbue"}]},{"@type":"WebSite","@id":"https:\/\/babylove.se\/no\/#website","url":"https:\/\/babylove.se\/no\/","name":"Babylove Norska","description":"","potentialAction":[{"@type":"SearchAction","target":{"@type":"EntryPoint","urlTemplate":"https:\/\/babylove.se\/no\/?s={search_term_string}"},"query-input":{"@type":"PropertyValueSpecification","valueRequired":true,"valueName":"search_term_string"}}],"inLanguage":"nb-NO"}]},"product_brand":"JaBaDaBaDo","product_price_amount":"219.00","product_price_currency":"SEK","og_availability":"instock","product_availability":"instock","product_retailer_item_id":"W7224","product_condition":"new"},"_links":{"self":[{"href":"https:\/\/babylove.se\/no\/wp-json\/wp\/v2\/product\/50721","targetHints":{"allow":["GET"]}}],"collection":[{"href":"https:\/\/babylove.se\/no\/wp-json\/wp\/v2\/product"}],"about":[{"href":"https:\/\/babylove.se\/no\/wp-json\/wp\/v2\/types\/product"}],"replies":[{"embeddable":true,"href":"https:\/\/babylove.se\/no\/wp-json\/wp\/v2\/comments?post=50721"}],"wp:featuredmedia":[{"embeddable":true,"href":"https:\/\/babylove.se\/no\/wp-json\/wp\/v2\/media\/50723"}],"wp:attachment":[{"href":"https:\/\/babylove.se\/no\/wp-json\/wp\/v2\/media?parent=50721"}],"wp:term":[{"taxonomy":"product_brand","embeddable":true,"href":"https:\/\/babylove.se\/no\/wp-json\/wp\/v2\/product_brand?post=50721"},{"taxonomy":"product_cat","embeddable":true,"href":"https:\/\/babylove.se\/no\/wp-json\/wp\/v2\/product_cat?post=50721"},{"taxonomy":"product_tag","embeddable":true,"href":"https:\/\/babylove.se\/no\/wp-json\/wp\/v2\/product_tag?post=50721"}],"curies":[{"name":"wp","href":"https:\/\/api.w.org\/{rel}","templated":true}]}}