{"id":50821,"date":"2025-07-19T11:25:46","date_gmt":"2025-07-19T10:25:46","guid":{"rendered":"https:\/\/babylove.se\/produkt\/vattentatt-madrasskydd-till-barnsangjuniorsang-quiltat\/"},"modified":"2026-04-08T13:23:20","modified_gmt":"2026-04-08T12:23:20","slug":"vanntett-madrassbeskyttelse-til-barneseng-juniorseng-quiltet","status":"publish","type":"product","link":"https:\/\/babylove.se\/no\/produkt\/vanntett-madrassbeskyttelse-til-barneseng-juniorseng-quiltet\/","title":{"rendered":"Vanntett madrassbeskytter til barneseng\/juniorseng, quiltet"},"content":{"rendered":"<p>Med dette madrassbeskyttet er det enkelt \u00e5 holde madrassen din ren og frisk!<\/p>\n<p>Tissbeskyttet er vanntett og passer barn som har problemer med sengev\u00e6ting om natten. Det absorberer ogs\u00e5 fuktighet som sikrer god luftsirkulasjon og beskytter madrassen mot fukt, bakterier og midd. Beskyttet holder seg p\u00e5 plass om natten takket v\u00e6re de slitesterke strikken i kanten. Passer de fleste madrasstykkelser.<\/p>\n<p><strong>M\u00e5l: &nbsp;<\/strong>Finnes i forskjellige st\u00f8rrelser.<\/p>\n<p><strong>Materiale<\/strong>: 100 % polyester. Trippellags. Kan vaskes p\u00e5 30 grader.&nbsp;<\/p>\n","protected":false},"excerpt":{"rendered":"<p>Med dette madrassbeskyttet er det enkelt \u00e5 holde madrassen din ren og frisk! Tissbeskyttet er vanntett og passer barn som har problemer med sengev\u00e6ting om natten. Det absorberer ogs\u00e5 fuktighet som sikrer god luftsirkulasjon og beskytter madrassen mot fukt, bakterier og midd. Beskyttet holder seg p\u00e5 plass om natten takket v\u00e6re de slitesterke strikken i [&hellip;]<\/p>\n","protected":false},"featured_media":50823,"comment_status":"closed","ping_status":"open","template":"","meta":{"_acf_changed":false},"product_brand":[378],"product_cat":[590,1563,1564,1565,1566,1559,1561,1562,1037,1560,1776],"product_tag":[1689],"class_list":{"0":"post-50821","1":"product","2":"type-product","3":"status-publish","4":"has-post-thumbnail","6":"product_brand-fdm","7":"product_cat-fdm","8":"product_cat-madrasskydd-160x200","9":"product_cat-madrasskydd-180x200","10":"product_cat-madrassbeskytter-200x200","11":"product_cat-madrasskydd-210","12":"product_cat-madrasskydd-60x120","13":"product_cat-madrasskydd-80x160","14":"product_cat-madrasskydd-120x200","15":"product_cat-badematter-til-barn","16":"product_cat-madrasskydd-70x160","17":"product_cat-sengtilbehor","18":"product_tag-bestillingsvaror","19":"pa_baddmatt-100x200-cm","20":"pa_baddmatt-120x200-cm","21":"pa_baddmatt-140x200-cm","22":"pa_baddmatt-160x200-cm","23":"pa_baddmatt-180x200-cm","24":"pa_baddmatt-200x200-cm","25":"pa_baddmatt-60x120-cm","26":"pa_baddmatt-70x120-cm","27":"pa_baddmatt-70x140-cm","28":"pa_baddmatt-70x160-cm","29":"pa_baddmatt-80x160-cm","30":"pa_baddmatt-80x180-cm","31":"pa_baddmatt-80x190-cm","32":"pa_baddmatt-80x200-cm","33":"pa_baddmatt-90x190-cm","34":"pa_baddmatt-90x200-cm","36":"first","37":"instock","38":"taxable","39":"shipping-taxable","40":"purchasable","41":"product-type-variable"},"acf":[],"yoast_head":"<!-- This site is optimized with the Yoast SEO Premium plugin v25.8 (Yoast SEO v27.2) - https:\/\/yoast.com\/product\/yoast-seo-premium-wordpress\/ -->\n<title>Vanntett madrassbeskytter til barneseng\/juniorseng, quiltet - Babylove Norska<\/title>\n<meta name=\"robots\" content=\"noindex, follow, max-snippet:-1, max-image-preview:large, max-video-preview:-1\" \/>\n<meta property=\"og:locale\" content=\"nb_NO\" \/>\n<meta property=\"og:type\" content=\"article\" \/>\n<meta property=\"og:title\" content=\"Vanntett madrassbeskytter til barneseng\/juniorseng, quiltet\" \/>\n<meta property=\"og:description\" content=\"Med dette madrassbeskyttet er det enkelt \u00e5 holde madrassen din ren og frisk! Tissbeskyttet er vanntett og passer barn som har problemer med sengev\u00e6ting om natten. Det absorberer ogs\u00e5 fuktighet som sikrer god luftsirkulasjon og beskytter madrassen mot fukt, bakterier og midd. Beskyttet holder seg p\u00e5 plass om natten takket v\u00e6re de slitesterke strikken i [&hellip;]\" \/>\n<meta property=\"og:url\" content=\"https:\/\/babylove.se\/no\/produkt\/vanntett-madrassbeskyttelse-til-barneseng-juniorseng-quiltet\/\" \/>\n<meta property=\"og:site_name\" content=\"Babylove Norska\" \/>\n<meta property=\"article:modified_time\" content=\"2026-04-08T12:23:20+00:00\" \/>\n<meta property=\"og:image\" content=\"https:\/\/babylove.se\/no\/wp-content\/uploads\/sites\/3\/2025\/07\/6412f011be832.jpeg\" \/>\n\t<meta property=\"og:image:width\" content=\"720\" \/>\n\t<meta property=\"og:image:height\" content=\"540\" \/>\n\t<meta property=\"og:image:type\" content=\"image\/jpeg\" \/>\n<meta name=\"twitter:card\" content=\"summary_large_image\" \/>\n<meta name=\"twitter:label1\" content=\"Availability\" \/>\n\t<meta name=\"twitter:data1\" content=\"In stock\" \/>\n<script type=\"application\/ld+json\" class=\"yoast-schema-graph\">{\"@context\":\"https:\/\/schema.org\",\"@graph\":[{\"@type\":\"WebPage\",\"@id\":\"https:\/\/babylove.se\/no\/produkt\/vanntett-madrassbeskyttelse-til-barneseng-juniorseng-quiltet\/\",\"url\":\"https:\/\/babylove.se\/no\/produkt\/vanntett-madrassbeskyttelse-til-barneseng-juniorseng-quiltet\/\",\"name\":\"Vanntett madrassbeskytter til barneseng\/juniorseng, quiltet - Babylove Norska\",\"isPartOf\":{\"@id\":\"https:\/\/babylove.se\/no\/#website\"},\"primaryImageOfPage\":{\"@id\":\"https:\/\/babylove.se\/no\/produkt\/vanntett-madrassbeskyttelse-til-barneseng-juniorseng-quiltet\/#primaryimage\"},\"image\":{\"@id\":\"https:\/\/babylove.se\/no\/produkt\/vanntett-madrassbeskyttelse-til-barneseng-juniorseng-quiltet\/#primaryimage\"},\"thumbnailUrl\":\"https:\/\/babylove.se\/no\/wp-content\/uploads\/sites\/3\/2025\/07\/6412f011be832.jpeg\",\"datePublished\":\"2025-07-19T10:25:46+00:00\",\"dateModified\":\"2026-04-08T12:23:20+00:00\",\"breadcrumb\":{\"@id\":\"https:\/\/babylove.se\/no\/produkt\/vanntett-madrassbeskyttelse-til-barneseng-juniorseng-quiltet\/#breadcrumb\"},\"inLanguage\":\"nb-NO\",\"potentialAction\":[{\"@type\":\"ReadAction\",\"target\":[\"https:\/\/babylove.se\/no\/produkt\/vanntett-madrassbeskyttelse-til-barneseng-juniorseng-quiltet\/\"]}]},{\"@type\":\"ImageObject\",\"inLanguage\":\"nb-NO\",\"@id\":\"https:\/\/babylove.se\/no\/produkt\/vanntett-madrassbeskyttelse-til-barneseng-juniorseng-quiltet\/#primaryimage\",\"url\":\"https:\/\/babylove.se\/no\/wp-content\/uploads\/sites\/3\/2025\/07\/6412f011be832.jpeg\",\"contentUrl\":\"https:\/\/babylove.se\/no\/wp-content\/uploads\/sites\/3\/2025\/07\/6412f011be832.jpeg\",\"width\":720,\"height\":540},{\"@type\":\"BreadcrumbList\",\"@id\":\"https:\/\/babylove.se\/no\/produkt\/vanntett-madrassbeskyttelse-til-barneseng-juniorseng-quiltet\/#breadcrumb\",\"itemListElement\":[{\"@type\":\"ListItem\",\"position\":1,\"name\":\"Hem\",\"item\":\"https:\/\/babylove.se\/no\/\"},{\"@type\":\"ListItem\",\"position\":2,\"name\":\"Butik\",\"item\":\"https:\/\/babylove.se\/no\/butik\/\"},{\"@type\":\"ListItem\",\"position\":3,\"name\":\"Vanntett madrassbeskytter til barneseng\/juniorseng, quiltet\"}]},{\"@type\":\"WebSite\",\"@id\":\"https:\/\/babylove.se\/no\/#website\",\"url\":\"https:\/\/babylove.se\/no\/\",\"name\":\"Babylove Norska\",\"description\":\"\",\"potentialAction\":[{\"@type\":\"SearchAction\",\"target\":{\"@type\":\"EntryPoint\",\"urlTemplate\":\"https:\/\/babylove.se\/no\/?s={search_term_string}\"},\"query-input\":{\"@type\":\"PropertyValueSpecification\",\"valueRequired\":true,\"valueName\":\"search_term_string\"}}],\"inLanguage\":\"nb-NO\"}]}<\/script>\n<meta property=\"product:brand\" content=\"FDM\" \/>\n<meta property=\"og:availability\" content=\"instock\" \/>\n<meta property=\"product:availability\" content=\"instock\" \/>\n<meta property=\"product:retailer_item_id\" content=\"Quiltatmadrasskydd-60x120-cm\" \/>\n<meta property=\"product:condition\" content=\"new\" \/>\n<!-- \/ Yoast SEO Premium plugin. -->","yoast_head_json":{"title":"Vanntett madrassbeskytter til barneseng\/juniorseng, quiltet - Babylove Norska","robots":{"index":"noindex","follow":"follow","max-snippet":"max-snippet:-1","max-image-preview":"max-image-preview:large","max-video-preview":"max-video-preview:-1"},"og_locale":"nb_NO","og_type":"article","og_title":"Vanntett madrassbeskytter til barneseng\/juniorseng, quiltet","og_description":"Med dette madrassbeskyttet er det enkelt \u00e5 holde madrassen din ren og frisk! Tissbeskyttet er vanntett og passer barn som har problemer med sengev\u00e6ting om natten. Det absorberer ogs\u00e5 fuktighet som sikrer god luftsirkulasjon og beskytter madrassen mot fukt, bakterier og midd. Beskyttet holder seg p\u00e5 plass om natten takket v\u00e6re de slitesterke strikken i [&hellip;]","og_url":"https:\/\/babylove.se\/no\/produkt\/vanntett-madrassbeskyttelse-til-barneseng-juniorseng-quiltet\/","og_site_name":"Babylove Norska","article_modified_time":"2026-04-08T12:23:20+00:00","og_image":[{"width":720,"height":540,"url":"https:\/\/babylove.se\/no\/wp-content\/uploads\/sites\/3\/2025\/07\/6412f011be832.jpeg","type":"image\/jpeg"}],"twitter_card":"summary_large_image","twitter_misc":{"Availability":"In stock"},"schema":{"@context":"https:\/\/schema.org","@graph":[{"@type":"WebPage","@id":"https:\/\/babylove.se\/no\/produkt\/vanntett-madrassbeskyttelse-til-barneseng-juniorseng-quiltet\/","url":"https:\/\/babylove.se\/no\/produkt\/vanntett-madrassbeskyttelse-til-barneseng-juniorseng-quiltet\/","name":"Vanntett madrassbeskytter til barneseng\/juniorseng, quiltet - Babylove Norska","isPartOf":{"@id":"https:\/\/babylove.se\/no\/#website"},"primaryImageOfPage":{"@id":"https:\/\/babylove.se\/no\/produkt\/vanntett-madrassbeskyttelse-til-barneseng-juniorseng-quiltet\/#primaryimage"},"image":{"@id":"https:\/\/babylove.se\/no\/produkt\/vanntett-madrassbeskyttelse-til-barneseng-juniorseng-quiltet\/#primaryimage"},"thumbnailUrl":"https:\/\/babylove.se\/no\/wp-content\/uploads\/sites\/3\/2025\/07\/6412f011be832.jpeg","datePublished":"2025-07-19T10:25:46+00:00","dateModified":"2026-04-08T12:23:20+00:00","breadcrumb":{"@id":"https:\/\/babylove.se\/no\/produkt\/vanntett-madrassbeskyttelse-til-barneseng-juniorseng-quiltet\/#breadcrumb"},"inLanguage":"nb-NO","potentialAction":[{"@type":"ReadAction","target":["https:\/\/babylove.se\/no\/produkt\/vanntett-madrassbeskyttelse-til-barneseng-juniorseng-quiltet\/"]}]},{"@type":"ImageObject","inLanguage":"nb-NO","@id":"https:\/\/babylove.se\/no\/produkt\/vanntett-madrassbeskyttelse-til-barneseng-juniorseng-quiltet\/#primaryimage","url":"https:\/\/babylove.se\/no\/wp-content\/uploads\/sites\/3\/2025\/07\/6412f011be832.jpeg","contentUrl":"https:\/\/babylove.se\/no\/wp-content\/uploads\/sites\/3\/2025\/07\/6412f011be832.jpeg","width":720,"height":540},{"@type":"BreadcrumbList","@id":"https:\/\/babylove.se\/no\/produkt\/vanntett-madrassbeskyttelse-til-barneseng-juniorseng-quiltet\/#breadcrumb","itemListElement":[{"@type":"ListItem","position":1,"name":"Hem","item":"https:\/\/babylove.se\/no\/"},{"@type":"ListItem","position":2,"name":"Butik","item":"https:\/\/babylove.se\/no\/butik\/"},{"@type":"ListItem","position":3,"name":"Vanntett madrassbeskytter til barneseng\/juniorseng, quiltet"}]},{"@type":"WebSite","@id":"https:\/\/babylove.se\/no\/#website","url":"https:\/\/babylove.se\/no\/","name":"Babylove Norska","description":"","potentialAction":[{"@type":"SearchAction","target":{"@type":"EntryPoint","urlTemplate":"https:\/\/babylove.se\/no\/?s={search_term_string}"},"query-input":{"@type":"PropertyValueSpecification","valueRequired":true,"valueName":"search_term_string"}}],"inLanguage":"nb-NO"}]},"product_brand":"FDM","og_availability":"instock","product_availability":"instock","product_retailer_item_id":"Quiltatmadrasskydd-60x120-cm","product_condition":"new"},"_links":{"self":[{"href":"https:\/\/babylove.se\/no\/wp-json\/wp\/v2\/product\/50821","targetHints":{"allow":["GET"]}}],"collection":[{"href":"https:\/\/babylove.se\/no\/wp-json\/wp\/v2\/product"}],"about":[{"href":"https:\/\/babylove.se\/no\/wp-json\/wp\/v2\/types\/product"}],"replies":[{"embeddable":true,"href":"https:\/\/babylove.se\/no\/wp-json\/wp\/v2\/comments?post=50821"}],"wp:featuredmedia":[{"embeddable":true,"href":"https:\/\/babylove.se\/no\/wp-json\/wp\/v2\/media\/50823"}],"wp:attachment":[{"href":"https:\/\/babylove.se\/no\/wp-json\/wp\/v2\/media?parent=50821"}],"wp:term":[{"taxonomy":"product_brand","embeddable":true,"href":"https:\/\/babylove.se\/no\/wp-json\/wp\/v2\/product_brand?post=50821"},{"taxonomy":"product_cat","embeddable":true,"href":"https:\/\/babylove.se\/no\/wp-json\/wp\/v2\/product_cat?post=50821"},{"taxonomy":"product_tag","embeddable":true,"href":"https:\/\/babylove.se\/no\/wp-json\/wp\/v2\/product_tag?post=50821"}],"curies":[{"name":"wp","href":"https:\/\/api.w.org\/{rel}","templated":true}]}}