{"id":50879,"date":"2025-07-19T11:26:32","date_gmt":"2025-07-19T10:26:32","guid":{"rendered":"https:\/\/babylove.se\/produkt\/konges-slojd-uv-talt-cherry\/"},"modified":"2026-04-08T13:23:40","modified_gmt":"2026-04-08T12:23:40","slug":"konges-slojd-uv-telt-cherry","status":"publish","type":"product","link":"https:\/\/babylove.se\/no\/produkt\/konges-slojd-uv-telt-cherry\/","title":{"rendered":"Konges Sl\u00f8jd, UV-telt, Cherry"},"content":{"rendered":"<p>Enest\u00e5ende UV-telt til stranden fra det velkjente danske merket Konges Sl\u00f8jd!<\/p>\n<p>Dette flotte strandteltet gir skygge under de varme sommerdagene og beskytter mot de sterke UV-str\u00e5lene. Kan ogs\u00e5 brukes p\u00e5 piknik i parken, hagen eller sommerhytta.&nbsp;<\/p>\n<p><span style=\"background-color: initial; text-align: initial;\">Teltet er kompakt pakket som en rund skive. Settes enkelt opp ved \u00e5 gi den et lite kast og teltet spretter opp direkte. E<\/span>gen b\u00e6reveske og markpinner medf\u00f8lger. Superlettg \u00e5 transportere og ta med!<\/p>\n<p><strong>Materiale<\/strong>: 100 % resirkulert lettvektspolyester. UV 50+.<\/p>\n<p><strong>M\u00e5l<\/strong>:&nbsp;<\/p>\n<ul>\n<li>125 x 125 x 110 cm<\/li>\n<li>1,5 m\u00b2 skygge<\/li>\n<li>Pakning: diameter 70 cm<\/li>\n<\/ul>\n<p>Designer: <a href=\"https:\/\/babylove.se\/varumarken\/konges-slojd\">Konges Sl\u00f8jd<\/a><\/p>\n","protected":false},"excerpt":{"rendered":"<p>Enest\u00e5ende UV-telt til stranden fra det velkjente danske merket Konges Sl\u00f8jd! Dette flotte strandteltet gir skygge under de varme sommerdagene og beskytter mot de sterke UV-str\u00e5lene. Kan ogs\u00e5 brukes p\u00e5 piknik i parken, hagen eller sommerhytta.&nbsp; Teltet er kompakt pakket som en rund skive. Settes enkelt opp ved \u00e5 gi den et lite kast og [&hellip;]<\/p>\n","protected":false},"featured_media":50881,"comment_status":"closed","ping_status":"open","template":"","meta":{"_acf_changed":false},"product_brand":[1544],"product_cat":[1545,1775,753],"product_tag":[],"class_list":{"0":"post-50879","1":"product","2":"type-product","3":"status-publish","4":"has-post-thumbnail","6":"product_brand-konges-slojd","7":"product_cat-konges-slojd","8":"product_cat-uteleker","9":"product_cat-vannleker","11":"first","12":"outofstock","13":"taxable","14":"shipping-taxable","15":"purchasable","16":"product-type-simple"},"acf":[],"yoast_head":"<!-- This site is optimized with the Yoast SEO Premium plugin v25.8 (Yoast SEO v27.2) - https:\/\/yoast.com\/product\/yoast-seo-premium-wordpress\/ -->\n<title>Konges Sl\u00f8jd, UV-telt, Cherry - Babylove Norska<\/title>\n<meta name=\"robots\" content=\"noindex, follow, max-snippet:-1, max-image-preview:large, max-video-preview:-1\" \/>\n<meta property=\"og:locale\" content=\"nb_NO\" \/>\n<meta property=\"og:type\" content=\"article\" \/>\n<meta property=\"og:title\" content=\"Konges Sl\u00f8jd, UV-telt, Cherry\" \/>\n<meta property=\"og:description\" content=\"Enest\u00e5ende UV-telt til stranden fra det velkjente danske merket Konges Sl\u00f8jd! Dette flotte strandteltet gir skygge under de varme sommerdagene og beskytter mot de sterke UV-str\u00e5lene. Kan ogs\u00e5 brukes p\u00e5 piknik i parken, hagen eller sommerhytta.&nbsp; Teltet er kompakt pakket som en rund skive. Settes enkelt opp ved \u00e5 gi den et lite kast og [&hellip;]\" \/>\n<meta property=\"og:url\" content=\"https:\/\/babylove.se\/no\/produkt\/konges-slojd-uv-telt-cherry\/\" \/>\n<meta property=\"og:site_name\" content=\"Babylove Norska\" \/>\n<meta property=\"article:modified_time\" content=\"2026-04-08T12:23:40+00:00\" \/>\n<meta property=\"og:image\" content=\"https:\/\/babylove.se\/no\/wp-content\/uploads\/sites\/3\/2025\/07\/6419646675470.jpeg\" \/>\n\t<meta property=\"og:image:width\" content=\"896\" \/>\n\t<meta property=\"og:image:height\" content=\"896\" \/>\n\t<meta property=\"og:image:type\" content=\"image\/jpeg\" \/>\n<meta name=\"twitter:card\" content=\"summary_large_image\" \/>\n<meta name=\"twitter:label1\" content=\"Price\" \/>\n\t<meta name=\"twitter:data1\" content=\"799,00&nbsp;&#107;&#114;\" \/>\n\t<meta name=\"twitter:label2\" content=\"Availability\" \/>\n\t<meta name=\"twitter:data2\" content=\"Out of stock\" \/>\n<script type=\"application\/ld+json\" class=\"yoast-schema-graph\">{\"@context\":\"https:\/\/schema.org\",\"@graph\":[{\"@type\":\"WebPage\",\"@id\":\"https:\/\/babylove.se\/no\/produkt\/konges-slojd-uv-telt-cherry\/\",\"url\":\"https:\/\/babylove.se\/no\/produkt\/konges-slojd-uv-telt-cherry\/\",\"name\":\"Konges Sl\u00f8jd, UV-telt, Cherry - Babylove Norska\",\"isPartOf\":{\"@id\":\"https:\/\/babylove.se\/no\/#website\"},\"primaryImageOfPage\":{\"@id\":\"https:\/\/babylove.se\/no\/produkt\/konges-slojd-uv-telt-cherry\/#primaryimage\"},\"image\":{\"@id\":\"https:\/\/babylove.se\/no\/produkt\/konges-slojd-uv-telt-cherry\/#primaryimage\"},\"thumbnailUrl\":\"https:\/\/babylove.se\/no\/wp-content\/uploads\/sites\/3\/2025\/07\/6419646675470.jpeg\",\"datePublished\":\"2025-07-19T10:26:32+00:00\",\"dateModified\":\"2026-04-08T12:23:40+00:00\",\"breadcrumb\":{\"@id\":\"https:\/\/babylove.se\/no\/produkt\/konges-slojd-uv-telt-cherry\/#breadcrumb\"},\"inLanguage\":\"nb-NO\",\"potentialAction\":[{\"@type\":\"ReadAction\",\"target\":[\"https:\/\/babylove.se\/no\/produkt\/konges-slojd-uv-telt-cherry\/\"]}]},{\"@type\":\"ImageObject\",\"inLanguage\":\"nb-NO\",\"@id\":\"https:\/\/babylove.se\/no\/produkt\/konges-slojd-uv-telt-cherry\/#primaryimage\",\"url\":\"https:\/\/babylove.se\/no\/wp-content\/uploads\/sites\/3\/2025\/07\/6419646675470.jpeg\",\"contentUrl\":\"https:\/\/babylove.se\/no\/wp-content\/uploads\/sites\/3\/2025\/07\/6419646675470.jpeg\",\"width\":896,\"height\":896},{\"@type\":\"BreadcrumbList\",\"@id\":\"https:\/\/babylove.se\/no\/produkt\/konges-slojd-uv-telt-cherry\/#breadcrumb\",\"itemListElement\":[{\"@type\":\"ListItem\",\"position\":1,\"name\":\"Hem\",\"item\":\"https:\/\/babylove.se\/no\/\"},{\"@type\":\"ListItem\",\"position\":2,\"name\":\"Butik\",\"item\":\"https:\/\/babylove.se\/no\/butik\/\"},{\"@type\":\"ListItem\",\"position\":3,\"name\":\"Konges Sl\u00f8jd, UV-telt, Cherry\"}]},{\"@type\":\"WebSite\",\"@id\":\"https:\/\/babylove.se\/no\/#website\",\"url\":\"https:\/\/babylove.se\/no\/\",\"name\":\"Babylove Norska\",\"description\":\"\",\"potentialAction\":[{\"@type\":\"SearchAction\",\"target\":{\"@type\":\"EntryPoint\",\"urlTemplate\":\"https:\/\/babylove.se\/no\/?s={search_term_string}\"},\"query-input\":{\"@type\":\"PropertyValueSpecification\",\"valueRequired\":true,\"valueName\":\"search_term_string\"}}],\"inLanguage\":\"nb-NO\"}]}<\/script>\n<meta property=\"product:brand\" content=\"Konges Sl\u00f8jd\" \/>\n<meta property=\"product:price:amount\" content=\"799.00\" \/>\n<meta property=\"product:price:currency\" content=\"SEK\" \/>\n<meta property=\"og:availability\" content=\"out of stock\" \/>\n<meta property=\"product:availability\" content=\"out of stock\" \/>\n<meta property=\"product:retailer_item_id\" content=\"KS4280Cherry\" \/>\n<meta property=\"product:condition\" content=\"new\" \/>\n<!-- \/ Yoast SEO Premium plugin. -->","yoast_head_json":{"title":"Konges Sl\u00f8jd, UV-telt, Cherry - Babylove Norska","robots":{"index":"noindex","follow":"follow","max-snippet":"max-snippet:-1","max-image-preview":"max-image-preview:large","max-video-preview":"max-video-preview:-1"},"og_locale":"nb_NO","og_type":"article","og_title":"Konges Sl\u00f8jd, UV-telt, Cherry","og_description":"Enest\u00e5ende UV-telt til stranden fra det velkjente danske merket Konges Sl\u00f8jd! Dette flotte strandteltet gir skygge under de varme sommerdagene og beskytter mot de sterke UV-str\u00e5lene. Kan ogs\u00e5 brukes p\u00e5 piknik i parken, hagen eller sommerhytta.&nbsp; Teltet er kompakt pakket som en rund skive. Settes enkelt opp ved \u00e5 gi den et lite kast og [&hellip;]","og_url":"https:\/\/babylove.se\/no\/produkt\/konges-slojd-uv-telt-cherry\/","og_site_name":"Babylove Norska","article_modified_time":"2026-04-08T12:23:40+00:00","og_image":[{"width":896,"height":896,"url":"https:\/\/babylove.se\/no\/wp-content\/uploads\/sites\/3\/2025\/07\/6419646675470.jpeg","type":"image\/jpeg"}],"twitter_card":"summary_large_image","twitter_misc":{"Price":"799,00&nbsp;&#107;&#114;","Availability":"Out of stock"},"schema":{"@context":"https:\/\/schema.org","@graph":[{"@type":"WebPage","@id":"https:\/\/babylove.se\/no\/produkt\/konges-slojd-uv-telt-cherry\/","url":"https:\/\/babylove.se\/no\/produkt\/konges-slojd-uv-telt-cherry\/","name":"Konges Sl\u00f8jd, UV-telt, Cherry - Babylove Norska","isPartOf":{"@id":"https:\/\/babylove.se\/no\/#website"},"primaryImageOfPage":{"@id":"https:\/\/babylove.se\/no\/produkt\/konges-slojd-uv-telt-cherry\/#primaryimage"},"image":{"@id":"https:\/\/babylove.se\/no\/produkt\/konges-slojd-uv-telt-cherry\/#primaryimage"},"thumbnailUrl":"https:\/\/babylove.se\/no\/wp-content\/uploads\/sites\/3\/2025\/07\/6419646675470.jpeg","datePublished":"2025-07-19T10:26:32+00:00","dateModified":"2026-04-08T12:23:40+00:00","breadcrumb":{"@id":"https:\/\/babylove.se\/no\/produkt\/konges-slojd-uv-telt-cherry\/#breadcrumb"},"inLanguage":"nb-NO","potentialAction":[{"@type":"ReadAction","target":["https:\/\/babylove.se\/no\/produkt\/konges-slojd-uv-telt-cherry\/"]}]},{"@type":"ImageObject","inLanguage":"nb-NO","@id":"https:\/\/babylove.se\/no\/produkt\/konges-slojd-uv-telt-cherry\/#primaryimage","url":"https:\/\/babylove.se\/no\/wp-content\/uploads\/sites\/3\/2025\/07\/6419646675470.jpeg","contentUrl":"https:\/\/babylove.se\/no\/wp-content\/uploads\/sites\/3\/2025\/07\/6419646675470.jpeg","width":896,"height":896},{"@type":"BreadcrumbList","@id":"https:\/\/babylove.se\/no\/produkt\/konges-slojd-uv-telt-cherry\/#breadcrumb","itemListElement":[{"@type":"ListItem","position":1,"name":"Hem","item":"https:\/\/babylove.se\/no\/"},{"@type":"ListItem","position":2,"name":"Butik","item":"https:\/\/babylove.se\/no\/butik\/"},{"@type":"ListItem","position":3,"name":"Konges Sl\u00f8jd, UV-telt, Cherry"}]},{"@type":"WebSite","@id":"https:\/\/babylove.se\/no\/#website","url":"https:\/\/babylove.se\/no\/","name":"Babylove Norska","description":"","potentialAction":[{"@type":"SearchAction","target":{"@type":"EntryPoint","urlTemplate":"https:\/\/babylove.se\/no\/?s={search_term_string}"},"query-input":{"@type":"PropertyValueSpecification","valueRequired":true,"valueName":"search_term_string"}}],"inLanguage":"nb-NO"}]},"product_brand":"Konges Sl\u00f8jd","product_price_amount":"799.00","product_price_currency":"SEK","og_availability":"out of stock","product_availability":"out of stock","product_retailer_item_id":"KS4280Cherry","product_condition":"new"},"_links":{"self":[{"href":"https:\/\/babylove.se\/no\/wp-json\/wp\/v2\/product\/50879","targetHints":{"allow":["GET"]}}],"collection":[{"href":"https:\/\/babylove.se\/no\/wp-json\/wp\/v2\/product"}],"about":[{"href":"https:\/\/babylove.se\/no\/wp-json\/wp\/v2\/types\/product"}],"replies":[{"embeddable":true,"href":"https:\/\/babylove.se\/no\/wp-json\/wp\/v2\/comments?post=50879"}],"wp:featuredmedia":[{"embeddable":true,"href":"https:\/\/babylove.se\/no\/wp-json\/wp\/v2\/media\/50881"}],"wp:attachment":[{"href":"https:\/\/babylove.se\/no\/wp-json\/wp\/v2\/media?parent=50879"}],"wp:term":[{"taxonomy":"product_brand","embeddable":true,"href":"https:\/\/babylove.se\/no\/wp-json\/wp\/v2\/product_brand?post=50879"},{"taxonomy":"product_cat","embeddable":true,"href":"https:\/\/babylove.se\/no\/wp-json\/wp\/v2\/product_cat?post=50879"},{"taxonomy":"product_tag","embeddable":true,"href":"https:\/\/babylove.se\/no\/wp-json\/wp\/v2\/product_tag?post=50879"}],"curies":[{"name":"wp","href":"https:\/\/api.w.org\/{rel}","templated":true}]}}