{"id":5103,"date":"2025-07-18T20:27:19","date_gmt":"2025-07-18T19:27:19","guid":{"rendered":"https:\/\/babylove.se\/produkt\/liewood-haklapp-theo-terry-rabbit-dark-grey\/"},"modified":"2026-04-08T08:14:24","modified_gmt":"2026-04-08T07:14:24","slug":"liewood-haklapp-theo-terry-rabbit-dark-grey","status":"publish","type":"product","link":"https:\/\/babylove.se\/no\/produkt\/liewood-haklapp-theo-terry-rabbit-dark-grey\/","title":{"rendered":"Liewood haklapp Theo Terry Rabbit Dark Grey"},"content":{"rendered":"<p>En fin og sv\u00e6rt praktisk smekke fra det danske selskapet Liewood som gj\u00f8r m\u00e5ltidet til en behagelig stund for b\u00e5de deg og ditt barn. Forh\u00e5pentligvis blir den ogs\u00e5 noe mindre s\u00f8lete og du kan enkelt vaske smekken i maskin etterp\u00e5. Match den gjerne med andre fine produkter i samme type kolleksjon. \\n \\n<strong>Material<\/strong>: 100 % Bomull \\n \\n<strong>M\u00e5l<\/strong>: 36 cm x 26 cm \\n \\nDesigner: <a href=\"https:\/\/babylove.se\/varumarken\/liewood\"><u>Liewood<\/u><\/a><\/p>\n","protected":false},"excerpt":{"rendered":"<p>En fin og sv\u00e6rt praktisk smekke fra det danske selskapet Liewood som gj\u00f8r m\u00e5ltidet til en behagelig stund for b\u00e5de deg og ditt barn. Forh\u00e5pentligvis blir den ogs\u00e5 noe mindre s\u00f8lete og du kan enkelt vaske smekken i maskin etterp\u00e5. Match den gjerne med andre fine produkter i samme type kolleksjon. \\n \\nMaterial: 100 % [&hellip;]<\/p>\n","protected":false},"featured_media":5105,"comment_status":"closed","ping_status":"closed","template":"","meta":{"_acf_changed":false},"product_brand":[282],"product_cat":[283,206,48],"product_tag":[],"class_list":{"0":"post-5103","1":"product","2":"type-product","3":"status-publish","4":"has-post-thumbnail","6":"product_brand-liewood","7":"product_cat-liewood","8":"product_cat-smekker","9":"product_cat-startside","11":"first","12":"outofstock","13":"taxable","14":"shipping-taxable","15":"purchasable","16":"product-type-simple"},"acf":[],"yoast_head":"<!-- This site is optimized with the Yoast SEO Premium plugin v25.8 (Yoast SEO v27.2) - https:\/\/yoast.com\/product\/yoast-seo-premium-wordpress\/ -->\n<title>Liewood haklapp Theo Terry Rabbit Dark Grey - Babylove Norska<\/title>\n<meta name=\"robots\" content=\"noindex, follow, max-snippet:-1, max-image-preview:large, max-video-preview:-1\" \/>\n<meta property=\"og:locale\" content=\"nb_NO\" \/>\n<meta property=\"og:type\" content=\"article\" \/>\n<meta property=\"og:title\" content=\"Liewood haklapp Theo Terry Rabbit Dark Grey\" \/>\n<meta property=\"og:description\" content=\"En fin og sv\u00e6rt praktisk smekke fra det danske selskapet Liewood som gj\u00f8r m\u00e5ltidet til en behagelig stund for b\u00e5de deg og ditt barn. Forh\u00e5pentligvis blir den ogs\u00e5 noe mindre s\u00f8lete og du kan enkelt vaske smekken i maskin etterp\u00e5. Match den gjerne med andre fine produkter i samme type kolleksjon. n nMaterial: 100 % [&hellip;]\" \/>\n<meta property=\"og:url\" content=\"https:\/\/babylove.se\/no\/produkt\/liewood-haklapp-theo-terry-rabbit-dark-grey\/\" \/>\n<meta property=\"og:site_name\" content=\"Babylove Norska\" \/>\n<meta property=\"article:modified_time\" content=\"2026-04-08T07:14:24+00:00\" \/>\n<meta property=\"og:image\" content=\"https:\/\/babylove.se\/no\/wp-content\/uploads\/sites\/3\/2025\/07\/5a0c4ce9b3a27.jpeg\" \/>\n\t<meta property=\"og:image:width\" content=\"750\" \/>\n\t<meta property=\"og:image:height\" content=\"750\" \/>\n\t<meta property=\"og:image:type\" content=\"image\/jpeg\" \/>\n<meta name=\"twitter:card\" content=\"summary_large_image\" \/>\n<meta name=\"twitter:label1\" content=\"Price\" \/>\n\t<meta name=\"twitter:data1\" content=\"159,00&nbsp;&#107;&#114;\" \/>\n\t<meta name=\"twitter:label2\" content=\"Availability\" \/>\n\t<meta name=\"twitter:data2\" content=\"Out of stock\" \/>\n<script type=\"application\/ld+json\" class=\"yoast-schema-graph\">{\"@context\":\"https:\/\/schema.org\",\"@graph\":[{\"@type\":\"WebPage\",\"@id\":\"https:\/\/babylove.se\/no\/produkt\/liewood-haklapp-theo-terry-rabbit-dark-grey\/\",\"url\":\"https:\/\/babylove.se\/no\/produkt\/liewood-haklapp-theo-terry-rabbit-dark-grey\/\",\"name\":\"Liewood haklapp Theo Terry Rabbit Dark Grey - Babylove Norska\",\"isPartOf\":{\"@id\":\"https:\/\/babylove.se\/no\/#website\"},\"primaryImageOfPage\":{\"@id\":\"https:\/\/babylove.se\/no\/produkt\/liewood-haklapp-theo-terry-rabbit-dark-grey\/#primaryimage\"},\"image\":{\"@id\":\"https:\/\/babylove.se\/no\/produkt\/liewood-haklapp-theo-terry-rabbit-dark-grey\/#primaryimage\"},\"thumbnailUrl\":\"https:\/\/babylove.se\/no\/wp-content\/uploads\/sites\/3\/2025\/07\/5a0c4ce9b3a27.jpeg\",\"datePublished\":\"2025-07-18T19:27:19+00:00\",\"dateModified\":\"2026-04-08T07:14:24+00:00\",\"breadcrumb\":{\"@id\":\"https:\/\/babylove.se\/no\/produkt\/liewood-haklapp-theo-terry-rabbit-dark-grey\/#breadcrumb\"},\"inLanguage\":\"nb-NO\",\"potentialAction\":[{\"@type\":\"ReadAction\",\"target\":[\"https:\/\/babylove.se\/no\/produkt\/liewood-haklapp-theo-terry-rabbit-dark-grey\/\"]}]},{\"@type\":\"ImageObject\",\"inLanguage\":\"nb-NO\",\"@id\":\"https:\/\/babylove.se\/no\/produkt\/liewood-haklapp-theo-terry-rabbit-dark-grey\/#primaryimage\",\"url\":\"https:\/\/babylove.se\/no\/wp-content\/uploads\/sites\/3\/2025\/07\/5a0c4ce9b3a27.jpeg\",\"contentUrl\":\"https:\/\/babylove.se\/no\/wp-content\/uploads\/sites\/3\/2025\/07\/5a0c4ce9b3a27.jpeg\",\"width\":750,\"height\":750},{\"@type\":\"BreadcrumbList\",\"@id\":\"https:\/\/babylove.se\/no\/produkt\/liewood-haklapp-theo-terry-rabbit-dark-grey\/#breadcrumb\",\"itemListElement\":[{\"@type\":\"ListItem\",\"position\":1,\"name\":\"Hem\",\"item\":\"https:\/\/babylove.se\/no\/\"},{\"@type\":\"ListItem\",\"position\":2,\"name\":\"Butik\",\"item\":\"https:\/\/babylove.se\/no\/butik\/\"},{\"@type\":\"ListItem\",\"position\":3,\"name\":\"Liewood haklapp Theo Terry Rabbit Dark Grey\"}]},{\"@type\":\"WebSite\",\"@id\":\"https:\/\/babylove.se\/no\/#website\",\"url\":\"https:\/\/babylove.se\/no\/\",\"name\":\"Babylove Norska\",\"description\":\"\",\"potentialAction\":[{\"@type\":\"SearchAction\",\"target\":{\"@type\":\"EntryPoint\",\"urlTemplate\":\"https:\/\/babylove.se\/no\/?s={search_term_string}\"},\"query-input\":{\"@type\":\"PropertyValueSpecification\",\"valueRequired\":true,\"valueName\":\"search_term_string\"}}],\"inLanguage\":\"nb-NO\"}]}<\/script>\n<meta property=\"product:brand\" content=\"Liewood\" \/>\n<meta property=\"product:price:amount\" content=\"159.00\" \/>\n<meta property=\"product:price:currency\" content=\"SEK\" \/>\n<meta property=\"og:availability\" content=\"out of stock\" \/>\n<meta property=\"product:availability\" content=\"out of stock\" \/>\n<meta property=\"product:retailer_item_id\" content=\"LW110212\" \/>\n<meta property=\"product:condition\" content=\"new\" \/>\n<!-- \/ Yoast SEO Premium plugin. -->","yoast_head_json":{"title":"Liewood haklapp Theo Terry Rabbit Dark Grey - Babylove Norska","robots":{"index":"noindex","follow":"follow","max-snippet":"max-snippet:-1","max-image-preview":"max-image-preview:large","max-video-preview":"max-video-preview:-1"},"og_locale":"nb_NO","og_type":"article","og_title":"Liewood haklapp Theo Terry Rabbit Dark Grey","og_description":"En fin og sv\u00e6rt praktisk smekke fra det danske selskapet Liewood som gj\u00f8r m\u00e5ltidet til en behagelig stund for b\u00e5de deg og ditt barn. Forh\u00e5pentligvis blir den ogs\u00e5 noe mindre s\u00f8lete og du kan enkelt vaske smekken i maskin etterp\u00e5. Match den gjerne med andre fine produkter i samme type kolleksjon. n nMaterial: 100 % [&hellip;]","og_url":"https:\/\/babylove.se\/no\/produkt\/liewood-haklapp-theo-terry-rabbit-dark-grey\/","og_site_name":"Babylove Norska","article_modified_time":"2026-04-08T07:14:24+00:00","og_image":[{"width":750,"height":750,"url":"https:\/\/babylove.se\/no\/wp-content\/uploads\/sites\/3\/2025\/07\/5a0c4ce9b3a27.jpeg","type":"image\/jpeg"}],"twitter_card":"summary_large_image","twitter_misc":{"Price":"159,00&nbsp;&#107;&#114;","Availability":"Out of stock"},"schema":{"@context":"https:\/\/schema.org","@graph":[{"@type":"WebPage","@id":"https:\/\/babylove.se\/no\/produkt\/liewood-haklapp-theo-terry-rabbit-dark-grey\/","url":"https:\/\/babylove.se\/no\/produkt\/liewood-haklapp-theo-terry-rabbit-dark-grey\/","name":"Liewood haklapp Theo Terry Rabbit Dark Grey - Babylove Norska","isPartOf":{"@id":"https:\/\/babylove.se\/no\/#website"},"primaryImageOfPage":{"@id":"https:\/\/babylove.se\/no\/produkt\/liewood-haklapp-theo-terry-rabbit-dark-grey\/#primaryimage"},"image":{"@id":"https:\/\/babylove.se\/no\/produkt\/liewood-haklapp-theo-terry-rabbit-dark-grey\/#primaryimage"},"thumbnailUrl":"https:\/\/babylove.se\/no\/wp-content\/uploads\/sites\/3\/2025\/07\/5a0c4ce9b3a27.jpeg","datePublished":"2025-07-18T19:27:19+00:00","dateModified":"2026-04-08T07:14:24+00:00","breadcrumb":{"@id":"https:\/\/babylove.se\/no\/produkt\/liewood-haklapp-theo-terry-rabbit-dark-grey\/#breadcrumb"},"inLanguage":"nb-NO","potentialAction":[{"@type":"ReadAction","target":["https:\/\/babylove.se\/no\/produkt\/liewood-haklapp-theo-terry-rabbit-dark-grey\/"]}]},{"@type":"ImageObject","inLanguage":"nb-NO","@id":"https:\/\/babylove.se\/no\/produkt\/liewood-haklapp-theo-terry-rabbit-dark-grey\/#primaryimage","url":"https:\/\/babylove.se\/no\/wp-content\/uploads\/sites\/3\/2025\/07\/5a0c4ce9b3a27.jpeg","contentUrl":"https:\/\/babylove.se\/no\/wp-content\/uploads\/sites\/3\/2025\/07\/5a0c4ce9b3a27.jpeg","width":750,"height":750},{"@type":"BreadcrumbList","@id":"https:\/\/babylove.se\/no\/produkt\/liewood-haklapp-theo-terry-rabbit-dark-grey\/#breadcrumb","itemListElement":[{"@type":"ListItem","position":1,"name":"Hem","item":"https:\/\/babylove.se\/no\/"},{"@type":"ListItem","position":2,"name":"Butik","item":"https:\/\/babylove.se\/no\/butik\/"},{"@type":"ListItem","position":3,"name":"Liewood haklapp Theo Terry Rabbit Dark Grey"}]},{"@type":"WebSite","@id":"https:\/\/babylove.se\/no\/#website","url":"https:\/\/babylove.se\/no\/","name":"Babylove Norska","description":"","potentialAction":[{"@type":"SearchAction","target":{"@type":"EntryPoint","urlTemplate":"https:\/\/babylove.se\/no\/?s={search_term_string}"},"query-input":{"@type":"PropertyValueSpecification","valueRequired":true,"valueName":"search_term_string"}}],"inLanguage":"nb-NO"}]},"product_brand":"Liewood","product_price_amount":"159.00","product_price_currency":"SEK","og_availability":"out of stock","product_availability":"out of stock","product_retailer_item_id":"LW110212","product_condition":"new"},"_links":{"self":[{"href":"https:\/\/babylove.se\/no\/wp-json\/wp\/v2\/product\/5103","targetHints":{"allow":["GET"]}}],"collection":[{"href":"https:\/\/babylove.se\/no\/wp-json\/wp\/v2\/product"}],"about":[{"href":"https:\/\/babylove.se\/no\/wp-json\/wp\/v2\/types\/product"}],"replies":[{"embeddable":true,"href":"https:\/\/babylove.se\/no\/wp-json\/wp\/v2\/comments?post=5103"}],"wp:featuredmedia":[{"embeddable":true,"href":"https:\/\/babylove.se\/no\/wp-json\/wp\/v2\/media\/5105"}],"wp:attachment":[{"href":"https:\/\/babylove.se\/no\/wp-json\/wp\/v2\/media?parent=5103"}],"wp:term":[{"taxonomy":"product_brand","embeddable":true,"href":"https:\/\/babylove.se\/no\/wp-json\/wp\/v2\/product_brand?post=5103"},{"taxonomy":"product_cat","embeddable":true,"href":"https:\/\/babylove.se\/no\/wp-json\/wp\/v2\/product_cat?post=5103"},{"taxonomy":"product_tag","embeddable":true,"href":"https:\/\/babylove.se\/no\/wp-json\/wp\/v2\/product_tag?post=5103"}],"curies":[{"name":"wp","href":"https:\/\/api.w.org\/{rel}","templated":true}]}}