{"id":51063,"date":"2025-07-19T11:28:10","date_gmt":"2025-07-19T10:28:10","guid":{"rendered":"https:\/\/babylove.se\/produkt\/vit-vaningssang-med-forvaring-daniel-80x180-cm\/"},"modified":"2026-04-08T13:25:19","modified_gmt":"2026-04-08T12:25:19","slug":"hvit-koyeseng-med-oppbevaring-daniel-80x180-cm","status":"publish","type":"product","link":"https:\/\/babylove.se\/no\/produkt\/hvit-koyeseng-med-oppbevaring-daniel-80x180-cm\/","title":{"rendered":"Hvit k\u00f8yeseng med oppbevaring, Daniel 80&#215;180 cm"},"content":{"rendered":"<p>P\u00e5 jakt etter den perfekte k\u00f8yesenga? Her er den!&nbsp;<\/p>\n<p>En stabil s\u00f8skenseng i stilsikker design, for mange \u00e5r med s\u00f8te dr\u00f8mmer! Denne senga kan enkelt gj\u00f8res om til to separate senger om man \u00f8nsker det, noe som skaper mange forskjellige muligheter. Laget av massiv furu som gj\u00f8r den stabil og solid. Ideell \u00e5 b\u00e5de leke som sove i.&nbsp;<\/p>\n<p>Den store fordelen med denne modellen er de h\u00f8ye rekkverkene som gj\u00f8r at den passer utmerket til de mindre barna!<span>&nbsp;<\/span><\/p>\n<p>P\u00e5 v\u00e5r fine k\u00f8yeseng Daniel har man tenkt grundig gjennom for \u00e5 optimalisere gulvplassen i barnerommet. Vi lover at senga kommer til \u00e5 bli ditt barns favoritt, og ikke bare for \u00e5 sove i da den med enkle midler kan bli en riktig god kosekrok. Mange dekorerer med sengehimler, vimpler eller lysslynger, bare din kreativitet setter stopp.<\/p>\n<p><strong>Info:<\/strong><\/p>\n<ul>\n<li>Farge: hvit<\/li>\n<li>100% FSC-sertifisert furutre som sikrer at virket kommer fra ansvarlig skogbruk.<\/li>\n<li>Oppbevaringssskuffer er inkludert.<\/li>\n<li>St\u00f8ttebrettene og stigen kan monteres p\u00e5 \u00f8nsket side.<\/li>\n<li>Maks vekt: 100 kg per seng.<\/li>\n<\/ul>\n<p><strong>M\u00e5l:&nbsp;<\/strong><\/p>\n<ul>\n<li>Sengm\u00e5l: 80&#215;180 cm&nbsp;<\/li>\n<li>Totalbredde: 87 cm<\/li>\n<li>Totallengde: 188 cm<\/li>\n<li>Totalh\u00f8yde: ca 179 cm<\/li>\n<li>St\u00f8ttebrettenes h\u00f8yde: 54 cm<\/li>\n<li>Oppbevaringsskuff h\u00f8yde: 23 cm<\/li>\n<\/ul>\n<p>Madrass er ikke inkludert, men ta gjerne en titt i v\u00e5rt store madrassutvalg. Vi anbefaler en skummadrass med tykkelse p\u00e5 ca 10-12 cm.<\/p>\n<p>Sengene produseres i henhold til standarden EN-747-1: 2012 + A1: 2015 i v\u00e5r fabrikk i Europa som har de h\u00f8yeste sikkerhetsstandardene for produksjon av barnesenger. og kontrollerer hvert steg fra timeret kommer inn i fabrikken til et ferdig produkt forlater. Sengene lakkes tre ganger med \u00f8kologisk, milj\u00f8vennlig og vannbasert maling som f\u00f8lger normen EN 71-3:2019.&nbsp;<\/p>\n<p><em>Obs! Dette er en seng produsert og tilpasset for barn. <em><em><em><em><em>Senga leveres umontert og b\u00f8r settes sammen i rommet den skal brukes i.<\/em><\/em><\/em><\/em><\/em><\/em><\/p>\n","protected":false},"excerpt":{"rendered":"<p>P\u00e5 jakt etter den perfekte k\u00f8yesenga? Her er den!&nbsp; En stabil s\u00f8skenseng i stilsikker design, for mange \u00e5r med s\u00f8te dr\u00f8mmer! Denne senga kan enkelt gj\u00f8res om til to separate senger om man \u00f8nsker det, noe som skaper mange forskjellige muligheter. Laget av massiv furu som gj\u00f8r den stabil og solid. Ideell \u00e5 b\u00e5de leke [&hellip;]<\/p>\n","protected":false},"featured_media":51065,"comment_status":"closed","ping_status":"open","template":"","meta":{"_acf_changed":false},"product_brand":[1319],"product_cat":[385,1320,1321,40],"product_tag":[1689],"class_list":{"0":"post-51063","1":"product","2":"type-product","3":"status-publish","4":"has-post-thumbnail","6":"product_brand-lano","7":"product_cat-koyesenger-loftsenger","8":"product_cat-lano","9":"product_cat-lano-bestillingsvarer","10":"product_cat-soverom-barn","11":"product_tag-bestillingsvaror","13":"first","14":"instock","15":"taxable","16":"shipping-taxable","17":"purchasable","18":"product-type-simple"},"acf":[],"yoast_head":"<!-- This site is optimized with the Yoast SEO Premium plugin v25.8 (Yoast SEO v27.2) - https:\/\/yoast.com\/product\/yoast-seo-premium-wordpress\/ -->\n<title>Hvit k\u00f8yeseng med oppbevaring, Daniel 80x180 cm - Babylove Norska<\/title>\n<meta name=\"robots\" content=\"noindex, follow, max-snippet:-1, max-image-preview:large, max-video-preview:-1\" \/>\n<meta property=\"og:locale\" content=\"nb_NO\" \/>\n<meta property=\"og:type\" content=\"article\" \/>\n<meta property=\"og:title\" content=\"Hvit k\u00f8yeseng med oppbevaring, Daniel 80x180 cm\" \/>\n<meta property=\"og:description\" content=\"P\u00e5 jakt etter den perfekte k\u00f8yesenga? Her er den!&nbsp; En stabil s\u00f8skenseng i stilsikker design, for mange \u00e5r med s\u00f8te dr\u00f8mmer! Denne senga kan enkelt gj\u00f8res om til to separate senger om man \u00f8nsker det, noe som skaper mange forskjellige muligheter. Laget av massiv furu som gj\u00f8r den stabil og solid. Ideell \u00e5 b\u00e5de leke [&hellip;]\" \/>\n<meta property=\"og:url\" content=\"https:\/\/babylove.se\/no\/produkt\/hvit-koyeseng-med-oppbevaring-daniel-80x180-cm\/\" \/>\n<meta property=\"og:site_name\" content=\"Babylove Norska\" \/>\n<meta property=\"article:modified_time\" content=\"2026-04-08T12:25:19+00:00\" \/>\n<meta property=\"og:image\" content=\"https:\/\/babylove.se\/no\/wp-content\/uploads\/sites\/3\/2025\/07\/64ff1a52c46c0.png\" \/>\n\t<meta property=\"og:image:width\" content=\"800\" \/>\n\t<meta property=\"og:image:height\" content=\"800\" \/>\n\t<meta property=\"og:image:type\" content=\"image\/png\" \/>\n<meta name=\"twitter:card\" content=\"summary_large_image\" \/>\n<meta name=\"twitter:label1\" content=\"Price\" \/>\n\t<meta name=\"twitter:data1\" content=\"7 499,00&nbsp;&#107;&#114;\" \/>\n\t<meta name=\"twitter:label2\" content=\"Availability\" \/>\n\t<meta name=\"twitter:data2\" content=\"In stock\" \/>\n<script type=\"application\/ld+json\" class=\"yoast-schema-graph\">{\"@context\":\"https:\/\/schema.org\",\"@graph\":[{\"@type\":\"WebPage\",\"@id\":\"https:\/\/babylove.se\/no\/produkt\/hvit-koyeseng-med-oppbevaring-daniel-80x180-cm\/\",\"url\":\"https:\/\/babylove.se\/no\/produkt\/hvit-koyeseng-med-oppbevaring-daniel-80x180-cm\/\",\"name\":\"Hvit k\u00f8yeseng med oppbevaring, Daniel 80x180 cm - Babylove Norska\",\"isPartOf\":{\"@id\":\"https:\/\/babylove.se\/no\/#website\"},\"primaryImageOfPage\":{\"@id\":\"https:\/\/babylove.se\/no\/produkt\/hvit-koyeseng-med-oppbevaring-daniel-80x180-cm\/#primaryimage\"},\"image\":{\"@id\":\"https:\/\/babylove.se\/no\/produkt\/hvit-koyeseng-med-oppbevaring-daniel-80x180-cm\/#primaryimage\"},\"thumbnailUrl\":\"https:\/\/babylove.se\/no\/wp-content\/uploads\/sites\/3\/2025\/07\/64ff1a52c46c0.png\",\"datePublished\":\"2025-07-19T10:28:10+00:00\",\"dateModified\":\"2026-04-08T12:25:19+00:00\",\"breadcrumb\":{\"@id\":\"https:\/\/babylove.se\/no\/produkt\/hvit-koyeseng-med-oppbevaring-daniel-80x180-cm\/#breadcrumb\"},\"inLanguage\":\"nb-NO\",\"potentialAction\":[{\"@type\":\"ReadAction\",\"target\":[\"https:\/\/babylove.se\/no\/produkt\/hvit-koyeseng-med-oppbevaring-daniel-80x180-cm\/\"]}]},{\"@type\":\"ImageObject\",\"inLanguage\":\"nb-NO\",\"@id\":\"https:\/\/babylove.se\/no\/produkt\/hvit-koyeseng-med-oppbevaring-daniel-80x180-cm\/#primaryimage\",\"url\":\"https:\/\/babylove.se\/no\/wp-content\/uploads\/sites\/3\/2025\/07\/64ff1a52c46c0.png\",\"contentUrl\":\"https:\/\/babylove.se\/no\/wp-content\/uploads\/sites\/3\/2025\/07\/64ff1a52c46c0.png\",\"width\":800,\"height\":800},{\"@type\":\"BreadcrumbList\",\"@id\":\"https:\/\/babylove.se\/no\/produkt\/hvit-koyeseng-med-oppbevaring-daniel-80x180-cm\/#breadcrumb\",\"itemListElement\":[{\"@type\":\"ListItem\",\"position\":1,\"name\":\"Hem\",\"item\":\"https:\/\/babylove.se\/no\/\"},{\"@type\":\"ListItem\",\"position\":2,\"name\":\"Butik\",\"item\":\"https:\/\/babylove.se\/no\/butik\/\"},{\"@type\":\"ListItem\",\"position\":3,\"name\":\"Hvit k\u00f8yeseng med oppbevaring, Daniel 80&#215;180 cm\"}]},{\"@type\":\"WebSite\",\"@id\":\"https:\/\/babylove.se\/no\/#website\",\"url\":\"https:\/\/babylove.se\/no\/\",\"name\":\"Babylove Norska\",\"description\":\"\",\"potentialAction\":[{\"@type\":\"SearchAction\",\"target\":{\"@type\":\"EntryPoint\",\"urlTemplate\":\"https:\/\/babylove.se\/no\/?s={search_term_string}\"},\"query-input\":{\"@type\":\"PropertyValueSpecification\",\"valueRequired\":true,\"valueName\":\"search_term_string\"}}],\"inLanguage\":\"nb-NO\"}]}<\/script>\n<meta property=\"product:brand\" content=\"LANO\" \/>\n<meta property=\"product:price:amount\" content=\"7499.00\" \/>\n<meta property=\"product:price:currency\" content=\"SEK\" \/>\n<meta property=\"og:availability\" content=\"instock\" \/>\n<meta property=\"product:availability\" content=\"instock\" \/>\n<meta property=\"product:retailer_item_id\" content=\"DAW003-80x180-cm-Vit-Med\" \/>\n<meta property=\"product:condition\" content=\"new\" \/>\n<!-- \/ Yoast SEO Premium plugin. -->","yoast_head_json":{"title":"Hvit k\u00f8yeseng med oppbevaring, Daniel 80x180 cm - Babylove Norska","robots":{"index":"noindex","follow":"follow","max-snippet":"max-snippet:-1","max-image-preview":"max-image-preview:large","max-video-preview":"max-video-preview:-1"},"og_locale":"nb_NO","og_type":"article","og_title":"Hvit k\u00f8yeseng med oppbevaring, Daniel 80x180 cm","og_description":"P\u00e5 jakt etter den perfekte k\u00f8yesenga? Her er den!&nbsp; En stabil s\u00f8skenseng i stilsikker design, for mange \u00e5r med s\u00f8te dr\u00f8mmer! Denne senga kan enkelt gj\u00f8res om til to separate senger om man \u00f8nsker det, noe som skaper mange forskjellige muligheter. Laget av massiv furu som gj\u00f8r den stabil og solid. Ideell \u00e5 b\u00e5de leke [&hellip;]","og_url":"https:\/\/babylove.se\/no\/produkt\/hvit-koyeseng-med-oppbevaring-daniel-80x180-cm\/","og_site_name":"Babylove Norska","article_modified_time":"2026-04-08T12:25:19+00:00","og_image":[{"width":800,"height":800,"url":"https:\/\/babylove.se\/no\/wp-content\/uploads\/sites\/3\/2025\/07\/64ff1a52c46c0.png","type":"image\/png"}],"twitter_card":"summary_large_image","twitter_misc":{"Price":"7 499,00&nbsp;&#107;&#114;","Availability":"In stock"},"schema":{"@context":"https:\/\/schema.org","@graph":[{"@type":"WebPage","@id":"https:\/\/babylove.se\/no\/produkt\/hvit-koyeseng-med-oppbevaring-daniel-80x180-cm\/","url":"https:\/\/babylove.se\/no\/produkt\/hvit-koyeseng-med-oppbevaring-daniel-80x180-cm\/","name":"Hvit k\u00f8yeseng med oppbevaring, Daniel 80x180 cm - Babylove Norska","isPartOf":{"@id":"https:\/\/babylove.se\/no\/#website"},"primaryImageOfPage":{"@id":"https:\/\/babylove.se\/no\/produkt\/hvit-koyeseng-med-oppbevaring-daniel-80x180-cm\/#primaryimage"},"image":{"@id":"https:\/\/babylove.se\/no\/produkt\/hvit-koyeseng-med-oppbevaring-daniel-80x180-cm\/#primaryimage"},"thumbnailUrl":"https:\/\/babylove.se\/no\/wp-content\/uploads\/sites\/3\/2025\/07\/64ff1a52c46c0.png","datePublished":"2025-07-19T10:28:10+00:00","dateModified":"2026-04-08T12:25:19+00:00","breadcrumb":{"@id":"https:\/\/babylove.se\/no\/produkt\/hvit-koyeseng-med-oppbevaring-daniel-80x180-cm\/#breadcrumb"},"inLanguage":"nb-NO","potentialAction":[{"@type":"ReadAction","target":["https:\/\/babylove.se\/no\/produkt\/hvit-koyeseng-med-oppbevaring-daniel-80x180-cm\/"]}]},{"@type":"ImageObject","inLanguage":"nb-NO","@id":"https:\/\/babylove.se\/no\/produkt\/hvit-koyeseng-med-oppbevaring-daniel-80x180-cm\/#primaryimage","url":"https:\/\/babylove.se\/no\/wp-content\/uploads\/sites\/3\/2025\/07\/64ff1a52c46c0.png","contentUrl":"https:\/\/babylove.se\/no\/wp-content\/uploads\/sites\/3\/2025\/07\/64ff1a52c46c0.png","width":800,"height":800},{"@type":"BreadcrumbList","@id":"https:\/\/babylove.se\/no\/produkt\/hvit-koyeseng-med-oppbevaring-daniel-80x180-cm\/#breadcrumb","itemListElement":[{"@type":"ListItem","position":1,"name":"Hem","item":"https:\/\/babylove.se\/no\/"},{"@type":"ListItem","position":2,"name":"Butik","item":"https:\/\/babylove.se\/no\/butik\/"},{"@type":"ListItem","position":3,"name":"Hvit k\u00f8yeseng med oppbevaring, Daniel 80&#215;180 cm"}]},{"@type":"WebSite","@id":"https:\/\/babylove.se\/no\/#website","url":"https:\/\/babylove.se\/no\/","name":"Babylove Norska","description":"","potentialAction":[{"@type":"SearchAction","target":{"@type":"EntryPoint","urlTemplate":"https:\/\/babylove.se\/no\/?s={search_term_string}"},"query-input":{"@type":"PropertyValueSpecification","valueRequired":true,"valueName":"search_term_string"}}],"inLanguage":"nb-NO"}]},"product_brand":"LANO","product_price_amount":"7499.00","product_price_currency":"SEK","og_availability":"instock","product_availability":"instock","product_retailer_item_id":"DAW003-80x180-cm-Vit-Med","product_condition":"new"},"_links":{"self":[{"href":"https:\/\/babylove.se\/no\/wp-json\/wp\/v2\/product\/51063","targetHints":{"allow":["GET"]}}],"collection":[{"href":"https:\/\/babylove.se\/no\/wp-json\/wp\/v2\/product"}],"about":[{"href":"https:\/\/babylove.se\/no\/wp-json\/wp\/v2\/types\/product"}],"replies":[{"embeddable":true,"href":"https:\/\/babylove.se\/no\/wp-json\/wp\/v2\/comments?post=51063"}],"wp:featuredmedia":[{"embeddable":true,"href":"https:\/\/babylove.se\/no\/wp-json\/wp\/v2\/media\/51065"}],"wp:attachment":[{"href":"https:\/\/babylove.se\/no\/wp-json\/wp\/v2\/media?parent=51063"}],"wp:term":[{"taxonomy":"product_brand","embeddable":true,"href":"https:\/\/babylove.se\/no\/wp-json\/wp\/v2\/product_brand?post=51063"},{"taxonomy":"product_cat","embeddable":true,"href":"https:\/\/babylove.se\/no\/wp-json\/wp\/v2\/product_cat?post=51063"},{"taxonomy":"product_tag","embeddable":true,"href":"https:\/\/babylove.se\/no\/wp-json\/wp\/v2\/product_tag?post=51063"}],"curies":[{"name":"wp","href":"https:\/\/api.w.org\/{rel}","templated":true}]}}