{"id":51235,"date":"2025-07-19T11:31:51","date_gmt":"2025-07-19T10:31:51","guid":{"rendered":"https:\/\/babylove.se\/produkt\/vit-vaningssang-med-forvaring-naomi-80x180-cm\/"},"modified":"2026-05-11T13:02:30","modified_gmt":"2026-05-11T12:02:30","slug":"hvit-koyeseng-med-oppbevaring-naomi-80x180-cm","status":"publish","type":"product","link":"https:\/\/babylove.se\/no\/produkt\/hvit-koyeseng-med-oppbevaring-naomi-80x180-cm\/","title":{"rendered":"Hvit k\u00f8yeseng med oppbevaring, Naomi 80&#215;180 cm"},"content":{"rendered":"<p>P\u00e5 jakt etter den perfekte k\u00f8yesengaen? Her er den!&nbsp;<\/p>\n<p>En stabil barneseng i stilsikker design, for mange \u00e5r med s\u00f8te dr\u00f8mmer! Denne senga kan enkelt gj\u00f8res om til to separate senger om man \u00f8nsker det, noe som skaper mange ulike muligheter. Laget av massiv furu som gj\u00f8r den stabil og solid. Ideell \u00e5 b\u00e5de leke og sove i.&nbsp;<\/p>\n<p>P\u00e5 v\u00e5r fine s\u00f8skenaseng Naomi har man tenkt grundig for \u00e5 optimere gulvplassen p\u00e5 barnerommet. Vi lover at senga kommer til \u00e5 bli barnets ditt favoritt, og ikke bare for \u00e5 sove i da den med enkle midler kan bli et riktig bra kosekrok. Mange dekorerer med sengehimler, vimpler eller lysslynger, bare kreativiteten din setter stopp.<\/p>\n<p>Den store fordelen med denne modellen er det h\u00f8ye rekkverket som gj\u00f8r at den passer utmerket til de mindre barna!&nbsp;<\/p>\n<p><strong>Info:<\/strong><\/p>\n<ul>\n<li>Farge: hvit<\/li>\n<li>100% FSC-sertifisert furutre som sikrer at virket kommer fra ansvarlig skogbruk.<\/li>\n<li>Oppbevaringskasser inkludert.<\/li>\n<li>St\u00f8ttebretten p\u00e5 den \u00f8verste senga og stigen kan monteres p\u00e5 valgfri side.<\/li>\n<li>Maks vekt: 100 kg per seng.<\/li>\n<\/ul>\n<p><strong>M\u00e5l:&nbsp;<\/strong><\/p>\n<ul>\n<li>Sengem\u00e5l: 80&#215;180 cm<\/li>\n<li>Totalbredde: 87 cm<\/li>\n<li>Totallengde: 188 cm<\/li>\n<li>Totalh\u00f8yde: 160,5 cm<\/li>\n<li>H\u00f8yde fra gulv til seng: 111,5 cm<\/li>\n<li>St\u00f8ttebrettets h\u00f8yde: 25 cm<\/li>\n<li>H\u00f8yde oppbevaringskasse: 23 cm<\/li>\n<\/ul>\n<p>Madrass inng\u00e5r ikke, men ta gjerne en titt i v\u00e5rt store madrassutvalg. Vi anbefaler en skummadrass med tykkelse p\u00e5 ca 10-12 cm.<\/p>\n<p>Sengene produseres i henhold til standarden EN-747-1: 2012 + A1: 2015 i v\u00e5r fabrikk i Europa som har de h\u00f8yeste sikkerhetsstandardene for produksjon av barnesenger. og kontrollerer hvert steg fra det at t\u00f8mmeret kommer inn i fabrikken til at et ferdig produkt forlater. Sengene lakkeres tre ganger med \u00f8kologisk, milj\u00f8vennlig og vannbasert maling som f\u00f8lger normen EN 71-3:2019.&nbsp;<\/p>\n<p><em>Obs! Dette er en seng tilvirket og tilpasset for barn. <em><em><em><em><em>Senga leveres umontert og b\u00f8r settes sammen i rommet den skal brukes i.<\/em><\/em><\/em><\/em><\/em><\/em><\/p>\n","protected":false},"excerpt":{"rendered":"<p>P\u00e5 jakt etter den perfekte k\u00f8yesengaen? Her er den!&nbsp; En stabil barneseng i stilsikker design, for mange \u00e5r med s\u00f8te dr\u00f8mmer! Denne senga kan enkelt gj\u00f8res om til to separate senger om man \u00f8nsker det, noe som skaper mange ulike muligheter. Laget av massiv furu som gj\u00f8r den stabil og solid. Ideell \u00e5 b\u00e5de leke [&hellip;]<\/p>\n","protected":false},"featured_media":51237,"comment_status":"closed","ping_status":"open","template":"","meta":{"_acf_changed":false},"product_brand":[1319],"product_cat":[385,1320,40],"product_tag":[1689],"class_list":{"0":"post-51235","1":"product","2":"type-product","3":"status-publish","4":"has-post-thumbnail","6":"product_brand-lano","7":"product_cat-koyesenger-loftsenger","8":"product_cat-lano","9":"product_cat-soverom-barn","10":"product_tag-bestillingsvaror","12":"first","13":"instock","14":"taxable","15":"shipping-taxable","16":"purchasable","17":"product-type-simple"},"acf":[],"yoast_head":"<!-- This site is optimized with the Yoast SEO Premium plugin v25.8 (Yoast SEO v27.2) - https:\/\/yoast.com\/product\/yoast-seo-premium-wordpress\/ -->\n<title>Hvit k\u00f8yeseng med oppbevaring, Naomi 80x180 cm - Babylove Norska<\/title>\n<meta name=\"robots\" content=\"noindex, follow, max-snippet:-1, max-image-preview:large, max-video-preview:-1\" \/>\n<meta property=\"og:locale\" content=\"nb_NO\" \/>\n<meta property=\"og:type\" content=\"article\" \/>\n<meta property=\"og:title\" content=\"Hvit k\u00f8yeseng med oppbevaring, Naomi 80x180 cm\" \/>\n<meta property=\"og:description\" content=\"P\u00e5 jakt etter den perfekte k\u00f8yesengaen? Her er den!&nbsp; En stabil barneseng i stilsikker design, for mange \u00e5r med s\u00f8te dr\u00f8mmer! Denne senga kan enkelt gj\u00f8res om til to separate senger om man \u00f8nsker det, noe som skaper mange ulike muligheter. Laget av massiv furu som gj\u00f8r den stabil og solid. Ideell \u00e5 b\u00e5de leke [&hellip;]\" \/>\n<meta property=\"og:url\" content=\"https:\/\/babylove.se\/no\/produkt\/hvit-koyeseng-med-oppbevaring-naomi-80x180-cm\/\" \/>\n<meta property=\"og:site_name\" content=\"Babylove Norska\" \/>\n<meta property=\"article:modified_time\" content=\"2026-05-11T12:02:30+00:00\" \/>\n<meta property=\"og:image\" content=\"https:\/\/babylove.se\/no\/wp-content\/uploads\/sites\/3\/2025\/07\/65ae69b92fc7c.png\" \/>\n\t<meta property=\"og:image:width\" content=\"1080\" \/>\n\t<meta property=\"og:image:height\" content=\"1080\" \/>\n\t<meta property=\"og:image:type\" content=\"image\/png\" \/>\n<meta name=\"twitter:card\" content=\"summary_large_image\" \/>\n<meta name=\"twitter:label1\" content=\"Price\" \/>\n\t<meta name=\"twitter:data1\" content=\"8 119,00&nbsp;&#107;&#114;\" \/>\n\t<meta name=\"twitter:label2\" content=\"Availability\" \/>\n\t<meta name=\"twitter:data2\" content=\"In stock\" \/>\n<script type=\"application\/ld+json\" class=\"yoast-schema-graph\">{\"@context\":\"https:\/\/schema.org\",\"@graph\":[{\"@type\":\"WebPage\",\"@id\":\"https:\/\/babylove.se\/no\/produkt\/hvit-koyeseng-med-oppbevaring-naomi-80x180-cm\/\",\"url\":\"https:\/\/babylove.se\/no\/produkt\/hvit-koyeseng-med-oppbevaring-naomi-80x180-cm\/\",\"name\":\"Hvit k\u00f8yeseng med oppbevaring, Naomi 80x180 cm - Babylove Norska\",\"isPartOf\":{\"@id\":\"https:\/\/babylove.se\/no\/#website\"},\"primaryImageOfPage\":{\"@id\":\"https:\/\/babylove.se\/no\/produkt\/hvit-koyeseng-med-oppbevaring-naomi-80x180-cm\/#primaryimage\"},\"image\":{\"@id\":\"https:\/\/babylove.se\/no\/produkt\/hvit-koyeseng-med-oppbevaring-naomi-80x180-cm\/#primaryimage\"},\"thumbnailUrl\":\"https:\/\/babylove.se\/no\/wp-content\/uploads\/sites\/3\/2025\/07\/65ae69b92fc7c.png\",\"datePublished\":\"2025-07-19T10:31:51+00:00\",\"dateModified\":\"2026-05-11T12:02:30+00:00\",\"breadcrumb\":{\"@id\":\"https:\/\/babylove.se\/no\/produkt\/hvit-koyeseng-med-oppbevaring-naomi-80x180-cm\/#breadcrumb\"},\"inLanguage\":\"nb-NO\",\"potentialAction\":[{\"@type\":\"ReadAction\",\"target\":[\"https:\/\/babylove.se\/no\/produkt\/hvit-koyeseng-med-oppbevaring-naomi-80x180-cm\/\"]}]},{\"@type\":\"ImageObject\",\"inLanguage\":\"nb-NO\",\"@id\":\"https:\/\/babylove.se\/no\/produkt\/hvit-koyeseng-med-oppbevaring-naomi-80x180-cm\/#primaryimage\",\"url\":\"https:\/\/babylove.se\/no\/wp-content\/uploads\/sites\/3\/2025\/07\/65ae69b92fc7c.png\",\"contentUrl\":\"https:\/\/babylove.se\/no\/wp-content\/uploads\/sites\/3\/2025\/07\/65ae69b92fc7c.png\",\"width\":1080,\"height\":1080},{\"@type\":\"BreadcrumbList\",\"@id\":\"https:\/\/babylove.se\/no\/produkt\/hvit-koyeseng-med-oppbevaring-naomi-80x180-cm\/#breadcrumb\",\"itemListElement\":[{\"@type\":\"ListItem\",\"position\":1,\"name\":\"Hem\",\"item\":\"https:\/\/babylove.se\/no\/\"},{\"@type\":\"ListItem\",\"position\":2,\"name\":\"Butik\",\"item\":\"https:\/\/babylove.se\/no\/butik\/\"},{\"@type\":\"ListItem\",\"position\":3,\"name\":\"Hvit k\u00f8yeseng med oppbevaring, Naomi 80&#215;180 cm\"}]},{\"@type\":\"WebSite\",\"@id\":\"https:\/\/babylove.se\/no\/#website\",\"url\":\"https:\/\/babylove.se\/no\/\",\"name\":\"Babylove Norska\",\"description\":\"\",\"potentialAction\":[{\"@type\":\"SearchAction\",\"target\":{\"@type\":\"EntryPoint\",\"urlTemplate\":\"https:\/\/babylove.se\/no\/?s={search_term_string}\"},\"query-input\":{\"@type\":\"PropertyValueSpecification\",\"valueRequired\":true,\"valueName\":\"search_term_string\"}}],\"inLanguage\":\"nb-NO\"}]}<\/script>\n<meta property=\"product:brand\" content=\"LANO\" \/>\n<meta property=\"product:price:amount\" content=\"8119.00\" \/>\n<meta property=\"product:price:currency\" content=\"NOK\" \/>\n<meta property=\"og:availability\" content=\"instock\" \/>\n<meta property=\"product:availability\" content=\"instock\" \/>\n<meta property=\"product:retailer_item_id\" content=\"NEM003-80x180-cm-Vit-Med\" \/>\n<meta property=\"product:condition\" content=\"new\" \/>\n<!-- \/ Yoast SEO Premium plugin. -->","yoast_head_json":{"title":"Hvit k\u00f8yeseng med oppbevaring, Naomi 80x180 cm - Babylove Norska","robots":{"index":"noindex","follow":"follow","max-snippet":"max-snippet:-1","max-image-preview":"max-image-preview:large","max-video-preview":"max-video-preview:-1"},"og_locale":"nb_NO","og_type":"article","og_title":"Hvit k\u00f8yeseng med oppbevaring, Naomi 80x180 cm","og_description":"P\u00e5 jakt etter den perfekte k\u00f8yesengaen? Her er den!&nbsp; En stabil barneseng i stilsikker design, for mange \u00e5r med s\u00f8te dr\u00f8mmer! Denne senga kan enkelt gj\u00f8res om til to separate senger om man \u00f8nsker det, noe som skaper mange ulike muligheter. Laget av massiv furu som gj\u00f8r den stabil og solid. Ideell \u00e5 b\u00e5de leke [&hellip;]","og_url":"https:\/\/babylove.se\/no\/produkt\/hvit-koyeseng-med-oppbevaring-naomi-80x180-cm\/","og_site_name":"Babylove Norska","article_modified_time":"2026-05-11T12:02:30+00:00","og_image":[{"width":1080,"height":1080,"url":"https:\/\/babylove.se\/no\/wp-content\/uploads\/sites\/3\/2025\/07\/65ae69b92fc7c.png","type":"image\/png"}],"twitter_card":"summary_large_image","twitter_misc":{"Price":"8 119,00&nbsp;&#107;&#114;","Availability":"In stock"},"schema":{"@context":"https:\/\/schema.org","@graph":[{"@type":"WebPage","@id":"https:\/\/babylove.se\/no\/produkt\/hvit-koyeseng-med-oppbevaring-naomi-80x180-cm\/","url":"https:\/\/babylove.se\/no\/produkt\/hvit-koyeseng-med-oppbevaring-naomi-80x180-cm\/","name":"Hvit k\u00f8yeseng med oppbevaring, Naomi 80x180 cm - Babylove Norska","isPartOf":{"@id":"https:\/\/babylove.se\/no\/#website"},"primaryImageOfPage":{"@id":"https:\/\/babylove.se\/no\/produkt\/hvit-koyeseng-med-oppbevaring-naomi-80x180-cm\/#primaryimage"},"image":{"@id":"https:\/\/babylove.se\/no\/produkt\/hvit-koyeseng-med-oppbevaring-naomi-80x180-cm\/#primaryimage"},"thumbnailUrl":"https:\/\/babylove.se\/no\/wp-content\/uploads\/sites\/3\/2025\/07\/65ae69b92fc7c.png","datePublished":"2025-07-19T10:31:51+00:00","dateModified":"2026-05-11T12:02:30+00:00","breadcrumb":{"@id":"https:\/\/babylove.se\/no\/produkt\/hvit-koyeseng-med-oppbevaring-naomi-80x180-cm\/#breadcrumb"},"inLanguage":"nb-NO","potentialAction":[{"@type":"ReadAction","target":["https:\/\/babylove.se\/no\/produkt\/hvit-koyeseng-med-oppbevaring-naomi-80x180-cm\/"]}]},{"@type":"ImageObject","inLanguage":"nb-NO","@id":"https:\/\/babylove.se\/no\/produkt\/hvit-koyeseng-med-oppbevaring-naomi-80x180-cm\/#primaryimage","url":"https:\/\/babylove.se\/no\/wp-content\/uploads\/sites\/3\/2025\/07\/65ae69b92fc7c.png","contentUrl":"https:\/\/babylove.se\/no\/wp-content\/uploads\/sites\/3\/2025\/07\/65ae69b92fc7c.png","width":1080,"height":1080},{"@type":"BreadcrumbList","@id":"https:\/\/babylove.se\/no\/produkt\/hvit-koyeseng-med-oppbevaring-naomi-80x180-cm\/#breadcrumb","itemListElement":[{"@type":"ListItem","position":1,"name":"Hem","item":"https:\/\/babylove.se\/no\/"},{"@type":"ListItem","position":2,"name":"Butik","item":"https:\/\/babylove.se\/no\/butik\/"},{"@type":"ListItem","position":3,"name":"Hvit k\u00f8yeseng med oppbevaring, Naomi 80&#215;180 cm"}]},{"@type":"WebSite","@id":"https:\/\/babylove.se\/no\/#website","url":"https:\/\/babylove.se\/no\/","name":"Babylove Norska","description":"","potentialAction":[{"@type":"SearchAction","target":{"@type":"EntryPoint","urlTemplate":"https:\/\/babylove.se\/no\/?s={search_term_string}"},"query-input":{"@type":"PropertyValueSpecification","valueRequired":true,"valueName":"search_term_string"}}],"inLanguage":"nb-NO"}]},"product_brand":"LANO","product_price_amount":"8119.00","product_price_currency":"NOK","og_availability":"instock","product_availability":"instock","product_retailer_item_id":"NEM003-80x180-cm-Vit-Med","product_condition":"new"},"_links":{"self":[{"href":"https:\/\/babylove.se\/no\/wp-json\/wp\/v2\/product\/51235","targetHints":{"allow":["GET"]}}],"collection":[{"href":"https:\/\/babylove.se\/no\/wp-json\/wp\/v2\/product"}],"about":[{"href":"https:\/\/babylove.se\/no\/wp-json\/wp\/v2\/types\/product"}],"replies":[{"embeddable":true,"href":"https:\/\/babylove.se\/no\/wp-json\/wp\/v2\/comments?post=51235"}],"wp:featuredmedia":[{"embeddable":true,"href":"https:\/\/babylove.se\/no\/wp-json\/wp\/v2\/media\/51237"}],"wp:attachment":[{"href":"https:\/\/babylove.se\/no\/wp-json\/wp\/v2\/media?parent=51235"}],"wp:term":[{"taxonomy":"product_brand","embeddable":true,"href":"https:\/\/babylove.se\/no\/wp-json\/wp\/v2\/product_brand?post=51235"},{"taxonomy":"product_cat","embeddable":true,"href":"https:\/\/babylove.se\/no\/wp-json\/wp\/v2\/product_cat?post=51235"},{"taxonomy":"product_tag","embeddable":true,"href":"https:\/\/babylove.se\/no\/wp-json\/wp\/v2\/product_tag?post=51235"}],"curies":[{"name":"wp","href":"https:\/\/api.w.org\/{rel}","templated":true}]}}