{"id":51271,"date":"2025-07-19T11:32:51","date_gmt":"2025-07-19T10:32:51","guid":{"rendered":"https:\/\/babylove.se\/produkt\/lag-vit-barnsang-med-skydd\/"},"modified":"2026-04-08T13:26:17","modified_gmt":"2026-04-08T12:26:17","slug":"lag-hvit-barneseng-med-skydd","status":"publish","type":"product","link":"https:\/\/babylove.se\/no\/produkt\/lag-hvit-barneseng-med-skydd\/","title":{"rendered":"Lav hvit barneseng med beskyttelse"},"content":{"rendered":"<p>Denne stabile barnesengen med beskyttelse er perfekt n\u00e5r det er tid for \u00e5 bytte ut tremmesengen.<\/p>\n<p>N\u00e5r barnet siden er klart til \u00e5 klatre inn og ut av sengen selv, kan beskyttelsen monteres av.<br \/>Dette gj\u00f8r at levetiden til sengen er lang, og heldigvis det, s\u00e5 fin som den er!<\/p>\n<p><strong>Info:<\/strong><\/p>\n<ul>\n<li>Ribbbunn inkludert<\/li>\n<li>Madress ikke inkludert, men ta gjerne en titt i v\u00e5rt store madrassutvalg. Vi anbefaler en skummadress med tykkelse p\u00e5 ca 10-12 cm.<\/li>\n<li>Produsert i EU<\/li>\n<li>Materiale: Furu, malt med \u00f8kologisk giftfri maling<\/li>\n<li>Maksvekt 120 kg<\/li>\n<li>Finnes i hvit eller natur\n<\/li>\n<\/ul>\n<p><strong>M\u00e5l:&nbsp;<\/strong><\/p>\n<ul>\n<li>Sengem\u00e5l: 80&#215;160 cm<\/li>\n<li>Totalt dybde: 88cm<\/li>\n<li>Total lengde: 165 cm&nbsp;<\/li>\n<li>H\u00f8yde p\u00e5 sengeram: 20 cm&nbsp;<\/li>\n<li>H\u00f8yde p\u00e5 beskyttelseskant: 17 cm&nbsp;<\/li>\n<\/ul>\n<p>Sengene kommer fra v\u00e5r fabrikk i Europa som har h\u00f8ye kvalitetskrav og kontrollerer hvert trinn fra t\u00f8mmeret kommer inn i fabrikken til at et ferdig produkt forlater. Farge, lakk og lim er vannbasert, milj\u00f8vennlig og produsert innenfor Europa .&nbsp;<\/p>\n<p><em>OBS! Dette er en seng produsert og tilpasset for barn. <em>Sengen leveres umontert og b\u00f8r settes sammen i rommet den skal brukes i.<\/em><\/em><\/p>\n","protected":false},"excerpt":{"rendered":"<p>Denne stabile barnesengen med beskyttelse er perfekt n\u00e5r det er tid for \u00e5 bytte ut tremmesengen. N\u00e5r barnet siden er klart til \u00e5 klatre inn og ut av sengen selv, kan beskyttelsen monteres av.Dette gj\u00f8r at levetiden til sengen er lang, og heldigvis det, s\u00e5 fin som den er! Info: Ribbbunn inkludert Madress ikke inkludert, [&hellip;]<\/p>\n","protected":false},"featured_media":51273,"comment_status":"closed","ping_status":"closed","template":"","meta":{"_acf_changed":false},"product_brand":[369],"product_cat":[224,269,1704,370,374,280,40],"product_tag":[1689],"class_list":{"0":"post-51271","1":"product","2":"type-product","3":"status-publish","4":"has-post-thumbnail","6":"product_brand-nino","7":"product_cat-ferdigbyggd-barneseng","8":"product_cat-juniorsenger","9":"product_cat-reasangar","10":"product_cat-nino","11":"product_cat-salg","12":"product_cat-senger-med-rask-levering","13":"product_cat-soverom-barn","14":"product_tag-bestillingsvaror","16":"first","17":"instock","18":"taxable","19":"shipping-taxable","20":"purchasable","21":"product-type-simple"},"acf":[],"yoast_head":"<!-- This site is optimized with the Yoast SEO Premium plugin v25.8 (Yoast SEO v27.2) - https:\/\/yoast.com\/product\/yoast-seo-premium-wordpress\/ -->\n<title>L\u00e5g vit barns\u00e4ng med skydd 80x160 - Babylove<\/title>\n<meta name=\"description\" content=\"Superfin och prisv\u00e4rd vit barns\u00e4ng till barnrummet. En idealisk koja f\u00f6r ditt barn - K\u00f6p den h\u00e4r - Fri frakt !\" \/>\n<meta name=\"robots\" content=\"noindex, follow, max-snippet:-1, max-image-preview:large, max-video-preview:-1\" \/>\n<meta property=\"og:locale\" content=\"nb_NO\" \/>\n<meta property=\"og:type\" content=\"article\" \/>\n<meta property=\"og:title\" content=\"Lav hvit barneseng med beskyttelse\" \/>\n<meta property=\"og:description\" content=\"Superfin och prisv\u00e4rd vit barns\u00e4ng till barnrummet. En idealisk koja f\u00f6r ditt barn - K\u00f6p den h\u00e4r - Fri frakt !\" \/>\n<meta property=\"og:url\" content=\"https:\/\/babylove.se\/no\/produkt\/lag-hvit-barneseng-med-skydd\/\" \/>\n<meta property=\"og:site_name\" content=\"Babylove Norska\" \/>\n<meta property=\"article:modified_time\" content=\"2026-04-08T12:26:17+00:00\" \/>\n<meta property=\"og:image\" content=\"https:\/\/babylove.se\/no\/wp-content\/uploads\/sites\/3\/2025\/07\/6446aefb1b5da.png\" \/>\n\t<meta property=\"og:image:width\" content=\"800\" \/>\n\t<meta property=\"og:image:height\" content=\"800\" \/>\n\t<meta property=\"og:image:type\" content=\"image\/png\" \/>\n<meta name=\"twitter:card\" content=\"summary_large_image\" \/>\n<meta name=\"twitter:label1\" content=\"Price\" \/>\n\t<meta name=\"twitter:data1\" content=\"2 399,00&nbsp;&#107;&#114;\" \/>\n\t<meta name=\"twitter:label2\" content=\"Availability\" \/>\n\t<meta name=\"twitter:data2\" content=\"In stock\" \/>\n<script type=\"application\/ld+json\" class=\"yoast-schema-graph\">{\"@context\":\"https:\/\/schema.org\",\"@graph\":[{\"@type\":\"WebPage\",\"@id\":\"https:\/\/babylove.se\/no\/produkt\/lag-hvit-barneseng-med-skydd\/\",\"url\":\"https:\/\/babylove.se\/no\/produkt\/lag-hvit-barneseng-med-skydd\/\",\"name\":\"L\u00e5g vit barns\u00e4ng med skydd 80x160 - Babylove\",\"isPartOf\":{\"@id\":\"https:\/\/babylove.se\/no\/#website\"},\"primaryImageOfPage\":{\"@id\":\"https:\/\/babylove.se\/no\/produkt\/lag-hvit-barneseng-med-skydd\/#primaryimage\"},\"image\":{\"@id\":\"https:\/\/babylove.se\/no\/produkt\/lag-hvit-barneseng-med-skydd\/#primaryimage\"},\"thumbnailUrl\":\"https:\/\/babylove.se\/no\/wp-content\/uploads\/sites\/3\/2025\/07\/6446aefb1b5da.png\",\"datePublished\":\"2025-07-19T10:32:51+00:00\",\"dateModified\":\"2026-04-08T12:26:17+00:00\",\"description\":\"Superfin och prisv\u00e4rd vit barns\u00e4ng till barnrummet. En idealisk koja f\u00f6r ditt barn - K\u00f6p den h\u00e4r - Fri frakt !\",\"breadcrumb\":{\"@id\":\"https:\/\/babylove.se\/no\/produkt\/lag-hvit-barneseng-med-skydd\/#breadcrumb\"},\"inLanguage\":\"nb-NO\",\"potentialAction\":[{\"@type\":\"ReadAction\",\"target\":[\"https:\/\/babylove.se\/no\/produkt\/lag-hvit-barneseng-med-skydd\/\"]}]},{\"@type\":\"ImageObject\",\"inLanguage\":\"nb-NO\",\"@id\":\"https:\/\/babylove.se\/no\/produkt\/lag-hvit-barneseng-med-skydd\/#primaryimage\",\"url\":\"https:\/\/babylove.se\/no\/wp-content\/uploads\/sites\/3\/2025\/07\/6446aefb1b5da.png\",\"contentUrl\":\"https:\/\/babylove.se\/no\/wp-content\/uploads\/sites\/3\/2025\/07\/6446aefb1b5da.png\",\"width\":800,\"height\":800},{\"@type\":\"BreadcrumbList\",\"@id\":\"https:\/\/babylove.se\/no\/produkt\/lag-hvit-barneseng-med-skydd\/#breadcrumb\",\"itemListElement\":[{\"@type\":\"ListItem\",\"position\":1,\"name\":\"Hem\",\"item\":\"https:\/\/babylove.se\/no\/\"},{\"@type\":\"ListItem\",\"position\":2,\"name\":\"Butik\",\"item\":\"https:\/\/babylove.se\/no\/butik\/\"},{\"@type\":\"ListItem\",\"position\":3,\"name\":\"Lav hvit barneseng med beskyttelse\"}]},{\"@type\":\"WebSite\",\"@id\":\"https:\/\/babylove.se\/no\/#website\",\"url\":\"https:\/\/babylove.se\/no\/\",\"name\":\"Babylove Norska\",\"description\":\"\",\"potentialAction\":[{\"@type\":\"SearchAction\",\"target\":{\"@type\":\"EntryPoint\",\"urlTemplate\":\"https:\/\/babylove.se\/no\/?s={search_term_string}\"},\"query-input\":{\"@type\":\"PropertyValueSpecification\",\"valueRequired\":true,\"valueName\":\"search_term_string\"}}],\"inLanguage\":\"nb-NO\"}]}<\/script>\n<meta property=\"product:brand\" content=\"Nino\" \/>\n<meta property=\"product:price:amount\" content=\"2399.00\" \/>\n<meta property=\"product:price:currency\" content=\"SEK\" \/>\n<meta property=\"og:availability\" content=\"instock\" \/>\n<meta property=\"product:availability\" content=\"instock\" \/>\n<meta property=\"product:retailer_item_id\" content=\"27499\" \/>\n<meta property=\"product:condition\" content=\"new\" \/>\n<!-- \/ Yoast SEO Premium plugin. -->","yoast_head_json":{"title":"L\u00e5g vit barns\u00e4ng med skydd 80x160 - Babylove","description":"Superfin och prisv\u00e4rd vit barns\u00e4ng till barnrummet. En idealisk koja f\u00f6r ditt barn - K\u00f6p den h\u00e4r - Fri frakt !","robots":{"index":"noindex","follow":"follow","max-snippet":"max-snippet:-1","max-image-preview":"max-image-preview:large","max-video-preview":"max-video-preview:-1"},"og_locale":"nb_NO","og_type":"article","og_title":"Lav hvit barneseng med beskyttelse","og_description":"Superfin och prisv\u00e4rd vit barns\u00e4ng till barnrummet. En idealisk koja f\u00f6r ditt barn - K\u00f6p den h\u00e4r - Fri frakt !","og_url":"https:\/\/babylove.se\/no\/produkt\/lag-hvit-barneseng-med-skydd\/","og_site_name":"Babylove Norska","article_modified_time":"2026-04-08T12:26:17+00:00","og_image":[{"width":800,"height":800,"url":"https:\/\/babylove.se\/no\/wp-content\/uploads\/sites\/3\/2025\/07\/6446aefb1b5da.png","type":"image\/png"}],"twitter_card":"summary_large_image","twitter_misc":{"Price":"2 399,00&nbsp;&#107;&#114;","Availability":"In stock"},"schema":{"@context":"https:\/\/schema.org","@graph":[{"@type":"WebPage","@id":"https:\/\/babylove.se\/no\/produkt\/lag-hvit-barneseng-med-skydd\/","url":"https:\/\/babylove.se\/no\/produkt\/lag-hvit-barneseng-med-skydd\/","name":"L\u00e5g vit barns\u00e4ng med skydd 80x160 - Babylove","isPartOf":{"@id":"https:\/\/babylove.se\/no\/#website"},"primaryImageOfPage":{"@id":"https:\/\/babylove.se\/no\/produkt\/lag-hvit-barneseng-med-skydd\/#primaryimage"},"image":{"@id":"https:\/\/babylove.se\/no\/produkt\/lag-hvit-barneseng-med-skydd\/#primaryimage"},"thumbnailUrl":"https:\/\/babylove.se\/no\/wp-content\/uploads\/sites\/3\/2025\/07\/6446aefb1b5da.png","datePublished":"2025-07-19T10:32:51+00:00","dateModified":"2026-04-08T12:26:17+00:00","description":"Superfin och prisv\u00e4rd vit barns\u00e4ng till barnrummet. En idealisk koja f\u00f6r ditt barn - K\u00f6p den h\u00e4r - Fri frakt !","breadcrumb":{"@id":"https:\/\/babylove.se\/no\/produkt\/lag-hvit-barneseng-med-skydd\/#breadcrumb"},"inLanguage":"nb-NO","potentialAction":[{"@type":"ReadAction","target":["https:\/\/babylove.se\/no\/produkt\/lag-hvit-barneseng-med-skydd\/"]}]},{"@type":"ImageObject","inLanguage":"nb-NO","@id":"https:\/\/babylove.se\/no\/produkt\/lag-hvit-barneseng-med-skydd\/#primaryimage","url":"https:\/\/babylove.se\/no\/wp-content\/uploads\/sites\/3\/2025\/07\/6446aefb1b5da.png","contentUrl":"https:\/\/babylove.se\/no\/wp-content\/uploads\/sites\/3\/2025\/07\/6446aefb1b5da.png","width":800,"height":800},{"@type":"BreadcrumbList","@id":"https:\/\/babylove.se\/no\/produkt\/lag-hvit-barneseng-med-skydd\/#breadcrumb","itemListElement":[{"@type":"ListItem","position":1,"name":"Hem","item":"https:\/\/babylove.se\/no\/"},{"@type":"ListItem","position":2,"name":"Butik","item":"https:\/\/babylove.se\/no\/butik\/"},{"@type":"ListItem","position":3,"name":"Lav hvit barneseng med beskyttelse"}]},{"@type":"WebSite","@id":"https:\/\/babylove.se\/no\/#website","url":"https:\/\/babylove.se\/no\/","name":"Babylove Norska","description":"","potentialAction":[{"@type":"SearchAction","target":{"@type":"EntryPoint","urlTemplate":"https:\/\/babylove.se\/no\/?s={search_term_string}"},"query-input":{"@type":"PropertyValueSpecification","valueRequired":true,"valueName":"search_term_string"}}],"inLanguage":"nb-NO"}]},"product_brand":"Nino","product_price_amount":"2399.00","product_price_currency":"SEK","og_availability":"instock","product_availability":"instock","product_retailer_item_id":"27499","product_condition":"new"},"_links":{"self":[{"href":"https:\/\/babylove.se\/no\/wp-json\/wp\/v2\/product\/51271","targetHints":{"allow":["GET"]}}],"collection":[{"href":"https:\/\/babylove.se\/no\/wp-json\/wp\/v2\/product"}],"about":[{"href":"https:\/\/babylove.se\/no\/wp-json\/wp\/v2\/types\/product"}],"replies":[{"embeddable":true,"href":"https:\/\/babylove.se\/no\/wp-json\/wp\/v2\/comments?post=51271"}],"wp:featuredmedia":[{"embeddable":true,"href":"https:\/\/babylove.se\/no\/wp-json\/wp\/v2\/media\/51273"}],"wp:attachment":[{"href":"https:\/\/babylove.se\/no\/wp-json\/wp\/v2\/media?parent=51271"}],"wp:term":[{"taxonomy":"product_brand","embeddable":true,"href":"https:\/\/babylove.se\/no\/wp-json\/wp\/v2\/product_brand?post=51271"},{"taxonomy":"product_cat","embeddable":true,"href":"https:\/\/babylove.se\/no\/wp-json\/wp\/v2\/product_cat?post=51271"},{"taxonomy":"product_tag","embeddable":true,"href":"https:\/\/babylove.se\/no\/wp-json\/wp\/v2\/product_tag?post=51271"}],"curies":[{"name":"wp","href":"https:\/\/api.w.org\/{rel}","templated":true}]}}