{"id":51345,"date":"2025-07-19T11:33:50","date_gmt":"2025-07-19T10:33:50","guid":{"rendered":"https:\/\/babylove.se\/produkt\/mrs-mighetto-poster-mr-george\/"},"modified":"2026-04-08T13:26:52","modified_gmt":"2026-04-08T12:26:52","slug":"mrs-mighetto-plakat-mr-george","status":"publish","type":"product","link":"https:\/\/babylove.se\/no\/produkt\/mrs-mighetto-plakat-mr-george\/","title":{"rendered":"Mrs Mighetto, plakat Mr George"},"content":{"rendered":"<p>Fantastisk vakker plakat av svenske Mrs Mighetto. Med denne plakaten kan du enkelt skape en unik f\u00f8lelse i barnerommets innredning og barnet ditt kommer til \u00e5 elske de eventyrlige motivene. <\/p>\n<p>Trykket er laget p\u00e5 et meget h\u00f8ykvalitets 170g matt papir og plakatens motiv kommer fra kolleksjonen ?Secret of Acorn Valley?. <\/p>\n<p><strong>M\u00e5l<\/strong>: Finnes i to st\u00f8rrelser <\/p>\n<ul type=\"disc\">\n<li>30&#215;40 cm<\/li>\n<li>50&#215;70 cm<\/li>\n<\/ul>\n<p>Designer: <a href=\"https:\/\/babylove.se\/varumarken\/mrs-mighetto\">Mrs Mighetto<\/a> <\/p>\n<p>&#8220;<em>? Georges kraft sitter i tankene hans, ved \u00e5 legge hendene p\u00e5 kn\u00e6rne oppfinner han nye oppskrifter som gj\u00f8r ham uerstattelig i usynlighetsfabrikken. Georges tippoldemors tippoldemor grunnla bryggeriet for lenge, lenge siden. Hun var ogs\u00e5 en tenker av rang og oppfant drikken som kunne gj\u00f8re det lille folket enda mindre og til slutt ogs\u00e5 usynlige. Men drikken m\u00e5 stadig utvikles fordi r\u00e5varene forandrer seg og hemmeligheten m\u00e5 bevares<\/em><em>.<\/em><em>&#8220;<\/em><\/p>\n","protected":false},"excerpt":{"rendered":"<p>Fantastisk vakker plakat av svenske Mrs Mighetto. Med denne plakaten kan du enkelt skape en unik f\u00f8lelse i barnerommets innredning og barnet ditt kommer til \u00e5 elske de eventyrlige motivene. Trykket er laget p\u00e5 et meget h\u00f8ykvalitets 170g matt papir og plakatens motiv kommer fra kolleksjonen ?Secret of Acorn Valley?. M\u00e5l: Finnes i to st\u00f8rrelser [&hellip;]<\/p>\n","protected":false},"featured_media":51347,"comment_status":"open","ping_status":"closed","template":"","meta":{"_acf_changed":false},"product_brand":[974],"product_cat":[975,255],"product_tag":[1709],"class_list":{"0":"post-51345","1":"product","2":"type-product","3":"status-publish","4":"has-post-thumbnail","6":"product_brand-mrs-mighetto","7":"product_cat-mrs-mighetto","8":"product_cat-plakater","9":"product_tag-utforsalg","10":"pa_storlek-30x40-cm","11":"pa_storlek-50x70-cm","13":"first","14":"instock","15":"taxable","16":"shipping-taxable","17":"purchasable","18":"product-type-variable"},"acf":[],"yoast_head":"<!-- This site is optimized with the Yoast SEO Premium plugin v25.8 (Yoast SEO v27.2) - https:\/\/yoast.com\/product\/yoast-seo-premium-wordpress\/ -->\n<title>Mrs Mighetto, plakat Mr George - Babylove Norska<\/title>\n<meta name=\"robots\" content=\"noindex, follow, max-snippet:-1, max-image-preview:large, max-video-preview:-1\" \/>\n<meta property=\"og:locale\" content=\"nb_NO\" \/>\n<meta property=\"og:type\" content=\"article\" \/>\n<meta property=\"og:title\" content=\"Mrs Mighetto, plakat Mr George\" \/>\n<meta property=\"og:description\" content=\"Fantastisk vakker plakat av svenske Mrs Mighetto. Med denne plakaten kan du enkelt skape en unik f\u00f8lelse i barnerommets innredning og barnet ditt kommer til \u00e5 elske de eventyrlige motivene. Trykket er laget p\u00e5 et meget h\u00f8ykvalitets 170g matt papir og plakatens motiv kommer fra kolleksjonen ?Secret of Acorn Valley?. M\u00e5l: Finnes i to st\u00f8rrelser [&hellip;]\" \/>\n<meta property=\"og:url\" content=\"https:\/\/babylove.se\/no\/produkt\/mrs-mighetto-plakat-mr-george\/\" \/>\n<meta property=\"og:site_name\" content=\"Babylove Norska\" \/>\n<meta property=\"article:modified_time\" content=\"2026-04-08T12:26:52+00:00\" \/>\n<meta property=\"og:image\" content=\"https:\/\/babylove.se\/no\/wp-content\/uploads\/sites\/3\/2025\/07\/642d1c86b509e.jpeg\" \/>\n\t<meta property=\"og:image:width\" content=\"502\" \/>\n\t<meta property=\"og:image:height\" content=\"752\" \/>\n\t<meta property=\"og:image:type\" content=\"image\/jpeg\" \/>\n<meta name=\"twitter:card\" content=\"summary_large_image\" \/>\n<meta name=\"twitter:label1\" content=\"Availability\" \/>\n\t<meta name=\"twitter:data1\" content=\"In stock\" \/>\n<script type=\"application\/ld+json\" class=\"yoast-schema-graph\">{\"@context\":\"https:\/\/schema.org\",\"@graph\":[{\"@type\":\"WebPage\",\"@id\":\"https:\/\/babylove.se\/no\/produkt\/mrs-mighetto-plakat-mr-george\/\",\"url\":\"https:\/\/babylove.se\/no\/produkt\/mrs-mighetto-plakat-mr-george\/\",\"name\":\"Mrs Mighetto, plakat Mr George - Babylove Norska\",\"isPartOf\":{\"@id\":\"https:\/\/babylove.se\/no\/#website\"},\"primaryImageOfPage\":{\"@id\":\"https:\/\/babylove.se\/no\/produkt\/mrs-mighetto-plakat-mr-george\/#primaryimage\"},\"image\":{\"@id\":\"https:\/\/babylove.se\/no\/produkt\/mrs-mighetto-plakat-mr-george\/#primaryimage\"},\"thumbnailUrl\":\"https:\/\/babylove.se\/no\/wp-content\/uploads\/sites\/3\/2025\/07\/642d1c86b509e.jpeg\",\"datePublished\":\"2025-07-19T10:33:50+00:00\",\"dateModified\":\"2026-04-08T12:26:52+00:00\",\"breadcrumb\":{\"@id\":\"https:\/\/babylove.se\/no\/produkt\/mrs-mighetto-plakat-mr-george\/#breadcrumb\"},\"inLanguage\":\"nb-NO\",\"potentialAction\":[{\"@type\":\"ReadAction\",\"target\":[\"https:\/\/babylove.se\/no\/produkt\/mrs-mighetto-plakat-mr-george\/\"]}]},{\"@type\":\"ImageObject\",\"inLanguage\":\"nb-NO\",\"@id\":\"https:\/\/babylove.se\/no\/produkt\/mrs-mighetto-plakat-mr-george\/#primaryimage\",\"url\":\"https:\/\/babylove.se\/no\/wp-content\/uploads\/sites\/3\/2025\/07\/642d1c86b509e.jpeg\",\"contentUrl\":\"https:\/\/babylove.se\/no\/wp-content\/uploads\/sites\/3\/2025\/07\/642d1c86b509e.jpeg\",\"width\":502,\"height\":752},{\"@type\":\"BreadcrumbList\",\"@id\":\"https:\/\/babylove.se\/no\/produkt\/mrs-mighetto-plakat-mr-george\/#breadcrumb\",\"itemListElement\":[{\"@type\":\"ListItem\",\"position\":1,\"name\":\"Hem\",\"item\":\"https:\/\/babylove.se\/no\/\"},{\"@type\":\"ListItem\",\"position\":2,\"name\":\"Butik\",\"item\":\"https:\/\/babylove.se\/no\/butik\/\"},{\"@type\":\"ListItem\",\"position\":3,\"name\":\"Mrs Mighetto, plakat Mr George\"}]},{\"@type\":\"WebSite\",\"@id\":\"https:\/\/babylove.se\/no\/#website\",\"url\":\"https:\/\/babylove.se\/no\/\",\"name\":\"Babylove Norska\",\"description\":\"\",\"potentialAction\":[{\"@type\":\"SearchAction\",\"target\":{\"@type\":\"EntryPoint\",\"urlTemplate\":\"https:\/\/babylove.se\/no\/?s={search_term_string}\"},\"query-input\":{\"@type\":\"PropertyValueSpecification\",\"valueRequired\":true,\"valueName\":\"search_term_string\"}}],\"inLanguage\":\"nb-NO\"}]}<\/script>\n<meta property=\"product:brand\" content=\"Mrs Mighetto\" \/>\n<meta property=\"og:availability\" content=\"instock\" \/>\n<meta property=\"product:availability\" content=\"instock\" \/>\n<meta property=\"product:retailer_item_id\" content=\"PO-GEORGE\" \/>\n<meta property=\"product:condition\" content=\"new\" \/>\n<!-- \/ Yoast SEO Premium plugin. -->","yoast_head_json":{"title":"Mrs Mighetto, plakat Mr George - Babylove Norska","robots":{"index":"noindex","follow":"follow","max-snippet":"max-snippet:-1","max-image-preview":"max-image-preview:large","max-video-preview":"max-video-preview:-1"},"og_locale":"nb_NO","og_type":"article","og_title":"Mrs Mighetto, plakat Mr George","og_description":"Fantastisk vakker plakat av svenske Mrs Mighetto. Med denne plakaten kan du enkelt skape en unik f\u00f8lelse i barnerommets innredning og barnet ditt kommer til \u00e5 elske de eventyrlige motivene. Trykket er laget p\u00e5 et meget h\u00f8ykvalitets 170g matt papir og plakatens motiv kommer fra kolleksjonen ?Secret of Acorn Valley?. M\u00e5l: Finnes i to st\u00f8rrelser [&hellip;]","og_url":"https:\/\/babylove.se\/no\/produkt\/mrs-mighetto-plakat-mr-george\/","og_site_name":"Babylove Norska","article_modified_time":"2026-04-08T12:26:52+00:00","og_image":[{"width":502,"height":752,"url":"https:\/\/babylove.se\/no\/wp-content\/uploads\/sites\/3\/2025\/07\/642d1c86b509e.jpeg","type":"image\/jpeg"}],"twitter_card":"summary_large_image","twitter_misc":{"Availability":"In stock"},"schema":{"@context":"https:\/\/schema.org","@graph":[{"@type":"WebPage","@id":"https:\/\/babylove.se\/no\/produkt\/mrs-mighetto-plakat-mr-george\/","url":"https:\/\/babylove.se\/no\/produkt\/mrs-mighetto-plakat-mr-george\/","name":"Mrs Mighetto, plakat Mr George - Babylove Norska","isPartOf":{"@id":"https:\/\/babylove.se\/no\/#website"},"primaryImageOfPage":{"@id":"https:\/\/babylove.se\/no\/produkt\/mrs-mighetto-plakat-mr-george\/#primaryimage"},"image":{"@id":"https:\/\/babylove.se\/no\/produkt\/mrs-mighetto-plakat-mr-george\/#primaryimage"},"thumbnailUrl":"https:\/\/babylove.se\/no\/wp-content\/uploads\/sites\/3\/2025\/07\/642d1c86b509e.jpeg","datePublished":"2025-07-19T10:33:50+00:00","dateModified":"2026-04-08T12:26:52+00:00","breadcrumb":{"@id":"https:\/\/babylove.se\/no\/produkt\/mrs-mighetto-plakat-mr-george\/#breadcrumb"},"inLanguage":"nb-NO","potentialAction":[{"@type":"ReadAction","target":["https:\/\/babylove.se\/no\/produkt\/mrs-mighetto-plakat-mr-george\/"]}]},{"@type":"ImageObject","inLanguage":"nb-NO","@id":"https:\/\/babylove.se\/no\/produkt\/mrs-mighetto-plakat-mr-george\/#primaryimage","url":"https:\/\/babylove.se\/no\/wp-content\/uploads\/sites\/3\/2025\/07\/642d1c86b509e.jpeg","contentUrl":"https:\/\/babylove.se\/no\/wp-content\/uploads\/sites\/3\/2025\/07\/642d1c86b509e.jpeg","width":502,"height":752},{"@type":"BreadcrumbList","@id":"https:\/\/babylove.se\/no\/produkt\/mrs-mighetto-plakat-mr-george\/#breadcrumb","itemListElement":[{"@type":"ListItem","position":1,"name":"Hem","item":"https:\/\/babylove.se\/no\/"},{"@type":"ListItem","position":2,"name":"Butik","item":"https:\/\/babylove.se\/no\/butik\/"},{"@type":"ListItem","position":3,"name":"Mrs Mighetto, plakat Mr George"}]},{"@type":"WebSite","@id":"https:\/\/babylove.se\/no\/#website","url":"https:\/\/babylove.se\/no\/","name":"Babylove Norska","description":"","potentialAction":[{"@type":"SearchAction","target":{"@type":"EntryPoint","urlTemplate":"https:\/\/babylove.se\/no\/?s={search_term_string}"},"query-input":{"@type":"PropertyValueSpecification","valueRequired":true,"valueName":"search_term_string"}}],"inLanguage":"nb-NO"}]},"product_brand":"Mrs Mighetto","og_availability":"instock","product_availability":"instock","product_retailer_item_id":"PO-GEORGE","product_condition":"new"},"_links":{"self":[{"href":"https:\/\/babylove.se\/no\/wp-json\/wp\/v2\/product\/51345","targetHints":{"allow":["GET"]}}],"collection":[{"href":"https:\/\/babylove.se\/no\/wp-json\/wp\/v2\/product"}],"about":[{"href":"https:\/\/babylove.se\/no\/wp-json\/wp\/v2\/types\/product"}],"replies":[{"embeddable":true,"href":"https:\/\/babylove.se\/no\/wp-json\/wp\/v2\/comments?post=51345"}],"wp:featuredmedia":[{"embeddable":true,"href":"https:\/\/babylove.se\/no\/wp-json\/wp\/v2\/media\/51347"}],"wp:attachment":[{"href":"https:\/\/babylove.se\/no\/wp-json\/wp\/v2\/media?parent=51345"}],"wp:term":[{"taxonomy":"product_brand","embeddable":true,"href":"https:\/\/babylove.se\/no\/wp-json\/wp\/v2\/product_brand?post=51345"},{"taxonomy":"product_cat","embeddable":true,"href":"https:\/\/babylove.se\/no\/wp-json\/wp\/v2\/product_cat?post=51345"},{"taxonomy":"product_tag","embeddable":true,"href":"https:\/\/babylove.se\/no\/wp-json\/wp\/v2\/product_tag?post=51345"}],"curies":[{"name":"wp","href":"https:\/\/api.w.org\/{rel}","templated":true}]}}