{"id":51408,"date":"2025-07-19T11:34:17","date_gmt":"2025-07-19T10:34:17","guid":{"rendered":"https:\/\/babylove.se\/produkt\/mrs-mighetto-fodelsedagskort-2-pack-ballong\/"},"modified":"2026-04-08T13:27:18","modified_gmt":"2026-04-08T12:27:18","slug":"mrs-mighetto-bursdagskort-2-pack-ballong","status":"publish","type":"product","link":"https:\/\/babylove.se\/no\/produkt\/mrs-mighetto-bursdagskort-2-pack-ballong\/","title":{"rendered":"Mrs Mighetto, Bursdagskort 2-pakk, Ballong"},"content":{"rendered":"<p>Si gratulerer p\u00e5 bursdagen med stil med disse luksuri\u00f8se gratulasjonskortene fra Mrs Mighetto! <\/p>\n<p>De dobbeltsidige bursdagskortene har vidunderlige motiver med en f\u00f8lelse av en akvarellillustrasjon. P\u00e5 den lyse baksiden er det god plass til \u00e5 skrive en hjertelig hilsen. <\/p>\n<p><strong>Antall<\/strong>: Kommer i 2-pakning <\/p>\n<p><strong>Materiale<\/strong>: 10\u00d715 cm. Dobbelttrykt p\u00e5 300 g matt papir. <\/p>\n<p>Designer: <a href=\"https:\/\/babylove.se\/varumarken\/mrs-mighetto\">Mrs Mighetto<\/a><\/p>\n","protected":false},"excerpt":{"rendered":"<p>Si gratulerer p\u00e5 bursdagen med stil med disse luksuri\u00f8se gratulasjonskortene fra Mrs Mighetto! De dobbeltsidige bursdagskortene har vidunderlige motiver med en f\u00f8lelse av en akvarellillustrasjon. P\u00e5 den lyse baksiden er det god plass til \u00e5 skrive en hjertelig hilsen. Antall: Kommer i 2-pakning Materiale: 10\u00d715 cm. Dobbelttrykt p\u00e5 300 g matt papir. Designer: Mrs Mighetto<\/p>\n","protected":false},"featured_media":51410,"comment_status":"closed","ping_status":"closed","template":"","meta":{"_acf_changed":false},"product_brand":[974],"product_cat":[975],"product_tag":[1709],"class_list":{"0":"post-51408","1":"product","2":"type-product","3":"status-publish","4":"has-post-thumbnail","6":"product_brand-mrs-mighetto","7":"product_cat-mrs-mighetto","8":"product_tag-utforsalg","10":"first","11":"instock","12":"taxable","13":"shipping-taxable","14":"purchasable","15":"product-type-simple"},"acf":[],"yoast_head":"<!-- This site is optimized with the Yoast SEO Premium plugin v25.8 (Yoast SEO v27.2) - https:\/\/yoast.com\/product\/yoast-seo-premium-wordpress\/ -->\n<title>Mrs Mighetto, Bursdagskort 2-pakk, Ballong - Babylove Norska<\/title>\n<meta name=\"robots\" content=\"noindex, follow, max-snippet:-1, max-image-preview:large, max-video-preview:-1\" \/>\n<meta property=\"og:locale\" content=\"nb_NO\" \/>\n<meta property=\"og:type\" content=\"article\" \/>\n<meta property=\"og:title\" content=\"Mrs Mighetto, Bursdagskort 2-pakk, Ballong\" \/>\n<meta property=\"og:description\" content=\"Si gratulerer p\u00e5 bursdagen med stil med disse luksuri\u00f8se gratulasjonskortene fra Mrs Mighetto! De dobbeltsidige bursdagskortene har vidunderlige motiver med en f\u00f8lelse av en akvarellillustrasjon. P\u00e5 den lyse baksiden er det god plass til \u00e5 skrive en hjertelig hilsen. Antall: Kommer i 2-pakning Materiale: 10\u00d715 cm. Dobbelttrykt p\u00e5 300 g matt papir. Designer: Mrs Mighetto\" \/>\n<meta property=\"og:url\" content=\"https:\/\/babylove.se\/no\/produkt\/mrs-mighetto-bursdagskort-2-pack-ballong\/\" \/>\n<meta property=\"og:site_name\" content=\"Babylove Norska\" \/>\n<meta property=\"article:modified_time\" content=\"2026-04-08T12:27:18+00:00\" \/>\n<meta property=\"og:image\" content=\"https:\/\/babylove.se\/no\/wp-content\/uploads\/sites\/3\/2025\/07\/642d30332aed3.jpeg\" \/>\n\t<meta property=\"og:image:width\" content=\"360\" \/>\n\t<meta property=\"og:image:height\" content=\"540\" \/>\n\t<meta property=\"og:image:type\" content=\"image\/jpeg\" \/>\n<meta name=\"twitter:card\" content=\"summary_large_image\" \/>\n<meta name=\"twitter:label1\" content=\"Price\" \/>\n\t<meta name=\"twitter:data1\" content=\"75,00&nbsp;&#107;&#114;\" \/>\n\t<meta name=\"twitter:label2\" content=\"Availability\" \/>\n\t<meta name=\"twitter:data2\" content=\"In stock\" \/>\n<script type=\"application\/ld+json\" class=\"yoast-schema-graph\">{\"@context\":\"https:\/\/schema.org\",\"@graph\":[{\"@type\":\"WebPage\",\"@id\":\"https:\/\/babylove.se\/no\/produkt\/mrs-mighetto-bursdagskort-2-pack-ballong\/\",\"url\":\"https:\/\/babylove.se\/no\/produkt\/mrs-mighetto-bursdagskort-2-pack-ballong\/\",\"name\":\"Mrs Mighetto, Bursdagskort 2-pakk, Ballong - Babylove Norska\",\"isPartOf\":{\"@id\":\"https:\/\/babylove.se\/no\/#website\"},\"primaryImageOfPage\":{\"@id\":\"https:\/\/babylove.se\/no\/produkt\/mrs-mighetto-bursdagskort-2-pack-ballong\/#primaryimage\"},\"image\":{\"@id\":\"https:\/\/babylove.se\/no\/produkt\/mrs-mighetto-bursdagskort-2-pack-ballong\/#primaryimage\"},\"thumbnailUrl\":\"https:\/\/babylove.se\/no\/wp-content\/uploads\/sites\/3\/2025\/07\/642d30332aed3.jpeg\",\"datePublished\":\"2025-07-19T10:34:17+00:00\",\"dateModified\":\"2026-04-08T12:27:18+00:00\",\"breadcrumb\":{\"@id\":\"https:\/\/babylove.se\/no\/produkt\/mrs-mighetto-bursdagskort-2-pack-ballong\/#breadcrumb\"},\"inLanguage\":\"nb-NO\",\"potentialAction\":[{\"@type\":\"ReadAction\",\"target\":[\"https:\/\/babylove.se\/no\/produkt\/mrs-mighetto-bursdagskort-2-pack-ballong\/\"]}]},{\"@type\":\"ImageObject\",\"inLanguage\":\"nb-NO\",\"@id\":\"https:\/\/babylove.se\/no\/produkt\/mrs-mighetto-bursdagskort-2-pack-ballong\/#primaryimage\",\"url\":\"https:\/\/babylove.se\/no\/wp-content\/uploads\/sites\/3\/2025\/07\/642d30332aed3.jpeg\",\"contentUrl\":\"https:\/\/babylove.se\/no\/wp-content\/uploads\/sites\/3\/2025\/07\/642d30332aed3.jpeg\",\"width\":360,\"height\":540},{\"@type\":\"BreadcrumbList\",\"@id\":\"https:\/\/babylove.se\/no\/produkt\/mrs-mighetto-bursdagskort-2-pack-ballong\/#breadcrumb\",\"itemListElement\":[{\"@type\":\"ListItem\",\"position\":1,\"name\":\"Hem\",\"item\":\"https:\/\/babylove.se\/no\/\"},{\"@type\":\"ListItem\",\"position\":2,\"name\":\"Butik\",\"item\":\"https:\/\/babylove.se\/no\/butik\/\"},{\"@type\":\"ListItem\",\"position\":3,\"name\":\"Mrs Mighetto, Bursdagskort 2-pakk, Ballong\"}]},{\"@type\":\"WebSite\",\"@id\":\"https:\/\/babylove.se\/no\/#website\",\"url\":\"https:\/\/babylove.se\/no\/\",\"name\":\"Babylove Norska\",\"description\":\"\",\"potentialAction\":[{\"@type\":\"SearchAction\",\"target\":{\"@type\":\"EntryPoint\",\"urlTemplate\":\"https:\/\/babylove.se\/no\/?s={search_term_string}\"},\"query-input\":{\"@type\":\"PropertyValueSpecification\",\"valueRequired\":true,\"valueName\":\"search_term_string\"}}],\"inLanguage\":\"nb-NO\"}]}<\/script>\n<meta property=\"product:brand\" content=\"Mrs Mighetto\" \/>\n<meta property=\"product:price:amount\" content=\"75.00\" \/>\n<meta property=\"product:price:currency\" content=\"SEK\" \/>\n<meta property=\"og:availability\" content=\"instock\" \/>\n<meta property=\"product:availability\" content=\"instock\" \/>\n<meta property=\"product:retailer_item_id\" content=\"PP-BDAY-BALLOON-2P-CARD\" \/>\n<meta property=\"product:condition\" content=\"new\" \/>\n<!-- \/ Yoast SEO Premium plugin. -->","yoast_head_json":{"title":"Mrs Mighetto, Bursdagskort 2-pakk, Ballong - Babylove Norska","robots":{"index":"noindex","follow":"follow","max-snippet":"max-snippet:-1","max-image-preview":"max-image-preview:large","max-video-preview":"max-video-preview:-1"},"og_locale":"nb_NO","og_type":"article","og_title":"Mrs Mighetto, Bursdagskort 2-pakk, Ballong","og_description":"Si gratulerer p\u00e5 bursdagen med stil med disse luksuri\u00f8se gratulasjonskortene fra Mrs Mighetto! De dobbeltsidige bursdagskortene har vidunderlige motiver med en f\u00f8lelse av en akvarellillustrasjon. P\u00e5 den lyse baksiden er det god plass til \u00e5 skrive en hjertelig hilsen. Antall: Kommer i 2-pakning Materiale: 10\u00d715 cm. Dobbelttrykt p\u00e5 300 g matt papir. Designer: Mrs Mighetto","og_url":"https:\/\/babylove.se\/no\/produkt\/mrs-mighetto-bursdagskort-2-pack-ballong\/","og_site_name":"Babylove Norska","article_modified_time":"2026-04-08T12:27:18+00:00","og_image":[{"width":360,"height":540,"url":"https:\/\/babylove.se\/no\/wp-content\/uploads\/sites\/3\/2025\/07\/642d30332aed3.jpeg","type":"image\/jpeg"}],"twitter_card":"summary_large_image","twitter_misc":{"Price":"75,00&nbsp;&#107;&#114;","Availability":"In stock"},"schema":{"@context":"https:\/\/schema.org","@graph":[{"@type":"WebPage","@id":"https:\/\/babylove.se\/no\/produkt\/mrs-mighetto-bursdagskort-2-pack-ballong\/","url":"https:\/\/babylove.se\/no\/produkt\/mrs-mighetto-bursdagskort-2-pack-ballong\/","name":"Mrs Mighetto, Bursdagskort 2-pakk, Ballong - Babylove Norska","isPartOf":{"@id":"https:\/\/babylove.se\/no\/#website"},"primaryImageOfPage":{"@id":"https:\/\/babylove.se\/no\/produkt\/mrs-mighetto-bursdagskort-2-pack-ballong\/#primaryimage"},"image":{"@id":"https:\/\/babylove.se\/no\/produkt\/mrs-mighetto-bursdagskort-2-pack-ballong\/#primaryimage"},"thumbnailUrl":"https:\/\/babylove.se\/no\/wp-content\/uploads\/sites\/3\/2025\/07\/642d30332aed3.jpeg","datePublished":"2025-07-19T10:34:17+00:00","dateModified":"2026-04-08T12:27:18+00:00","breadcrumb":{"@id":"https:\/\/babylove.se\/no\/produkt\/mrs-mighetto-bursdagskort-2-pack-ballong\/#breadcrumb"},"inLanguage":"nb-NO","potentialAction":[{"@type":"ReadAction","target":["https:\/\/babylove.se\/no\/produkt\/mrs-mighetto-bursdagskort-2-pack-ballong\/"]}]},{"@type":"ImageObject","inLanguage":"nb-NO","@id":"https:\/\/babylove.se\/no\/produkt\/mrs-mighetto-bursdagskort-2-pack-ballong\/#primaryimage","url":"https:\/\/babylove.se\/no\/wp-content\/uploads\/sites\/3\/2025\/07\/642d30332aed3.jpeg","contentUrl":"https:\/\/babylove.se\/no\/wp-content\/uploads\/sites\/3\/2025\/07\/642d30332aed3.jpeg","width":360,"height":540},{"@type":"BreadcrumbList","@id":"https:\/\/babylove.se\/no\/produkt\/mrs-mighetto-bursdagskort-2-pack-ballong\/#breadcrumb","itemListElement":[{"@type":"ListItem","position":1,"name":"Hem","item":"https:\/\/babylove.se\/no\/"},{"@type":"ListItem","position":2,"name":"Butik","item":"https:\/\/babylove.se\/no\/butik\/"},{"@type":"ListItem","position":3,"name":"Mrs Mighetto, Bursdagskort 2-pakk, Ballong"}]},{"@type":"WebSite","@id":"https:\/\/babylove.se\/no\/#website","url":"https:\/\/babylove.se\/no\/","name":"Babylove Norska","description":"","potentialAction":[{"@type":"SearchAction","target":{"@type":"EntryPoint","urlTemplate":"https:\/\/babylove.se\/no\/?s={search_term_string}"},"query-input":{"@type":"PropertyValueSpecification","valueRequired":true,"valueName":"search_term_string"}}],"inLanguage":"nb-NO"}]},"product_brand":"Mrs Mighetto","product_price_amount":"75.00","product_price_currency":"SEK","og_availability":"instock","product_availability":"instock","product_retailer_item_id":"PP-BDAY-BALLOON-2P-CARD","product_condition":"new"},"_links":{"self":[{"href":"https:\/\/babylove.se\/no\/wp-json\/wp\/v2\/product\/51408","targetHints":{"allow":["GET"]}}],"collection":[{"href":"https:\/\/babylove.se\/no\/wp-json\/wp\/v2\/product"}],"about":[{"href":"https:\/\/babylove.se\/no\/wp-json\/wp\/v2\/types\/product"}],"replies":[{"embeddable":true,"href":"https:\/\/babylove.se\/no\/wp-json\/wp\/v2\/comments?post=51408"}],"wp:featuredmedia":[{"embeddable":true,"href":"https:\/\/babylove.se\/no\/wp-json\/wp\/v2\/media\/51410"}],"wp:attachment":[{"href":"https:\/\/babylove.se\/no\/wp-json\/wp\/v2\/media?parent=51408"}],"wp:term":[{"taxonomy":"product_brand","embeddable":true,"href":"https:\/\/babylove.se\/no\/wp-json\/wp\/v2\/product_brand?post=51408"},{"taxonomy":"product_cat","embeddable":true,"href":"https:\/\/babylove.se\/no\/wp-json\/wp\/v2\/product_cat?post=51408"},{"taxonomy":"product_tag","embeddable":true,"href":"https:\/\/babylove.se\/no\/wp-json\/wp\/v2\/product_tag?post=51408"}],"curies":[{"name":"wp","href":"https:\/\/api.w.org\/{rel}","templated":true}]}}