{"id":5154,"date":"2025-07-18T20:27:41","date_gmt":"2025-07-18T19:27:41","guid":{"rendered":"https:\/\/babylove.se\/produkt\/oyoy-mr-megalodon-matta\/"},"modified":"2026-04-08T08:15:06","modified_gmt":"2026-04-08T07:15:06","slug":"oyoy-mr-megalodon-matte","status":"publish","type":"product","link":"https:\/\/babylove.se\/no\/produkt\/oyoy-mr-megalodon-matte\/","title":{"rendered":"OYOY Mr Megalodon teppe"},"content":{"rendered":"<p>Vi presenterer det fantastiske teppet \u00abMr Megalodon Adventure Rug\u00bb fra Oyoy. Et vakkert design i svart-hvitt, med et fint m\u00f8nster som forestiller bl.a. en regnbue, en romrakett og forskjellige dyr. Dette teppet vil skape en deilig f\u00f8lelse i barnerommet og takket v\u00e6re det kraftigere bomullsstoffet s\u00e5 vil det ligge st\u00f8dig p\u00e5 gulvet. Dette teppet kan med fordel ogs\u00e5 henges p\u00e5 veggen som en vakker dekorasjon i barneroms-innredningen din.<\/p>\n<p>Dette teppet er b\u00e5de fint og bra for lek, og du vil ha vanskelig for \u00e5 finne en finere kombinasjon for et leketeppe, og det passer i alle typer hjem og rom. \u00abMr Megalodon Adventure Rug\u00bb vil bli en favoritt hos deg ogs\u00e5. Hold det rent ved \u00e5 t\u00f8rke det av med en lett fuktet klut<\/p>\n<p><strong>M\u00e5l<\/strong>: 150 x 90 cm<\/p>\n<p>Materiale: 100% vevd bomullsstoff<\/p>\n<p>Designer: <a href=\"https:\/\/babylove.se\/varumarken\/oyoy\"><u>OYOY<\/u><\/a><\/p>\n","protected":false},"excerpt":{"rendered":"<p>Vi presenterer det fantastiske teppet \u00abMr Megalodon Adventure Rug\u00bb fra Oyoy. Et vakkert design i svart-hvitt, med et fint m\u00f8nster som forestiller bl.a. en regnbue, en romrakett og forskjellige dyr. Dette teppet vil skape en deilig f\u00f8lelse i barnerommet og takket v\u00e6re det kraftigere bomullsstoffet s\u00e5 vil det ligge st\u00f8dig p\u00e5 gulvet. Dette teppet kan [&hellip;]<\/p>\n","protected":false},"featured_media":5156,"comment_status":"closed","ping_status":"open","template":"","meta":{"_acf_changed":false},"product_brand":[129],"product_cat":[28,52,130,48,135],"product_tag":[],"class_list":{"0":"post-5154","1":"product","2":"type-product","3":"status-publish","4":"has-post-thumbnail","6":"product_brand-oyoy","7":"product_cat-sorthvit","8":"product_cat-lekematter","9":"product_cat-oyoy","10":"product_cat-startside","11":"product_cat-tepper","13":"first","14":"outofstock","15":"taxable","16":"shipping-taxable","17":"purchasable","18":"product-type-simple"},"acf":[],"yoast_head":"<!-- This site is optimized with the Yoast SEO Premium plugin v25.8 (Yoast SEO v27.2) - https:\/\/yoast.com\/product\/yoast-seo-premium-wordpress\/ -->\n<title>OYOY Mr Megalodon teppe - Babylove Norska<\/title>\n<meta name=\"robots\" content=\"noindex, follow, max-snippet:-1, max-image-preview:large, max-video-preview:-1\" \/>\n<meta property=\"og:locale\" content=\"nb_NO\" \/>\n<meta property=\"og:type\" content=\"article\" \/>\n<meta property=\"og:title\" content=\"OYOY Mr Megalodon teppe\" \/>\n<meta property=\"og:description\" content=\"Vi presenterer det fantastiske teppet \u00abMr Megalodon Adventure Rug\u00bb fra Oyoy. Et vakkert design i svart-hvitt, med et fint m\u00f8nster som forestiller bl.a. en regnbue, en romrakett og forskjellige dyr. Dette teppet vil skape en deilig f\u00f8lelse i barnerommet og takket v\u00e6re det kraftigere bomullsstoffet s\u00e5 vil det ligge st\u00f8dig p\u00e5 gulvet. Dette teppet kan [&hellip;]\" \/>\n<meta property=\"og:url\" content=\"https:\/\/babylove.se\/no\/produkt\/oyoy-mr-megalodon-matte\/\" \/>\n<meta property=\"og:site_name\" content=\"Babylove Norska\" \/>\n<meta property=\"article:modified_time\" content=\"2026-04-08T07:15:06+00:00\" \/>\n<meta property=\"og:image\" content=\"https:\/\/babylove.se\/no\/wp-content\/uploads\/sites\/3\/2025\/07\/5a0d6f4d63416.jpeg\" \/>\n\t<meta property=\"og:image:width\" content=\"500\" \/>\n\t<meta property=\"og:image:height\" content=\"500\" \/>\n\t<meta property=\"og:image:type\" content=\"image\/jpeg\" \/>\n<meta name=\"twitter:card\" content=\"summary_large_image\" \/>\n<meta name=\"twitter:label1\" content=\"Price\" \/>\n\t<meta name=\"twitter:data1\" content=\"499,00&nbsp;&#107;&#114;\" \/>\n\t<meta name=\"twitter:label2\" content=\"Availability\" \/>\n\t<meta name=\"twitter:data2\" content=\"Out of stock\" \/>\n<script type=\"application\/ld+json\" class=\"yoast-schema-graph\">{\"@context\":\"https:\/\/schema.org\",\"@graph\":[{\"@type\":\"WebPage\",\"@id\":\"https:\/\/babylove.se\/no\/produkt\/oyoy-mr-megalodon-matte\/\",\"url\":\"https:\/\/babylove.se\/no\/produkt\/oyoy-mr-megalodon-matte\/\",\"name\":\"OYOY Mr Megalodon teppe - Babylove Norska\",\"isPartOf\":{\"@id\":\"https:\/\/babylove.se\/no\/#website\"},\"primaryImageOfPage\":{\"@id\":\"https:\/\/babylove.se\/no\/produkt\/oyoy-mr-megalodon-matte\/#primaryimage\"},\"image\":{\"@id\":\"https:\/\/babylove.se\/no\/produkt\/oyoy-mr-megalodon-matte\/#primaryimage\"},\"thumbnailUrl\":\"https:\/\/babylove.se\/no\/wp-content\/uploads\/sites\/3\/2025\/07\/5a0d6f4d63416.jpeg\",\"datePublished\":\"2025-07-18T19:27:41+00:00\",\"dateModified\":\"2026-04-08T07:15:06+00:00\",\"breadcrumb\":{\"@id\":\"https:\/\/babylove.se\/no\/produkt\/oyoy-mr-megalodon-matte\/#breadcrumb\"},\"inLanguage\":\"nb-NO\",\"potentialAction\":[{\"@type\":\"ReadAction\",\"target\":[\"https:\/\/babylove.se\/no\/produkt\/oyoy-mr-megalodon-matte\/\"]}]},{\"@type\":\"ImageObject\",\"inLanguage\":\"nb-NO\",\"@id\":\"https:\/\/babylove.se\/no\/produkt\/oyoy-mr-megalodon-matte\/#primaryimage\",\"url\":\"https:\/\/babylove.se\/no\/wp-content\/uploads\/sites\/3\/2025\/07\/5a0d6f4d63416.jpeg\",\"contentUrl\":\"https:\/\/babylove.se\/no\/wp-content\/uploads\/sites\/3\/2025\/07\/5a0d6f4d63416.jpeg\",\"width\":500,\"height\":500},{\"@type\":\"BreadcrumbList\",\"@id\":\"https:\/\/babylove.se\/no\/produkt\/oyoy-mr-megalodon-matte\/#breadcrumb\",\"itemListElement\":[{\"@type\":\"ListItem\",\"position\":1,\"name\":\"Hem\",\"item\":\"https:\/\/babylove.se\/no\/\"},{\"@type\":\"ListItem\",\"position\":2,\"name\":\"Butik\",\"item\":\"https:\/\/babylove.se\/no\/butik\/\"},{\"@type\":\"ListItem\",\"position\":3,\"name\":\"OYOY Mr Megalodon teppe\"}]},{\"@type\":\"WebSite\",\"@id\":\"https:\/\/babylove.se\/no\/#website\",\"url\":\"https:\/\/babylove.se\/no\/\",\"name\":\"Babylove Norska\",\"description\":\"\",\"potentialAction\":[{\"@type\":\"SearchAction\",\"target\":{\"@type\":\"EntryPoint\",\"urlTemplate\":\"https:\/\/babylove.se\/no\/?s={search_term_string}\"},\"query-input\":{\"@type\":\"PropertyValueSpecification\",\"valueRequired\":true,\"valueName\":\"search_term_string\"}}],\"inLanguage\":\"nb-NO\"}]}<\/script>\n<meta property=\"product:brand\" content=\"Oyoy\" \/>\n<meta property=\"product:price:amount\" content=\"499.00\" \/>\n<meta property=\"product:price:currency\" content=\"SEK\" \/>\n<meta property=\"og:availability\" content=\"out of stock\" \/>\n<meta property=\"product:availability\" content=\"out of stock\" \/>\n<meta property=\"product:retailer_item_id\" content=\"1589\" \/>\n<meta property=\"product:condition\" content=\"new\" \/>\n<!-- \/ Yoast SEO Premium plugin. -->","yoast_head_json":{"title":"OYOY Mr Megalodon teppe - Babylove Norska","robots":{"index":"noindex","follow":"follow","max-snippet":"max-snippet:-1","max-image-preview":"max-image-preview:large","max-video-preview":"max-video-preview:-1"},"og_locale":"nb_NO","og_type":"article","og_title":"OYOY Mr Megalodon teppe","og_description":"Vi presenterer det fantastiske teppet \u00abMr Megalodon Adventure Rug\u00bb fra Oyoy. Et vakkert design i svart-hvitt, med et fint m\u00f8nster som forestiller bl.a. en regnbue, en romrakett og forskjellige dyr. Dette teppet vil skape en deilig f\u00f8lelse i barnerommet og takket v\u00e6re det kraftigere bomullsstoffet s\u00e5 vil det ligge st\u00f8dig p\u00e5 gulvet. Dette teppet kan [&hellip;]","og_url":"https:\/\/babylove.se\/no\/produkt\/oyoy-mr-megalodon-matte\/","og_site_name":"Babylove Norska","article_modified_time":"2026-04-08T07:15:06+00:00","og_image":[{"width":500,"height":500,"url":"https:\/\/babylove.se\/no\/wp-content\/uploads\/sites\/3\/2025\/07\/5a0d6f4d63416.jpeg","type":"image\/jpeg"}],"twitter_card":"summary_large_image","twitter_misc":{"Price":"499,00&nbsp;&#107;&#114;","Availability":"Out of stock"},"schema":{"@context":"https:\/\/schema.org","@graph":[{"@type":"WebPage","@id":"https:\/\/babylove.se\/no\/produkt\/oyoy-mr-megalodon-matte\/","url":"https:\/\/babylove.se\/no\/produkt\/oyoy-mr-megalodon-matte\/","name":"OYOY Mr Megalodon teppe - Babylove Norska","isPartOf":{"@id":"https:\/\/babylove.se\/no\/#website"},"primaryImageOfPage":{"@id":"https:\/\/babylove.se\/no\/produkt\/oyoy-mr-megalodon-matte\/#primaryimage"},"image":{"@id":"https:\/\/babylove.se\/no\/produkt\/oyoy-mr-megalodon-matte\/#primaryimage"},"thumbnailUrl":"https:\/\/babylove.se\/no\/wp-content\/uploads\/sites\/3\/2025\/07\/5a0d6f4d63416.jpeg","datePublished":"2025-07-18T19:27:41+00:00","dateModified":"2026-04-08T07:15:06+00:00","breadcrumb":{"@id":"https:\/\/babylove.se\/no\/produkt\/oyoy-mr-megalodon-matte\/#breadcrumb"},"inLanguage":"nb-NO","potentialAction":[{"@type":"ReadAction","target":["https:\/\/babylove.se\/no\/produkt\/oyoy-mr-megalodon-matte\/"]}]},{"@type":"ImageObject","inLanguage":"nb-NO","@id":"https:\/\/babylove.se\/no\/produkt\/oyoy-mr-megalodon-matte\/#primaryimage","url":"https:\/\/babylove.se\/no\/wp-content\/uploads\/sites\/3\/2025\/07\/5a0d6f4d63416.jpeg","contentUrl":"https:\/\/babylove.se\/no\/wp-content\/uploads\/sites\/3\/2025\/07\/5a0d6f4d63416.jpeg","width":500,"height":500},{"@type":"BreadcrumbList","@id":"https:\/\/babylove.se\/no\/produkt\/oyoy-mr-megalodon-matte\/#breadcrumb","itemListElement":[{"@type":"ListItem","position":1,"name":"Hem","item":"https:\/\/babylove.se\/no\/"},{"@type":"ListItem","position":2,"name":"Butik","item":"https:\/\/babylove.se\/no\/butik\/"},{"@type":"ListItem","position":3,"name":"OYOY Mr Megalodon teppe"}]},{"@type":"WebSite","@id":"https:\/\/babylove.se\/no\/#website","url":"https:\/\/babylove.se\/no\/","name":"Babylove Norska","description":"","potentialAction":[{"@type":"SearchAction","target":{"@type":"EntryPoint","urlTemplate":"https:\/\/babylove.se\/no\/?s={search_term_string}"},"query-input":{"@type":"PropertyValueSpecification","valueRequired":true,"valueName":"search_term_string"}}],"inLanguage":"nb-NO"}]},"product_brand":"Oyoy","product_price_amount":"499.00","product_price_currency":"SEK","og_availability":"out of stock","product_availability":"out of stock","product_retailer_item_id":"1589","product_condition":"new"},"_links":{"self":[{"href":"https:\/\/babylove.se\/no\/wp-json\/wp\/v2\/product\/5154","targetHints":{"allow":["GET"]}}],"collection":[{"href":"https:\/\/babylove.se\/no\/wp-json\/wp\/v2\/product"}],"about":[{"href":"https:\/\/babylove.se\/no\/wp-json\/wp\/v2\/types\/product"}],"replies":[{"embeddable":true,"href":"https:\/\/babylove.se\/no\/wp-json\/wp\/v2\/comments?post=5154"}],"wp:featuredmedia":[{"embeddable":true,"href":"https:\/\/babylove.se\/no\/wp-json\/wp\/v2\/media\/5156"}],"wp:attachment":[{"href":"https:\/\/babylove.se\/no\/wp-json\/wp\/v2\/media?parent=5154"}],"wp:term":[{"taxonomy":"product_brand","embeddable":true,"href":"https:\/\/babylove.se\/no\/wp-json\/wp\/v2\/product_brand?post=5154"},{"taxonomy":"product_cat","embeddable":true,"href":"https:\/\/babylove.se\/no\/wp-json\/wp\/v2\/product_cat?post=5154"},{"taxonomy":"product_tag","embeddable":true,"href":"https:\/\/babylove.se\/no\/wp-json\/wp\/v2\/product_tag?post=5154"}],"curies":[{"name":"wp","href":"https:\/\/api.w.org\/{rel}","templated":true}]}}