{"id":51584,"date":"2025-07-19T11:36:20","date_gmt":"2025-07-19T10:36:20","guid":{"rendered":"https:\/\/babylove.se\/produkt\/konges-slojd-badring-junior-dot-forest\/"},"modified":"2026-04-08T13:28:22","modified_gmt":"2026-04-08T12:28:22","slug":"konges-slojd-badering-junior-dot-forest","status":"publish","type":"product","link":"https:\/\/babylove.se\/no\/produkt\/konges-slojd-badering-junior-dot-forest\/","title":{"rendered":"Konges Sl\u00f8jd, Badering junior, Dot forest"},"content":{"rendered":"<p>Gj\u00f8r sommeren morsommere med en stilig badering fra det velkjente danske merket Konges Sl\u00f8jd! <\/p>\n<p>Iblant trengs det bare noe enkelt for \u00e5 gj\u00f8re en forskjell, og en badering settes pris p\u00e5 av barn i alle aldre. Denne bringer tankene tilbake til 60-tallet og dets farge og form, hvorfor ikke bade med stil n\u00e5r man likevel dupper seg i det bl\u00e5? <\/p>\n<p>Anbefalt alder: 3+ \u00e5r. <\/p>\n<p><strong>Materiale<\/strong>: 100% slitesterk PVC, CE-merket.. <\/p>\n<p><strong>M\u00e5l<\/strong>: Diameter 50 cm. H\u00f8yde 11 cm. <\/p>\n<p>Designer: <a href=\"https:\/\/babylove.se\/varumarken\/konges-slojd\">Konges Sl\u00f8jd<\/a> <\/p>\n<p><em>OBS! La aldri barnet ditt uten oppsyn i vannet! Skal kun b<em>rukes i vann der barnet n\u00e5r bunnen!<\/em><\/em><\/p>\n","protected":false},"excerpt":{"rendered":"<p>Gj\u00f8r sommeren morsommere med en stilig badering fra det velkjente danske merket Konges Sl\u00f8jd! Iblant trengs det bare noe enkelt for \u00e5 gj\u00f8re en forskjell, og en badering settes pris p\u00e5 av barn i alle aldre. Denne bringer tankene tilbake til 60-tallet og dets farge og form, hvorfor ikke bade med stil n\u00e5r man likevel [&hellip;]<\/p>\n","protected":false},"featured_media":51586,"comment_status":"closed","ping_status":"closed","template":"","meta":{"_acf_changed":false},"product_brand":[1544],"product_cat":[754,1545,68,60,1775,753],"product_tag":[1709],"class_list":{"0":"post-51584","1":"product","2":"type-product","3":"status-publish","4":"has-post-thumbnail","6":"product_brand-konges-slojd","7":"product_cat-badringar","8":"product_cat-konges-slojd","9":"product_cat-leker","10":"product_cat-sommer","11":"product_cat-uteleker","12":"product_cat-vannleker","13":"product_tag-utforsalg","15":"first","16":"instock","17":"taxable","18":"shipping-taxable","19":"purchasable","20":"product-type-simple"},"acf":[],"yoast_head":"<!-- This site is optimized with the Yoast SEO Premium plugin v25.8 (Yoast SEO v27.2) - https:\/\/yoast.com\/product\/yoast-seo-premium-wordpress\/ -->\n<title>Konges Sl\u00f8jd, Badering junior, Dot forest - Babylove Norska<\/title>\n<meta name=\"robots\" content=\"noindex, follow, max-snippet:-1, max-image-preview:large, max-video-preview:-1\" \/>\n<meta property=\"og:locale\" content=\"nb_NO\" \/>\n<meta property=\"og:type\" content=\"article\" \/>\n<meta property=\"og:title\" content=\"Konges Sl\u00f8jd, Badering junior, Dot forest\" \/>\n<meta property=\"og:description\" content=\"Gj\u00f8r sommeren morsommere med en stilig badering fra det velkjente danske merket Konges Sl\u00f8jd! Iblant trengs det bare noe enkelt for \u00e5 gj\u00f8re en forskjell, og en badering settes pris p\u00e5 av barn i alle aldre. Denne bringer tankene tilbake til 60-tallet og dets farge og form, hvorfor ikke bade med stil n\u00e5r man likevel [&hellip;]\" \/>\n<meta property=\"og:url\" content=\"https:\/\/babylove.se\/no\/produkt\/konges-slojd-badering-junior-dot-forest\/\" \/>\n<meta property=\"og:site_name\" content=\"Babylove Norska\" \/>\n<meta property=\"article:modified_time\" content=\"2026-04-08T12:28:22+00:00\" \/>\n<meta property=\"og:image\" content=\"https:\/\/babylove.se\/no\/wp-content\/uploads\/sites\/3\/2025\/07\/64365f523c85f.jpeg\" \/>\n\t<meta property=\"og:image:width\" content=\"640\" \/>\n\t<meta property=\"og:image:height\" content=\"640\" \/>\n\t<meta property=\"og:image:type\" content=\"image\/jpeg\" \/>\n<meta name=\"twitter:card\" content=\"summary_large_image\" \/>\n<meta name=\"twitter:label1\" content=\"Price\" \/>\n\t<meta name=\"twitter:data1\" content=\"299,00&nbsp;&#107;&#114;\" \/>\n\t<meta name=\"twitter:label2\" content=\"Availability\" \/>\n\t<meta name=\"twitter:data2\" content=\"In stock\" \/>\n<script type=\"application\/ld+json\" class=\"yoast-schema-graph\">{\"@context\":\"https:\/\/schema.org\",\"@graph\":[{\"@type\":\"WebPage\",\"@id\":\"https:\/\/babylove.se\/no\/produkt\/konges-slojd-badering-junior-dot-forest\/\",\"url\":\"https:\/\/babylove.se\/no\/produkt\/konges-slojd-badering-junior-dot-forest\/\",\"name\":\"Konges Sl\u00f8jd, Badering junior, Dot forest - Babylove Norska\",\"isPartOf\":{\"@id\":\"https:\/\/babylove.se\/no\/#website\"},\"primaryImageOfPage\":{\"@id\":\"https:\/\/babylove.se\/no\/produkt\/konges-slojd-badering-junior-dot-forest\/#primaryimage\"},\"image\":{\"@id\":\"https:\/\/babylove.se\/no\/produkt\/konges-slojd-badering-junior-dot-forest\/#primaryimage\"},\"thumbnailUrl\":\"https:\/\/babylove.se\/no\/wp-content\/uploads\/sites\/3\/2025\/07\/64365f523c85f.jpeg\",\"datePublished\":\"2025-07-19T10:36:20+00:00\",\"dateModified\":\"2026-04-08T12:28:22+00:00\",\"breadcrumb\":{\"@id\":\"https:\/\/babylove.se\/no\/produkt\/konges-slojd-badering-junior-dot-forest\/#breadcrumb\"},\"inLanguage\":\"nb-NO\",\"potentialAction\":[{\"@type\":\"ReadAction\",\"target\":[\"https:\/\/babylove.se\/no\/produkt\/konges-slojd-badering-junior-dot-forest\/\"]}]},{\"@type\":\"ImageObject\",\"inLanguage\":\"nb-NO\",\"@id\":\"https:\/\/babylove.se\/no\/produkt\/konges-slojd-badering-junior-dot-forest\/#primaryimage\",\"url\":\"https:\/\/babylove.se\/no\/wp-content\/uploads\/sites\/3\/2025\/07\/64365f523c85f.jpeg\",\"contentUrl\":\"https:\/\/babylove.se\/no\/wp-content\/uploads\/sites\/3\/2025\/07\/64365f523c85f.jpeg\",\"width\":640,\"height\":640},{\"@type\":\"BreadcrumbList\",\"@id\":\"https:\/\/babylove.se\/no\/produkt\/konges-slojd-badering-junior-dot-forest\/#breadcrumb\",\"itemListElement\":[{\"@type\":\"ListItem\",\"position\":1,\"name\":\"Hem\",\"item\":\"https:\/\/babylove.se\/no\/\"},{\"@type\":\"ListItem\",\"position\":2,\"name\":\"Butik\",\"item\":\"https:\/\/babylove.se\/no\/butik\/\"},{\"@type\":\"ListItem\",\"position\":3,\"name\":\"Konges Sl\u00f8jd, Badering junior, Dot forest\"}]},{\"@type\":\"WebSite\",\"@id\":\"https:\/\/babylove.se\/no\/#website\",\"url\":\"https:\/\/babylove.se\/no\/\",\"name\":\"Babylove Norska\",\"description\":\"\",\"potentialAction\":[{\"@type\":\"SearchAction\",\"target\":{\"@type\":\"EntryPoint\",\"urlTemplate\":\"https:\/\/babylove.se\/no\/?s={search_term_string}\"},\"query-input\":{\"@type\":\"PropertyValueSpecification\",\"valueRequired\":true,\"valueName\":\"search_term_string\"}}],\"inLanguage\":\"nb-NO\"}]}<\/script>\n<meta property=\"product:brand\" content=\"Konges Sl\u00f8jd\" \/>\n<meta property=\"product:price:amount\" content=\"299.00\" \/>\n<meta property=\"product:price:currency\" content=\"SEK\" \/>\n<meta property=\"og:availability\" content=\"instock\" \/>\n<meta property=\"product:availability\" content=\"instock\" \/>\n<meta property=\"product:retailer_item_id\" content=\"KS5218Dotforest\" \/>\n<meta property=\"product:condition\" content=\"new\" \/>\n<!-- \/ Yoast SEO Premium plugin. -->","yoast_head_json":{"title":"Konges Sl\u00f8jd, Badering junior, Dot forest - Babylove Norska","robots":{"index":"noindex","follow":"follow","max-snippet":"max-snippet:-1","max-image-preview":"max-image-preview:large","max-video-preview":"max-video-preview:-1"},"og_locale":"nb_NO","og_type":"article","og_title":"Konges Sl\u00f8jd, Badering junior, Dot forest","og_description":"Gj\u00f8r sommeren morsommere med en stilig badering fra det velkjente danske merket Konges Sl\u00f8jd! Iblant trengs det bare noe enkelt for \u00e5 gj\u00f8re en forskjell, og en badering settes pris p\u00e5 av barn i alle aldre. Denne bringer tankene tilbake til 60-tallet og dets farge og form, hvorfor ikke bade med stil n\u00e5r man likevel [&hellip;]","og_url":"https:\/\/babylove.se\/no\/produkt\/konges-slojd-badering-junior-dot-forest\/","og_site_name":"Babylove Norska","article_modified_time":"2026-04-08T12:28:22+00:00","og_image":[{"width":640,"height":640,"url":"https:\/\/babylove.se\/no\/wp-content\/uploads\/sites\/3\/2025\/07\/64365f523c85f.jpeg","type":"image\/jpeg"}],"twitter_card":"summary_large_image","twitter_misc":{"Price":"299,00&nbsp;&#107;&#114;","Availability":"In stock"},"schema":{"@context":"https:\/\/schema.org","@graph":[{"@type":"WebPage","@id":"https:\/\/babylove.se\/no\/produkt\/konges-slojd-badering-junior-dot-forest\/","url":"https:\/\/babylove.se\/no\/produkt\/konges-slojd-badering-junior-dot-forest\/","name":"Konges Sl\u00f8jd, Badering junior, Dot forest - Babylove Norska","isPartOf":{"@id":"https:\/\/babylove.se\/no\/#website"},"primaryImageOfPage":{"@id":"https:\/\/babylove.se\/no\/produkt\/konges-slojd-badering-junior-dot-forest\/#primaryimage"},"image":{"@id":"https:\/\/babylove.se\/no\/produkt\/konges-slojd-badering-junior-dot-forest\/#primaryimage"},"thumbnailUrl":"https:\/\/babylove.se\/no\/wp-content\/uploads\/sites\/3\/2025\/07\/64365f523c85f.jpeg","datePublished":"2025-07-19T10:36:20+00:00","dateModified":"2026-04-08T12:28:22+00:00","breadcrumb":{"@id":"https:\/\/babylove.se\/no\/produkt\/konges-slojd-badering-junior-dot-forest\/#breadcrumb"},"inLanguage":"nb-NO","potentialAction":[{"@type":"ReadAction","target":["https:\/\/babylove.se\/no\/produkt\/konges-slojd-badering-junior-dot-forest\/"]}]},{"@type":"ImageObject","inLanguage":"nb-NO","@id":"https:\/\/babylove.se\/no\/produkt\/konges-slojd-badering-junior-dot-forest\/#primaryimage","url":"https:\/\/babylove.se\/no\/wp-content\/uploads\/sites\/3\/2025\/07\/64365f523c85f.jpeg","contentUrl":"https:\/\/babylove.se\/no\/wp-content\/uploads\/sites\/3\/2025\/07\/64365f523c85f.jpeg","width":640,"height":640},{"@type":"BreadcrumbList","@id":"https:\/\/babylove.se\/no\/produkt\/konges-slojd-badering-junior-dot-forest\/#breadcrumb","itemListElement":[{"@type":"ListItem","position":1,"name":"Hem","item":"https:\/\/babylove.se\/no\/"},{"@type":"ListItem","position":2,"name":"Butik","item":"https:\/\/babylove.se\/no\/butik\/"},{"@type":"ListItem","position":3,"name":"Konges Sl\u00f8jd, Badering junior, Dot forest"}]},{"@type":"WebSite","@id":"https:\/\/babylove.se\/no\/#website","url":"https:\/\/babylove.se\/no\/","name":"Babylove Norska","description":"","potentialAction":[{"@type":"SearchAction","target":{"@type":"EntryPoint","urlTemplate":"https:\/\/babylove.se\/no\/?s={search_term_string}"},"query-input":{"@type":"PropertyValueSpecification","valueRequired":true,"valueName":"search_term_string"}}],"inLanguage":"nb-NO"}]},"product_brand":"Konges Sl\u00f8jd","product_price_amount":"299.00","product_price_currency":"SEK","og_availability":"instock","product_availability":"instock","product_retailer_item_id":"KS5218Dotforest","product_condition":"new"},"_links":{"self":[{"href":"https:\/\/babylove.se\/no\/wp-json\/wp\/v2\/product\/51584","targetHints":{"allow":["GET"]}}],"collection":[{"href":"https:\/\/babylove.se\/no\/wp-json\/wp\/v2\/product"}],"about":[{"href":"https:\/\/babylove.se\/no\/wp-json\/wp\/v2\/types\/product"}],"replies":[{"embeddable":true,"href":"https:\/\/babylove.se\/no\/wp-json\/wp\/v2\/comments?post=51584"}],"wp:featuredmedia":[{"embeddable":true,"href":"https:\/\/babylove.se\/no\/wp-json\/wp\/v2\/media\/51586"}],"wp:attachment":[{"href":"https:\/\/babylove.se\/no\/wp-json\/wp\/v2\/media?parent=51584"}],"wp:term":[{"taxonomy":"product_brand","embeddable":true,"href":"https:\/\/babylove.se\/no\/wp-json\/wp\/v2\/product_brand?post=51584"},{"taxonomy":"product_cat","embeddable":true,"href":"https:\/\/babylove.se\/no\/wp-json\/wp\/v2\/product_cat?post=51584"},{"taxonomy":"product_tag","embeddable":true,"href":"https:\/\/babylove.se\/no\/wp-json\/wp\/v2\/product_tag?post=51584"}],"curies":[{"name":"wp","href":"https:\/\/api.w.org\/{rel}","templated":true}]}}