{"id":51612,"date":"2025-07-19T11:36:32","date_gmt":"2025-07-19T10:36:32","guid":{"rendered":"https:\/\/babylove.se\/produkt\/konges-slojd-solglasogon-for-barn-junior-flower-banana-crepe\/"},"modified":"2026-04-08T13:28:46","modified_gmt":"2026-04-08T12:28:46","slug":"konges-slojd-solbriller-for-barn-junior-flower-banana-crepe","status":"publish","type":"product","link":"https:\/\/babylove.se\/no\/produkt\/konges-slojd-solbriller-for-barn-junior-flower-banana-crepe\/","title":{"rendered":"Konges Sl\u00f8jd, solbriller for barn Junior Flower, Banana Crepe"},"content":{"rendered":"<p>Gj\u00f8r sommeren morsommere med disse s\u00f8te blomstformede solbrillene fra det velkjente danske merket Konges Sl\u00f8jd!&nbsp;<\/p>\n<p>Det er jo viktig \u00e5 beskytte ogs\u00e5 barna mot solens UV-str\u00e5ler, noe som man lett kan glemme en varm sommerdag p\u00e5 stranda. I tillegg er barns \u00f8yne mer f\u00f8lsomme &nbsp;for UV-str\u00e5ling enn for oss voksne.<\/p>\n<p><strong>Materiale<\/strong>: 100% TPEE. 100% UV-beskyttelse, kategori 3.<\/p>\n<p><strong>St\u00f8rrelse<\/strong>: Bredde 13,8 cm.<\/p>\n<p>Designer: <a href=\"https:\/\/babylove.se\/varumarken\/konges-slojd\">Konges Sl\u00f8jd<\/a><\/p>\n","protected":false},"excerpt":{"rendered":"<p>Gj\u00f8r sommeren morsommere med disse s\u00f8te blomstformede solbrillene fra det velkjente danske merket Konges Sl\u00f8jd!&nbsp; Det er jo viktig \u00e5 beskytte ogs\u00e5 barna mot solens UV-str\u00e5ler, noe som man lett kan glemme en varm sommerdag p\u00e5 stranda. I tillegg er barns \u00f8yne mer f\u00f8lsomme &nbsp;for UV-str\u00e5ling enn for oss voksne. Materiale: 100% TPEE. 100% UV-beskyttelse, [&hellip;]<\/p>\n","protected":false},"featured_media":51614,"comment_status":"closed","ping_status":"open","template":"","meta":{"_acf_changed":false},"product_brand":[1544],"product_cat":[1545,924,60],"product_tag":[],"class_list":{"0":"post-51612","1":"product","2":"type-product","3":"status-publish","4":"has-post-thumbnail","6":"product_brand-konges-slojd","7":"product_cat-konges-slojd","8":"product_cat-solbriller-for-barn","9":"product_cat-sommer","11":"first","12":"instock","13":"taxable","14":"shipping-taxable","15":"purchasable","16":"product-type-simple"},"acf":[],"yoast_head":"<!-- This site is optimized with the Yoast SEO Premium plugin v25.8 (Yoast SEO v27.2) - https:\/\/yoast.com\/product\/yoast-seo-premium-wordpress\/ -->\n<title>Konges Sl\u00f8jd, solbriller for barn Junior Flower, Banana Crepe - Babylove Norska<\/title>\n<meta name=\"robots\" content=\"noindex, follow, max-snippet:-1, max-image-preview:large, max-video-preview:-1\" \/>\n<meta property=\"og:locale\" content=\"nb_NO\" \/>\n<meta property=\"og:type\" content=\"article\" \/>\n<meta property=\"og:title\" content=\"Konges Sl\u00f8jd, solbriller for barn Junior Flower, Banana Crepe\" \/>\n<meta property=\"og:description\" content=\"Gj\u00f8r sommeren morsommere med disse s\u00f8te blomstformede solbrillene fra det velkjente danske merket Konges Sl\u00f8jd!&nbsp; Det er jo viktig \u00e5 beskytte ogs\u00e5 barna mot solens UV-str\u00e5ler, noe som man lett kan glemme en varm sommerdag p\u00e5 stranda. I tillegg er barns \u00f8yne mer f\u00f8lsomme &nbsp;for UV-str\u00e5ling enn for oss voksne. Materiale: 100% TPEE. 100% UV-beskyttelse, [&hellip;]\" \/>\n<meta property=\"og:url\" content=\"https:\/\/babylove.se\/no\/produkt\/konges-slojd-solbriller-for-barn-junior-flower-banana-crepe\/\" \/>\n<meta property=\"og:site_name\" content=\"Babylove Norska\" \/>\n<meta property=\"article:modified_time\" content=\"2026-04-08T12:28:46+00:00\" \/>\n<meta property=\"og:image\" content=\"https:\/\/babylove.se\/no\/wp-content\/uploads\/sites\/3\/2025\/07\/6436711665f9a.jpeg\" \/>\n\t<meta property=\"og:image:width\" content=\"1296\" \/>\n\t<meta property=\"og:image:height\" content=\"1296\" \/>\n\t<meta property=\"og:image:type\" content=\"image\/jpeg\" \/>\n<meta name=\"twitter:card\" content=\"summary_large_image\" \/>\n<meta name=\"twitter:label1\" content=\"Price\" \/>\n\t<meta name=\"twitter:data1\" content=\"299,00&nbsp;&#107;&#114;\" \/>\n\t<meta name=\"twitter:label2\" content=\"Availability\" \/>\n\t<meta name=\"twitter:data2\" content=\"In stock\" \/>\n<script type=\"application\/ld+json\" class=\"yoast-schema-graph\">{\"@context\":\"https:\/\/schema.org\",\"@graph\":[{\"@type\":\"WebPage\",\"@id\":\"https:\/\/babylove.se\/no\/produkt\/konges-slojd-solbriller-for-barn-junior-flower-banana-crepe\/\",\"url\":\"https:\/\/babylove.se\/no\/produkt\/konges-slojd-solbriller-for-barn-junior-flower-banana-crepe\/\",\"name\":\"Konges Sl\u00f8jd, solbriller for barn Junior Flower, Banana Crepe - Babylove Norska\",\"isPartOf\":{\"@id\":\"https:\/\/babylove.se\/no\/#website\"},\"primaryImageOfPage\":{\"@id\":\"https:\/\/babylove.se\/no\/produkt\/konges-slojd-solbriller-for-barn-junior-flower-banana-crepe\/#primaryimage\"},\"image\":{\"@id\":\"https:\/\/babylove.se\/no\/produkt\/konges-slojd-solbriller-for-barn-junior-flower-banana-crepe\/#primaryimage\"},\"thumbnailUrl\":\"https:\/\/babylove.se\/no\/wp-content\/uploads\/sites\/3\/2025\/07\/6436711665f9a.jpeg\",\"datePublished\":\"2025-07-19T10:36:32+00:00\",\"dateModified\":\"2026-04-08T12:28:46+00:00\",\"breadcrumb\":{\"@id\":\"https:\/\/babylove.se\/no\/produkt\/konges-slojd-solbriller-for-barn-junior-flower-banana-crepe\/#breadcrumb\"},\"inLanguage\":\"nb-NO\",\"potentialAction\":[{\"@type\":\"ReadAction\",\"target\":[\"https:\/\/babylove.se\/no\/produkt\/konges-slojd-solbriller-for-barn-junior-flower-banana-crepe\/\"]}]},{\"@type\":\"ImageObject\",\"inLanguage\":\"nb-NO\",\"@id\":\"https:\/\/babylove.se\/no\/produkt\/konges-slojd-solbriller-for-barn-junior-flower-banana-crepe\/#primaryimage\",\"url\":\"https:\/\/babylove.se\/no\/wp-content\/uploads\/sites\/3\/2025\/07\/6436711665f9a.jpeg\",\"contentUrl\":\"https:\/\/babylove.se\/no\/wp-content\/uploads\/sites\/3\/2025\/07\/6436711665f9a.jpeg\",\"width\":1296,\"height\":1296},{\"@type\":\"BreadcrumbList\",\"@id\":\"https:\/\/babylove.se\/no\/produkt\/konges-slojd-solbriller-for-barn-junior-flower-banana-crepe\/#breadcrumb\",\"itemListElement\":[{\"@type\":\"ListItem\",\"position\":1,\"name\":\"Hem\",\"item\":\"https:\/\/babylove.se\/no\/\"},{\"@type\":\"ListItem\",\"position\":2,\"name\":\"Butik\",\"item\":\"https:\/\/babylove.se\/no\/butik\/\"},{\"@type\":\"ListItem\",\"position\":3,\"name\":\"Konges Sl\u00f8jd, solbriller for barn Junior Flower, Banana Crepe\"}]},{\"@type\":\"WebSite\",\"@id\":\"https:\/\/babylove.se\/no\/#website\",\"url\":\"https:\/\/babylove.se\/no\/\",\"name\":\"Babylove Norska\",\"description\":\"\",\"potentialAction\":[{\"@type\":\"SearchAction\",\"target\":{\"@type\":\"EntryPoint\",\"urlTemplate\":\"https:\/\/babylove.se\/no\/?s={search_term_string}\"},\"query-input\":{\"@type\":\"PropertyValueSpecification\",\"valueRequired\":true,\"valueName\":\"search_term_string\"}}],\"inLanguage\":\"nb-NO\"}]}<\/script>\n<meta property=\"product:brand\" content=\"Konges Sl\u00f8jd\" \/>\n<meta property=\"product:price:amount\" content=\"299.00\" \/>\n<meta property=\"product:price:currency\" content=\"SEK\" \/>\n<meta property=\"og:availability\" content=\"instock\" \/>\n<meta property=\"product:availability\" content=\"instock\" \/>\n<meta property=\"product:retailer_item_id\" content=\"KS5335Bananacrepe\" \/>\n<meta property=\"product:condition\" content=\"new\" \/>\n<!-- \/ Yoast SEO Premium plugin. -->","yoast_head_json":{"title":"Konges Sl\u00f8jd, solbriller for barn Junior Flower, Banana Crepe - Babylove Norska","robots":{"index":"noindex","follow":"follow","max-snippet":"max-snippet:-1","max-image-preview":"max-image-preview:large","max-video-preview":"max-video-preview:-1"},"og_locale":"nb_NO","og_type":"article","og_title":"Konges Sl\u00f8jd, solbriller for barn Junior Flower, Banana Crepe","og_description":"Gj\u00f8r sommeren morsommere med disse s\u00f8te blomstformede solbrillene fra det velkjente danske merket Konges Sl\u00f8jd!&nbsp; Det er jo viktig \u00e5 beskytte ogs\u00e5 barna mot solens UV-str\u00e5ler, noe som man lett kan glemme en varm sommerdag p\u00e5 stranda. I tillegg er barns \u00f8yne mer f\u00f8lsomme &nbsp;for UV-str\u00e5ling enn for oss voksne. Materiale: 100% TPEE. 100% UV-beskyttelse, [&hellip;]","og_url":"https:\/\/babylove.se\/no\/produkt\/konges-slojd-solbriller-for-barn-junior-flower-banana-crepe\/","og_site_name":"Babylove Norska","article_modified_time":"2026-04-08T12:28:46+00:00","og_image":[{"width":1296,"height":1296,"url":"https:\/\/babylove.se\/no\/wp-content\/uploads\/sites\/3\/2025\/07\/6436711665f9a.jpeg","type":"image\/jpeg"}],"twitter_card":"summary_large_image","twitter_misc":{"Price":"299,00&nbsp;&#107;&#114;","Availability":"In stock"},"schema":{"@context":"https:\/\/schema.org","@graph":[{"@type":"WebPage","@id":"https:\/\/babylove.se\/no\/produkt\/konges-slojd-solbriller-for-barn-junior-flower-banana-crepe\/","url":"https:\/\/babylove.se\/no\/produkt\/konges-slojd-solbriller-for-barn-junior-flower-banana-crepe\/","name":"Konges Sl\u00f8jd, solbriller for barn Junior Flower, Banana Crepe - Babylove Norska","isPartOf":{"@id":"https:\/\/babylove.se\/no\/#website"},"primaryImageOfPage":{"@id":"https:\/\/babylove.se\/no\/produkt\/konges-slojd-solbriller-for-barn-junior-flower-banana-crepe\/#primaryimage"},"image":{"@id":"https:\/\/babylove.se\/no\/produkt\/konges-slojd-solbriller-for-barn-junior-flower-banana-crepe\/#primaryimage"},"thumbnailUrl":"https:\/\/babylove.se\/no\/wp-content\/uploads\/sites\/3\/2025\/07\/6436711665f9a.jpeg","datePublished":"2025-07-19T10:36:32+00:00","dateModified":"2026-04-08T12:28:46+00:00","breadcrumb":{"@id":"https:\/\/babylove.se\/no\/produkt\/konges-slojd-solbriller-for-barn-junior-flower-banana-crepe\/#breadcrumb"},"inLanguage":"nb-NO","potentialAction":[{"@type":"ReadAction","target":["https:\/\/babylove.se\/no\/produkt\/konges-slojd-solbriller-for-barn-junior-flower-banana-crepe\/"]}]},{"@type":"ImageObject","inLanguage":"nb-NO","@id":"https:\/\/babylove.se\/no\/produkt\/konges-slojd-solbriller-for-barn-junior-flower-banana-crepe\/#primaryimage","url":"https:\/\/babylove.se\/no\/wp-content\/uploads\/sites\/3\/2025\/07\/6436711665f9a.jpeg","contentUrl":"https:\/\/babylove.se\/no\/wp-content\/uploads\/sites\/3\/2025\/07\/6436711665f9a.jpeg","width":1296,"height":1296},{"@type":"BreadcrumbList","@id":"https:\/\/babylove.se\/no\/produkt\/konges-slojd-solbriller-for-barn-junior-flower-banana-crepe\/#breadcrumb","itemListElement":[{"@type":"ListItem","position":1,"name":"Hem","item":"https:\/\/babylove.se\/no\/"},{"@type":"ListItem","position":2,"name":"Butik","item":"https:\/\/babylove.se\/no\/butik\/"},{"@type":"ListItem","position":3,"name":"Konges Sl\u00f8jd, solbriller for barn Junior Flower, Banana Crepe"}]},{"@type":"WebSite","@id":"https:\/\/babylove.se\/no\/#website","url":"https:\/\/babylove.se\/no\/","name":"Babylove Norska","description":"","potentialAction":[{"@type":"SearchAction","target":{"@type":"EntryPoint","urlTemplate":"https:\/\/babylove.se\/no\/?s={search_term_string}"},"query-input":{"@type":"PropertyValueSpecification","valueRequired":true,"valueName":"search_term_string"}}],"inLanguage":"nb-NO"}]},"product_brand":"Konges Sl\u00f8jd","product_price_amount":"299.00","product_price_currency":"SEK","og_availability":"instock","product_availability":"instock","product_retailer_item_id":"KS5335Bananacrepe","product_condition":"new"},"_links":{"self":[{"href":"https:\/\/babylove.se\/no\/wp-json\/wp\/v2\/product\/51612","targetHints":{"allow":["GET"]}}],"collection":[{"href":"https:\/\/babylove.se\/no\/wp-json\/wp\/v2\/product"}],"about":[{"href":"https:\/\/babylove.se\/no\/wp-json\/wp\/v2\/types\/product"}],"replies":[{"embeddable":true,"href":"https:\/\/babylove.se\/no\/wp-json\/wp\/v2\/comments?post=51612"}],"wp:featuredmedia":[{"embeddable":true,"href":"https:\/\/babylove.se\/no\/wp-json\/wp\/v2\/media\/51614"}],"wp:attachment":[{"href":"https:\/\/babylove.se\/no\/wp-json\/wp\/v2\/media?parent=51612"}],"wp:term":[{"taxonomy":"product_brand","embeddable":true,"href":"https:\/\/babylove.se\/no\/wp-json\/wp\/v2\/product_brand?post=51612"},{"taxonomy":"product_cat","embeddable":true,"href":"https:\/\/babylove.se\/no\/wp-json\/wp\/v2\/product_cat?post=51612"},{"taxonomy":"product_tag","embeddable":true,"href":"https:\/\/babylove.se\/no\/wp-json\/wp\/v2\/product_tag?post=51612"}],"curies":[{"name":"wp","href":"https:\/\/api.w.org\/{rel}","templated":true}]}}