{"id":51620,"date":"2025-07-19T11:36:42","date_gmt":"2025-07-19T10:36:42","guid":{"rendered":"https:\/\/babylove.se\/produkt\/konges-slojd-barnpool-med-rutschkana-rainbow-green\/"},"modified":"2026-04-08T13:28:52","modified_gmt":"2026-04-08T12:28:52","slug":"konges-slojd-barnebasseng-med-rutsjebane-rainbow-green","status":"publish","type":"product","link":"https:\/\/babylove.se\/no\/produkt\/konges-slojd-barnebasseng-med-rutsjebane-rainbow-green\/","title":{"rendered":"Konges Sl\u00f8jd, Barnebasseng med rutsjebane, Rainbow green"},"content":{"rendered":"<p>Fantastisk barnebasseng med rutsjebane til sommerens fantastiske dager fra det velkjente danske merket Konges Sl\u00f8jd!&nbsp;<\/p>\n<p>Bassenget er oppbl\u00e5sbart med en regnbueformet sprinkler og en rutsjebane.<\/p>\n<p>Babybassenget har et fint motiv som gj\u00f8r at det blir en fin detalj p\u00e5 terrassen eller gressplenen, samtidig som barna dine kommer til \u00e5 elske \u00e5 kj\u00f8le seg ned i det p\u00e5 en varm sommerdag. Vakker design og n\u00f8ye materialvalg skaper dette premiumpoolbassenget, bare det beste er godt nok!<\/p>\n<p>Anbefalt alder: 3+ \u00e5r.<\/p>\n<p><strong>Materiale<\/strong>: 100% slitesterkt PVC, CE-merket..&nbsp;<\/p>\n<p><strong>M\u00e5l<\/strong>: 225 x 150 x 24 cm<\/p>\n<p>Designer:<span>&nbsp;<\/span><a href=\"https:\/\/babylove.se\/varumarken\/konges-slojd\">Konges Sl\u00f8jd<\/a><\/p>\n<p><em>OBS! La aldri barnet ditt v\u00e6re uten tilsyn i vannet!&nbsp;<\/em><\/p>\n","protected":false},"excerpt":{"rendered":"<p>Fantastisk barnebasseng med rutsjebane til sommerens fantastiske dager fra det velkjente danske merket Konges Sl\u00f8jd!&nbsp; Bassenget er oppbl\u00e5sbart med en regnbueformet sprinkler og en rutsjebane. Babybassenget har et fint motiv som gj\u00f8r at det blir en fin detalj p\u00e5 terrassen eller gressplenen, samtidig som barna dine kommer til \u00e5 elske \u00e5 kj\u00f8le seg ned i [&hellip;]<\/p>\n","protected":false},"featured_media":51622,"comment_status":"closed","ping_status":"open","template":"","meta":{"_acf_changed":false},"product_brand":[1544],"product_cat":[768,248,1545,68,60,1775,753],"product_tag":[],"class_list":{"0":"post-51620","1":"product","2":"type-product","3":"status-publish","4":"has-post-thumbnail","6":"product_brand-konges-slojd","7":"product_cat-barnebasseng","8":"product_cat-regnbue","9":"product_cat-konges-slojd","10":"product_cat-leker","11":"product_cat-sommer","12":"product_cat-uteleker","13":"product_cat-vannleker","15":"first","16":"outofstock","17":"taxable","18":"shipping-taxable","19":"purchasable","20":"product-type-simple"},"acf":[],"yoast_head":"<!-- This site is optimized with the Yoast SEO Premium plugin v25.8 (Yoast SEO v27.2) - https:\/\/yoast.com\/product\/yoast-seo-premium-wordpress\/ -->\n<title>Konges Sl\u00f8jd, Barnebasseng med rutsjebane, Rainbow green - Babylove Norska<\/title>\n<meta name=\"robots\" content=\"noindex, follow, max-snippet:-1, max-image-preview:large, max-video-preview:-1\" \/>\n<meta property=\"og:locale\" content=\"nb_NO\" \/>\n<meta property=\"og:type\" content=\"article\" \/>\n<meta property=\"og:title\" content=\"Konges Sl\u00f8jd, Barnebasseng med rutsjebane, Rainbow green\" \/>\n<meta property=\"og:description\" content=\"Fantastisk barnebasseng med rutsjebane til sommerens fantastiske dager fra det velkjente danske merket Konges Sl\u00f8jd!&nbsp; Bassenget er oppbl\u00e5sbart med en regnbueformet sprinkler og en rutsjebane. Babybassenget har et fint motiv som gj\u00f8r at det blir en fin detalj p\u00e5 terrassen eller gressplenen, samtidig som barna dine kommer til \u00e5 elske \u00e5 kj\u00f8le seg ned i [&hellip;]\" \/>\n<meta property=\"og:url\" content=\"https:\/\/babylove.se\/no\/produkt\/konges-slojd-barnebasseng-med-rutsjebane-rainbow-green\/\" \/>\n<meta property=\"og:site_name\" content=\"Babylove Norska\" \/>\n<meta property=\"article:modified_time\" content=\"2026-04-08T12:28:52+00:00\" \/>\n<meta property=\"og:image\" content=\"https:\/\/babylove.se\/no\/wp-content\/uploads\/sites\/3\/2025\/07\/643675a96dd7b.jpeg\" \/>\n\t<meta property=\"og:image:width\" content=\"1200\" \/>\n\t<meta property=\"og:image:height\" content=\"1200\" \/>\n\t<meta property=\"og:image:type\" content=\"image\/jpeg\" \/>\n<meta name=\"twitter:card\" content=\"summary_large_image\" \/>\n<meta name=\"twitter:label1\" content=\"Price\" \/>\n\t<meta name=\"twitter:data1\" content=\"1 349,00&nbsp;&#107;&#114;\" \/>\n\t<meta name=\"twitter:label2\" content=\"Availability\" \/>\n\t<meta name=\"twitter:data2\" content=\"Out of stock\" \/>\n<script type=\"application\/ld+json\" class=\"yoast-schema-graph\">{\"@context\":\"https:\/\/schema.org\",\"@graph\":[{\"@type\":\"WebPage\",\"@id\":\"https:\/\/babylove.se\/no\/produkt\/konges-slojd-barnebasseng-med-rutsjebane-rainbow-green\/\",\"url\":\"https:\/\/babylove.se\/no\/produkt\/konges-slojd-barnebasseng-med-rutsjebane-rainbow-green\/\",\"name\":\"Konges Sl\u00f8jd, Barnebasseng med rutsjebane, Rainbow green - Babylove Norska\",\"isPartOf\":{\"@id\":\"https:\/\/babylove.se\/no\/#website\"},\"primaryImageOfPage\":{\"@id\":\"https:\/\/babylove.se\/no\/produkt\/konges-slojd-barnebasseng-med-rutsjebane-rainbow-green\/#primaryimage\"},\"image\":{\"@id\":\"https:\/\/babylove.se\/no\/produkt\/konges-slojd-barnebasseng-med-rutsjebane-rainbow-green\/#primaryimage\"},\"thumbnailUrl\":\"https:\/\/babylove.se\/no\/wp-content\/uploads\/sites\/3\/2025\/07\/643675a96dd7b.jpeg\",\"datePublished\":\"2025-07-19T10:36:42+00:00\",\"dateModified\":\"2026-04-08T12:28:52+00:00\",\"breadcrumb\":{\"@id\":\"https:\/\/babylove.se\/no\/produkt\/konges-slojd-barnebasseng-med-rutsjebane-rainbow-green\/#breadcrumb\"},\"inLanguage\":\"nb-NO\",\"potentialAction\":[{\"@type\":\"ReadAction\",\"target\":[\"https:\/\/babylove.se\/no\/produkt\/konges-slojd-barnebasseng-med-rutsjebane-rainbow-green\/\"]}]},{\"@type\":\"ImageObject\",\"inLanguage\":\"nb-NO\",\"@id\":\"https:\/\/babylove.se\/no\/produkt\/konges-slojd-barnebasseng-med-rutsjebane-rainbow-green\/#primaryimage\",\"url\":\"https:\/\/babylove.se\/no\/wp-content\/uploads\/sites\/3\/2025\/07\/643675a96dd7b.jpeg\",\"contentUrl\":\"https:\/\/babylove.se\/no\/wp-content\/uploads\/sites\/3\/2025\/07\/643675a96dd7b.jpeg\",\"width\":1200,\"height\":1200},{\"@type\":\"BreadcrumbList\",\"@id\":\"https:\/\/babylove.se\/no\/produkt\/konges-slojd-barnebasseng-med-rutsjebane-rainbow-green\/#breadcrumb\",\"itemListElement\":[{\"@type\":\"ListItem\",\"position\":1,\"name\":\"Hem\",\"item\":\"https:\/\/babylove.se\/no\/\"},{\"@type\":\"ListItem\",\"position\":2,\"name\":\"Butik\",\"item\":\"https:\/\/babylove.se\/no\/butik\/\"},{\"@type\":\"ListItem\",\"position\":3,\"name\":\"Konges Sl\u00f8jd, Barnebasseng med rutsjebane, Rainbow green\"}]},{\"@type\":\"WebSite\",\"@id\":\"https:\/\/babylove.se\/no\/#website\",\"url\":\"https:\/\/babylove.se\/no\/\",\"name\":\"Babylove Norska\",\"description\":\"\",\"potentialAction\":[{\"@type\":\"SearchAction\",\"target\":{\"@type\":\"EntryPoint\",\"urlTemplate\":\"https:\/\/babylove.se\/no\/?s={search_term_string}\"},\"query-input\":{\"@type\":\"PropertyValueSpecification\",\"valueRequired\":true,\"valueName\":\"search_term_string\"}}],\"inLanguage\":\"nb-NO\"}]}<\/script>\n<meta property=\"product:brand\" content=\"Konges Sl\u00f8jd\" \/>\n<meta property=\"product:price:amount\" content=\"1349.00\" \/>\n<meta property=\"product:price:currency\" content=\"SEK\" \/>\n<meta property=\"og:availability\" content=\"out of stock\" \/>\n<meta property=\"product:availability\" content=\"out of stock\" \/>\n<meta property=\"product:retailer_item_id\" content=\"KS5362Rainbowgreen\" \/>\n<meta property=\"product:condition\" content=\"new\" \/>\n<!-- \/ Yoast SEO Premium plugin. -->","yoast_head_json":{"title":"Konges Sl\u00f8jd, Barnebasseng med rutsjebane, Rainbow green - Babylove Norska","robots":{"index":"noindex","follow":"follow","max-snippet":"max-snippet:-1","max-image-preview":"max-image-preview:large","max-video-preview":"max-video-preview:-1"},"og_locale":"nb_NO","og_type":"article","og_title":"Konges Sl\u00f8jd, Barnebasseng med rutsjebane, Rainbow green","og_description":"Fantastisk barnebasseng med rutsjebane til sommerens fantastiske dager fra det velkjente danske merket Konges Sl\u00f8jd!&nbsp; Bassenget er oppbl\u00e5sbart med en regnbueformet sprinkler og en rutsjebane. Babybassenget har et fint motiv som gj\u00f8r at det blir en fin detalj p\u00e5 terrassen eller gressplenen, samtidig som barna dine kommer til \u00e5 elske \u00e5 kj\u00f8le seg ned i [&hellip;]","og_url":"https:\/\/babylove.se\/no\/produkt\/konges-slojd-barnebasseng-med-rutsjebane-rainbow-green\/","og_site_name":"Babylove Norska","article_modified_time":"2026-04-08T12:28:52+00:00","og_image":[{"width":1200,"height":1200,"url":"https:\/\/babylove.se\/no\/wp-content\/uploads\/sites\/3\/2025\/07\/643675a96dd7b.jpeg","type":"image\/jpeg"}],"twitter_card":"summary_large_image","twitter_misc":{"Price":"1 349,00&nbsp;&#107;&#114;","Availability":"Out of stock"},"schema":{"@context":"https:\/\/schema.org","@graph":[{"@type":"WebPage","@id":"https:\/\/babylove.se\/no\/produkt\/konges-slojd-barnebasseng-med-rutsjebane-rainbow-green\/","url":"https:\/\/babylove.se\/no\/produkt\/konges-slojd-barnebasseng-med-rutsjebane-rainbow-green\/","name":"Konges Sl\u00f8jd, Barnebasseng med rutsjebane, Rainbow green - Babylove Norska","isPartOf":{"@id":"https:\/\/babylove.se\/no\/#website"},"primaryImageOfPage":{"@id":"https:\/\/babylove.se\/no\/produkt\/konges-slojd-barnebasseng-med-rutsjebane-rainbow-green\/#primaryimage"},"image":{"@id":"https:\/\/babylove.se\/no\/produkt\/konges-slojd-barnebasseng-med-rutsjebane-rainbow-green\/#primaryimage"},"thumbnailUrl":"https:\/\/babylove.se\/no\/wp-content\/uploads\/sites\/3\/2025\/07\/643675a96dd7b.jpeg","datePublished":"2025-07-19T10:36:42+00:00","dateModified":"2026-04-08T12:28:52+00:00","breadcrumb":{"@id":"https:\/\/babylove.se\/no\/produkt\/konges-slojd-barnebasseng-med-rutsjebane-rainbow-green\/#breadcrumb"},"inLanguage":"nb-NO","potentialAction":[{"@type":"ReadAction","target":["https:\/\/babylove.se\/no\/produkt\/konges-slojd-barnebasseng-med-rutsjebane-rainbow-green\/"]}]},{"@type":"ImageObject","inLanguage":"nb-NO","@id":"https:\/\/babylove.se\/no\/produkt\/konges-slojd-barnebasseng-med-rutsjebane-rainbow-green\/#primaryimage","url":"https:\/\/babylove.se\/no\/wp-content\/uploads\/sites\/3\/2025\/07\/643675a96dd7b.jpeg","contentUrl":"https:\/\/babylove.se\/no\/wp-content\/uploads\/sites\/3\/2025\/07\/643675a96dd7b.jpeg","width":1200,"height":1200},{"@type":"BreadcrumbList","@id":"https:\/\/babylove.se\/no\/produkt\/konges-slojd-barnebasseng-med-rutsjebane-rainbow-green\/#breadcrumb","itemListElement":[{"@type":"ListItem","position":1,"name":"Hem","item":"https:\/\/babylove.se\/no\/"},{"@type":"ListItem","position":2,"name":"Butik","item":"https:\/\/babylove.se\/no\/butik\/"},{"@type":"ListItem","position":3,"name":"Konges Sl\u00f8jd, Barnebasseng med rutsjebane, Rainbow green"}]},{"@type":"WebSite","@id":"https:\/\/babylove.se\/no\/#website","url":"https:\/\/babylove.se\/no\/","name":"Babylove Norska","description":"","potentialAction":[{"@type":"SearchAction","target":{"@type":"EntryPoint","urlTemplate":"https:\/\/babylove.se\/no\/?s={search_term_string}"},"query-input":{"@type":"PropertyValueSpecification","valueRequired":true,"valueName":"search_term_string"}}],"inLanguage":"nb-NO"}]},"product_brand":"Konges Sl\u00f8jd","product_price_amount":"1349.00","product_price_currency":"SEK","og_availability":"out of stock","product_availability":"out of stock","product_retailer_item_id":"KS5362Rainbowgreen","product_condition":"new"},"_links":{"self":[{"href":"https:\/\/babylove.se\/no\/wp-json\/wp\/v2\/product\/51620","targetHints":{"allow":["GET"]}}],"collection":[{"href":"https:\/\/babylove.se\/no\/wp-json\/wp\/v2\/product"}],"about":[{"href":"https:\/\/babylove.se\/no\/wp-json\/wp\/v2\/types\/product"}],"replies":[{"embeddable":true,"href":"https:\/\/babylove.se\/no\/wp-json\/wp\/v2\/comments?post=51620"}],"wp:featuredmedia":[{"embeddable":true,"href":"https:\/\/babylove.se\/no\/wp-json\/wp\/v2\/media\/51622"}],"wp:attachment":[{"href":"https:\/\/babylove.se\/no\/wp-json\/wp\/v2\/media?parent=51620"}],"wp:term":[{"taxonomy":"product_brand","embeddable":true,"href":"https:\/\/babylove.se\/no\/wp-json\/wp\/v2\/product_brand?post=51620"},{"taxonomy":"product_cat","embeddable":true,"href":"https:\/\/babylove.se\/no\/wp-json\/wp\/v2\/product_cat?post=51620"},{"taxonomy":"product_tag","embeddable":true,"href":"https:\/\/babylove.se\/no\/wp-json\/wp\/v2\/product_tag?post=51620"}],"curies":[{"name":"wp","href":"https:\/\/api.w.org\/{rel}","templated":true}]}}