{"id":51637,"date":"2025-07-19T11:36:42","date_gmt":"2025-07-19T10:36:42","guid":{"rendered":"https:\/\/babylove.se\/produkt\/mrs-mighetto-tapet-ocean-stories\/"},"modified":"2026-04-08T13:29:01","modified_gmt":"2026-04-08T12:29:01","slug":"mrs-mighetto-tapet-ocean-stories","status":"publish","type":"product","link":"https:\/\/babylove.se\/no\/produkt\/mrs-mighetto-tapet-ocean-stories\/","title":{"rendered":"Mrs Mighetto, tapet Ocean stories"},"content":{"rendered":"<p>Unik og eventyrlig tapet helt tilpasset din vegg fra svenske Mrs Mighetto. Du kan skape en helt egen eventyrverden som ditt barn kommer til \u00e5 elske, og samtidig skape en barneroms-innredning av sjelden skue slag. Tapetet er som et vakkert bl\u00e5tt veggmaleri som forestiller en undervannsverden med eventyrfigurer. \\n \\n<em>?Dypt nede i havet stilnet b\u00f8lgenes lyd for lenge siden, men vannet som krusler p\u00e5 kanten av stranden skaper bevegelser dypt, dypt under havets overflate. Her nede finnes en annen verden, en verden som intet menneske noensinne har sett. Det er her de bor, de som former nattens dr\u00f8mmer, det er her de med de spesielle gavene bor. Velkommen til The Ocean Stories.<\/em> \\n \\n<strong>Materiale:<\/strong> \\n<\/p>\n<ul> \\n \\t<\/p>\n<li>Non-woven papir forsterket med nylonfibre<\/li>\n<p> \\n \\t<\/p>\n<li>100% FSC-sertifisert som sikrer at papiret kommer fra ansvarlig skogbruk<\/li>\n<p> \\n \\t<\/p>\n<li>Fri fra skadelige VOC-stoffer (volatile organic compound)<\/li>\n<p> \\n \\t<\/p>\n<li>Myk og matt finish<\/li>\n<p> \\n<\/ul>\n<p> \\n<strong>Info<\/strong>: \\n<\/p>\n<ul> \\n \\t<\/p>\n<li>Tapetet selges per kvadratmeter og minimumsbestilling er 3 m<sup>2<\/sup><\/li>\n<p> \\n \\t<\/p>\n<li>For \u00e5 bestille rett antall begynn med \u00e5 m\u00e5le veggen du vil tapetsere. Multipliser deretter veggens bredde x veggens lengde. Hvis svaret ikke er jevnt &#8211; rund <em>oppover<\/em><\/li>\n<p> \\n \\t<\/p>\n<li>For eksempel: For \u00e5 tapetsere en vegg som er 2,5 meter bred og 2,5 meter lang  (2,5 m x 2,5 m = 6,25 m2) .trenger du minst 7 kvadratmeter<\/li>\n<p> \\n \\t<\/p>\n<li>Legg til 5 cm p\u00e5 b\u00e5de h\u00f8yde og bredde per vegg i tilfelle veggen heller<\/li>\n<p> \\n \\t<\/p>\n<li>Legg til 5 cm per hj\u00f8rne og 5 cm p\u00e5 h\u00f8yde hvis du skal tapetsere i hj\u00f8rne<\/li>\n<p> \\n \\t<\/p>\n<li>Hvis rommets samtlige fire vegger skal tapetseres, legg til 5 cm p\u00e5 h\u00f8yden og 20 cm p\u00e5 bredden<\/li>\n<p> \\n \\t<\/p>\n<li><span style=\"background-color: initial; text-align: initial;\">Produseres i Sverige<\/span><\/li>\n<p> \\n<\/ul>\n<p> \\nDesigner:<a href=\"https:\/\/babylove.se\/varumarken\/dekorillo\"> <\/a><a href=\"https:\/\/babylove.se\/varumarken\/mrs-mighetto\">Mrs Mighetto<\/a> \\n \\n<u>Obs! Spesialtilpasset bestillingsvare. Angrefrist gjelder ikke og bestilte tapeter kan ikke returneres.<\/u><\/p>\n","protected":false},"excerpt":{"rendered":"<p>Unik og eventyrlig tapet helt tilpasset din vegg fra svenske Mrs Mighetto. Du kan skape en helt egen eventyrverden som ditt barn kommer til \u00e5 elske, og samtidig skape en barneroms-innredning av sjelden skue slag. Tapetet er som et vakkert bl\u00e5tt veggmaleri som forestiller en undervannsverden med eventyrfigurer. \\n \\n?Dypt nede i havet stilnet b\u00f8lgenes [&hellip;]<\/p>\n","protected":false},"featured_media":51639,"comment_status":"closed","ping_status":"closed","template":"","meta":{"_acf_changed":false},"product_brand":[974],"product_cat":[975,328],"product_tag":[],"class_list":{"0":"post-51637","1":"product","2":"type-product","3":"status-publish","4":"has-post-thumbnail","6":"product_brand-mrs-mighetto","7":"product_cat-mrs-mighetto","8":"product_cat-tapeter","9":"pa_matt-kvadratmeter-1-m2","11":"first","12":"outofstock","13":"taxable","14":"shipping-taxable","15":"purchasable","16":"product-type-simple"},"acf":[],"yoast_head":"<!-- This site is optimized with the Yoast SEO Premium plugin v25.8 (Yoast SEO v27.2) - https:\/\/yoast.com\/product\/yoast-seo-premium-wordpress\/ -->\n<title>Mrs Mighetto, tapet Ocean stories - Babylove Norska<\/title>\n<meta name=\"robots\" content=\"noindex, follow, max-snippet:-1, max-image-preview:large, max-video-preview:-1\" \/>\n<meta property=\"og:locale\" content=\"nb_NO\" \/>\n<meta property=\"og:type\" content=\"article\" \/>\n<meta property=\"og:title\" content=\"Mrs Mighetto, tapet Ocean stories\" \/>\n<meta property=\"og:description\" content=\"Unik og eventyrlig tapet helt tilpasset din vegg fra svenske Mrs Mighetto. Du kan skape en helt egen eventyrverden som ditt barn kommer til \u00e5 elske, og samtidig skape en barneroms-innredning av sjelden skue slag. Tapetet er som et vakkert bl\u00e5tt veggmaleri som forestiller en undervannsverden med eventyrfigurer. n n?Dypt nede i havet stilnet b\u00f8lgenes [&hellip;]\" \/>\n<meta property=\"og:url\" content=\"https:\/\/babylove.se\/no\/produkt\/mrs-mighetto-tapet-ocean-stories\/\" \/>\n<meta property=\"og:site_name\" content=\"Babylove Norska\" \/>\n<meta property=\"article:modified_time\" content=\"2026-04-08T12:29:01+00:00\" \/>\n<meta property=\"og:image\" content=\"https:\/\/babylove.se\/no\/wp-content\/uploads\/sites\/3\/2025\/07\/6538bc728579d.jpeg\" \/>\n\t<meta property=\"og:image:width\" content=\"480\" \/>\n\t<meta property=\"og:image:height\" content=\"720\" \/>\n\t<meta property=\"og:image:type\" content=\"image\/jpeg\" \/>\n<meta name=\"twitter:card\" content=\"summary_large_image\" \/>\n<meta name=\"twitter:label1\" content=\"Price\" \/>\n\t<meta name=\"twitter:data1\" content=\"375,00&nbsp;&#107;&#114;\" \/>\n\t<meta name=\"twitter:label2\" content=\"Availability\" \/>\n\t<meta name=\"twitter:data2\" content=\"Out of stock\" \/>\n<script type=\"application\/ld+json\" class=\"yoast-schema-graph\">{\"@context\":\"https:\/\/schema.org\",\"@graph\":[{\"@type\":\"WebPage\",\"@id\":\"https:\/\/babylove.se\/no\/produkt\/mrs-mighetto-tapet-ocean-stories\/\",\"url\":\"https:\/\/babylove.se\/no\/produkt\/mrs-mighetto-tapet-ocean-stories\/\",\"name\":\"Mrs Mighetto, tapet Ocean stories - Babylove Norska\",\"isPartOf\":{\"@id\":\"https:\/\/babylove.se\/no\/#website\"},\"primaryImageOfPage\":{\"@id\":\"https:\/\/babylove.se\/no\/produkt\/mrs-mighetto-tapet-ocean-stories\/#primaryimage\"},\"image\":{\"@id\":\"https:\/\/babylove.se\/no\/produkt\/mrs-mighetto-tapet-ocean-stories\/#primaryimage\"},\"thumbnailUrl\":\"https:\/\/babylove.se\/no\/wp-content\/uploads\/sites\/3\/2025\/07\/6538bc728579d.jpeg\",\"datePublished\":\"2025-07-19T10:36:42+00:00\",\"dateModified\":\"2026-04-08T12:29:01+00:00\",\"breadcrumb\":{\"@id\":\"https:\/\/babylove.se\/no\/produkt\/mrs-mighetto-tapet-ocean-stories\/#breadcrumb\"},\"inLanguage\":\"nb-NO\",\"potentialAction\":[{\"@type\":\"ReadAction\",\"target\":[\"https:\/\/babylove.se\/no\/produkt\/mrs-mighetto-tapet-ocean-stories\/\"]}]},{\"@type\":\"ImageObject\",\"inLanguage\":\"nb-NO\",\"@id\":\"https:\/\/babylove.se\/no\/produkt\/mrs-mighetto-tapet-ocean-stories\/#primaryimage\",\"url\":\"https:\/\/babylove.se\/no\/wp-content\/uploads\/sites\/3\/2025\/07\/6538bc728579d.jpeg\",\"contentUrl\":\"https:\/\/babylove.se\/no\/wp-content\/uploads\/sites\/3\/2025\/07\/6538bc728579d.jpeg\",\"width\":480,\"height\":720},{\"@type\":\"BreadcrumbList\",\"@id\":\"https:\/\/babylove.se\/no\/produkt\/mrs-mighetto-tapet-ocean-stories\/#breadcrumb\",\"itemListElement\":[{\"@type\":\"ListItem\",\"position\":1,\"name\":\"Hem\",\"item\":\"https:\/\/babylove.se\/no\/\"},{\"@type\":\"ListItem\",\"position\":2,\"name\":\"Butik\",\"item\":\"https:\/\/babylove.se\/no\/butik\/\"},{\"@type\":\"ListItem\",\"position\":3,\"name\":\"Mrs Mighetto, tapet Ocean stories\"}]},{\"@type\":\"WebSite\",\"@id\":\"https:\/\/babylove.se\/no\/#website\",\"url\":\"https:\/\/babylove.se\/no\/\",\"name\":\"Babylove Norska\",\"description\":\"\",\"potentialAction\":[{\"@type\":\"SearchAction\",\"target\":{\"@type\":\"EntryPoint\",\"urlTemplate\":\"https:\/\/babylove.se\/no\/?s={search_term_string}\"},\"query-input\":{\"@type\":\"PropertyValueSpecification\",\"valueRequired\":true,\"valueName\":\"search_term_string\"}}],\"inLanguage\":\"nb-NO\"}]}<\/script>\n<meta property=\"product:brand\" content=\"Mrs Mighetto\" \/>\n<meta property=\"product:price:amount\" content=\"375.00\" \/>\n<meta property=\"product:price:currency\" content=\"SEK\" \/>\n<meta property=\"og:availability\" content=\"out of stock\" \/>\n<meta property=\"product:availability\" content=\"out of stock\" \/>\n<meta property=\"product:retailer_item_id\" content=\"MM-1403\" \/>\n<meta property=\"product:condition\" content=\"new\" \/>\n<!-- \/ Yoast SEO Premium plugin. -->","yoast_head_json":{"title":"Mrs Mighetto, tapet Ocean stories - Babylove Norska","robots":{"index":"noindex","follow":"follow","max-snippet":"max-snippet:-1","max-image-preview":"max-image-preview:large","max-video-preview":"max-video-preview:-1"},"og_locale":"nb_NO","og_type":"article","og_title":"Mrs Mighetto, tapet Ocean stories","og_description":"Unik og eventyrlig tapet helt tilpasset din vegg fra svenske Mrs Mighetto. Du kan skape en helt egen eventyrverden som ditt barn kommer til \u00e5 elske, og samtidig skape en barneroms-innredning av sjelden skue slag. Tapetet er som et vakkert bl\u00e5tt veggmaleri som forestiller en undervannsverden med eventyrfigurer. n n?Dypt nede i havet stilnet b\u00f8lgenes [&hellip;]","og_url":"https:\/\/babylove.se\/no\/produkt\/mrs-mighetto-tapet-ocean-stories\/","og_site_name":"Babylove Norska","article_modified_time":"2026-04-08T12:29:01+00:00","og_image":[{"width":480,"height":720,"url":"https:\/\/babylove.se\/no\/wp-content\/uploads\/sites\/3\/2025\/07\/6538bc728579d.jpeg","type":"image\/jpeg"}],"twitter_card":"summary_large_image","twitter_misc":{"Price":"375,00&nbsp;&#107;&#114;","Availability":"Out of stock"},"schema":{"@context":"https:\/\/schema.org","@graph":[{"@type":"WebPage","@id":"https:\/\/babylove.se\/no\/produkt\/mrs-mighetto-tapet-ocean-stories\/","url":"https:\/\/babylove.se\/no\/produkt\/mrs-mighetto-tapet-ocean-stories\/","name":"Mrs Mighetto, tapet Ocean stories - Babylove Norska","isPartOf":{"@id":"https:\/\/babylove.se\/no\/#website"},"primaryImageOfPage":{"@id":"https:\/\/babylove.se\/no\/produkt\/mrs-mighetto-tapet-ocean-stories\/#primaryimage"},"image":{"@id":"https:\/\/babylove.se\/no\/produkt\/mrs-mighetto-tapet-ocean-stories\/#primaryimage"},"thumbnailUrl":"https:\/\/babylove.se\/no\/wp-content\/uploads\/sites\/3\/2025\/07\/6538bc728579d.jpeg","datePublished":"2025-07-19T10:36:42+00:00","dateModified":"2026-04-08T12:29:01+00:00","breadcrumb":{"@id":"https:\/\/babylove.se\/no\/produkt\/mrs-mighetto-tapet-ocean-stories\/#breadcrumb"},"inLanguage":"nb-NO","potentialAction":[{"@type":"ReadAction","target":["https:\/\/babylove.se\/no\/produkt\/mrs-mighetto-tapet-ocean-stories\/"]}]},{"@type":"ImageObject","inLanguage":"nb-NO","@id":"https:\/\/babylove.se\/no\/produkt\/mrs-mighetto-tapet-ocean-stories\/#primaryimage","url":"https:\/\/babylove.se\/no\/wp-content\/uploads\/sites\/3\/2025\/07\/6538bc728579d.jpeg","contentUrl":"https:\/\/babylove.se\/no\/wp-content\/uploads\/sites\/3\/2025\/07\/6538bc728579d.jpeg","width":480,"height":720},{"@type":"BreadcrumbList","@id":"https:\/\/babylove.se\/no\/produkt\/mrs-mighetto-tapet-ocean-stories\/#breadcrumb","itemListElement":[{"@type":"ListItem","position":1,"name":"Hem","item":"https:\/\/babylove.se\/no\/"},{"@type":"ListItem","position":2,"name":"Butik","item":"https:\/\/babylove.se\/no\/butik\/"},{"@type":"ListItem","position":3,"name":"Mrs Mighetto, tapet Ocean stories"}]},{"@type":"WebSite","@id":"https:\/\/babylove.se\/no\/#website","url":"https:\/\/babylove.se\/no\/","name":"Babylove Norska","description":"","potentialAction":[{"@type":"SearchAction","target":{"@type":"EntryPoint","urlTemplate":"https:\/\/babylove.se\/no\/?s={search_term_string}"},"query-input":{"@type":"PropertyValueSpecification","valueRequired":true,"valueName":"search_term_string"}}],"inLanguage":"nb-NO"}]},"product_brand":"Mrs Mighetto","product_price_amount":"375.00","product_price_currency":"SEK","og_availability":"out of stock","product_availability":"out of stock","product_retailer_item_id":"MM-1403","product_condition":"new"},"_links":{"self":[{"href":"https:\/\/babylove.se\/no\/wp-json\/wp\/v2\/product\/51637","targetHints":{"allow":["GET"]}}],"collection":[{"href":"https:\/\/babylove.se\/no\/wp-json\/wp\/v2\/product"}],"about":[{"href":"https:\/\/babylove.se\/no\/wp-json\/wp\/v2\/types\/product"}],"replies":[{"embeddable":true,"href":"https:\/\/babylove.se\/no\/wp-json\/wp\/v2\/comments?post=51637"}],"wp:featuredmedia":[{"embeddable":true,"href":"https:\/\/babylove.se\/no\/wp-json\/wp\/v2\/media\/51639"}],"wp:attachment":[{"href":"https:\/\/babylove.se\/no\/wp-json\/wp\/v2\/media?parent=51637"}],"wp:term":[{"taxonomy":"product_brand","embeddable":true,"href":"https:\/\/babylove.se\/no\/wp-json\/wp\/v2\/product_brand?post=51637"},{"taxonomy":"product_cat","embeddable":true,"href":"https:\/\/babylove.se\/no\/wp-json\/wp\/v2\/product_cat?post=51637"},{"taxonomy":"product_tag","embeddable":true,"href":"https:\/\/babylove.se\/no\/wp-json\/wp\/v2\/product_tag?post=51637"}],"curies":[{"name":"wp","href":"https:\/\/api.w.org\/{rel}","templated":true}]}}