{"id":51780,"date":"2025-07-19T11:38:35","date_gmt":"2025-07-19T10:38:35","guid":{"rendered":"https:\/\/babylove.se\/produkt\/meow-sensorisk-balansbana-gra\/"},"modified":"2026-04-08T13:29:52","modified_gmt":"2026-04-08T12:29:52","slug":"mjau-sensorisk-balanseloype-gra","status":"publish","type":"product","link":"https:\/\/babylove.se\/no\/produkt\/mjau-sensorisk-balanseloype-gra\/","title":{"rendered":"Meow, Sensorisk balansebane, gr\u00e5"},"content":{"rendered":"<p>Multifunksjonell sensorisk balansel\u00f8ype fra popul\u00e6re Meow!<\/p>\n<p>Barnet ditt vil trene balanse ved \u00e5 g\u00e5 p\u00e5 l\u00f8ypa, men ogs\u00e5 utvikle fantasien sin ved \u00e5 arrangere de ulike komponentene i forskjellige konstellasjoner.<\/p>\n<p>Balansestien er ikke bare en morsom aktivitetsleke, men ogs\u00e5 et pedagogisk verkt\u00f8y. Komponentene er dobbeltsidige med geometriske og numeriske tegn som er en kreativ og morsom m\u00e5te for barnet \u00e5 l\u00e6re om tall, regning og matematikkens grunnlag. Barnet kan ogs\u00e5 snu p\u00e5 stien og bruke den som vei for billeket\u00f8yene sine.<\/p>\n<p>Laget etter Montessoripedagogikk som motiverer barnet til p\u00e5 egen h\u00e5nd \u00e5 utforske og l\u00e6re nye ting.&nbsp;<\/p>\n<p>Materialene som brukes er selvf\u00f8lgelig barnevennlige og holdbare. Skal kun brukes innend\u00f8rs.&nbsp;<\/p>\n<p><strong>Info<\/strong>:<\/p>\n<ul>\n<li>St\u00f8rrelse: Velg mellom 4, 5 eller 6 komponenter.<\/li>\n<li>CE-sertifisert<\/li>\n<\/ul>\n<p><strong>Material<\/strong>: FSC-sertifisert europeisk b\u00f8ketre, overflaten er behandlet med vannbasert transparent lakk med filt.<\/p>\n<p>Designer:<span>&nbsp;<\/span><a href=\"https:\/\/babylove.se\/varumarken\/meow\">Meow<\/a><\/p>\n","protected":false},"excerpt":{"rendered":"<p>Multifunksjonell sensorisk balansel\u00f8ype fra popul\u00e6re Meow! Barnet ditt vil trene balanse ved \u00e5 g\u00e5 p\u00e5 l\u00f8ypa, men ogs\u00e5 utvikle fantasien sin ved \u00e5 arrangere de ulike komponentene i forskjellige konstellasjoner. Balansestien er ikke bare en morsom aktivitetsleke, men ogs\u00e5 et pedagogisk verkt\u00f8y. Komponentene er dobbeltsidige med geometriske og numeriske tegn som er en kreativ og [&hellip;]<\/p>\n","protected":false},"featured_media":51782,"comment_status":"closed","ping_status":"open","template":"","meta":{"_acf_changed":false},"product_brand":[774],"product_cat":[345,775,204,112],"product_tag":[1689],"class_list":{"0":"post-51780","1":"product","2":"type-product","3":"status-publish","4":"has-post-thumbnail","6":"product_brand-meow","7":"product_cat-balansbrett","8":"product_cat-meow","9":"product_cat-motoriske-barnmobler","10":"product_cat-treleker","11":"product_tag-bestillingsvaror","12":"pa_storlek-4-komponenter","13":"pa_storlek-5-komponenter","14":"pa_storlek-6-komponenter","16":"first","17":"outofstock","18":"taxable","19":"shipping-taxable","20":"purchasable","21":"product-type-variable"},"acf":[],"yoast_head":"<!-- This site is optimized with the Yoast SEO Premium plugin v25.8 (Yoast SEO v27.2) - https:\/\/yoast.com\/product\/yoast-seo-premium-wordpress\/ -->\n<title>Meow, Sensorisk balansebane, gr\u00e5 - Babylove Norska<\/title>\n<meta name=\"robots\" content=\"noindex, follow, max-snippet:-1, max-image-preview:large, max-video-preview:-1\" \/>\n<meta property=\"og:locale\" content=\"nb_NO\" \/>\n<meta property=\"og:type\" content=\"article\" \/>\n<meta property=\"og:title\" content=\"Meow, Sensorisk balansebane, gr\u00e5\" \/>\n<meta property=\"og:description\" content=\"Multifunksjonell sensorisk balansel\u00f8ype fra popul\u00e6re Meow! Barnet ditt vil trene balanse ved \u00e5 g\u00e5 p\u00e5 l\u00f8ypa, men ogs\u00e5 utvikle fantasien sin ved \u00e5 arrangere de ulike komponentene i forskjellige konstellasjoner. Balansestien er ikke bare en morsom aktivitetsleke, men ogs\u00e5 et pedagogisk verkt\u00f8y. Komponentene er dobbeltsidige med geometriske og numeriske tegn som er en kreativ og [&hellip;]\" \/>\n<meta property=\"og:url\" content=\"https:\/\/babylove.se\/no\/produkt\/mjau-sensorisk-balanseloype-gra\/\" \/>\n<meta property=\"og:site_name\" content=\"Babylove Norska\" \/>\n<meta property=\"article:modified_time\" content=\"2026-04-08T12:29:52+00:00\" \/>\n<meta property=\"og:image\" content=\"https:\/\/babylove.se\/no\/wp-content\/uploads\/sites\/3\/2025\/07\/643e3ec7f1942.jpeg\" \/>\n\t<meta property=\"og:image:width\" content=\"2000\" \/>\n\t<meta property=\"og:image:height\" content=\"2000\" \/>\n\t<meta property=\"og:image:type\" content=\"image\/jpeg\" \/>\n<meta name=\"twitter:card\" content=\"summary_large_image\" \/>\n<meta name=\"twitter:label1\" content=\"Availability\" \/>\n\t<meta name=\"twitter:data1\" content=\"Out of stock\" \/>\n<script type=\"application\/ld+json\" class=\"yoast-schema-graph\">{\"@context\":\"https:\/\/schema.org\",\"@graph\":[{\"@type\":\"WebPage\",\"@id\":\"https:\/\/babylove.se\/no\/produkt\/mjau-sensorisk-balanseloype-gra\/\",\"url\":\"https:\/\/babylove.se\/no\/produkt\/mjau-sensorisk-balanseloype-gra\/\",\"name\":\"Meow, Sensorisk balansebane, gr\u00e5 - Babylove Norska\",\"isPartOf\":{\"@id\":\"https:\/\/babylove.se\/no\/#website\"},\"primaryImageOfPage\":{\"@id\":\"https:\/\/babylove.se\/no\/produkt\/mjau-sensorisk-balanseloype-gra\/#primaryimage\"},\"image\":{\"@id\":\"https:\/\/babylove.se\/no\/produkt\/mjau-sensorisk-balanseloype-gra\/#primaryimage\"},\"thumbnailUrl\":\"https:\/\/babylove.se\/no\/wp-content\/uploads\/sites\/3\/2025\/07\/643e3ec7f1942.jpeg\",\"datePublished\":\"2025-07-19T10:38:35+00:00\",\"dateModified\":\"2026-04-08T12:29:52+00:00\",\"breadcrumb\":{\"@id\":\"https:\/\/babylove.se\/no\/produkt\/mjau-sensorisk-balanseloype-gra\/#breadcrumb\"},\"inLanguage\":\"nb-NO\",\"potentialAction\":[{\"@type\":\"ReadAction\",\"target\":[\"https:\/\/babylove.se\/no\/produkt\/mjau-sensorisk-balanseloype-gra\/\"]}]},{\"@type\":\"ImageObject\",\"inLanguage\":\"nb-NO\",\"@id\":\"https:\/\/babylove.se\/no\/produkt\/mjau-sensorisk-balanseloype-gra\/#primaryimage\",\"url\":\"https:\/\/babylove.se\/no\/wp-content\/uploads\/sites\/3\/2025\/07\/643e3ec7f1942.jpeg\",\"contentUrl\":\"https:\/\/babylove.se\/no\/wp-content\/uploads\/sites\/3\/2025\/07\/643e3ec7f1942.jpeg\",\"width\":2000,\"height\":2000},{\"@type\":\"BreadcrumbList\",\"@id\":\"https:\/\/babylove.se\/no\/produkt\/mjau-sensorisk-balanseloype-gra\/#breadcrumb\",\"itemListElement\":[{\"@type\":\"ListItem\",\"position\":1,\"name\":\"Hem\",\"item\":\"https:\/\/babylove.se\/no\/\"},{\"@type\":\"ListItem\",\"position\":2,\"name\":\"Butik\",\"item\":\"https:\/\/babylove.se\/no\/butik\/\"},{\"@type\":\"ListItem\",\"position\":3,\"name\":\"Meow, Sensorisk balansebane, gr\u00e5\"}]},{\"@type\":\"WebSite\",\"@id\":\"https:\/\/babylove.se\/no\/#website\",\"url\":\"https:\/\/babylove.se\/no\/\",\"name\":\"Babylove Norska\",\"description\":\"\",\"potentialAction\":[{\"@type\":\"SearchAction\",\"target\":{\"@type\":\"EntryPoint\",\"urlTemplate\":\"https:\/\/babylove.se\/no\/?s={search_term_string}\"},\"query-input\":{\"@type\":\"PropertyValueSpecification\",\"valueRequired\":true,\"valueName\":\"search_term_string\"}}],\"inLanguage\":\"nb-NO\"}]}<\/script>\n<meta property=\"product:brand\" content=\"Meow\" \/>\n<meta property=\"og:availability\" content=\"out of stock\" \/>\n<meta property=\"product:availability\" content=\"out of stock\" \/>\n<meta property=\"product:retailer_item_id\" content=\"SSEN402IE\" \/>\n<meta property=\"product:condition\" content=\"new\" \/>\n<!-- \/ Yoast SEO Premium plugin. -->","yoast_head_json":{"title":"Meow, Sensorisk balansebane, gr\u00e5 - Babylove Norska","robots":{"index":"noindex","follow":"follow","max-snippet":"max-snippet:-1","max-image-preview":"max-image-preview:large","max-video-preview":"max-video-preview:-1"},"og_locale":"nb_NO","og_type":"article","og_title":"Meow, Sensorisk balansebane, gr\u00e5","og_description":"Multifunksjonell sensorisk balansel\u00f8ype fra popul\u00e6re Meow! Barnet ditt vil trene balanse ved \u00e5 g\u00e5 p\u00e5 l\u00f8ypa, men ogs\u00e5 utvikle fantasien sin ved \u00e5 arrangere de ulike komponentene i forskjellige konstellasjoner. Balansestien er ikke bare en morsom aktivitetsleke, men ogs\u00e5 et pedagogisk verkt\u00f8y. Komponentene er dobbeltsidige med geometriske og numeriske tegn som er en kreativ og [&hellip;]","og_url":"https:\/\/babylove.se\/no\/produkt\/mjau-sensorisk-balanseloype-gra\/","og_site_name":"Babylove Norska","article_modified_time":"2026-04-08T12:29:52+00:00","og_image":[{"width":2000,"height":2000,"url":"https:\/\/babylove.se\/no\/wp-content\/uploads\/sites\/3\/2025\/07\/643e3ec7f1942.jpeg","type":"image\/jpeg"}],"twitter_card":"summary_large_image","twitter_misc":{"Availability":"Out of stock"},"schema":{"@context":"https:\/\/schema.org","@graph":[{"@type":"WebPage","@id":"https:\/\/babylove.se\/no\/produkt\/mjau-sensorisk-balanseloype-gra\/","url":"https:\/\/babylove.se\/no\/produkt\/mjau-sensorisk-balanseloype-gra\/","name":"Meow, Sensorisk balansebane, gr\u00e5 - Babylove Norska","isPartOf":{"@id":"https:\/\/babylove.se\/no\/#website"},"primaryImageOfPage":{"@id":"https:\/\/babylove.se\/no\/produkt\/mjau-sensorisk-balanseloype-gra\/#primaryimage"},"image":{"@id":"https:\/\/babylove.se\/no\/produkt\/mjau-sensorisk-balanseloype-gra\/#primaryimage"},"thumbnailUrl":"https:\/\/babylove.se\/no\/wp-content\/uploads\/sites\/3\/2025\/07\/643e3ec7f1942.jpeg","datePublished":"2025-07-19T10:38:35+00:00","dateModified":"2026-04-08T12:29:52+00:00","breadcrumb":{"@id":"https:\/\/babylove.se\/no\/produkt\/mjau-sensorisk-balanseloype-gra\/#breadcrumb"},"inLanguage":"nb-NO","potentialAction":[{"@type":"ReadAction","target":["https:\/\/babylove.se\/no\/produkt\/mjau-sensorisk-balanseloype-gra\/"]}]},{"@type":"ImageObject","inLanguage":"nb-NO","@id":"https:\/\/babylove.se\/no\/produkt\/mjau-sensorisk-balanseloype-gra\/#primaryimage","url":"https:\/\/babylove.se\/no\/wp-content\/uploads\/sites\/3\/2025\/07\/643e3ec7f1942.jpeg","contentUrl":"https:\/\/babylove.se\/no\/wp-content\/uploads\/sites\/3\/2025\/07\/643e3ec7f1942.jpeg","width":2000,"height":2000},{"@type":"BreadcrumbList","@id":"https:\/\/babylove.se\/no\/produkt\/mjau-sensorisk-balanseloype-gra\/#breadcrumb","itemListElement":[{"@type":"ListItem","position":1,"name":"Hem","item":"https:\/\/babylove.se\/no\/"},{"@type":"ListItem","position":2,"name":"Butik","item":"https:\/\/babylove.se\/no\/butik\/"},{"@type":"ListItem","position":3,"name":"Meow, Sensorisk balansebane, gr\u00e5"}]},{"@type":"WebSite","@id":"https:\/\/babylove.se\/no\/#website","url":"https:\/\/babylove.se\/no\/","name":"Babylove Norska","description":"","potentialAction":[{"@type":"SearchAction","target":{"@type":"EntryPoint","urlTemplate":"https:\/\/babylove.se\/no\/?s={search_term_string}"},"query-input":{"@type":"PropertyValueSpecification","valueRequired":true,"valueName":"search_term_string"}}],"inLanguage":"nb-NO"}]},"product_brand":"Meow","og_availability":"out of stock","product_availability":"out of stock","product_retailer_item_id":"SSEN402IE","product_condition":"new"},"_links":{"self":[{"href":"https:\/\/babylove.se\/no\/wp-json\/wp\/v2\/product\/51780","targetHints":{"allow":["GET"]}}],"collection":[{"href":"https:\/\/babylove.se\/no\/wp-json\/wp\/v2\/product"}],"about":[{"href":"https:\/\/babylove.se\/no\/wp-json\/wp\/v2\/types\/product"}],"replies":[{"embeddable":true,"href":"https:\/\/babylove.se\/no\/wp-json\/wp\/v2\/comments?post=51780"}],"wp:featuredmedia":[{"embeddable":true,"href":"https:\/\/babylove.se\/no\/wp-json\/wp\/v2\/media\/51782"}],"wp:attachment":[{"href":"https:\/\/babylove.se\/no\/wp-json\/wp\/v2\/media?parent=51780"}],"wp:term":[{"taxonomy":"product_brand","embeddable":true,"href":"https:\/\/babylove.se\/no\/wp-json\/wp\/v2\/product_brand?post=51780"},{"taxonomy":"product_cat","embeddable":true,"href":"https:\/\/babylove.se\/no\/wp-json\/wp\/v2\/product_cat?post=51780"},{"taxonomy":"product_tag","embeddable":true,"href":"https:\/\/babylove.se\/no\/wp-json\/wp\/v2\/product_tag?post=51780"}],"curies":[{"name":"wp","href":"https:\/\/api.w.org\/{rel}","templated":true}]}}