{"id":51875,"date":"2025-07-19T11:40:07","date_gmt":"2025-07-19T10:40:07","guid":{"rendered":"https:\/\/babylove.se\/produkt\/meow-snovit-byggbar-boucle-lekplats-med-bollhav-100-bollar\/"},"modified":"2026-05-11T13:05:27","modified_gmt":"2026-05-11T12:05:27","slug":"miau-snovit-byggbar-boucle-lekeplass-med-ballbad-100-baller","status":"publish","type":"product","link":"https:\/\/babylove.se\/no\/produkt\/miau-snovit-byggbar-boucle-lekeplass-med-ballbad-100-baller\/","title":{"rendered":"Meow, Snehvit byggbar boucle lekeplass med ballbasseng, 100 baller"},"content":{"rendered":"<p>En fantastisk konstellasjon i form av 4 store byggeklosser som man kan sette sammen til en egen rutsjebane eller hinderl\u00f8ype med ballhav. Sv\u00e6rt popul\u00e6r blant de sm\u00e5, da byggeleken vil bli ekstra morsom og kreativ.<\/p>\n<p>Putene er selvf\u00f8lgelig myke, slik at barnet ditt skal kunne ha det riktig g\u00f8y med dem, uten harde, slemme kanter som kan \u00f8delegge leken. Superbra produkt for \u00e5 trene barnets motorikk og kreativitet samtidig.<\/p>\n<p>De ulike modulene kan brukes separat som for eksempel sittepuff eller lenestol.<\/p>\n<p>Anbefalt alder: 1-3 \u00e5r<\/p>\n<p><strong>Info<\/strong>:<\/p>\n<ul>\n<li>Totalt inng\u00e5r 100 stk baller.&nbsp;<\/li>\n<li>Velg mellom ulike farger p\u00e5 ballene.<\/li>\n<\/ul>\n<p data-empty=\"true\"><strong>M\u00e5l<\/strong>:&nbsp;<\/p>\n<ul>\n<li>Bredde for samtlige moduler: 45 cm<\/li>\n<li>H\u00f8yde p\u00e5 den h\u00f8yeste modulen: 35 cm<\/li>\n<li>Ballhav: 57 x 45 x 30 cm<\/li>\n<li>Lengde trekant: 60 cm<\/li>\n<\/ul>\n<p data-empty=\"true\"><strong>Materiale<\/strong>:&nbsp;<\/p>\n<ul>\n<li data-empty=\"true\">Overtrekk: boucle. Du holder enkelt p\u00e5 hygienen da overtrekket er vaskbart.<\/li>\n<li data-empty=\"true\">Fyll: antiallergisk skum.<\/li>\n<\/ul>\n<p data-empty=\"true\">Designer: <a href=\"https:\/\/babylove.se\/varumarken\/meow\">Meow<\/a><\/p>\n<p data-empty=\"true\"><em>Obs! La aldri barnet ditt v\u00e6re uten tilsyn n\u00e5r det leker!<\/em><\/p>\n","protected":false},"excerpt":{"rendered":"<p>En fantastisk konstellasjon i form av 4 store byggeklosser som man kan sette sammen til en egen rutsjebane eller hinderl\u00f8ype med ballhav. Sv\u00e6rt popul\u00e6r blant de sm\u00e5, da byggeleken vil bli ekstra morsom og kreativ. Putene er selvf\u00f8lgelig myke, slik at barnet ditt skal kunne ha det riktig g\u00f8y med dem, uten harde, slemme kanter [&hellip;]<\/p>\n","protected":false},"featured_media":51877,"comment_status":"closed","ping_status":"open","template":"","meta":{"_acf_changed":false},"product_brand":[774],"product_cat":[667,775,204,203],"product_tag":[1689],"class_list":{"0":"post-51875","1":"product","2":"type-product","3":"status-publish","4":"has-post-thumbnail","6":"product_brand-meow","7":"product_cat-ballhav","8":"product_cat-meow","9":"product_cat-motoriske-barnmobler","10":"product_cat-rutsjebaner","11":"product_tag-bestillingsvaror","12":"pa_farg-pa-bollarna-guld-beige-vit-transparent","13":"pa_farg-pa-bollarna-vit","14":"pa_farg-pa-bollarna-vit-transparent","15":"pa_farg-pa-bollarna-pastellrosa-mint-vit-beige","17":"first","18":"outofstock","19":"taxable","20":"shipping-taxable","21":"purchasable","22":"product-type-variable"},"acf":[],"yoast_head":"<!-- This site is optimized with the Yoast SEO Premium plugin v25.8 (Yoast SEO v27.2) - https:\/\/yoast.com\/product\/yoast-seo-premium-wordpress\/ -->\n<title>Meow, Snehvit byggbar boucle lekeplass med ballbasseng, 100 baller - Babylove Norska<\/title>\n<meta name=\"robots\" content=\"noindex, follow, max-snippet:-1, max-image-preview:large, max-video-preview:-1\" \/>\n<meta property=\"og:locale\" content=\"nb_NO\" \/>\n<meta property=\"og:type\" content=\"article\" \/>\n<meta property=\"og:title\" content=\"Meow, Snehvit byggbar boucle lekeplass med ballbasseng, 100 baller\" \/>\n<meta property=\"og:description\" content=\"En fantastisk konstellasjon i form av 4 store byggeklosser som man kan sette sammen til en egen rutsjebane eller hinderl\u00f8ype med ballhav. Sv\u00e6rt popul\u00e6r blant de sm\u00e5, da byggeleken vil bli ekstra morsom og kreativ. Putene er selvf\u00f8lgelig myke, slik at barnet ditt skal kunne ha det riktig g\u00f8y med dem, uten harde, slemme kanter [&hellip;]\" \/>\n<meta property=\"og:url\" content=\"https:\/\/babylove.se\/no\/produkt\/miau-snovit-byggbar-boucle-lekeplass-med-ballbad-100-baller\/\" \/>\n<meta property=\"og:site_name\" content=\"Babylove Norska\" \/>\n<meta property=\"article:modified_time\" content=\"2026-05-11T12:05:27+00:00\" \/>\n<meta property=\"og:image\" content=\"https:\/\/babylove.se\/no\/wp-content\/uploads\/sites\/3\/2025\/07\/643f895206a50.jpeg\" \/>\n\t<meta property=\"og:image:width\" content=\"2000\" \/>\n\t<meta property=\"og:image:height\" content=\"2000\" \/>\n\t<meta property=\"og:image:type\" content=\"image\/jpeg\" \/>\n<meta name=\"twitter:card\" content=\"summary_large_image\" \/>\n<meta name=\"twitter:label1\" content=\"Availability\" \/>\n\t<meta name=\"twitter:data1\" content=\"Out of stock\" \/>\n<script type=\"application\/ld+json\" class=\"yoast-schema-graph\">{\"@context\":\"https:\/\/schema.org\",\"@graph\":[{\"@type\":\"WebPage\",\"@id\":\"https:\/\/babylove.se\/no\/produkt\/miau-snovit-byggbar-boucle-lekeplass-med-ballbad-100-baller\/\",\"url\":\"https:\/\/babylove.se\/no\/produkt\/miau-snovit-byggbar-boucle-lekeplass-med-ballbad-100-baller\/\",\"name\":\"Meow, Snehvit byggbar boucle lekeplass med ballbasseng, 100 baller - Babylove Norska\",\"isPartOf\":{\"@id\":\"https:\/\/babylove.se\/no\/#website\"},\"primaryImageOfPage\":{\"@id\":\"https:\/\/babylove.se\/no\/produkt\/miau-snovit-byggbar-boucle-lekeplass-med-ballbad-100-baller\/#primaryimage\"},\"image\":{\"@id\":\"https:\/\/babylove.se\/no\/produkt\/miau-snovit-byggbar-boucle-lekeplass-med-ballbad-100-baller\/#primaryimage\"},\"thumbnailUrl\":\"https:\/\/babylove.se\/no\/wp-content\/uploads\/sites\/3\/2025\/07\/643f895206a50.jpeg\",\"datePublished\":\"2025-07-19T10:40:07+00:00\",\"dateModified\":\"2026-05-11T12:05:27+00:00\",\"breadcrumb\":{\"@id\":\"https:\/\/babylove.se\/no\/produkt\/miau-snovit-byggbar-boucle-lekeplass-med-ballbad-100-baller\/#breadcrumb\"},\"inLanguage\":\"nb-NO\",\"potentialAction\":[{\"@type\":\"ReadAction\",\"target\":[\"https:\/\/babylove.se\/no\/produkt\/miau-snovit-byggbar-boucle-lekeplass-med-ballbad-100-baller\/\"]}]},{\"@type\":\"ImageObject\",\"inLanguage\":\"nb-NO\",\"@id\":\"https:\/\/babylove.se\/no\/produkt\/miau-snovit-byggbar-boucle-lekeplass-med-ballbad-100-baller\/#primaryimage\",\"url\":\"https:\/\/babylove.se\/no\/wp-content\/uploads\/sites\/3\/2025\/07\/643f895206a50.jpeg\",\"contentUrl\":\"https:\/\/babylove.se\/no\/wp-content\/uploads\/sites\/3\/2025\/07\/643f895206a50.jpeg\",\"width\":2000,\"height\":2000},{\"@type\":\"BreadcrumbList\",\"@id\":\"https:\/\/babylove.se\/no\/produkt\/miau-snovit-byggbar-boucle-lekeplass-med-ballbad-100-baller\/#breadcrumb\",\"itemListElement\":[{\"@type\":\"ListItem\",\"position\":1,\"name\":\"Hem\",\"item\":\"https:\/\/babylove.se\/no\/\"},{\"@type\":\"ListItem\",\"position\":2,\"name\":\"Butik\",\"item\":\"https:\/\/babylove.se\/no\/butik\/\"},{\"@type\":\"ListItem\",\"position\":3,\"name\":\"Meow, Snehvit byggbar boucle lekeplass med ballbasseng, 100 baller\"}]},{\"@type\":\"WebSite\",\"@id\":\"https:\/\/babylove.se\/no\/#website\",\"url\":\"https:\/\/babylove.se\/no\/\",\"name\":\"Babylove Norska\",\"description\":\"\",\"potentialAction\":[{\"@type\":\"SearchAction\",\"target\":{\"@type\":\"EntryPoint\",\"urlTemplate\":\"https:\/\/babylove.se\/no\/?s={search_term_string}\"},\"query-input\":{\"@type\":\"PropertyValueSpecification\",\"valueRequired\":true,\"valueName\":\"search_term_string\"}}],\"inLanguage\":\"nb-NO\"}]}<\/script>\n<meta property=\"product:brand\" content=\"Meow\" \/>\n<meta property=\"og:availability\" content=\"out of stock\" \/>\n<meta property=\"product:availability\" content=\"out of stock\" \/>\n<meta property=\"product:retailer_item_id\" content=\"KR00052IE\" \/>\n<meta property=\"product:condition\" content=\"new\" \/>\n<!-- \/ Yoast SEO Premium plugin. -->","yoast_head_json":{"title":"Meow, Snehvit byggbar boucle lekeplass med ballbasseng, 100 baller - Babylove Norska","robots":{"index":"noindex","follow":"follow","max-snippet":"max-snippet:-1","max-image-preview":"max-image-preview:large","max-video-preview":"max-video-preview:-1"},"og_locale":"nb_NO","og_type":"article","og_title":"Meow, Snehvit byggbar boucle lekeplass med ballbasseng, 100 baller","og_description":"En fantastisk konstellasjon i form av 4 store byggeklosser som man kan sette sammen til en egen rutsjebane eller hinderl\u00f8ype med ballhav. Sv\u00e6rt popul\u00e6r blant de sm\u00e5, da byggeleken vil bli ekstra morsom og kreativ. Putene er selvf\u00f8lgelig myke, slik at barnet ditt skal kunne ha det riktig g\u00f8y med dem, uten harde, slemme kanter [&hellip;]","og_url":"https:\/\/babylove.se\/no\/produkt\/miau-snovit-byggbar-boucle-lekeplass-med-ballbad-100-baller\/","og_site_name":"Babylove Norska","article_modified_time":"2026-05-11T12:05:27+00:00","og_image":[{"width":2000,"height":2000,"url":"https:\/\/babylove.se\/no\/wp-content\/uploads\/sites\/3\/2025\/07\/643f895206a50.jpeg","type":"image\/jpeg"}],"twitter_card":"summary_large_image","twitter_misc":{"Availability":"Out of stock"},"schema":{"@context":"https:\/\/schema.org","@graph":[{"@type":"WebPage","@id":"https:\/\/babylove.se\/no\/produkt\/miau-snovit-byggbar-boucle-lekeplass-med-ballbad-100-baller\/","url":"https:\/\/babylove.se\/no\/produkt\/miau-snovit-byggbar-boucle-lekeplass-med-ballbad-100-baller\/","name":"Meow, Snehvit byggbar boucle lekeplass med ballbasseng, 100 baller - Babylove Norska","isPartOf":{"@id":"https:\/\/babylove.se\/no\/#website"},"primaryImageOfPage":{"@id":"https:\/\/babylove.se\/no\/produkt\/miau-snovit-byggbar-boucle-lekeplass-med-ballbad-100-baller\/#primaryimage"},"image":{"@id":"https:\/\/babylove.se\/no\/produkt\/miau-snovit-byggbar-boucle-lekeplass-med-ballbad-100-baller\/#primaryimage"},"thumbnailUrl":"https:\/\/babylove.se\/no\/wp-content\/uploads\/sites\/3\/2025\/07\/643f895206a50.jpeg","datePublished":"2025-07-19T10:40:07+00:00","dateModified":"2026-05-11T12:05:27+00:00","breadcrumb":{"@id":"https:\/\/babylove.se\/no\/produkt\/miau-snovit-byggbar-boucle-lekeplass-med-ballbad-100-baller\/#breadcrumb"},"inLanguage":"nb-NO","potentialAction":[{"@type":"ReadAction","target":["https:\/\/babylove.se\/no\/produkt\/miau-snovit-byggbar-boucle-lekeplass-med-ballbad-100-baller\/"]}]},{"@type":"ImageObject","inLanguage":"nb-NO","@id":"https:\/\/babylove.se\/no\/produkt\/miau-snovit-byggbar-boucle-lekeplass-med-ballbad-100-baller\/#primaryimage","url":"https:\/\/babylove.se\/no\/wp-content\/uploads\/sites\/3\/2025\/07\/643f895206a50.jpeg","contentUrl":"https:\/\/babylove.se\/no\/wp-content\/uploads\/sites\/3\/2025\/07\/643f895206a50.jpeg","width":2000,"height":2000},{"@type":"BreadcrumbList","@id":"https:\/\/babylove.se\/no\/produkt\/miau-snovit-byggbar-boucle-lekeplass-med-ballbad-100-baller\/#breadcrumb","itemListElement":[{"@type":"ListItem","position":1,"name":"Hem","item":"https:\/\/babylove.se\/no\/"},{"@type":"ListItem","position":2,"name":"Butik","item":"https:\/\/babylove.se\/no\/butik\/"},{"@type":"ListItem","position":3,"name":"Meow, Snehvit byggbar boucle lekeplass med ballbasseng, 100 baller"}]},{"@type":"WebSite","@id":"https:\/\/babylove.se\/no\/#website","url":"https:\/\/babylove.se\/no\/","name":"Babylove Norska","description":"","potentialAction":[{"@type":"SearchAction","target":{"@type":"EntryPoint","urlTemplate":"https:\/\/babylove.se\/no\/?s={search_term_string}"},"query-input":{"@type":"PropertyValueSpecification","valueRequired":true,"valueName":"search_term_string"}}],"inLanguage":"nb-NO"}]},"product_brand":"Meow","og_availability":"out of stock","product_availability":"out of stock","product_retailer_item_id":"KR00052IE","product_condition":"new"},"_links":{"self":[{"href":"https:\/\/babylove.se\/no\/wp-json\/wp\/v2\/product\/51875","targetHints":{"allow":["GET"]}}],"collection":[{"href":"https:\/\/babylove.se\/no\/wp-json\/wp\/v2\/product"}],"about":[{"href":"https:\/\/babylove.se\/no\/wp-json\/wp\/v2\/types\/product"}],"replies":[{"embeddable":true,"href":"https:\/\/babylove.se\/no\/wp-json\/wp\/v2\/comments?post=51875"}],"wp:featuredmedia":[{"embeddable":true,"href":"https:\/\/babylove.se\/no\/wp-json\/wp\/v2\/media\/51877"}],"wp:attachment":[{"href":"https:\/\/babylove.se\/no\/wp-json\/wp\/v2\/media?parent=51875"}],"wp:term":[{"taxonomy":"product_brand","embeddable":true,"href":"https:\/\/babylove.se\/no\/wp-json\/wp\/v2\/product_brand?post=51875"},{"taxonomy":"product_cat","embeddable":true,"href":"https:\/\/babylove.se\/no\/wp-json\/wp\/v2\/product_cat?post=51875"},{"taxonomy":"product_tag","embeddable":true,"href":"https:\/\/babylove.se\/no\/wp-json\/wp\/v2\/product_tag?post=51875"}],"curies":[{"name":"wp","href":"https:\/\/api.w.org\/{rel}","templated":true}]}}