{"id":51888,"date":"2025-07-19T11:40:24","date_gmt":"2025-07-19T10:40:24","guid":{"rendered":"https:\/\/babylove.se\/produkt\/meow-byggbar-rutschkana-lekplats-boucle-snovit\/"},"modified":"2026-04-08T13:30:25","modified_gmt":"2026-04-08T12:30:25","slug":"mjau-byggbar-rutsjebane-lekeplass-boucle-snohvit","status":"publish","type":"product","link":"https:\/\/babylove.se\/no\/produkt\/mjau-byggbar-rutsjebane-lekeplass-boucle-snohvit\/","title":{"rendered":"Mjau, Byggbar rutsjebane lekeplass boucle, sn\u00f8hvit"},"content":{"rendered":"<p>En fantastisk konstellasjon i form av store byggeklosser som man kan sette sammen til en egen rutsjebane eller hinderbane i hjemmet. Sv\u00e6rt verdsatt av de sm\u00e5, da byggjeleken vil bli ekstra morsom og kreativ.<\/p>\n<p>Putene er selvf\u00f8lgelig myke, slik at ditt barn skal kunne ha ordentlig g\u00f8y med dem, uten harde, slemme kanter som kan \u00f8delegge leken. Superbra produkt for \u00e5 trene ditt barns motorikk og kreativitet p\u00e5 samme tid.<\/p>\n<p>De forskjellige modulene kan brukes hver for seg som for eksempel sitteputt eller lenestol.<\/p>\n<p>Anbefalt alder: 1-3 \u00e5r<\/p>\n<p><strong>Info<\/strong>:<\/p>\n<ul>\n<li>Velg mellom sett med 3 eller 4 byggeklosser.&nbsp;<\/li>\n<li>Settet med 3 byggeklosser inneholder en trekant, et trappetrinn og en halvrund modul.&nbsp;<\/li>\n<li>Settet med 4 byggeklosser inneholder en ytterligere halvrund modul.<\/li>\n<\/ul>\n<p data-empty=\"true\"><strong>M\u00e5l<\/strong>:&nbsp;<\/p>\n<ul>\n<li>Bredde for samtlige moduler: 45 cm<\/li>\n<li>H\u00f8yde p\u00e5 den h\u00f8yeste modulen: 35 cm<\/li>\n<li>Totallengde sett med 3 moduler: 147 cm<\/li>\n<li>Totallengde sett med 4 moduler: 200 cm<\/li>\n<li>Lengde trekant: 60 cm<\/li>\n<\/ul>\n<p data-empty=\"true\"><strong>Materiale<\/strong>:&nbsp;<\/p>\n<ul>\n<li data-empty=\"true\">Overtrekk: boucl\u00e9. Du holder enkelt etter hygienen da overtrekket er vaskbart.<\/li>\n<li data-empty=\"true\">Fyll: antiallergisk skum.<\/li>\n<\/ul>\n<p data-empty=\"true\">Designer: <a href=\"https:\/\/babylove.se\/varumarken\/meow\">Meow<\/a><\/p>\n<p data-empty=\"true\"><em>Obs! La aldri ditt barn v\u00e6re uten tilsyn n\u00e5r det leker!<\/em><\/p>\n","protected":false},"excerpt":{"rendered":"<p>En fantastisk konstellasjon i form av store byggeklosser som man kan sette sammen til en egen rutsjebane eller hinderbane i hjemmet. Sv\u00e6rt verdsatt av de sm\u00e5, da byggjeleken vil bli ekstra morsom og kreativ. Putene er selvf\u00f8lgelig myke, slik at ditt barn skal kunne ha ordentlig g\u00f8y med dem, uten harde, slemme kanter som kan [&hellip;]<\/p>\n","protected":false},"featured_media":51890,"comment_status":"closed","ping_status":"open","template":"","meta":{"_acf_changed":false},"product_brand":[774],"product_cat":[775,204,203],"product_tag":[1689],"class_list":{"0":"post-51888","1":"product","2":"type-product","3":"status-publish","4":"has-post-thumbnail","6":"product_brand-meow","7":"product_cat-meow","8":"product_cat-motoriske-barnmobler","9":"product_cat-rutsjebaner","10":"product_tag-bestillingsvaror","11":"pa_antal-moduler-3-byggklossar","12":"pa_antal-moduler-4-byggklossar","14":"first","15":"outofstock","16":"taxable","17":"shipping-taxable","18":"purchasable","19":"product-type-variable"},"acf":[],"yoast_head":"<!-- This site is optimized with the Yoast SEO Premium plugin v25.8 (Yoast SEO v27.2) - https:\/\/yoast.com\/product\/yoast-seo-premium-wordpress\/ -->\n<title>Mjau, Byggbar rutsjebane lekeplass boucle, sn\u00f8hvit - Babylove Norska<\/title>\n<meta name=\"robots\" content=\"noindex, follow, max-snippet:-1, max-image-preview:large, max-video-preview:-1\" \/>\n<meta property=\"og:locale\" content=\"nb_NO\" \/>\n<meta property=\"og:type\" content=\"article\" \/>\n<meta property=\"og:title\" content=\"Mjau, Byggbar rutsjebane lekeplass boucle, sn\u00f8hvit\" \/>\n<meta property=\"og:description\" content=\"En fantastisk konstellasjon i form av store byggeklosser som man kan sette sammen til en egen rutsjebane eller hinderbane i hjemmet. Sv\u00e6rt verdsatt av de sm\u00e5, da byggjeleken vil bli ekstra morsom og kreativ. Putene er selvf\u00f8lgelig myke, slik at ditt barn skal kunne ha ordentlig g\u00f8y med dem, uten harde, slemme kanter som kan [&hellip;]\" \/>\n<meta property=\"og:url\" content=\"https:\/\/babylove.se\/no\/produkt\/mjau-byggbar-rutsjebane-lekeplass-boucle-snohvit\/\" \/>\n<meta property=\"og:site_name\" content=\"Babylove Norska\" \/>\n<meta property=\"article:modified_time\" content=\"2026-04-08T12:30:25+00:00\" \/>\n<meta property=\"og:image\" content=\"https:\/\/babylove.se\/no\/wp-content\/uploads\/sites\/3\/2025\/07\/643f8ea5e1c71.jpeg\" \/>\n\t<meta property=\"og:image:width\" content=\"2000\" \/>\n\t<meta property=\"og:image:height\" content=\"2000\" \/>\n\t<meta property=\"og:image:type\" content=\"image\/jpeg\" \/>\n<meta name=\"twitter:card\" content=\"summary_large_image\" \/>\n<meta name=\"twitter:label1\" content=\"Availability\" \/>\n\t<meta name=\"twitter:data1\" content=\"Out of stock\" \/>\n<script type=\"application\/ld+json\" class=\"yoast-schema-graph\">{\"@context\":\"https:\/\/schema.org\",\"@graph\":[{\"@type\":\"WebPage\",\"@id\":\"https:\/\/babylove.se\/no\/produkt\/mjau-byggbar-rutsjebane-lekeplass-boucle-snohvit\/\",\"url\":\"https:\/\/babylove.se\/no\/produkt\/mjau-byggbar-rutsjebane-lekeplass-boucle-snohvit\/\",\"name\":\"Mjau, Byggbar rutsjebane lekeplass boucle, sn\u00f8hvit - Babylove Norska\",\"isPartOf\":{\"@id\":\"https:\/\/babylove.se\/no\/#website\"},\"primaryImageOfPage\":{\"@id\":\"https:\/\/babylove.se\/no\/produkt\/mjau-byggbar-rutsjebane-lekeplass-boucle-snohvit\/#primaryimage\"},\"image\":{\"@id\":\"https:\/\/babylove.se\/no\/produkt\/mjau-byggbar-rutsjebane-lekeplass-boucle-snohvit\/#primaryimage\"},\"thumbnailUrl\":\"https:\/\/babylove.se\/no\/wp-content\/uploads\/sites\/3\/2025\/07\/643f8ea5e1c71.jpeg\",\"datePublished\":\"2025-07-19T10:40:24+00:00\",\"dateModified\":\"2026-04-08T12:30:25+00:00\",\"breadcrumb\":{\"@id\":\"https:\/\/babylove.se\/no\/produkt\/mjau-byggbar-rutsjebane-lekeplass-boucle-snohvit\/#breadcrumb\"},\"inLanguage\":\"nb-NO\",\"potentialAction\":[{\"@type\":\"ReadAction\",\"target\":[\"https:\/\/babylove.se\/no\/produkt\/mjau-byggbar-rutsjebane-lekeplass-boucle-snohvit\/\"]}]},{\"@type\":\"ImageObject\",\"inLanguage\":\"nb-NO\",\"@id\":\"https:\/\/babylove.se\/no\/produkt\/mjau-byggbar-rutsjebane-lekeplass-boucle-snohvit\/#primaryimage\",\"url\":\"https:\/\/babylove.se\/no\/wp-content\/uploads\/sites\/3\/2025\/07\/643f8ea5e1c71.jpeg\",\"contentUrl\":\"https:\/\/babylove.se\/no\/wp-content\/uploads\/sites\/3\/2025\/07\/643f8ea5e1c71.jpeg\",\"width\":2000,\"height\":2000},{\"@type\":\"BreadcrumbList\",\"@id\":\"https:\/\/babylove.se\/no\/produkt\/mjau-byggbar-rutsjebane-lekeplass-boucle-snohvit\/#breadcrumb\",\"itemListElement\":[{\"@type\":\"ListItem\",\"position\":1,\"name\":\"Hem\",\"item\":\"https:\/\/babylove.se\/no\/\"},{\"@type\":\"ListItem\",\"position\":2,\"name\":\"Butik\",\"item\":\"https:\/\/babylove.se\/no\/butik\/\"},{\"@type\":\"ListItem\",\"position\":3,\"name\":\"Mjau, Byggbar rutsjebane lekeplass boucle, sn\u00f8hvit\"}]},{\"@type\":\"WebSite\",\"@id\":\"https:\/\/babylove.se\/no\/#website\",\"url\":\"https:\/\/babylove.se\/no\/\",\"name\":\"Babylove Norska\",\"description\":\"\",\"potentialAction\":[{\"@type\":\"SearchAction\",\"target\":{\"@type\":\"EntryPoint\",\"urlTemplate\":\"https:\/\/babylove.se\/no\/?s={search_term_string}\"},\"query-input\":{\"@type\":\"PropertyValueSpecification\",\"valueRequired\":true,\"valueName\":\"search_term_string\"}}],\"inLanguage\":\"nb-NO\"}]}<\/script>\n<meta property=\"product:brand\" content=\"Meow\" \/>\n<meta property=\"og:availability\" content=\"out of stock\" \/>\n<meta property=\"product:availability\" content=\"out of stock\" \/>\n<meta property=\"product:retailer_item_id\" content=\"KR3EL0050IE\" \/>\n<meta property=\"product:condition\" content=\"new\" \/>\n<!-- \/ Yoast SEO Premium plugin. -->","yoast_head_json":{"title":"Mjau, Byggbar rutsjebane lekeplass boucle, sn\u00f8hvit - Babylove Norska","robots":{"index":"noindex","follow":"follow","max-snippet":"max-snippet:-1","max-image-preview":"max-image-preview:large","max-video-preview":"max-video-preview:-1"},"og_locale":"nb_NO","og_type":"article","og_title":"Mjau, Byggbar rutsjebane lekeplass boucle, sn\u00f8hvit","og_description":"En fantastisk konstellasjon i form av store byggeklosser som man kan sette sammen til en egen rutsjebane eller hinderbane i hjemmet. Sv\u00e6rt verdsatt av de sm\u00e5, da byggjeleken vil bli ekstra morsom og kreativ. Putene er selvf\u00f8lgelig myke, slik at ditt barn skal kunne ha ordentlig g\u00f8y med dem, uten harde, slemme kanter som kan [&hellip;]","og_url":"https:\/\/babylove.se\/no\/produkt\/mjau-byggbar-rutsjebane-lekeplass-boucle-snohvit\/","og_site_name":"Babylove Norska","article_modified_time":"2026-04-08T12:30:25+00:00","og_image":[{"width":2000,"height":2000,"url":"https:\/\/babylove.se\/no\/wp-content\/uploads\/sites\/3\/2025\/07\/643f8ea5e1c71.jpeg","type":"image\/jpeg"}],"twitter_card":"summary_large_image","twitter_misc":{"Availability":"Out of stock"},"schema":{"@context":"https:\/\/schema.org","@graph":[{"@type":"WebPage","@id":"https:\/\/babylove.se\/no\/produkt\/mjau-byggbar-rutsjebane-lekeplass-boucle-snohvit\/","url":"https:\/\/babylove.se\/no\/produkt\/mjau-byggbar-rutsjebane-lekeplass-boucle-snohvit\/","name":"Mjau, Byggbar rutsjebane lekeplass boucle, sn\u00f8hvit - Babylove Norska","isPartOf":{"@id":"https:\/\/babylove.se\/no\/#website"},"primaryImageOfPage":{"@id":"https:\/\/babylove.se\/no\/produkt\/mjau-byggbar-rutsjebane-lekeplass-boucle-snohvit\/#primaryimage"},"image":{"@id":"https:\/\/babylove.se\/no\/produkt\/mjau-byggbar-rutsjebane-lekeplass-boucle-snohvit\/#primaryimage"},"thumbnailUrl":"https:\/\/babylove.se\/no\/wp-content\/uploads\/sites\/3\/2025\/07\/643f8ea5e1c71.jpeg","datePublished":"2025-07-19T10:40:24+00:00","dateModified":"2026-04-08T12:30:25+00:00","breadcrumb":{"@id":"https:\/\/babylove.se\/no\/produkt\/mjau-byggbar-rutsjebane-lekeplass-boucle-snohvit\/#breadcrumb"},"inLanguage":"nb-NO","potentialAction":[{"@type":"ReadAction","target":["https:\/\/babylove.se\/no\/produkt\/mjau-byggbar-rutsjebane-lekeplass-boucle-snohvit\/"]}]},{"@type":"ImageObject","inLanguage":"nb-NO","@id":"https:\/\/babylove.se\/no\/produkt\/mjau-byggbar-rutsjebane-lekeplass-boucle-snohvit\/#primaryimage","url":"https:\/\/babylove.se\/no\/wp-content\/uploads\/sites\/3\/2025\/07\/643f8ea5e1c71.jpeg","contentUrl":"https:\/\/babylove.se\/no\/wp-content\/uploads\/sites\/3\/2025\/07\/643f8ea5e1c71.jpeg","width":2000,"height":2000},{"@type":"BreadcrumbList","@id":"https:\/\/babylove.se\/no\/produkt\/mjau-byggbar-rutsjebane-lekeplass-boucle-snohvit\/#breadcrumb","itemListElement":[{"@type":"ListItem","position":1,"name":"Hem","item":"https:\/\/babylove.se\/no\/"},{"@type":"ListItem","position":2,"name":"Butik","item":"https:\/\/babylove.se\/no\/butik\/"},{"@type":"ListItem","position":3,"name":"Mjau, Byggbar rutsjebane lekeplass boucle, sn\u00f8hvit"}]},{"@type":"WebSite","@id":"https:\/\/babylove.se\/no\/#website","url":"https:\/\/babylove.se\/no\/","name":"Babylove Norska","description":"","potentialAction":[{"@type":"SearchAction","target":{"@type":"EntryPoint","urlTemplate":"https:\/\/babylove.se\/no\/?s={search_term_string}"},"query-input":{"@type":"PropertyValueSpecification","valueRequired":true,"valueName":"search_term_string"}}],"inLanguage":"nb-NO"}]},"product_brand":"Meow","og_availability":"out of stock","product_availability":"out of stock","product_retailer_item_id":"KR3EL0050IE","product_condition":"new"},"_links":{"self":[{"href":"https:\/\/babylove.se\/no\/wp-json\/wp\/v2\/product\/51888","targetHints":{"allow":["GET"]}}],"collection":[{"href":"https:\/\/babylove.se\/no\/wp-json\/wp\/v2\/product"}],"about":[{"href":"https:\/\/babylove.se\/no\/wp-json\/wp\/v2\/types\/product"}],"replies":[{"embeddable":true,"href":"https:\/\/babylove.se\/no\/wp-json\/wp\/v2\/comments?post=51888"}],"wp:featuredmedia":[{"embeddable":true,"href":"https:\/\/babylove.se\/no\/wp-json\/wp\/v2\/media\/51890"}],"wp:attachment":[{"href":"https:\/\/babylove.se\/no\/wp-json\/wp\/v2\/media?parent=51888"}],"wp:term":[{"taxonomy":"product_brand","embeddable":true,"href":"https:\/\/babylove.se\/no\/wp-json\/wp\/v2\/product_brand?post=51888"},{"taxonomy":"product_cat","embeddable":true,"href":"https:\/\/babylove.se\/no\/wp-json\/wp\/v2\/product_cat?post=51888"},{"taxonomy":"product_tag","embeddable":true,"href":"https:\/\/babylove.se\/no\/wp-json\/wp\/v2\/product_tag?post=51888"}],"curies":[{"name":"wp","href":"https:\/\/api.w.org\/{rel}","templated":true}]}}