{"id":51918,"date":"2025-07-19T11:40:57","date_gmt":"2025-07-19T10:40:57","guid":{"rendered":"https:\/\/babylove.se\/produkt\/meow-rosa-byggbar-boucle-lekplats-med-bollhav-200-bollar\/"},"modified":"2026-04-08T13:30:34","modified_gmt":"2026-04-08T12:30:34","slug":"mjau-rosa-byggbar-boucle-lekeplass-med-ballbad-200-baller","status":"publish","type":"product","link":"https:\/\/babylove.se\/no\/produkt\/mjau-rosa-byggbar-boucle-lekeplass-med-ballbad-200-baller\/","title":{"rendered":"Meow, Rosa byggbar boucle lekeplass med ballbasseng, 200 baller"},"content":{"rendered":"<p>En fantastisk konstellasjon i form av 3 store byggeklosser som man kan sette sammen til en egen rutsjebane eller hinderbane og et ballbasseng. Meget verdsatt av de sm\u00e5, da byggeleken kommer til \u00e5 bli ekstra g\u00f8y og kreativ.<\/p>\n<p>Putene er selvf\u00f8lgelig myke, slik at barnet ditt skal kunne ha det riktig g\u00f8y med dem, uten harde, slemme kanter som kan \u00f8delegge leken. Superbra produkt for \u00e5 trene barnets motorikk og kreativitet p\u00e5 samme tid.<\/p>\n<p>De forskjellige modulene kan brukes separat som for eksempel sittepotet eller lenestol.<\/p>\n<p>Anbefalt alder: 1-3 \u00e5r<\/p>\n<p><strong>Info<\/strong>:<\/p>\n<ul>\n<li>Totalt inng\u00e5r 200 stk baller.&nbsp;<\/li>\n<li>Velg mellom forskjellige farger p\u00e5 ballene.<\/li>\n<\/ul>\n<p data-empty=\"true\"><strong>M\u00e5l<\/strong>:&nbsp;<\/p>\n<ul>\n<li>Bredde for samtlige moduler: 45 cm<\/li>\n<li>H\u00f8yde p\u00e5 den h\u00f8yeste modulen: 35 cm<\/li>\n<li>Ballbasseng: 90 x 30 cm<\/li>\n<li>Lengde trekant: 60 cm<\/li>\n<\/ul>\n<p data-empty=\"true\"><strong>Materiale<\/strong>:&nbsp;<\/p>\n<ul>\n<li data-empty=\"true\">Overtrekk: 77% bomull, 23% polyester. Kan maskinvaskes p\u00e5 h\u00f8yst 30 \u00b0C<\/li>\n<li data-empty=\"true\">Fyll: antiallergisk skum.<\/li>\n<\/ul>\n<p data-empty=\"true\">Designer: <a href=\"https:\/\/babylove.se\/varumarken\/meow\">Meow<\/a><\/p>\n<p data-empty=\"true\"><em>Obs! La aldri barnet ditt v\u00e6re uten tilsyn n\u00e5r det leker!<\/em><\/p>\n","protected":false},"excerpt":{"rendered":"<p>En fantastisk konstellasjon i form av 3 store byggeklosser som man kan sette sammen til en egen rutsjebane eller hinderbane og et ballbasseng. Meget verdsatt av de sm\u00e5, da byggeleken kommer til \u00e5 bli ekstra g\u00f8y og kreativ. Putene er selvf\u00f8lgelig myke, slik at barnet ditt skal kunne ha det riktig g\u00f8y med dem, uten [&hellip;]<\/p>\n","protected":false},"featured_media":51920,"comment_status":"closed","ping_status":"open","template":"","meta":{"_acf_changed":false},"product_brand":[774],"product_cat":[667,775,204,203],"product_tag":[1689],"class_list":{"0":"post-51918","1":"product","2":"type-product","3":"status-publish","4":"has-post-thumbnail","6":"product_brand-meow","7":"product_cat-ballhav","8":"product_cat-meow","9":"product_cat-motoriske-barnmobler","10":"product_cat-rutsjebaner","11":"product_tag-bestillingsvaror","12":"pa_farg-pa-bollarna-guld-beige-vit-transparent","13":"pa_farg-pa-bollarna-vit","14":"pa_farg-pa-bollarna-pastellrosa","15":"pa_farg-pa-bollarna-transparent-vit","17":"first","18":"outofstock","19":"taxable","20":"shipping-taxable","21":"purchasable","22":"product-type-variable"},"acf":[],"yoast_head":"<!-- This site is optimized with the Yoast SEO Premium plugin v25.8 (Yoast SEO v27.2) - https:\/\/yoast.com\/product\/yoast-seo-premium-wordpress\/ -->\n<title>Meow, Rosa byggbar boucle lekeplass med ballbasseng, 200 baller - Babylove Norska<\/title>\n<meta name=\"robots\" content=\"noindex, follow, max-snippet:-1, max-image-preview:large, max-video-preview:-1\" \/>\n<meta property=\"og:locale\" content=\"nb_NO\" \/>\n<meta property=\"og:type\" content=\"article\" \/>\n<meta property=\"og:title\" content=\"Meow, Rosa byggbar boucle lekeplass med ballbasseng, 200 baller\" \/>\n<meta property=\"og:description\" content=\"En fantastisk konstellasjon i form av 3 store byggeklosser som man kan sette sammen til en egen rutsjebane eller hinderbane og et ballbasseng. Meget verdsatt av de sm\u00e5, da byggeleken kommer til \u00e5 bli ekstra g\u00f8y og kreativ. Putene er selvf\u00f8lgelig myke, slik at barnet ditt skal kunne ha det riktig g\u00f8y med dem, uten [&hellip;]\" \/>\n<meta property=\"og:url\" content=\"https:\/\/babylove.se\/no\/produkt\/mjau-rosa-byggbar-boucle-lekeplass-med-ballbad-200-baller\/\" \/>\n<meta property=\"og:site_name\" content=\"Babylove Norska\" \/>\n<meta property=\"article:modified_time\" content=\"2026-04-08T12:30:34+00:00\" \/>\n<meta property=\"og:image\" content=\"https:\/\/babylove.se\/no\/wp-content\/uploads\/sites\/3\/2025\/07\/643f9c3ddd8fb.jpeg\" \/>\n\t<meta property=\"og:image:width\" content=\"800\" \/>\n\t<meta property=\"og:image:height\" content=\"800\" \/>\n\t<meta property=\"og:image:type\" content=\"image\/jpeg\" \/>\n<meta name=\"twitter:card\" content=\"summary_large_image\" \/>\n<meta name=\"twitter:label1\" content=\"Availability\" \/>\n\t<meta name=\"twitter:data1\" content=\"Out of stock\" \/>\n<script type=\"application\/ld+json\" class=\"yoast-schema-graph\">{\"@context\":\"https:\/\/schema.org\",\"@graph\":[{\"@type\":\"WebPage\",\"@id\":\"https:\/\/babylove.se\/no\/produkt\/mjau-rosa-byggbar-boucle-lekeplass-med-ballbad-200-baller\/\",\"url\":\"https:\/\/babylove.se\/no\/produkt\/mjau-rosa-byggbar-boucle-lekeplass-med-ballbad-200-baller\/\",\"name\":\"Meow, Rosa byggbar boucle lekeplass med ballbasseng, 200 baller - Babylove Norska\",\"isPartOf\":{\"@id\":\"https:\/\/babylove.se\/no\/#website\"},\"primaryImageOfPage\":{\"@id\":\"https:\/\/babylove.se\/no\/produkt\/mjau-rosa-byggbar-boucle-lekeplass-med-ballbad-200-baller\/#primaryimage\"},\"image\":{\"@id\":\"https:\/\/babylove.se\/no\/produkt\/mjau-rosa-byggbar-boucle-lekeplass-med-ballbad-200-baller\/#primaryimage\"},\"thumbnailUrl\":\"https:\/\/babylove.se\/no\/wp-content\/uploads\/sites\/3\/2025\/07\/643f9c3ddd8fb.jpeg\",\"datePublished\":\"2025-07-19T10:40:57+00:00\",\"dateModified\":\"2026-04-08T12:30:34+00:00\",\"breadcrumb\":{\"@id\":\"https:\/\/babylove.se\/no\/produkt\/mjau-rosa-byggbar-boucle-lekeplass-med-ballbad-200-baller\/#breadcrumb\"},\"inLanguage\":\"nb-NO\",\"potentialAction\":[{\"@type\":\"ReadAction\",\"target\":[\"https:\/\/babylove.se\/no\/produkt\/mjau-rosa-byggbar-boucle-lekeplass-med-ballbad-200-baller\/\"]}]},{\"@type\":\"ImageObject\",\"inLanguage\":\"nb-NO\",\"@id\":\"https:\/\/babylove.se\/no\/produkt\/mjau-rosa-byggbar-boucle-lekeplass-med-ballbad-200-baller\/#primaryimage\",\"url\":\"https:\/\/babylove.se\/no\/wp-content\/uploads\/sites\/3\/2025\/07\/643f9c3ddd8fb.jpeg\",\"contentUrl\":\"https:\/\/babylove.se\/no\/wp-content\/uploads\/sites\/3\/2025\/07\/643f9c3ddd8fb.jpeg\",\"width\":800,\"height\":800},{\"@type\":\"BreadcrumbList\",\"@id\":\"https:\/\/babylove.se\/no\/produkt\/mjau-rosa-byggbar-boucle-lekeplass-med-ballbad-200-baller\/#breadcrumb\",\"itemListElement\":[{\"@type\":\"ListItem\",\"position\":1,\"name\":\"Hem\",\"item\":\"https:\/\/babylove.se\/no\/\"},{\"@type\":\"ListItem\",\"position\":2,\"name\":\"Butik\",\"item\":\"https:\/\/babylove.se\/no\/butik\/\"},{\"@type\":\"ListItem\",\"position\":3,\"name\":\"Meow, Rosa byggbar boucle lekeplass med ballbasseng, 200 baller\"}]},{\"@type\":\"WebSite\",\"@id\":\"https:\/\/babylove.se\/no\/#website\",\"url\":\"https:\/\/babylove.se\/no\/\",\"name\":\"Babylove Norska\",\"description\":\"\",\"potentialAction\":[{\"@type\":\"SearchAction\",\"target\":{\"@type\":\"EntryPoint\",\"urlTemplate\":\"https:\/\/babylove.se\/no\/?s={search_term_string}\"},\"query-input\":{\"@type\":\"PropertyValueSpecification\",\"valueRequired\":true,\"valueName\":\"search_term_string\"}}],\"inLanguage\":\"nb-NO\"}]}<\/script>\n<meta property=\"product:brand\" content=\"Meow\" \/>\n<meta property=\"og:availability\" content=\"out of stock\" \/>\n<meta property=\"product:availability\" content=\"out of stock\" \/>\n<meta property=\"product:retailer_item_id\" content=\"KR3BEL0162IE\" \/>\n<meta property=\"product:condition\" content=\"new\" \/>\n<!-- \/ Yoast SEO Premium plugin. -->","yoast_head_json":{"title":"Meow, Rosa byggbar boucle lekeplass med ballbasseng, 200 baller - Babylove Norska","robots":{"index":"noindex","follow":"follow","max-snippet":"max-snippet:-1","max-image-preview":"max-image-preview:large","max-video-preview":"max-video-preview:-1"},"og_locale":"nb_NO","og_type":"article","og_title":"Meow, Rosa byggbar boucle lekeplass med ballbasseng, 200 baller","og_description":"En fantastisk konstellasjon i form av 3 store byggeklosser som man kan sette sammen til en egen rutsjebane eller hinderbane og et ballbasseng. Meget verdsatt av de sm\u00e5, da byggeleken kommer til \u00e5 bli ekstra g\u00f8y og kreativ. Putene er selvf\u00f8lgelig myke, slik at barnet ditt skal kunne ha det riktig g\u00f8y med dem, uten [&hellip;]","og_url":"https:\/\/babylove.se\/no\/produkt\/mjau-rosa-byggbar-boucle-lekeplass-med-ballbad-200-baller\/","og_site_name":"Babylove Norska","article_modified_time":"2026-04-08T12:30:34+00:00","og_image":[{"width":800,"height":800,"url":"https:\/\/babylove.se\/no\/wp-content\/uploads\/sites\/3\/2025\/07\/643f9c3ddd8fb.jpeg","type":"image\/jpeg"}],"twitter_card":"summary_large_image","twitter_misc":{"Availability":"Out of stock"},"schema":{"@context":"https:\/\/schema.org","@graph":[{"@type":"WebPage","@id":"https:\/\/babylove.se\/no\/produkt\/mjau-rosa-byggbar-boucle-lekeplass-med-ballbad-200-baller\/","url":"https:\/\/babylove.se\/no\/produkt\/mjau-rosa-byggbar-boucle-lekeplass-med-ballbad-200-baller\/","name":"Meow, Rosa byggbar boucle lekeplass med ballbasseng, 200 baller - Babylove Norska","isPartOf":{"@id":"https:\/\/babylove.se\/no\/#website"},"primaryImageOfPage":{"@id":"https:\/\/babylove.se\/no\/produkt\/mjau-rosa-byggbar-boucle-lekeplass-med-ballbad-200-baller\/#primaryimage"},"image":{"@id":"https:\/\/babylove.se\/no\/produkt\/mjau-rosa-byggbar-boucle-lekeplass-med-ballbad-200-baller\/#primaryimage"},"thumbnailUrl":"https:\/\/babylove.se\/no\/wp-content\/uploads\/sites\/3\/2025\/07\/643f9c3ddd8fb.jpeg","datePublished":"2025-07-19T10:40:57+00:00","dateModified":"2026-04-08T12:30:34+00:00","breadcrumb":{"@id":"https:\/\/babylove.se\/no\/produkt\/mjau-rosa-byggbar-boucle-lekeplass-med-ballbad-200-baller\/#breadcrumb"},"inLanguage":"nb-NO","potentialAction":[{"@type":"ReadAction","target":["https:\/\/babylove.se\/no\/produkt\/mjau-rosa-byggbar-boucle-lekeplass-med-ballbad-200-baller\/"]}]},{"@type":"ImageObject","inLanguage":"nb-NO","@id":"https:\/\/babylove.se\/no\/produkt\/mjau-rosa-byggbar-boucle-lekeplass-med-ballbad-200-baller\/#primaryimage","url":"https:\/\/babylove.se\/no\/wp-content\/uploads\/sites\/3\/2025\/07\/643f9c3ddd8fb.jpeg","contentUrl":"https:\/\/babylove.se\/no\/wp-content\/uploads\/sites\/3\/2025\/07\/643f9c3ddd8fb.jpeg","width":800,"height":800},{"@type":"BreadcrumbList","@id":"https:\/\/babylove.se\/no\/produkt\/mjau-rosa-byggbar-boucle-lekeplass-med-ballbad-200-baller\/#breadcrumb","itemListElement":[{"@type":"ListItem","position":1,"name":"Hem","item":"https:\/\/babylove.se\/no\/"},{"@type":"ListItem","position":2,"name":"Butik","item":"https:\/\/babylove.se\/no\/butik\/"},{"@type":"ListItem","position":3,"name":"Meow, Rosa byggbar boucle lekeplass med ballbasseng, 200 baller"}]},{"@type":"WebSite","@id":"https:\/\/babylove.se\/no\/#website","url":"https:\/\/babylove.se\/no\/","name":"Babylove Norska","description":"","potentialAction":[{"@type":"SearchAction","target":{"@type":"EntryPoint","urlTemplate":"https:\/\/babylove.se\/no\/?s={search_term_string}"},"query-input":{"@type":"PropertyValueSpecification","valueRequired":true,"valueName":"search_term_string"}}],"inLanguage":"nb-NO"}]},"product_brand":"Meow","og_availability":"out of stock","product_availability":"out of stock","product_retailer_item_id":"KR3BEL0162IE","product_condition":"new"},"_links":{"self":[{"href":"https:\/\/babylove.se\/no\/wp-json\/wp\/v2\/product\/51918","targetHints":{"allow":["GET"]}}],"collection":[{"href":"https:\/\/babylove.se\/no\/wp-json\/wp\/v2\/product"}],"about":[{"href":"https:\/\/babylove.se\/no\/wp-json\/wp\/v2\/types\/product"}],"replies":[{"embeddable":true,"href":"https:\/\/babylove.se\/no\/wp-json\/wp\/v2\/comments?post=51918"}],"wp:featuredmedia":[{"embeddable":true,"href":"https:\/\/babylove.se\/no\/wp-json\/wp\/v2\/media\/51920"}],"wp:attachment":[{"href":"https:\/\/babylove.se\/no\/wp-json\/wp\/v2\/media?parent=51918"}],"wp:term":[{"taxonomy":"product_brand","embeddable":true,"href":"https:\/\/babylove.se\/no\/wp-json\/wp\/v2\/product_brand?post=51918"},{"taxonomy":"product_cat","embeddable":true,"href":"https:\/\/babylove.se\/no\/wp-json\/wp\/v2\/product_cat?post=51918"},{"taxonomy":"product_tag","embeddable":true,"href":"https:\/\/babylove.se\/no\/wp-json\/wp\/v2\/product_tag?post=51918"}],"curies":[{"name":"wp","href":"https:\/\/api.w.org\/{rel}","templated":true}]}}