{"id":51932,"date":"2025-07-19T11:40:57","date_gmt":"2025-07-19T10:40:57","guid":{"rendered":"https:\/\/babylove.se\/produkt\/jabadabado-gosedjur-buddy-bunny-i-presentask\/"},"modified":"2026-04-08T13:30:37","modified_gmt":"2026-04-08T12:30:37","slug":"jabadabado-kosedyr-buddy-bunny-i-gaveske","status":"publish","type":"product","link":"https:\/\/babylove.se\/no\/produkt\/jabadabado-kosedyr-buddy-bunny-i-gaveske\/","title":{"rendered":"JaBaDaBaDo, kosedyr buddy bunny i gaveske"},"content":{"rendered":"<p>En myk og koselig kanin som vil bli ditt barns favoritbamse i mange \u00e5r fremover. <\/p>\n<p>Leveres i en vakker gaveske. Sv\u00e6rt verdsatt bursdagsgave eller d\u00e5psgave! <\/p>\n<p><strong>M\u00e5l<\/strong>: 36 cm <\/p>\n<p><strong>Materiale<\/strong>: Bomull og polyester. <\/p>\n<p>Designer: <a href=\"https:\/\/babylove.se\/varumarken\/jabadabado\">JaBaDaBaDo<\/a><\/p>\n","protected":false},"excerpt":{"rendered":"<p>En myk og koselig kanin som vil bli ditt barns favoritbamse i mange \u00e5r fremover. Leveres i en vakker gaveske. Sv\u00e6rt verdsatt bursdagsgave eller d\u00e5psgave! M\u00e5l: 36 cm Materiale: Bomull og polyester. Designer: JaBaDaBaDo<\/p>\n","protected":false},"featured_media":51934,"comment_status":"closed","ping_status":"closed","template":"","meta":{"_acf_changed":false},"product_brand":[273],"product_cat":[69,90,357,274,813,68,105,40],"product_tag":[],"class_list":{"0":"post-51932","1":"product","2":"type-product","3":"status-publish","4":"has-post-thumbnail","6":"product_brand-jabadabado","7":"product_cat-dukker-tilbehoer","8":"product_cat-dyr","9":"product_cat-gavesett","10":"product_cat-jabadabado","11":"product_cat-kosedyr","12":"product_cat-leker","13":"product_cat-puter","14":"product_cat-soverom-barn","16":"first","17":"instock","18":"taxable","19":"shipping-taxable","20":"purchasable","21":"product-type-simple"},"acf":[],"yoast_head":"<!-- This site is optimized with the Yoast SEO Premium plugin v25.8 (Yoast SEO v27.2) - https:\/\/yoast.com\/product\/yoast-seo-premium-wordpress\/ -->\n<title>JaBaDaBaDo, kosedyr buddy bunny i gaveske - Babylove Norska<\/title>\n<meta name=\"robots\" content=\"noindex, follow, max-snippet:-1, max-image-preview:large, max-video-preview:-1\" \/>\n<meta property=\"og:locale\" content=\"nb_NO\" \/>\n<meta property=\"og:type\" content=\"article\" \/>\n<meta property=\"og:title\" content=\"JaBaDaBaDo, kosedyr buddy bunny i gaveske\" \/>\n<meta property=\"og:description\" content=\"En myk og koselig kanin som vil bli ditt barns favoritbamse i mange \u00e5r fremover. Leveres i en vakker gaveske. Sv\u00e6rt verdsatt bursdagsgave eller d\u00e5psgave! M\u00e5l: 36 cm Materiale: Bomull og polyester. Designer: JaBaDaBaDo\" \/>\n<meta property=\"og:url\" content=\"https:\/\/babylove.se\/no\/produkt\/jabadabado-kosedyr-buddy-bunny-i-gaveske\/\" \/>\n<meta property=\"og:site_name\" content=\"Babylove Norska\" \/>\n<meta property=\"article:modified_time\" content=\"2026-04-08T12:30:37+00:00\" \/>\n<meta property=\"og:image\" content=\"https:\/\/babylove.se\/no\/wp-content\/uploads\/sites\/3\/2025\/07\/64465202cbd4d.jpeg\" \/>\n\t<meta property=\"og:image:width\" content=\"724\" \/>\n\t<meta property=\"og:image:height\" content=\"724\" \/>\n\t<meta property=\"og:image:type\" content=\"image\/jpeg\" \/>\n<meta name=\"twitter:card\" content=\"summary_large_image\" \/>\n<meta name=\"twitter:label1\" content=\"Price\" \/>\n\t<meta name=\"twitter:data1\" content=\"249,00&nbsp;&#107;&#114;\" \/>\n\t<meta name=\"twitter:label2\" content=\"Availability\" \/>\n\t<meta name=\"twitter:data2\" content=\"In stock\" \/>\n<script type=\"application\/ld+json\" class=\"yoast-schema-graph\">{\"@context\":\"https:\/\/schema.org\",\"@graph\":[{\"@type\":\"WebPage\",\"@id\":\"https:\/\/babylove.se\/no\/produkt\/jabadabado-kosedyr-buddy-bunny-i-gaveske\/\",\"url\":\"https:\/\/babylove.se\/no\/produkt\/jabadabado-kosedyr-buddy-bunny-i-gaveske\/\",\"name\":\"JaBaDaBaDo, kosedyr buddy bunny i gaveske - Babylove Norska\",\"isPartOf\":{\"@id\":\"https:\/\/babylove.se\/no\/#website\"},\"primaryImageOfPage\":{\"@id\":\"https:\/\/babylove.se\/no\/produkt\/jabadabado-kosedyr-buddy-bunny-i-gaveske\/#primaryimage\"},\"image\":{\"@id\":\"https:\/\/babylove.se\/no\/produkt\/jabadabado-kosedyr-buddy-bunny-i-gaveske\/#primaryimage\"},\"thumbnailUrl\":\"https:\/\/babylove.se\/no\/wp-content\/uploads\/sites\/3\/2025\/07\/64465202cbd4d.jpeg\",\"datePublished\":\"2025-07-19T10:40:57+00:00\",\"dateModified\":\"2026-04-08T12:30:37+00:00\",\"breadcrumb\":{\"@id\":\"https:\/\/babylove.se\/no\/produkt\/jabadabado-kosedyr-buddy-bunny-i-gaveske\/#breadcrumb\"},\"inLanguage\":\"nb-NO\",\"potentialAction\":[{\"@type\":\"ReadAction\",\"target\":[\"https:\/\/babylove.se\/no\/produkt\/jabadabado-kosedyr-buddy-bunny-i-gaveske\/\"]}]},{\"@type\":\"ImageObject\",\"inLanguage\":\"nb-NO\",\"@id\":\"https:\/\/babylove.se\/no\/produkt\/jabadabado-kosedyr-buddy-bunny-i-gaveske\/#primaryimage\",\"url\":\"https:\/\/babylove.se\/no\/wp-content\/uploads\/sites\/3\/2025\/07\/64465202cbd4d.jpeg\",\"contentUrl\":\"https:\/\/babylove.se\/no\/wp-content\/uploads\/sites\/3\/2025\/07\/64465202cbd4d.jpeg\",\"width\":724,\"height\":724},{\"@type\":\"BreadcrumbList\",\"@id\":\"https:\/\/babylove.se\/no\/produkt\/jabadabado-kosedyr-buddy-bunny-i-gaveske\/#breadcrumb\",\"itemListElement\":[{\"@type\":\"ListItem\",\"position\":1,\"name\":\"Hem\",\"item\":\"https:\/\/babylove.se\/no\/\"},{\"@type\":\"ListItem\",\"position\":2,\"name\":\"Butik\",\"item\":\"https:\/\/babylove.se\/no\/butik\/\"},{\"@type\":\"ListItem\",\"position\":3,\"name\":\"JaBaDaBaDo, kosedyr buddy bunny i gaveske\"}]},{\"@type\":\"WebSite\",\"@id\":\"https:\/\/babylove.se\/no\/#website\",\"url\":\"https:\/\/babylove.se\/no\/\",\"name\":\"Babylove Norska\",\"description\":\"\",\"potentialAction\":[{\"@type\":\"SearchAction\",\"target\":{\"@type\":\"EntryPoint\",\"urlTemplate\":\"https:\/\/babylove.se\/no\/?s={search_term_string}\"},\"query-input\":{\"@type\":\"PropertyValueSpecification\",\"valueRequired\":true,\"valueName\":\"search_term_string\"}}],\"inLanguage\":\"nb-NO\"}]}<\/script>\n<meta property=\"product:brand\" content=\"JaBaDaBaDo\" \/>\n<meta property=\"product:price:amount\" content=\"249.00\" \/>\n<meta property=\"product:price:currency\" content=\"SEK\" \/>\n<meta property=\"og:availability\" content=\"instock\" \/>\n<meta property=\"product:availability\" content=\"instock\" \/>\n<meta property=\"product:retailer_item_id\" content=\"N0184\" \/>\n<meta property=\"product:condition\" content=\"new\" \/>\n<!-- \/ Yoast SEO Premium plugin. -->","yoast_head_json":{"title":"JaBaDaBaDo, kosedyr buddy bunny i gaveske - Babylove Norska","robots":{"index":"noindex","follow":"follow","max-snippet":"max-snippet:-1","max-image-preview":"max-image-preview:large","max-video-preview":"max-video-preview:-1"},"og_locale":"nb_NO","og_type":"article","og_title":"JaBaDaBaDo, kosedyr buddy bunny i gaveske","og_description":"En myk og koselig kanin som vil bli ditt barns favoritbamse i mange \u00e5r fremover. Leveres i en vakker gaveske. Sv\u00e6rt verdsatt bursdagsgave eller d\u00e5psgave! M\u00e5l: 36 cm Materiale: Bomull og polyester. Designer: JaBaDaBaDo","og_url":"https:\/\/babylove.se\/no\/produkt\/jabadabado-kosedyr-buddy-bunny-i-gaveske\/","og_site_name":"Babylove Norska","article_modified_time":"2026-04-08T12:30:37+00:00","og_image":[{"width":724,"height":724,"url":"https:\/\/babylove.se\/no\/wp-content\/uploads\/sites\/3\/2025\/07\/64465202cbd4d.jpeg","type":"image\/jpeg"}],"twitter_card":"summary_large_image","twitter_misc":{"Price":"249,00&nbsp;&#107;&#114;","Availability":"In stock"},"schema":{"@context":"https:\/\/schema.org","@graph":[{"@type":"WebPage","@id":"https:\/\/babylove.se\/no\/produkt\/jabadabado-kosedyr-buddy-bunny-i-gaveske\/","url":"https:\/\/babylove.se\/no\/produkt\/jabadabado-kosedyr-buddy-bunny-i-gaveske\/","name":"JaBaDaBaDo, kosedyr buddy bunny i gaveske - Babylove Norska","isPartOf":{"@id":"https:\/\/babylove.se\/no\/#website"},"primaryImageOfPage":{"@id":"https:\/\/babylove.se\/no\/produkt\/jabadabado-kosedyr-buddy-bunny-i-gaveske\/#primaryimage"},"image":{"@id":"https:\/\/babylove.se\/no\/produkt\/jabadabado-kosedyr-buddy-bunny-i-gaveske\/#primaryimage"},"thumbnailUrl":"https:\/\/babylove.se\/no\/wp-content\/uploads\/sites\/3\/2025\/07\/64465202cbd4d.jpeg","datePublished":"2025-07-19T10:40:57+00:00","dateModified":"2026-04-08T12:30:37+00:00","breadcrumb":{"@id":"https:\/\/babylove.se\/no\/produkt\/jabadabado-kosedyr-buddy-bunny-i-gaveske\/#breadcrumb"},"inLanguage":"nb-NO","potentialAction":[{"@type":"ReadAction","target":["https:\/\/babylove.se\/no\/produkt\/jabadabado-kosedyr-buddy-bunny-i-gaveske\/"]}]},{"@type":"ImageObject","inLanguage":"nb-NO","@id":"https:\/\/babylove.se\/no\/produkt\/jabadabado-kosedyr-buddy-bunny-i-gaveske\/#primaryimage","url":"https:\/\/babylove.se\/no\/wp-content\/uploads\/sites\/3\/2025\/07\/64465202cbd4d.jpeg","contentUrl":"https:\/\/babylove.se\/no\/wp-content\/uploads\/sites\/3\/2025\/07\/64465202cbd4d.jpeg","width":724,"height":724},{"@type":"BreadcrumbList","@id":"https:\/\/babylove.se\/no\/produkt\/jabadabado-kosedyr-buddy-bunny-i-gaveske\/#breadcrumb","itemListElement":[{"@type":"ListItem","position":1,"name":"Hem","item":"https:\/\/babylove.se\/no\/"},{"@type":"ListItem","position":2,"name":"Butik","item":"https:\/\/babylove.se\/no\/butik\/"},{"@type":"ListItem","position":3,"name":"JaBaDaBaDo, kosedyr buddy bunny i gaveske"}]},{"@type":"WebSite","@id":"https:\/\/babylove.se\/no\/#website","url":"https:\/\/babylove.se\/no\/","name":"Babylove Norska","description":"","potentialAction":[{"@type":"SearchAction","target":{"@type":"EntryPoint","urlTemplate":"https:\/\/babylove.se\/no\/?s={search_term_string}"},"query-input":{"@type":"PropertyValueSpecification","valueRequired":true,"valueName":"search_term_string"}}],"inLanguage":"nb-NO"}]},"product_brand":"JaBaDaBaDo","product_price_amount":"249.00","product_price_currency":"SEK","og_availability":"instock","product_availability":"instock","product_retailer_item_id":"N0184","product_condition":"new"},"_links":{"self":[{"href":"https:\/\/babylove.se\/no\/wp-json\/wp\/v2\/product\/51932","targetHints":{"allow":["GET"]}}],"collection":[{"href":"https:\/\/babylove.se\/no\/wp-json\/wp\/v2\/product"}],"about":[{"href":"https:\/\/babylove.se\/no\/wp-json\/wp\/v2\/types\/product"}],"replies":[{"embeddable":true,"href":"https:\/\/babylove.se\/no\/wp-json\/wp\/v2\/comments?post=51932"}],"wp:featuredmedia":[{"embeddable":true,"href":"https:\/\/babylove.se\/no\/wp-json\/wp\/v2\/media\/51934"}],"wp:attachment":[{"href":"https:\/\/babylove.se\/no\/wp-json\/wp\/v2\/media?parent=51932"}],"wp:term":[{"taxonomy":"product_brand","embeddable":true,"href":"https:\/\/babylove.se\/no\/wp-json\/wp\/v2\/product_brand?post=51932"},{"taxonomy":"product_cat","embeddable":true,"href":"https:\/\/babylove.se\/no\/wp-json\/wp\/v2\/product_cat?post=51932"},{"taxonomy":"product_tag","embeddable":true,"href":"https:\/\/babylove.se\/no\/wp-json\/wp\/v2\/product_tag?post=51932"}],"curies":[{"name":"wp","href":"https:\/\/api.w.org\/{rel}","templated":true}]}}